
{"id":1320,"date":"2018-12-15T01:31:33","date_gmt":"2018-12-15T00:31:33","guid":{"rendered":"https:\/\/cecile-delachaux.fr\/?page_id=1320"},"modified":"2022-08-09T23:59:16","modified_gmt":"2022-08-09T21:59:16","slug":"personnalisation","status":"publish","type":"page","link":"https:\/\/cecile-delachaux.fr\/index.php\/personnalisation\/","title":{"rendered":"Personnalisation"},"content":{"rendered":"\n<p>Dans cette rubrique, vous trouverez les catalogues des tissus, des broderies et des polices de caract\u00e8res pour la personnalisation de vos produits.  Si vous souhaitez un tissu, un motif ou une police de caract\u00e8res pour la broderie qui n&#8217;est pas pr\u00e9sent ici, n&#8217;h\u00e9sitez pas \u00e0 <a href=\"mailto:contact@cecile-delachaux.fr\">me contacter <\/a>! En g\u00e9n\u00e9ral, je pr\u00e9sente ici uniquement ce que j&#8217;ai imm\u00e9diatement en stock (et que j&#8217;essaie de tenir \u00e0 jour :-)).<br><br><\/p>\n\n\n\n<div class=\"wp-block-columns has-4-columns is-layout-flex wp-container-core-columns-is-layout-28f84493 wp-block-columns-is-layout-flex\">\n<div class=\"wp-block-column is-layout-flow wp-block-column-is-layout-flow\"><div class=\"wp-block-image\">\n<figure class=\"aligncenter is-resized\"><img loading=\"lazy\" decoding=\"async\" src=\"https:\/\/cecile-delachaux.fr\/wp-content\/uploads\/2018\/06\/Tissu-double-gaze-Stardust-Powder-548x548.jpg\" alt=\"\" class=\"wp-image-1084\" width=\"150\" height=\"150\" srcset=\"https:\/\/cecile-delachaux.fr\/wp-content\/uploads\/2018\/06\/Tissu-double-gaze-Stardust-Powder-548x548.jpg 548w, https:\/\/cecile-delachaux.fr\/wp-content\/uploads\/2018\/06\/Tissu-double-gaze-Stardust-Powder-150x150.jpg 150w, https:\/\/cecile-delachaux.fr\/wp-content\/uploads\/2018\/06\/Tissu-double-gaze-Stardust-Powder-300x300.jpg 300w, https:\/\/cecile-delachaux.fr\/wp-content\/uploads\/2018\/06\/Tissu-double-gaze-Stardust-Powder-324x324.jpg 324w, https:\/\/cecile-delachaux.fr\/wp-content\/uploads\/2018\/06\/Tissu-double-gaze-Stardust-Powder-416x416.jpg 416w, https:\/\/cecile-delachaux.fr\/wp-content\/uploads\/2018\/06\/Tissu-double-gaze-Stardust-Powder-100x100.jpg 100w, https:\/\/cecile-delachaux.fr\/wp-content\/uploads\/2018\/06\/Tissu-double-gaze-Stardust-Powder.jpg 700w\" sizes=\"auto, (max-width: 150px) 100vw, 150px\" \/><figcaption><a href=\"\/index.php\/personnalisation\/tissus\/\">Tissus<\/a><\/figcaption><\/figure>\n<\/div>\n\n\n<p><\/p>\n<\/div>\n\n\n\n<div class=\"wp-block-column is-layout-flow wp-block-column-is-layout-flow\"><div class=\"wp-block-image\">\n<figure class=\"aligncenter size-large\"><img loading=\"lazy\" decoding=\"async\" width=\"536\" height=\"548\" src=\"https:\/\/cecile-delachaux.fr\/wp-content\/uploads\/2021\/04\/il_1588xN.2085431283_bnwq-536x548.jpg\" alt=\"\" class=\"wp-image-8145\" srcset=\"https:\/\/cecile-delachaux.fr\/wp-content\/uploads\/2021\/04\/il_1588xN.2085431283_bnwq-536x548.jpg 536w, https:\/\/cecile-delachaux.fr\/wp-content\/uploads\/2021\/04\/il_1588xN.2085431283_bnwq-294x300.jpg 294w, https:\/\/cecile-delachaux.fr\/wp-content\/uploads\/2021\/04\/il_1588xN.2085431283_bnwq-768x785.jpg 768w, https:\/\/cecile-delachaux.fr\/wp-content\/uploads\/2021\/04\/il_1588xN.2085431283_bnwq-1503x1536.jpg 1503w, https:\/\/cecile-delachaux.fr\/wp-content\/uploads\/2021\/04\/il_1588xN.2085431283_bnwq-416x425.jpg 416w, https:\/\/cecile-delachaux.fr\/wp-content\/uploads\/2021\/04\/il_1588xN.2085431283_bnwq.jpg 1588w\" sizes=\"auto, (max-width: 536px) 100vw, 536px\" \/><figcaption><a href=\"\/index.php\/personnalisation\/broderie\/motifs-de-broderie\/\">Motifs de broderie<\/a><\/figcaption><\/figure>\n<\/div>\n\n\n<p><\/p>\n<\/div>\n\n\n\n<div class=\"wp-block-column is-layout-flow wp-block-column-is-layout-flow\"><div class=\"wp-block-image\">\n<figure class=\"aligncenter size-large\"><img loading=\"lazy\" decoding=\"async\" width=\"548\" height=\"548\" src=\"https:\/\/cecile-delachaux.fr\/wp-content\/uploads\/2022\/02\/Motif-broderie-point-de-chainetter-548x548.jpg\" alt=\"\" class=\"wp-image-9434\" srcset=\"https:\/\/cecile-delachaux.fr\/wp-content\/uploads\/2022\/02\/Motif-broderie-point-de-chainetter-548x548.jpg 548w, https:\/\/cecile-delachaux.fr\/wp-content\/uploads\/2022\/02\/Motif-broderie-point-de-chainetter-300x300.jpg 300w, https:\/\/cecile-delachaux.fr\/wp-content\/uploads\/2022\/02\/Motif-broderie-point-de-chainetter-150x150.jpg 150w, https:\/\/cecile-delachaux.fr\/wp-content\/uploads\/2022\/02\/Motif-broderie-point-de-chainetter-768x768.jpg 768w, https:\/\/cecile-delachaux.fr\/wp-content\/uploads\/2022\/02\/Motif-broderie-point-de-chainetter-1536x1536.jpg 1536w, https:\/\/cecile-delachaux.fr\/wp-content\/uploads\/2022\/02\/Motif-broderie-point-de-chainetter-324x324.jpg 324w, https:\/\/cecile-delachaux.fr\/wp-content\/uploads\/2022\/02\/Motif-broderie-point-de-chainetter-416x416.jpg 416w, https:\/\/cecile-delachaux.fr\/wp-content\/uploads\/2022\/02\/Motif-broderie-point-de-chainetter-100x100.jpg 100w, https:\/\/cecile-delachaux.fr\/wp-content\/uploads\/2022\/02\/Motif-broderie-point-de-chainetter.jpg 1588w\" sizes=\"auto, (max-width: 548px) 100vw, 548px\" \/><figcaption><a href=\"\/index.php\/personnalisation\/broderie\/polices-de-caracteres-a-broder\/\">Polices de caract\u00e8re \u00e0 broder<\/a><\/figcaption><\/figure>\n<\/div>\n\n\n<p><\/p>\n<\/div>\n\n\n\n<div class=\"wp-block-column is-layout-flow wp-block-column-is-layout-flow\"><div class=\"wp-block-image\">\n<figure class=\"aligncenter size-full\"><img loading=\"lazy\" decoding=\"async\" width=\"260\" height=\"260\" src=\"https:\/\/cecile-delachaux.fr\/wp-content\/uploads\/2021\/09\/Fil-Kaki-N1255.jpg\" alt=\"\" class=\"wp-image-8409\" srcset=\"https:\/\/cecile-delachaux.fr\/wp-content\/uploads\/2021\/09\/Fil-Kaki-N1255.jpg 260w, https:\/\/cecile-delachaux.fr\/wp-content\/uploads\/2021\/09\/Fil-Kaki-N1255-150x150.jpg 150w, https:\/\/cecile-delachaux.fr\/wp-content\/uploads\/2021\/09\/Fil-Kaki-N1255-100x100.jpg 100w\" sizes=\"auto, (max-width: 260px) 100vw, 260px\" \/><figcaption><a href=\"\/index.php\/personnalisation\/broderie\/fils\/\">Fils de broderie<\/a><\/figcaption><\/figure>\n<\/div><\/div>\n<\/div>\n\n\n\n<p><\/p>\n","protected":false},"excerpt":{"rendered":"<p>Dans cette rubrique, vous trouverez les catalogues des tissus, des broderies et des polices de caract\u00e8res pour la personnalisation de vos produits. Si vous souhaitez un tissu, un motif ou une police de caract\u00e8res pour la broderie qui n&#8217;est pas pr\u00e9sent ici, n&#8217;h\u00e9sitez pas \u00e0 me contacter ! En g\u00e9n\u00e9ral, je pr\u00e9sente ici uniquement ce [&hellip;]<\/p>\n","protected":false},"author":1,"featured_media":0,"parent":0,"menu_order":0,"comment_status":"closed","ping_status":"closed","template":"template-fullwidth.php","meta":{"footnotes":""},"class_list":["post-1320","page","type-page","status-publish","hentry"],"_links":{"self":[{"href":"https:\/\/cecile-delachaux.fr\/index.php\/wp-json\/wp\/v2\/pages\/1320","targetHints":{"allow":["GET"]}}],"collection":[{"href":"https:\/\/cecile-delachaux.fr\/index.php\/wp-json\/wp\/v2\/pages"}],"about":[{"href":"https:\/\/cecile-delachaux.fr\/index.php\/wp-json\/wp\/v2\/types\/page"}],"author":[{"embeddable":true,"href":"https:\/\/cecile-delachaux.fr\/index.php\/wp-json\/wp\/v2\/users\/1"}],"replies":[{"embeddable":true,"href":"https:\/\/cecile-delachaux.fr\/index.php\/wp-json\/wp\/v2\/comments?post=1320"}],"version-history":[{"count":2,"href":"https:\/\/cecile-delachaux.fr\/index.php\/wp-json\/wp\/v2\/pages\/1320\/revisions"}],"predecessor-version":[{"id":10316,"href":"https:\/\/cecile-delachaux.fr\/index.php\/wp-json\/wp\/v2\/pages\/1320\/revisions\/10316"}],"wp:attachment":[{"href":"https:\/\/cecile-delachaux.fr\/index.php\/wp-json\/wp\/v2\/media?parent=1320"}],"curies":[{"name":"wp","href":"https:\/\/api.w.org\/{rel}","templated":true}]}}