
{"id":1324,"date":"2018-12-15T01:32:06","date_gmt":"2018-12-15T00:32:06","guid":{"rendered":"https:\/\/cecile-delachaux.fr\/?page_id=1324"},"modified":"2020-04-08T22:02:48","modified_gmt":"2020-04-08T20:02:48","slug":"fils","status":"publish","type":"page","link":"https:\/\/cecile-delachaux.fr\/index.php\/personnalisation\/broderie\/fils\/","title":{"rendered":"Fils de broderie"},"content":{"rendered":"\n<p>Les broderies peuvent \u00eatre cousues selon la couleur de votre choix. Vous pouvez faire votre choix dans les r\u00e9f\u00e9rences de fil que j&#8217;ai en stock.<br>Si vous souhaitez une couleur particuli\u00e8re non r\u00e9f\u00e9renc\u00e9e : vous pouvez <a href=\"mailto:contact@cecile-delachaux.fr\">me contacter<\/a> directement.<\/p>\n\n\n\n<p class=\"has-text-align-center\">\n\n<\/p>\n","protected":false},"excerpt":{"rendered":"<p>Les broderies peuvent \u00eatre cousues selon la couleur de votre choix. Vous pouvez faire votre choix dans les r\u00e9f\u00e9rences de fil que j&#8217;ai en stock.Si vous souhaitez une couleur particuli\u00e8re non r\u00e9f\u00e9renc\u00e9e : vous pouvez me contacter directement.<\/p>\n","protected":false},"author":1,"featured_media":0,"parent":4703,"menu_order":3,"comment_status":"closed","ping_status":"closed","template":"template-galerie-fils.php","meta":{"footnotes":""},"class_list":["post-1324","page","type-page","status-publish","hentry"],"_links":{"self":[{"href":"https:\/\/cecile-delachaux.fr\/index.php\/wp-json\/wp\/v2\/pages\/1324","targetHints":{"allow":["GET"]}}],"collection":[{"href":"https:\/\/cecile-delachaux.fr\/index.php\/wp-json\/wp\/v2\/pages"}],"about":[{"href":"https:\/\/cecile-delachaux.fr\/index.php\/wp-json\/wp\/v2\/types\/page"}],"author":[{"embeddable":true,"href":"https:\/\/cecile-delachaux.fr\/index.php\/wp-json\/wp\/v2\/users\/1"}],"replies":[{"embeddable":true,"href":"https:\/\/cecile-delachaux.fr\/index.php\/wp-json\/wp\/v2\/comments?post=1324"}],"version-history":[{"count":3,"href":"https:\/\/cecile-delachaux.fr\/index.php\/wp-json\/wp\/v2\/pages\/1324\/revisions"}],"predecessor-version":[{"id":6766,"href":"https:\/\/cecile-delachaux.fr\/index.php\/wp-json\/wp\/v2\/pages\/1324\/revisions\/6766"}],"up":[{"embeddable":true,"href":"https:\/\/cecile-delachaux.fr\/index.php\/wp-json\/wp\/v2\/pages\/4703"}],"wp:attachment":[{"href":"https:\/\/cecile-delachaux.fr\/index.php\/wp-json\/wp\/v2\/media?parent=1324"}],"curies":[{"name":"wp","href":"https:\/\/api.w.org\/{rel}","templated":true}]}}