
{"id":3,"date":"2018-11-19T21:49:03","date_gmt":"2018-11-19T20:49:03","guid":{"rendered":"https:\/\/cecile-delachaux.fr\/?page_id=3"},"modified":"2025-01-07T23:38:01","modified_gmt":"2025-01-07T22:38:01","slug":"politique-de-confidentialite","status":"publish","type":"page","link":"https:\/\/cecile-delachaux.fr\/index.php\/politique-de-confidentialite\/","title":{"rendered":"Politique de confidentialit\u00e9"},"content":{"rendered":"\n<p>Le site web https:\/\/cecile-delachaux.fr appartient \u00e0 C\u00e9cile Delachaux EURL immatricul\u00e9e au RCS de Toulouse sous le num\u00e9ro 938&nbsp;259&nbsp;090.<\/p>\n\n\n\n<h2 class=\"wp-block-heading\">Utilisation des donn\u00e9es personnelles collect\u00e9es<\/h2>\n\n\n\n<p>L&#8217;ensemble des donn\u00e9es collect\u00e9es est utilis\u00e9 exclusivement \u00e0 des fins  de suivi des commandes et de mesure de statistiques sur le site. <\/p>\n\n\n\n<h3 class=\"wp-block-heading\">Commandes<\/h3>\n\n\n\n<p>Lorsque vous passez une commande sur le site, les donn\u00e9es personnelles que vous transmettez sont enregistr\u00e9es, ainsi que l&#8217;ensemble des informations relatives \u00e0 votre commande, notamment concernant les articles que vous avez command\u00e9s, les personnalisations demand\u00e9es, les prix des produits command\u00e9s ainsi que les informations concernant l&#8217;adresse de facturation et de livraison.<\/p>\n\n\n\n<h3 class=\"wp-block-heading\">Contact par e-mail<\/h3>\n\n\n\n<p>Lorsque vous me contactez, les donn\u00e9es personnelles que vous transmettez sont conserv\u00e9es.<\/p>\n\n\n\n<h3 class=\"wp-block-heading\">M\u00e9dias<\/h3>\n\n\n\n<p>Si vous \u00eates amen\u00e9 \u00e0 t\u00e9l\u00e9versez des images sur le site web, il est conseill\u00e9 de supprimer pr\u00e9alablement les donn\u00e9es EXIF (coordonn\u00e9es GPS par exemple).<\/p>\n\n\n\n<h3 class=\"wp-block-heading\">Cookies<\/h3>\n\n\n\n<p>Si vous avez un compte et que vous vous connectez sur ce site, un cookie temporaire sera cr\u00e9\u00e9 afin de d\u00e9terminer si votre navigateur accepte les cookies. Il ne contient pas de donn\u00e9es personnelles et sera supprim\u00e9 automatiquement \u00e0 la fermeture de votre navigateur.<\/p>\n\n\n\n<p>Lorsque vous vous connectez, des cookies sont mis en place pour enregistrer vos informations de connexion et vos pr\u00e9f\u00e9rences d\u2019\u00e9cran. La dur\u00e9e de vie d\u2019un cookie de connexion est de deux jours, celle d\u2019un cookie d\u2019option d\u2019\u00e9cran est d&#8217;un an. Si vous cochez \u00ab&nbsp;Se souvenir de moi&nbsp;\u00bb, votre cookie de connexion sera conserv\u00e9 pendant deux semaines. Si vous vous d\u00e9connectez de votre compte, le cookie de connexion sera effac\u00e9.<\/p>\n\n\n\n<h3 class=\"wp-block-heading\">Contenu embarqu\u00e9 depuis d\u2019autres sites<\/h3>\n\n\n\n<p>Certaines pages de ce site incluent des contenus int\u00e9gr\u00e9s. Le contenu int\u00e9gr\u00e9 depuis d\u2019autres sites se comporte de la m\u00eame mani\u00e8re que si le visiteur se rendait sur cet autre site. A cette date, le seul contenu int\u00e9gr\u00e9 est une redirection vers mes publications Instagram.<\/p>\n\n\n\n<p>Ces sites web pourraient collecter des donn\u00e9es sur vous, utiliser des cookies, embarquer des outils de suivis tiers, suivre vos interactions avec ces contenus embarqu\u00e9s si vous disposez d\u2019un compte connect\u00e9 sur leur site web.<\/p>\n\n\n\n<hr class=\"wp-block-separator has-css-opacity\"\/>\n\n\n\n<h2 class=\"wp-block-heading\">Transmission de vos donn\u00e9es personnelles<\/h2>\n\n\n\n<p>Les donn\u00e9es collect\u00e9es sont utilis\u00e9es exclusivement par C\u00e9cile Delachaux EURL et ne sont pas transmises \u00e0 des tierces personnes, sauf dans le cadre de l\u2019ex\u00e9cution d&#8217;une commande (transporteur, banque&#8230;).<br><\/p>\n\n\n\n<hr class=\"wp-block-separator has-css-opacity\"\/>\n\n\n\n<h2 class=\"wp-block-heading\">Dur\u00e9es de stockage de vos donn\u00e9es<\/h2>\n\n\n\n<p>Pour les utilisateurs et utilisatrices qui s\u2019enregistrent sur le site, les donn\u00e9es personnelles indiqu\u00e9es dans le profil sont enregistr\u00e9es. Tous les utilisateurs et utilisatrices peuvent voir, modifier ou supprimer leurs informations personnelles \u00e0 tout moment (\u00e0 l\u2019exception du nom d\u2019utilisateur\u00b7ice). Les gestionnaires du site peuvent aussi voir et modifier ces informations.<\/p>\n\n\n\n<p>Les donn\u00e9es personnelles relatives aux commandes r\u00e9alis\u00e9es sur le site sont conserv\u00e9es pendant 5 ans.<\/p>\n\n\n\n<hr class=\"wp-block-separator has-css-opacity\"\/>\n\n\n\n<h2 class=\"wp-block-heading\">Les droits que vous avez sur vos donn\u00e9es<\/h2>\n\n\n\n<p>Si vous avez un compte ou si vous avez laiss\u00e9 des commentaires sur le site, vous pouvez demander \u00e0 recevoir un fichier contenant toutes les donn\u00e9es personnelles que nous poss\u00e9dons \u00e0 votre sujet, incluant celles que vous nous avez fournies. Vous pouvez \u00e9galement demander la suppression des donn\u00e9es personnelles vous concernant. Cette suppression ne prend pas en compte les donn\u00e9es stock\u00e9es \u00e0 des fins administratives, l\u00e9gales ou pour des raisons de s\u00e9curit\u00e9. <\/p>\n\n\n\n<p>Pour ce faire, vous pouvez transmettre une demande par e-mail au contact mentionn\u00e9 sur cette page.<\/p>\n\n\n\n<hr class=\"wp-block-separator has-css-opacity\"\/>\n\n\n\n<h2 class=\"wp-block-heading\">Informations de contact<\/h2>\n\n\n\n<p>Pour toute demande, vous pouvez nous contacter par e-mail \u00e0 l&#8217;adresse <a href=\"mailto:webmaster@cecile-delachaux.fr\">webmaster@cecile-delachaux.fr<\/a>.<\/p>\n\n\n\n<hr class=\"wp-block-separator has-css-opacity\"\/>\n\n\n\n<h2 class=\"wp-block-heading\">Informations suppl\u00e9mentaires<\/h2>\n\n\n\n<h3 class=\"wp-block-heading\">Comment sont prot\u00e9g\u00e9es vos donn\u00e9es<\/h3>\n\n\n\n<p>Les donn\u00e9es que vous transmettez sur ce site sont crypt\u00e9es pendant le transfert vers le serveur du site internet.<\/p>\n\n\n\n<p>Une fois enregistr\u00e9es, les donn\u00e9es collect\u00e9es sont accessibles uniquement par les administrateurs du site, apr\u00e8s authentification.<\/p>\n\n\n\n<p>Si vous acceptez les cookies, les informations contenues dans les cookies stock\u00e9s sur votre terminal sont crypt\u00e9es, de sorte que ces donn\u00e9es ne puissent pas (facilement) \u00eatre utilis\u00e9es par des tiers qui auraient acc\u00e8s \u00e0 ces cookies.<\/p>\n\n\n\n<h3 class=\"wp-block-heading\">Proc\u00e9dures mises en \u0153uvre en cas de fuite de donn\u00e9es<\/h3>\n\n\n\n<p>Si une fuite de donn\u00e9es \u00e9tait d\u00e9tect\u00e9e, une information vous sera transmise pour vous informer de cette fuite, en pr\u00e9cisant les donn\u00e9es qui auraient pu \u00eatre collect\u00e9es par des personnes tierces.<\/p>\n","protected":false},"excerpt":{"rendered":"<p>Le site web https:\/\/cecile-delachaux.fr appartient \u00e0 C\u00e9cile Delachaux EURL immatricul\u00e9e au RCS de Toulouse sous le num\u00e9ro 938&nbsp;259&nbsp;090. Utilisation des donn\u00e9es personnelles collect\u00e9es L&#8217;ensemble des donn\u00e9es collect\u00e9es est utilis\u00e9 exclusivement \u00e0 des fins de suivi des commandes et de mesure de statistiques sur le site. Commandes Lorsque vous passez une commande sur le site, les [&hellip;]<\/p>\n","protected":false},"author":1,"featured_media":0,"parent":0,"menu_order":0,"comment_status":"closed","ping_status":"open","template":"template-fullwidth.php","meta":{"footnotes":""},"class_list":["post-3","page","type-page","status-publish","hentry"],"_links":{"self":[{"href":"https:\/\/cecile-delachaux.fr\/index.php\/wp-json\/wp\/v2\/pages\/3","targetHints":{"allow":["GET"]}}],"collection":[{"href":"https:\/\/cecile-delachaux.fr\/index.php\/wp-json\/wp\/v2\/pages"}],"about":[{"href":"https:\/\/cecile-delachaux.fr\/index.php\/wp-json\/wp\/v2\/types\/page"}],"author":[{"embeddable":true,"href":"https:\/\/cecile-delachaux.fr\/index.php\/wp-json\/wp\/v2\/users\/1"}],"replies":[{"embeddable":true,"href":"https:\/\/cecile-delachaux.fr\/index.php\/wp-json\/wp\/v2\/comments?post=3"}],"version-history":[{"count":3,"href":"https:\/\/cecile-delachaux.fr\/index.php\/wp-json\/wp\/v2\/pages\/3\/revisions"}],"predecessor-version":[{"id":12399,"href":"https:\/\/cecile-delachaux.fr\/index.php\/wp-json\/wp\/v2\/pages\/3\/revisions\/12399"}],"wp:attachment":[{"href":"https:\/\/cecile-delachaux.fr\/index.php\/wp-json\/wp\/v2\/media?parent=3"}],"curies":[{"name":"wp","href":"https:\/\/api.w.org\/{rel}","templated":true}]}}