
{"id":4703,"date":"2019-01-16T23:45:46","date_gmt":"2019-01-16T22:45:46","guid":{"rendered":"https:\/\/cecile-delachaux.fr\/?page_id=4703"},"modified":"2022-08-10T00:06:57","modified_gmt":"2022-08-09T22:06:57","slug":"broderie","status":"publish","type":"page","link":"https:\/\/cecile-delachaux.fr\/index.php\/personnalisation\/broderie\/","title":{"rendered":"Broderie"},"content":{"rendered":"\n<p>Pour confectionner vos broderies, vous pouvez vous aider des motifs, des couleurs de fils, ainsi que des polices de caract\u00e8res que j&#8217;ai d\u00e9j\u00e0 utilis\u00e9s. <\/p>\n\n\n\n<p>Pour des broderies encore plus personnelles, contactez-moi pour discuter de votre projet. Je peux par exemple :<\/p>\n\n\n\n<ul class=\"wp-block-list\"><li>cr\u00e9er un motif de broderie \u00e0 partir d&#8217;une image (broder un dessin d&#8217;enfant par exemple) si elle se pr\u00eate \u00e0 la broderie (nombre de couleurs limit\u00e9) ;<\/li><li>ajouter des r\u00e9f\u00e9rences de fils \u00e0 broder \u00e0 mon stock (fil luminescent, dor\u00e9, argent\u00e9&#8230;etc) ;<\/li><li>int\u00e9grer une nouvelle police de caract\u00e8re, si vous me transmettez le fichier contenant la police de caract\u00e8re.<\/li><\/ul>\n\n\n\n<p>Alors n&#8217;h\u00e9sitez pas \u00e0 <a href=\"mailto:contact@cecile-delachaux.fr\">me contacter<\/a> !<\/p>\n\n\n<table class=\"wp-block-table aligncenter has-fixed-layout\" style=\"text-align: center;\">\n<tbody style=\"text-align: center;\">\n<tr>\n<td style=\"width: 25%;\">\n<p><img loading=\"lazy\" decoding=\"async\" class=\"size-thumbnail wp-image-8145\" src=\"https:\/\/cecile-delachaux.fr\/wp-content\/uploads\/2021\/04\/il_1588xN.2085431283_bnwq-150x150.jpg\" alt=\"\" width=\"150\" height=\"150\" srcset=\"https:\/\/cecile-delachaux.fr\/wp-content\/uploads\/2021\/04\/il_1588xN.2085431283_bnwq-150x150.jpg 150w, https:\/\/cecile-delachaux.fr\/wp-content\/uploads\/2021\/04\/il_1588xN.2085431283_bnwq-324x324.jpg 324w, https:\/\/cecile-delachaux.fr\/wp-content\/uploads\/2021\/04\/il_1588xN.2085431283_bnwq-100x100.jpg 100w\" sizes=\"auto, (max-width: 150px) 100vw, 150px\" \/><\/p>\n<\/td>\n<td style=\"width: 25%;\"><img decoding=\"async\" style=\"width: 150px; margin: auto;\" src=\"https:\/\/cecile-delachaux.fr\/wp-content\/uploads\/2019\/05\/PSX_20190507_181838.jpg\" alt=\"\" \/><\/td>\n<td style=\"width: 25%;\">\n<p><img loading=\"lazy\" decoding=\"async\" class=\"size-thumbnail wp-image-9434\" src=\"https:\/\/cecile-delachaux.fr\/wp-content\/uploads\/2022\/02\/Motif-broderie-point-de-chainetter-150x150.jpg\" alt=\"\" width=\"150\" height=\"150\" srcset=\"https:\/\/cecile-delachaux.fr\/wp-content\/uploads\/2022\/02\/Motif-broderie-point-de-chainetter-150x150.jpg 150w, https:\/\/cecile-delachaux.fr\/wp-content\/uploads\/2022\/02\/Motif-broderie-point-de-chainetter-300x300.jpg 300w, https:\/\/cecile-delachaux.fr\/wp-content\/uploads\/2022\/02\/Motif-broderie-point-de-chainetter-548x548.jpg 548w, https:\/\/cecile-delachaux.fr\/wp-content\/uploads\/2022\/02\/Motif-broderie-point-de-chainetter-768x768.jpg 768w, https:\/\/cecile-delachaux.fr\/wp-content\/uploads\/2022\/02\/Motif-broderie-point-de-chainetter-1536x1536.jpg 1536w, https:\/\/cecile-delachaux.fr\/wp-content\/uploads\/2022\/02\/Motif-broderie-point-de-chainetter-324x324.jpg 324w, https:\/\/cecile-delachaux.fr\/wp-content\/uploads\/2022\/02\/Motif-broderie-point-de-chainetter-416x416.jpg 416w, https:\/\/cecile-delachaux.fr\/wp-content\/uploads\/2022\/02\/Motif-broderie-point-de-chainetter-100x100.jpg 100w, https:\/\/cecile-delachaux.fr\/wp-content\/uploads\/2022\/02\/Motif-broderie-point-de-chainetter.jpg 1588w\" sizes=\"auto, (max-width: 150px) 100vw, 150px\" \/><\/p>\n<\/td>\n<td style=\"width: 25%;\">\n<p><img loading=\"lazy\" decoding=\"async\" class=\"size-thumbnail wp-image-8409\" src=\"https:\/\/cecile-delachaux.fr\/wp-content\/uploads\/2021\/09\/Fil-Kaki-N1255-150x150.jpg\" alt=\"\" width=\"150\" height=\"150\" srcset=\"https:\/\/cecile-delachaux.fr\/wp-content\/uploads\/2021\/09\/Fil-Kaki-N1255-150x150.jpg 150w, https:\/\/cecile-delachaux.fr\/wp-content\/uploads\/2021\/09\/Fil-Kaki-N1255-100x100.jpg 100w, https:\/\/cecile-delachaux.fr\/wp-content\/uploads\/2021\/09\/Fil-Kaki-N1255.jpg 260w\" sizes=\"auto, (max-width: 150px) 100vw, 150px\" \/><\/p>\n<\/td>\n<\/tr>\n<tr>\n<td style=\"width: 25%; text-align: center;\"><em><a href=\"https:\/\/cecile-delachaux.fr\/index.php\/personnalisation\/broderie\/motifs-de-broderie\/\">Voir les motifs de broderie<\/a><\/em><\/td>\n<td style=\"width: 25%; text-align: center;\"><em><a href=\"https:\/\/cecile-delachaux.fr\/index.php\/personnalisation\/broderie\/broderie-sur-mesure\/\">Aper\u00e7u des broderies sur\u2011mesure possibles<\/a><\/em><\/td>\n<td style=\"width: 25%; text-align: center;\"><em><a href=\"https:\/\/cecile-delachaux.fr\/index.php\/personnalisation\/broderie\/polices-de-caracteres-a-broder\/\">Voir les polices de caract\u00e8res<\/a><\/em><\/td>\n<td style=\"width: 25%; text-align: center;\"><em><a href=\"https:\/\/cecile-delachaux.fr\/index.php\/personnalisation\/broderie\/fils\/\">Voir les couleurs de fil<\/a><\/em><\/td>\n<\/tr>\n<\/tbody>\n<\/table>","protected":false},"excerpt":{"rendered":"<p>Pour confectionner vos broderies, vous pouvez vous aider des motifs, des couleurs de fils, ainsi que des polices de caract\u00e8res que j&#8217;ai d\u00e9j\u00e0 utilis\u00e9s. Pour des broderies encore plus personnelles, contactez-moi pour discuter de votre projet. Je peux par exemple : cr\u00e9er un motif de broderie \u00e0 partir d&#8217;une image (broder un dessin d&#8217;enfant par [&hellip;]<\/p>\n","protected":false},"author":1,"featured_media":0,"parent":1320,"menu_order":1,"comment_status":"closed","ping_status":"closed","template":"template-fullwidth.php","meta":{"footnotes":""},"class_list":["post-4703","page","type-page","status-publish","hentry"],"_links":{"self":[{"href":"https:\/\/cecile-delachaux.fr\/index.php\/wp-json\/wp\/v2\/pages\/4703","targetHints":{"allow":["GET"]}}],"collection":[{"href":"https:\/\/cecile-delachaux.fr\/index.php\/wp-json\/wp\/v2\/pages"}],"about":[{"href":"https:\/\/cecile-delachaux.fr\/index.php\/wp-json\/wp\/v2\/types\/page"}],"author":[{"embeddable":true,"href":"https:\/\/cecile-delachaux.fr\/index.php\/wp-json\/wp\/v2\/users\/1"}],"replies":[{"embeddable":true,"href":"https:\/\/cecile-delachaux.fr\/index.php\/wp-json\/wp\/v2\/comments?post=4703"}],"version-history":[{"count":2,"href":"https:\/\/cecile-delachaux.fr\/index.php\/wp-json\/wp\/v2\/pages\/4703\/revisions"}],"predecessor-version":[{"id":10317,"href":"https:\/\/cecile-delachaux.fr\/index.php\/wp-json\/wp\/v2\/pages\/4703\/revisions\/10317"}],"up":[{"embeddable":true,"href":"https:\/\/cecile-delachaux.fr\/index.php\/wp-json\/wp\/v2\/pages\/1320"}],"wp:attachment":[{"href":"https:\/\/cecile-delachaux.fr\/index.php\/wp-json\/wp\/v2\/media?parent=4703"}],"curies":[{"name":"wp","href":"https:\/\/api.w.org\/{rel}","templated":true}]}}