
{"id":51,"date":"2018-12-02T23:18:39","date_gmt":"2018-12-02T22:18:39","guid":{"rendered":"https:\/\/cecile-delachaux.fr\/?page_id=51"},"modified":"2021-03-22T11:31:02","modified_gmt":"2021-03-22T10:31:02","slug":"frais-de-livraison","status":"publish","type":"page","link":"https:\/\/cecile-delachaux.fr\/index.php\/frais-de-livraison\/","title":{"rendered":"Livraison"},"content":{"rendered":"\n<h2 class=\"wp-block-heading\">Transporteur<\/h2>\n\n\n\n<p>D\u00e8s que votre commande est r\u00e9alis\u00e9e, elle exp\u00e9di\u00e9e \u00e0 l&#8217;adresse de votre choix par La Poste (Colis postal ou lettre suivie) pour un envoi en France m\u00e9tropolitaine.<br>Pour certaines destinations, il est \u00e9galement possible de choisir Mondial Relay comme transporteur. Dans ce cas, l&#8217;option est propos\u00e9e lors de la validation de la commande.<\/p>\n\n\n\n<h2 class=\"wp-block-heading\">Comment sont calcul\u00e9s les frais de livraisons ?<\/h2>\n\n\n\n<p>Les frais de livraison sont calcul\u00e9s en fonction du poids de la commande et du mode de livraison.<br>Le poids de la commande est calcul\u00e9 sur la base du poids moyen de chaque produit.  <br>Le tarif appliqu\u00e9 est calcul\u00e9 au plus proche des tarifs du transporteur, et comprend \u00e9galement des frais d&#8217;emballage.<br>Les frais de livraison sont calcul\u00e9s avant la validation de la commande, une fois l&#8217;adresse de livraison renseign\u00e9e.<\/p>\n\n\n\n<h2 class=\"wp-block-heading\">Montants des frais de livraison<\/h2>\n\n\n\n<p>Les frais de livraison comprennent les frais de port, d&#8217;emballage et de confection des colis.<\/p>\n\n\n\n<p>Les frais de livraison (comprenant les frais d&#8217;emballage) sont calcul\u00e9s \u00e0 partir du poids moyen des articles, du mode de livraison et de la destination. Les modes de livraison disponibles et les prix de chacun des modes sont pr\u00e9cis\u00e9s lors de l&#8217;\u00e9tape de validation de la commande. L&#8217;acheteur s\u00e9lectionne le mode de livraison parmi les modes de livraison propos\u00e9s.<\/p>\n\n\n\n<p><strong>Pour les commandes \u00e0 destination de la France m\u00e9tropolitaine et dont le montant est sup\u00e9rieur \u00e0 100 \u20ac, les frais de port sont offerts pour un mode de livraison d\u00e9termin\u00e9 par C\u00e9cile Delachaux EURL. <\/strong><\/p>\n","protected":false},"excerpt":{"rendered":"<p>Transporteur D\u00e8s que votre commande est r\u00e9alis\u00e9e, elle exp\u00e9di\u00e9e \u00e0 l&#8217;adresse de votre choix par La Poste (Colis postal ou lettre suivie) pour un envoi en France m\u00e9tropolitaine.Pour certaines destinations, il est \u00e9galement possible de choisir Mondial Relay comme transporteur. Dans ce cas, l&#8217;option est propos\u00e9e lors de la validation de la commande. Comment sont [&hellip;]<\/p>\n","protected":false},"author":1,"featured_media":0,"parent":0,"menu_order":0,"comment_status":"closed","ping_status":"closed","template":"template-fullwidth.php","meta":{"footnotes":""},"class_list":["post-51","page","type-page","status-publish","hentry"],"_links":{"self":[{"href":"https:\/\/cecile-delachaux.fr\/index.php\/wp-json\/wp\/v2\/pages\/51","targetHints":{"allow":["GET"]}}],"collection":[{"href":"https:\/\/cecile-delachaux.fr\/index.php\/wp-json\/wp\/v2\/pages"}],"about":[{"href":"https:\/\/cecile-delachaux.fr\/index.php\/wp-json\/wp\/v2\/types\/page"}],"author":[{"embeddable":true,"href":"https:\/\/cecile-delachaux.fr\/index.php\/wp-json\/wp\/v2\/users\/1"}],"replies":[{"embeddable":true,"href":"https:\/\/cecile-delachaux.fr\/index.php\/wp-json\/wp\/v2\/comments?post=51"}],"version-history":[{"count":3,"href":"https:\/\/cecile-delachaux.fr\/index.php\/wp-json\/wp\/v2\/pages\/51\/revisions"}],"predecessor-version":[{"id":8101,"href":"https:\/\/cecile-delachaux.fr\/index.php\/wp-json\/wp\/v2\/pages\/51\/revisions\/8101"}],"wp:attachment":[{"href":"https:\/\/cecile-delachaux.fr\/index.php\/wp-json\/wp\/v2\/media?parent=51"}],"curies":[{"name":"wp","href":"https:\/\/api.w.org\/{rel}","templated":true}]}}