
{"id":53,"date":"2018-12-02T23:20:43","date_gmt":"2018-12-02T22:20:43","guid":{"rendered":"https:\/\/cecile-delachaux.fr\/?page_id=53"},"modified":"2025-01-07T23:42:35","modified_gmt":"2025-01-07T22:42:35","slug":"mentions-legales","status":"publish","type":"page","link":"https:\/\/cecile-delachaux.fr\/index.php\/mentions-legales\/","title":{"rendered":"Mentions l\u00e9gales"},"content":{"rendered":"\n<p>Le site https:\/\/cecile-delachaux.fr est la propri\u00e9t\u00e9 de C\u00e9cile Delachaux EURL :<br>Entreprise Unipersonnelle \u00e0 Responsabilit\u00e9 Limit\u00e9 au capital social de 10 000 \u20ac<br>Adresse : 6 Pl. du Pr\u00e9sident Thomas Wilson, 31000 Toulouse<br>Immatricul\u00e9e au RCS de Toulouse sous le num\u00e9ro  938 259 090<br>Vous pouvez me contacter en <a href=\"mailto:contact@cecile-delachaux.fr\">cliquant ici<\/a>.<\/p>\n\n\n\n<hr class=\"wp-block-separator has-css-opacity\"\/>\n\n\n\n<p>Conception du site : C\u00e9cile Delachaux (merci WordPress !)<br>Directrice de la publication : C\u00e9cile Delachaux<br>H\u00e9bergeur : C\u00e9cile Delachaux<\/p>\n","protected":false},"excerpt":{"rendered":"<p>Le site https:\/\/cecile-delachaux.fr est la propri\u00e9t\u00e9 de C\u00e9cile Delachaux EURL :Entreprise Unipersonnelle \u00e0 Responsabilit\u00e9 Limit\u00e9 au capital social de 10 000 \u20acAdresse : 6 Pl. du Pr\u00e9sident Thomas Wilson, 31000 ToulouseImmatricul\u00e9e au RCS de Toulouse sous le num\u00e9ro 938 259 090Vous pouvez me contacter en cliquant ici. Conception du site : C\u00e9cile Delachaux (merci WordPress [&hellip;]<\/p>\n","protected":false},"author":1,"featured_media":0,"parent":0,"menu_order":0,"comment_status":"closed","ping_status":"closed","template":"template-fullwidth.php","meta":{"footnotes":""},"class_list":["post-53","page","type-page","status-publish","hentry"],"_links":{"self":[{"href":"https:\/\/cecile-delachaux.fr\/index.php\/wp-json\/wp\/v2\/pages\/53","targetHints":{"allow":["GET"]}}],"collection":[{"href":"https:\/\/cecile-delachaux.fr\/index.php\/wp-json\/wp\/v2\/pages"}],"about":[{"href":"https:\/\/cecile-delachaux.fr\/index.php\/wp-json\/wp\/v2\/types\/page"}],"author":[{"embeddable":true,"href":"https:\/\/cecile-delachaux.fr\/index.php\/wp-json\/wp\/v2\/users\/1"}],"replies":[{"embeddable":true,"href":"https:\/\/cecile-delachaux.fr\/index.php\/wp-json\/wp\/v2\/comments?post=53"}],"version-history":[{"count":2,"href":"https:\/\/cecile-delachaux.fr\/index.php\/wp-json\/wp\/v2\/pages\/53\/revisions"}],"predecessor-version":[{"id":12401,"href":"https:\/\/cecile-delachaux.fr\/index.php\/wp-json\/wp\/v2\/pages\/53\/revisions\/12401"}],"wp:attachment":[{"href":"https:\/\/cecile-delachaux.fr\/index.php\/wp-json\/wp\/v2\/media?parent=53"}],"curies":[{"name":"wp","href":"https:\/\/api.w.org\/{rel}","templated":true}]}}