
{"id":5412,"date":"2019-05-10T00:29:40","date_gmt":"2019-05-09T22:29:40","guid":{"rendered":"https:\/\/cecile-delachaux.fr\/?page_id=5412"},"modified":"2019-05-10T11:13:10","modified_gmt":"2019-05-10T09:13:10","slug":"broderie-sur-mesure","status":"publish","type":"page","link":"https:\/\/cecile-delachaux.fr\/index.php\/personnalisation\/broderie\/broderie-sur-mesure\/","title":{"rendered":"Broderie sur-mesure"},"content":{"rendered":"\n<p> Vous pouvez cr\u00e9er une broderie unique et sur-mesure.<\/p>\n\n\n\n<p>Option &#8220;<strong>Pr\u00e9cieux souvenirs<\/strong>&#8221; :<\/p>\n\n\n\n<p> Si vous souhaitez broder un dessin personnalis\u00e9, une empreinte ou des mots manuscrits, cochez l&#8217;option &#8220;Pr\u00e9cieux souvenirs&#8221; sur le produit que vous souhaitez broder avec votre motif personnalis\u00e9. <\/p>\n\n\n\n<p>Si plusieurs enfants participent \u00e0 la r\u00e9alisation :<\/p>\n\n\n\n<ul class=\"wp-block-list\"><li>soit ils dessinent tous sur la m\u00eame feuille et vous m&#8217;envoyez une image,<\/li><li>soit ils dessinent un &#8220;petit&#8221; dessin (par exemple un bonhomme ou un pr\u00e9nom&#8230;) chacun s\u00e9par\u00e9ment et vous m&#8217;envoyez toutes les images s\u00e9par\u00e9ment.<\/li><\/ul>\n\n\n\n<p> Le dessin ou les mots manuscrits doivent \u00eatre r\u00e9alis\u00e9s sur feuille blanche, au feutre (8 couleurs max) de pr\u00e9f\u00e9rence.<br> L\u2019empreinte doit \u00eatre r\u00e9alis\u00e9e sur feuille blanche \u00e0 l\u2019encre ou \u00e0 la peinture de pr\u00e9f\u00e9rence.<br> Num\u00e9risez votre dessin en le prenant en photo (se placer bien \u00e0 la verticale au-dessus) ou en le scannant.<br> Merci d\u2019envoyer l\u2019image par email en indiquant le num\u00e9ro de votre commande si vous l&#8217;avez d\u00e9j\u00e0 pass\u00e9e.<br> Je vous indiquerai rapidement si l\u2019image est valid\u00e9e.<\/p>\n\n\n\n<p>Je reste \u00e0 votre disposition pour vous conseiller.<\/p>\n\n\n\n<p>N\u2019h\u00e9sitez pas \u00e0 me contacter directement si vous avez des questions.<\/p>\n\n\n\n<h4 class=\"wp-block-heading\">Empreintes<\/h4>\n\n\n<div id='mla_gallery-1' class='gallery galleryid-5412 gallery-columns-3 gallery-size-full'>\r\n<figure class='gallery-item '>\r\n\t<div class='gallery-icon landscape'>\r\n\t\t<a href='https:\/\/cecile-delachaux.fr\/wp-content\/uploads\/2019\/05\/PSX_20190506_110249.jpg'><img loading=\"lazy\" decoding=\"async\" width=\"3024\" height=\"3024\" src=\"https:\/\/cecile-delachaux.fr\/wp-content\/uploads\/2019\/05\/PSX_20190506_110249.jpg\" class=\"attachment-full size-full\" alt=\"\" srcset=\"https:\/\/cecile-delachaux.fr\/wp-content\/uploads\/2019\/05\/PSX_20190506_110249.jpg 3024w, https:\/\/cecile-delachaux.fr\/wp-content\/uploads\/2019\/05\/PSX_20190506_110249-150x150.jpg 150w, https:\/\/cecile-delachaux.fr\/wp-content\/uploads\/2019\/05\/PSX_20190506_110249-300x300.jpg 300w, https:\/\/cecile-delachaux.fr\/wp-content\/uploads\/2019\/05\/PSX_20190506_110249-768x768.jpg 768w, https:\/\/cecile-delachaux.fr\/wp-content\/uploads\/2019\/05\/PSX_20190506_110249-548x548.jpg 548w, https:\/\/cecile-delachaux.fr\/wp-content\/uploads\/2019\/05\/PSX_20190506_110249-324x324.jpg 324w, https:\/\/cecile-delachaux.fr\/wp-content\/uploads\/2019\/05\/PSX_20190506_110249-416x416.jpg 416w, https:\/\/cecile-delachaux.fr\/wp-content\/uploads\/2019\/05\/PSX_20190506_110249-100x100.jpg 100w\" sizes=\"auto, (max-width: 3024px) 100vw, 3024px\" \/><\/a>\r\n\t<\/div>\r\n\t<\/figure><figure class='gallery-item '>\r\n\t<div class='gallery-icon landscape'>\r\n\t\t<a href='https:\/\/cecile-delachaux.fr\/wp-content\/uploads\/2019\/05\/PSX_20190507_181838.jpg'><img loading=\"lazy\" decoding=\"async\" width=\"3024\" height=\"3024\" src=\"https:\/\/cecile-delachaux.fr\/wp-content\/uploads\/2019\/05\/PSX_20190507_181838.jpg\" class=\"attachment-full size-full\" alt=\"\" srcset=\"https:\/\/cecile-delachaux.fr\/wp-content\/uploads\/2019\/05\/PSX_20190507_181838.jpg 3024w, https:\/\/cecile-delachaux.fr\/wp-content\/uploads\/2019\/05\/PSX_20190507_181838-150x150.jpg 150w, https:\/\/cecile-delachaux.fr\/wp-content\/uploads\/2019\/05\/PSX_20190507_181838-300x300.jpg 300w, https:\/\/cecile-delachaux.fr\/wp-content\/uploads\/2019\/05\/PSX_20190507_181838-768x768.jpg 768w, https:\/\/cecile-delachaux.fr\/wp-content\/uploads\/2019\/05\/PSX_20190507_181838-548x548.jpg 548w, https:\/\/cecile-delachaux.fr\/wp-content\/uploads\/2019\/05\/PSX_20190507_181838-324x324.jpg 324w, https:\/\/cecile-delachaux.fr\/wp-content\/uploads\/2019\/05\/PSX_20190507_181838-416x416.jpg 416w, https:\/\/cecile-delachaux.fr\/wp-content\/uploads\/2019\/05\/PSX_20190507_181838-100x100.jpg 100w\" sizes=\"auto, (max-width: 3024px) 100vw, 3024px\" \/><\/a>\r\n\t<\/div>\r\n\t<\/figure><\/div>\r\n\n\n\n<p><\/p>\n\n\n<h4 class=\"wp-block-heading\">Dessins<\/h4>\n\n\n<div id='mla_gallery-2' class='gallery galleryid-5412 gallery-columns-3 gallery-size-full'>\r\n<figure class='gallery-item '>\r\n\t<div class='gallery-icon landscape'>\r\n\t\t<a href='https:\/\/cecile-delachaux.fr\/wp-content\/uploads\/2019\/05\/PSX_20190505_162146.jpg'><img loading=\"lazy\" decoding=\"async\" width=\"3024\" height=\"3024\" src=\"https:\/\/cecile-delachaux.fr\/wp-content\/uploads\/2019\/05\/PSX_20190505_162146.jpg\" class=\"attachment-full size-full\" alt=\"\" srcset=\"https:\/\/cecile-delachaux.fr\/wp-content\/uploads\/2019\/05\/PSX_20190505_162146.jpg 3024w, https:\/\/cecile-delachaux.fr\/wp-content\/uploads\/2019\/05\/PSX_20190505_162146-150x150.jpg 150w, https:\/\/cecile-delachaux.fr\/wp-content\/uploads\/2019\/05\/PSX_20190505_162146-300x300.jpg 300w, https:\/\/cecile-delachaux.fr\/wp-content\/uploads\/2019\/05\/PSX_20190505_162146-768x768.jpg 768w, https:\/\/cecile-delachaux.fr\/wp-content\/uploads\/2019\/05\/PSX_20190505_162146-548x548.jpg 548w, https:\/\/cecile-delachaux.fr\/wp-content\/uploads\/2019\/05\/PSX_20190505_162146-324x324.jpg 324w, https:\/\/cecile-delachaux.fr\/wp-content\/uploads\/2019\/05\/PSX_20190505_162146-416x416.jpg 416w, https:\/\/cecile-delachaux.fr\/wp-content\/uploads\/2019\/05\/PSX_20190505_162146-100x100.jpg 100w\" sizes=\"auto, (max-width: 3024px) 100vw, 3024px\" \/><\/a>\r\n\t<\/div>\r\n\t<\/figure><figure class='gallery-item '>\r\n\t<div class='gallery-icon landscape'>\r\n\t\t<a href='https:\/\/cecile-delachaux.fr\/wp-content\/uploads\/2019\/05\/PSX_20190505_162229.jpg'><img loading=\"lazy\" decoding=\"async\" width=\"3024\" height=\"3024\" src=\"https:\/\/cecile-delachaux.fr\/wp-content\/uploads\/2019\/05\/PSX_20190505_162229.jpg\" class=\"attachment-full size-full\" alt=\"\" srcset=\"https:\/\/cecile-delachaux.fr\/wp-content\/uploads\/2019\/05\/PSX_20190505_162229.jpg 3024w, https:\/\/cecile-delachaux.fr\/wp-content\/uploads\/2019\/05\/PSX_20190505_162229-150x150.jpg 150w, https:\/\/cecile-delachaux.fr\/wp-content\/uploads\/2019\/05\/PSX_20190505_162229-300x300.jpg 300w, https:\/\/cecile-delachaux.fr\/wp-content\/uploads\/2019\/05\/PSX_20190505_162229-768x768.jpg 768w, https:\/\/cecile-delachaux.fr\/wp-content\/uploads\/2019\/05\/PSX_20190505_162229-548x548.jpg 548w, https:\/\/cecile-delachaux.fr\/wp-content\/uploads\/2019\/05\/PSX_20190505_162229-324x324.jpg 324w, https:\/\/cecile-delachaux.fr\/wp-content\/uploads\/2019\/05\/PSX_20190505_162229-416x416.jpg 416w, https:\/\/cecile-delachaux.fr\/wp-content\/uploads\/2019\/05\/PSX_20190505_162229-100x100.jpg 100w\" sizes=\"auto, (max-width: 3024px) 100vw, 3024px\" \/><\/a>\r\n\t<\/div>\r\n\t<\/figure><figure class='gallery-item last_in_row'>\r\n\t<div class='gallery-icon landscape'>\r\n\t\t<a href='https:\/\/cecile-delachaux.fr\/wp-content\/uploads\/2019\/05\/PSX_20190505_185041.jpg'><img loading=\"lazy\" decoding=\"async\" width=\"3024\" height=\"3024\" src=\"https:\/\/cecile-delachaux.fr\/wp-content\/uploads\/2019\/05\/PSX_20190505_185041.jpg\" class=\"attachment-full size-full\" alt=\"\" srcset=\"https:\/\/cecile-delachaux.fr\/wp-content\/uploads\/2019\/05\/PSX_20190505_185041.jpg 3024w, https:\/\/cecile-delachaux.fr\/wp-content\/uploads\/2019\/05\/PSX_20190505_185041-150x150.jpg 150w, https:\/\/cecile-delachaux.fr\/wp-content\/uploads\/2019\/05\/PSX_20190505_185041-300x300.jpg 300w, https:\/\/cecile-delachaux.fr\/wp-content\/uploads\/2019\/05\/PSX_20190505_185041-768x768.jpg 768w, https:\/\/cecile-delachaux.fr\/wp-content\/uploads\/2019\/05\/PSX_20190505_185041-548x548.jpg 548w, https:\/\/cecile-delachaux.fr\/wp-content\/uploads\/2019\/05\/PSX_20190505_185041-324x324.jpg 324w, https:\/\/cecile-delachaux.fr\/wp-content\/uploads\/2019\/05\/PSX_20190505_185041-416x416.jpg 416w, https:\/\/cecile-delachaux.fr\/wp-content\/uploads\/2019\/05\/PSX_20190505_185041-100x100.jpg 100w\" sizes=\"auto, (max-width: 3024px) 100vw, 3024px\" \/><\/a>\r\n\t<\/div>\r\n\t<\/figure><figure class='gallery-item '>\r\n\t<div class='gallery-icon landscape'>\r\n\t\t<a href='https:\/\/cecile-delachaux.fr\/wp-content\/uploads\/2019\/05\/PSX_20190505_185117.jpg'><img loading=\"lazy\" decoding=\"async\" width=\"3024\" height=\"3024\" src=\"https:\/\/cecile-delachaux.fr\/wp-content\/uploads\/2019\/05\/PSX_20190505_185117.jpg\" class=\"attachment-full size-full\" alt=\"\" srcset=\"https:\/\/cecile-delachaux.fr\/wp-content\/uploads\/2019\/05\/PSX_20190505_185117.jpg 3024w, https:\/\/cecile-delachaux.fr\/wp-content\/uploads\/2019\/05\/PSX_20190505_185117-150x150.jpg 150w, https:\/\/cecile-delachaux.fr\/wp-content\/uploads\/2019\/05\/PSX_20190505_185117-300x300.jpg 300w, https:\/\/cecile-delachaux.fr\/wp-content\/uploads\/2019\/05\/PSX_20190505_185117-768x768.jpg 768w, https:\/\/cecile-delachaux.fr\/wp-content\/uploads\/2019\/05\/PSX_20190505_185117-548x548.jpg 548w, https:\/\/cecile-delachaux.fr\/wp-content\/uploads\/2019\/05\/PSX_20190505_185117-324x324.jpg 324w, https:\/\/cecile-delachaux.fr\/wp-content\/uploads\/2019\/05\/PSX_20190505_185117-416x416.jpg 416w, https:\/\/cecile-delachaux.fr\/wp-content\/uploads\/2019\/05\/PSX_20190505_185117-100x100.jpg 100w\" sizes=\"auto, (max-width: 3024px) 100vw, 3024px\" \/><\/a>\r\n\t<\/div>\r\n\t<\/figure><figure class='gallery-item '>\r\n\t<div class='gallery-icon landscape'>\r\n\t\t<a href='https:\/\/cecile-delachaux.fr\/wp-content\/uploads\/2019\/05\/PSX_20190505_185150.jpg'><img loading=\"lazy\" decoding=\"async\" width=\"3024\" height=\"3024\" src=\"https:\/\/cecile-delachaux.fr\/wp-content\/uploads\/2019\/05\/PSX_20190505_185150.jpg\" class=\"attachment-full size-full\" alt=\"\" srcset=\"https:\/\/cecile-delachaux.fr\/wp-content\/uploads\/2019\/05\/PSX_20190505_185150.jpg 3024w, https:\/\/cecile-delachaux.fr\/wp-content\/uploads\/2019\/05\/PSX_20190505_185150-150x150.jpg 150w, https:\/\/cecile-delachaux.fr\/wp-content\/uploads\/2019\/05\/PSX_20190505_185150-300x300.jpg 300w, https:\/\/cecile-delachaux.fr\/wp-content\/uploads\/2019\/05\/PSX_20190505_185150-768x768.jpg 768w, https:\/\/cecile-delachaux.fr\/wp-content\/uploads\/2019\/05\/PSX_20190505_185150-548x548.jpg 548w, https:\/\/cecile-delachaux.fr\/wp-content\/uploads\/2019\/05\/PSX_20190505_185150-324x324.jpg 324w, https:\/\/cecile-delachaux.fr\/wp-content\/uploads\/2019\/05\/PSX_20190505_185150-416x416.jpg 416w, https:\/\/cecile-delachaux.fr\/wp-content\/uploads\/2019\/05\/PSX_20190505_185150-100x100.jpg 100w\" sizes=\"auto, (max-width: 3024px) 100vw, 3024px\" \/><\/a>\r\n\t<\/div>\r\n\t<\/figure><figure class='gallery-item last_in_row'>\r\n\t<div class='gallery-icon landscape'>\r\n\t\t<a href='https:\/\/cecile-delachaux.fr\/wp-content\/uploads\/2019\/05\/PSX_20190508_151742.jpg'><img loading=\"lazy\" decoding=\"async\" width=\"3024\" height=\"3024\" src=\"https:\/\/cecile-delachaux.fr\/wp-content\/uploads\/2019\/05\/PSX_20190508_151742.jpg\" class=\"attachment-full size-full\" alt=\"\" srcset=\"https:\/\/cecile-delachaux.fr\/wp-content\/uploads\/2019\/05\/PSX_20190508_151742.jpg 3024w, https:\/\/cecile-delachaux.fr\/wp-content\/uploads\/2019\/05\/PSX_20190508_151742-150x150.jpg 150w, https:\/\/cecile-delachaux.fr\/wp-content\/uploads\/2019\/05\/PSX_20190508_151742-300x300.jpg 300w, https:\/\/cecile-delachaux.fr\/wp-content\/uploads\/2019\/05\/PSX_20190508_151742-768x768.jpg 768w, https:\/\/cecile-delachaux.fr\/wp-content\/uploads\/2019\/05\/PSX_20190508_151742-548x548.jpg 548w, https:\/\/cecile-delachaux.fr\/wp-content\/uploads\/2019\/05\/PSX_20190508_151742-324x324.jpg 324w, https:\/\/cecile-delachaux.fr\/wp-content\/uploads\/2019\/05\/PSX_20190508_151742-416x416.jpg 416w, https:\/\/cecile-delachaux.fr\/wp-content\/uploads\/2019\/05\/PSX_20190508_151742-100x100.jpg 100w\" sizes=\"auto, (max-width: 3024px) 100vw, 3024px\" \/><\/a>\r\n\t<\/div>\r\n\t<\/figure><figure class='gallery-item '>\r\n\t<div class='gallery-icon landscape'>\r\n\t\t<a href='https:\/\/cecile-delachaux.fr\/wp-content\/uploads\/2019\/05\/PSX_20190508_151753.jpg'><img loading=\"lazy\" decoding=\"async\" width=\"3024\" height=\"3024\" src=\"https:\/\/cecile-delachaux.fr\/wp-content\/uploads\/2019\/05\/PSX_20190508_151753.jpg\" class=\"attachment-full size-full\" alt=\"\" srcset=\"https:\/\/cecile-delachaux.fr\/wp-content\/uploads\/2019\/05\/PSX_20190508_151753.jpg 3024w, https:\/\/cecile-delachaux.fr\/wp-content\/uploads\/2019\/05\/PSX_20190508_151753-150x150.jpg 150w, https:\/\/cecile-delachaux.fr\/wp-content\/uploads\/2019\/05\/PSX_20190508_151753-300x300.jpg 300w, https:\/\/cecile-delachaux.fr\/wp-content\/uploads\/2019\/05\/PSX_20190508_151753-768x768.jpg 768w, https:\/\/cecile-delachaux.fr\/wp-content\/uploads\/2019\/05\/PSX_20190508_151753-548x548.jpg 548w, https:\/\/cecile-delachaux.fr\/wp-content\/uploads\/2019\/05\/PSX_20190508_151753-324x324.jpg 324w, https:\/\/cecile-delachaux.fr\/wp-content\/uploads\/2019\/05\/PSX_20190508_151753-416x416.jpg 416w, https:\/\/cecile-delachaux.fr\/wp-content\/uploads\/2019\/05\/PSX_20190508_151753-100x100.jpg 100w\" sizes=\"auto, (max-width: 3024px) 100vw, 3024px\" \/><\/a>\r\n\t<\/div>\r\n\t<\/figure><\/div>\r\n\n\n\n<p><\/p>\n\n\n<h4 class=\"wp-block-heading\">Mots manuscrits<\/h4>\n\n\n<div id='mla_gallery-3' class='gallery galleryid-5412 gallery-columns-3 gallery-size-full'>\r\n<figure class='gallery-item '>\r\n\t<div class='gallery-icon landscape'>\r\n\t\t<a href='https:\/\/cecile-delachaux.fr\/wp-content\/uploads\/2019\/05\/PSX_20190506_110322.jpg'><img loading=\"lazy\" decoding=\"async\" width=\"3024\" height=\"3024\" src=\"https:\/\/cecile-delachaux.fr\/wp-content\/uploads\/2019\/05\/PSX_20190506_110322.jpg\" class=\"attachment-full size-full\" alt=\"\" srcset=\"https:\/\/cecile-delachaux.fr\/wp-content\/uploads\/2019\/05\/PSX_20190506_110322.jpg 3024w, https:\/\/cecile-delachaux.fr\/wp-content\/uploads\/2019\/05\/PSX_20190506_110322-150x150.jpg 150w, https:\/\/cecile-delachaux.fr\/wp-content\/uploads\/2019\/05\/PSX_20190506_110322-300x300.jpg 300w, https:\/\/cecile-delachaux.fr\/wp-content\/uploads\/2019\/05\/PSX_20190506_110322-768x768.jpg 768w, https:\/\/cecile-delachaux.fr\/wp-content\/uploads\/2019\/05\/PSX_20190506_110322-548x548.jpg 548w, https:\/\/cecile-delachaux.fr\/wp-content\/uploads\/2019\/05\/PSX_20190506_110322-324x324.jpg 324w, https:\/\/cecile-delachaux.fr\/wp-content\/uploads\/2019\/05\/PSX_20190506_110322-416x416.jpg 416w, https:\/\/cecile-delachaux.fr\/wp-content\/uploads\/2019\/05\/PSX_20190506_110322-100x100.jpg 100w\" sizes=\"auto, (max-width: 3024px) 100vw, 3024px\" \/><\/a>\r\n\t<\/div>\r\n\t<\/figure><figure class='gallery-item '>\r\n\t<div class='gallery-icon landscape'>\r\n\t\t<a href='https:\/\/cecile-delachaux.fr\/wp-content\/uploads\/2019\/05\/PSX_20190506_110331.jpg'><img loading=\"lazy\" decoding=\"async\" width=\"3024\" height=\"3024\" src=\"https:\/\/cecile-delachaux.fr\/wp-content\/uploads\/2019\/05\/PSX_20190506_110331.jpg\" class=\"attachment-full size-full\" alt=\"\" srcset=\"https:\/\/cecile-delachaux.fr\/wp-content\/uploads\/2019\/05\/PSX_20190506_110331.jpg 3024w, https:\/\/cecile-delachaux.fr\/wp-content\/uploads\/2019\/05\/PSX_20190506_110331-150x150.jpg 150w, https:\/\/cecile-delachaux.fr\/wp-content\/uploads\/2019\/05\/PSX_20190506_110331-300x300.jpg 300w, https:\/\/cecile-delachaux.fr\/wp-content\/uploads\/2019\/05\/PSX_20190506_110331-768x768.jpg 768w, https:\/\/cecile-delachaux.fr\/wp-content\/uploads\/2019\/05\/PSX_20190506_110331-548x548.jpg 548w, https:\/\/cecile-delachaux.fr\/wp-content\/uploads\/2019\/05\/PSX_20190506_110331-324x324.jpg 324w, https:\/\/cecile-delachaux.fr\/wp-content\/uploads\/2019\/05\/PSX_20190506_110331-416x416.jpg 416w, https:\/\/cecile-delachaux.fr\/wp-content\/uploads\/2019\/05\/PSX_20190506_110331-100x100.jpg 100w\" sizes=\"auto, (max-width: 3024px) 100vw, 3024px\" \/><\/a>\r\n\t<\/div>\r\n\t<\/figure><figure class='gallery-item last_in_row'>\r\n\t<div class='gallery-icon landscape'>\r\n\t\t<a href='https:\/\/cecile-delachaux.fr\/wp-content\/uploads\/2019\/05\/PSX_20190508_151826.jpg'><img loading=\"lazy\" decoding=\"async\" width=\"3024\" height=\"3024\" src=\"https:\/\/cecile-delachaux.fr\/wp-content\/uploads\/2019\/05\/PSX_20190508_151826.jpg\" class=\"attachment-full size-full\" alt=\"\" srcset=\"https:\/\/cecile-delachaux.fr\/wp-content\/uploads\/2019\/05\/PSX_20190508_151826.jpg 3024w, https:\/\/cecile-delachaux.fr\/wp-content\/uploads\/2019\/05\/PSX_20190508_151826-150x150.jpg 150w, https:\/\/cecile-delachaux.fr\/wp-content\/uploads\/2019\/05\/PSX_20190508_151826-300x300.jpg 300w, https:\/\/cecile-delachaux.fr\/wp-content\/uploads\/2019\/05\/PSX_20190508_151826-768x768.jpg 768w, https:\/\/cecile-delachaux.fr\/wp-content\/uploads\/2019\/05\/PSX_20190508_151826-548x548.jpg 548w, https:\/\/cecile-delachaux.fr\/wp-content\/uploads\/2019\/05\/PSX_20190508_151826-324x324.jpg 324w, https:\/\/cecile-delachaux.fr\/wp-content\/uploads\/2019\/05\/PSX_20190508_151826-416x416.jpg 416w, https:\/\/cecile-delachaux.fr\/wp-content\/uploads\/2019\/05\/PSX_20190508_151826-100x100.jpg 100w\" sizes=\"auto, (max-width: 3024px) 100vw, 3024px\" \/><\/a>\r\n\t<\/div>\r\n\t<\/figure><figure class='gallery-item '>\r\n\t<div class='gallery-icon landscape'>\r\n\t\t<a href='https:\/\/cecile-delachaux.fr\/wp-content\/uploads\/2019\/05\/PSX_20190508_151843.jpg'><img loading=\"lazy\" decoding=\"async\" width=\"3024\" height=\"3024\" src=\"https:\/\/cecile-delachaux.fr\/wp-content\/uploads\/2019\/05\/PSX_20190508_151843.jpg\" class=\"attachment-full size-full\" alt=\"\" srcset=\"https:\/\/cecile-delachaux.fr\/wp-content\/uploads\/2019\/05\/PSX_20190508_151843.jpg 3024w, https:\/\/cecile-delachaux.fr\/wp-content\/uploads\/2019\/05\/PSX_20190508_151843-150x150.jpg 150w, https:\/\/cecile-delachaux.fr\/wp-content\/uploads\/2019\/05\/PSX_20190508_151843-300x300.jpg 300w, https:\/\/cecile-delachaux.fr\/wp-content\/uploads\/2019\/05\/PSX_20190508_151843-768x768.jpg 768w, https:\/\/cecile-delachaux.fr\/wp-content\/uploads\/2019\/05\/PSX_20190508_151843-548x548.jpg 548w, https:\/\/cecile-delachaux.fr\/wp-content\/uploads\/2019\/05\/PSX_20190508_151843-324x324.jpg 324w, https:\/\/cecile-delachaux.fr\/wp-content\/uploads\/2019\/05\/PSX_20190508_151843-416x416.jpg 416w, https:\/\/cecile-delachaux.fr\/wp-content\/uploads\/2019\/05\/PSX_20190508_151843-100x100.jpg 100w\" sizes=\"auto, (max-width: 3024px) 100vw, 3024px\" \/><\/a>\r\n\t<\/div>\r\n\t<\/figure><\/div>\r\n\n\n\n\n<p><\/p>\n","protected":false},"excerpt":{"rendered":"<p>Vous pouvez cr\u00e9er une broderie unique et sur-mesure. Option &#8220;Pr\u00e9cieux souvenirs&#8221; : Si vous souhaitez broder un dessin personnalis\u00e9, une empreinte ou des mots manuscrits, cochez l&#8217;option &#8220;Pr\u00e9cieux souvenirs&#8221; sur le produit que vous souhaitez broder avec votre motif personnalis\u00e9. Si plusieurs enfants participent \u00e0 la r\u00e9alisation : soit ils dessinent tous sur la m\u00eame [&hellip;]<\/p>\n","protected":false},"author":1,"featured_media":0,"parent":4703,"menu_order":4,"comment_status":"closed","ping_status":"closed","template":"template-fullwidth.php","meta":{"footnotes":""},"class_list":["post-5412","page","type-page","status-publish","hentry"],"_links":{"self":[{"href":"https:\/\/cecile-delachaux.fr\/index.php\/wp-json\/wp\/v2\/pages\/5412","targetHints":{"allow":["GET"]}}],"collection":[{"href":"https:\/\/cecile-delachaux.fr\/index.php\/wp-json\/wp\/v2\/pages"}],"about":[{"href":"https:\/\/cecile-delachaux.fr\/index.php\/wp-json\/wp\/v2\/types\/page"}],"author":[{"embeddable":true,"href":"https:\/\/cecile-delachaux.fr\/index.php\/wp-json\/wp\/v2\/users\/1"}],"replies":[{"embeddable":true,"href":"https:\/\/cecile-delachaux.fr\/index.php\/wp-json\/wp\/v2\/comments?post=5412"}],"version-history":[{"count":12,"href":"https:\/\/cecile-delachaux.fr\/index.php\/wp-json\/wp\/v2\/pages\/5412\/revisions"}],"predecessor-version":[{"id":5434,"href":"https:\/\/cecile-delachaux.fr\/index.php\/wp-json\/wp\/v2\/pages\/5412\/revisions\/5434"}],"up":[{"embeddable":true,"href":"https:\/\/cecile-delachaux.fr\/index.php\/wp-json\/wp\/v2\/pages\/4703"}],"wp:attachment":[{"href":"https:\/\/cecile-delachaux.fr\/index.php\/wp-json\/wp\/v2\/media?parent=5412"}],"curies":[{"name":"wp","href":"https:\/\/api.w.org\/{rel}","templated":true}]}}