
{"id":100,"date":"2018-12-10T23:19:47","date_gmt":"2018-12-10T22:19:47","guid":{"rendered":"https:\/\/cecile-delachaux.fr\/?post_type=product&#038;p=100"},"modified":"2024-07-25T01:19:37","modified_gmt":"2024-07-24T23:19:37","slug":"cape-de-bain","status":"publish","type":"product","link":"https:\/\/cecile-delachaux.fr\/index.php\/produit\/cape-de-bain\/","title":{"rendered":"Cape de bain"},"content":{"rendered":"<p>Serviette pour b\u00e9b\u00e9 avec une capuche :<\/p>\n<p>Grammage : 450 g\/m\u00b2<br \/>\nComposition : 100% coton<br \/>\nInstructions de lavage : Lavable \u00e0 40 \u00b0C<\/p>\n<p>Elle est propos\u00e9e en 2 tailles : 75 cm x 75 cm ou 100 cm x 100 cm<\/p>\n<p>Le d\u00e9lai de confection standard est de 30 jours. Lors de validation de votre panier, ce d\u00e9lai peut \u00eatre r\u00e9duit \u00e0 15 jours (avec un surco\u00fbt de 20%).<\/p>\n<p>Je reste \u00e0 votre disposition pour vous conseiller.<\/p>\n<p>N\u2019h\u00e9sitez pas \u00e0 me contacter directement si vous avez des questions.<\/p>\n","protected":false},"excerpt":{"rendered":"<p>La cape de bain est r\u00e9alis\u00e9e sur commande et est enti\u00e8rement personnalisable avec un motif de broderie au choix, phrase, mots, pr\u00e9nom(s),\u2026<\/p>\n<p>Choisissez les motifs de broderie dans l\u2019onglet \u00ab Personnalisation \u00bb et indiquez les r\u00e9f\u00e9rences dans les champs pr\u00e9vus ci-dessous :<\/p>\n","protected":false},"featured_media":10878,"template":"","meta":[],"product_brand":[],"product_cat":[198,236,15,35],"product_tag":[],"class_list":{"0":"post-100","1":"product","2":"type-product","3":"status-publish","4":"has-post-thumbnail","6":"product_cat-cape-de-bain","7":"product_cat-initiale","8":"product_cat-tous-les-produits","9":"product_cat-bain","10":"product_shipping_class-colis","12":"first","13":"instock","14":"shipping-taxable","15":"purchasable","16":"product-type-variable"},"exclude_global_add_ons":true,"addons":[{"name":"Choix du motif de broderie","type":"custom_text","position":0,"required":false,"title_format":"heading","default":"","description_enable":true,"description":"Vous pouvez choisir un motif de broderie et\/ou un texte de votre choix et le renseigner ci-dessous :","placeholder_enable":false,"placeholder":"","display":"select","restrictions_type":"any_text","adjust_price":false,"price":"","price_type":"flat_fee","restrictions":false,"min":"0","max":"0","options":[],"id":1675212955},{"name":"Initiale","type":"custom_text","position":1,"required":false,"title_format":"heading","default":"","description_enable":false,"description":"","placeholder_enable":false,"placeholder":"","display":"select","restrictions_type":"any_text","adjust_price":false,"price":"","price_type":"flat_fee","restrictions":false,"min":"0","max":"0","options":[],"id":1675212956},{"name":"Pr\u00e9nom \/ Mot \/ Date","type":"custom_text","position":2,"required":false,"title_format":"heading","default":"","description_enable":true,"description":"","placeholder_enable":false,"placeholder":"","display":"select","restrictions_type":"any_text","adjust_price":false,"price":"","price_type":"flat_fee","restrictions":false,"min":"0","max":"0","options":[],"id":1675212957},{"name":"Police de broderie","type":"custom_text","position":3,"required":false,"title_format":"heading","default":"","description_enable":true,"description":"Vous pouvez indiquer la police d'\u00e9criture que vous souhaiteriez (cf. rubrique \"personnalisation\")","placeholder_enable":false,"placeholder":"","display":"select","restrictions_type":"any_text","adjust_price":false,"price":"","price_type":"flat_fee","restrictions":false,"min":"0","max":"0","options":[],"id":1675212958},{"name":"Couleur des fils de broderie","type":"custom_text","position":4,"required":false,"title_format":"heading","default":"","description_enable":true,"description":"Vous pouvez choisir la couleur des fils de broderie dans l\u2019onglet \u00ab Personnalisation \u00bb et indiquer votre choix :","placeholder_enable":false,"placeholder":"","display":"select","restrictions_type":"any_text","adjust_price":false,"price":"","price_type":"flat_fee","restrictions":false,"min":"0","max":"0","options":[],"id":1675212959},{"name":"Pr\u00e9cisions","type":"custom_textarea","position":5,"required":false,"title_format":"heading","default":"","description_enable":true,"description":"Si vous h\u00e9sitez et avez besoin de conseils, ou pour toute autre demande compl\u00e9mentaire, je vous invite \u00e0 noter votre demande ci-dessous ou \u00e0 me contacter avant votre commande.\r\nDans tous les cas, je vous contacterai pour d\u00e9finir ou finaliser les personnalisations.","placeholder_enable":false,"placeholder":"","display":"select","restrictions_type":"any_text","adjust_price":false,"price":"","price_type":"flat_fee","restrictions":false,"min":"0","max":"0","options":[],"id":1675212704}],"_links":{"self":[{"href":"https:\/\/cecile-delachaux.fr\/index.php\/wp-json\/wp\/v2\/product\/100","targetHints":{"allow":["GET"]}}],"collection":[{"href":"https:\/\/cecile-delachaux.fr\/index.php\/wp-json\/wp\/v2\/product"}],"about":[{"href":"https:\/\/cecile-delachaux.fr\/index.php\/wp-json\/wp\/v2\/types\/product"}],"wp:featuredmedia":[{"embeddable":true,"href":"https:\/\/cecile-delachaux.fr\/index.php\/wp-json\/wp\/v2\/media\/10878"}],"wp:attachment":[{"href":"https:\/\/cecile-delachaux.fr\/index.php\/wp-json\/wp\/v2\/media?parent=100"}],"wp:term":[{"taxonomy":"product_brand","embeddable":true,"href":"https:\/\/cecile-delachaux.fr\/index.php\/wp-json\/wp\/v2\/product_brand?post=100"},{"taxonomy":"product_cat","embeddable":true,"href":"https:\/\/cecile-delachaux.fr\/index.php\/wp-json\/wp\/v2\/product_cat?post=100"},{"taxonomy":"product_tag","embeddable":true,"href":"https:\/\/cecile-delachaux.fr\/index.php\/wp-json\/wp\/v2\/product_tag?post=100"}],"curies":[{"name":"wp","href":"https:\/\/api.w.org\/{rel}","templated":true}]}}