
{"id":10216,"date":"2022-06-09T18:19:47","date_gmt":"2022-06-09T16:19:47","guid":{"rendered":"https:\/\/cecile-delachaux.fr\/?post_type=product&#038;p=10216"},"modified":"2024-06-03T15:59:53","modified_gmt":"2024-06-03T13:59:53","slug":"sac-filet-a-personnaliser","status":"publish","type":"product","link":"https:\/\/cecile-delachaux.fr\/index.php\/produit\/sac-filet-a-personnaliser\/","title":{"rendered":"Sac filet &#8220;\u00e0 personnaliser&#8221;"},"content":{"rendered":"<p>Un cadeau unique pour la f\u00eate des m\u00e8res, pour un anniversaire ou un t\u00e9moin de mariage.<\/p>\n<p>Une jolie id\u00e9e de cadeau de fin d&#8217;ann\u00e9e \u00e0 offrir \u00e0 un.e ma\u00eetre.sse, \u00e0 l&#8217;ATSEM, la nounou,&#8230;<\/p>\n<p>Tout simplement un cadeau pour faire plaisir ou se faire plaisir!<\/p>\n<p>C&#8217;est un sac filet de qualit\u00e9 sup\u00e9rieure : 100% coton biologique (certifi\u00e9 GOTS)<\/p>\n<p>Il peut se porter \u00e0 la main ou \u00e0 l&#8217;\u00e9paule.<\/p>\n<p>Dimensions : 38&#215;41 cm. Longueur poign\u00e9e : 61 cm<\/p>\n<p>Volume : 10 litre<\/p>\n<p>Il peut contenir jusqu&#8217;\u00e0 6kg.<\/p>\n<p>Le d\u00e9lai de confection standard est de 30 jours. Lors de validation de votre panier, ce d\u00e9lai peut \u00eatre r\u00e9duit \u00e0 15 jours (avec un surco\u00fbt de 20%).<\/p>\n<p>Je reste \u00e0 votre disposition pour vous conseiller.<\/p>\n<p>N\u2019h\u00e9sitez pas \u00e0 me contacter directement si vous avez des questions.<\/p>\n","protected":false},"excerpt":{"rendered":"<div class=\"woocommerce-product-details__short-description\">\n<div class=\"woocommerce-product-details__short-description\">\n<p>Il est r\u00e9alis\u00e9 sur commande et est enti\u00e8rement personnalisable avec un motif de broderie au choix, phrase, mots, pr\u00e9nom(s), une date\u2026 Vous trouverez les motifs de broderie, polices d&#8217;\u00e9criture couleurs des fils dans la rubrique personnalisation.<\/p>\n<\/div>\n<\/div>\n","protected":false},"featured_media":10218,"template":"","meta":[],"product_brand":[],"product_cat":[235,205,236,248,240,178,15,102,105,132,112],"product_tag":[],"class_list":{"0":"post-10216","1":"product","2":"type-product","3":"status-publish","4":"has-post-thumbnail","6":"product_cat-collections","7":"product_cat-en-balade","8":"product_cat-initiale","9":"product_cat-tote-bag-en-balade","10":"product_cat-tote-bag-initiale","11":"product_cat-tote-bag","12":"product_cat-tous-les-produits","13":"product_cat-rangements","14":"product_cat-occasions-speciales","15":"product_cat-fete-des-meres","16":"product_cat-anniversaire","17":"product_shipping_class-lettre-suivie","19":"first","20":"instock","21":"shipping-taxable","22":"purchasable","23":"product-type-simple"},"exclude_global_add_ons":true,"addons":[{"name":"Texte ou motif de broderie (1\u00e8re ligne)","type":"custom_text","position":0,"required":false,"title_format":"heading","default":"","description_enable":false,"description":"Vous pouvez choisir un motif de broderie (rubrique personnalisation) et\/ou un texte de votre choix :\r\n- phrase \/ mots (par exemple : \"Mum of 2\", \"Maman de 2\", \"Mum since 2012\", \"Super Papa depuis 2012\", \"Merci ma\u00eetresse !\"...)\r\n- pr\u00e9nom(s),\r\n- date(s),\r\n- coordonn\u00e9es GPS,\r\n- ...\r\nVous pouvez aussi choisir les couleurs des fils et les renseigner ci-dessous :","placeholder_enable":false,"placeholder":"","display":"select","restrictions_type":"any_text","adjust_price":false,"price":"","price_type":"flat_fee","restrictions":false,"min":"0","max":"0","options":[],"id":1705062928},{"name":"Police d'\u00e9criture","type":"custom_text","position":1,"required":false,"title_format":"label","default":"","description_enable":false,"description":"","placeholder_enable":false,"placeholder":"","display":"select","restrictions_type":"any_text","adjust_price":false,"price":"","price_type":"flat_fee","restrictions":false,"min":"0","max":"0","options":[],"id":1705062929},{"name":"Couleur des fils de broderie","type":"custom_text","position":2,"required":false,"title_format":"label","default":"","description_enable":true,"description":"Indiquez les nuances de couleurs que vous souhaiteriez :","placeholder_enable":false,"placeholder":"","display":"select","restrictions_type":"any_text","adjust_price":false,"price":"","price_type":"flat_fee","restrictions":false,"min":"0","max":"0","options":[],"id":1705062930},{"name":"Texte ou motif de broderie (2\u00e8me ligne)","type":"custom_text","position":3,"required":false,"title_format":"heading","default":"","description_enable":false,"description":"Si vous souhaitez broder des dessins personnalis\u00e9s, empreintes ou mots manuscrits cochez cette option (<a href=\"\/index.php\/personnalisation\/broderie\/broderie-sur-mesure\/\" target=\"_blank\">plus de pr\u00e9cisions sur l'option pr\u00e9cieux souvenirs<\/a>).\r\n","placeholder_enable":false,"placeholder":"","display":"select","restrictions_type":"any_text","adjust_price":false,"price":"","price_type":"flat_fee","restrictions":false,"min":"0","max":"0","options":[],"id":1705062931},{"name":"Police d'\u00e9criture","type":"custom_text","position":4,"required":false,"title_format":"label","default":"","description_enable":false,"description":"","placeholder_enable":false,"placeholder":"","display":"select","restrictions_type":"any_text","adjust_price":false,"price":"","price_type":"flat_fee","restrictions":false,"min":"0","max":"0","options":[],"id":1705062932},{"name":"Couleur des fils de broderie","type":"custom_text","position":5,"required":false,"title_format":"label","default":"","description_enable":true,"description":"Indiquez les nuances de couleurs que vous souhaiteriez :","placeholder_enable":false,"placeholder":"","display":"select","restrictions_type":"any_text","adjust_price":false,"price":"","price_type":"flat_fee","restrictions":false,"min":"0","max":"0","options":[],"id":1705062933},{"name":"Broderie suppl\u00e9mentaire","type":"custom_textarea","position":6,"required":false,"title_format":"heading","default":"","description_enable":true,"description":"Broderie ajout\u00e9e au verso du sac :\r\n\u2013 Coordonn\u00e9es GPS (merci de me donner l\u2019adresse d\u00e9sir\u00e9e)\r\n\u2013 Message, initiales, mots, phrase,\u2026\r\n\u2013 Symbole, motif,\u2026","placeholder_enable":false,"placeholder":"","display":"select","restrictions_type":"any_text","adjust_price":true,"price":"5","price_type":"quantity_based","restrictions":false,"min":"0","max":"0","options":[],"id":1705062934},{"name":"Pr\u00e9cisions","type":"custom_textarea","position":7,"required":false,"title_format":"heading","default":"","description_enable":true,"description":"Si vous h\u00e9sitez et avez besoin de conseils, ou pour toute autre demande compl\u00e9mentaire, je vous invite \u00e0 noter votre demande ci-dessous ou \u00e0 me contacter avant votre commande.\r\nDans tous les cas, je vous contacterai pour d\u00e9finir ou finaliser les personnalisations.","placeholder_enable":false,"placeholder":"","display":"select","restrictions_type":"any_text","adjust_price":false,"price":"","price_type":"flat_fee","restrictions":false,"min":"0","max":"0","options":[],"id":1705062935}],"_links":{"self":[{"href":"https:\/\/cecile-delachaux.fr\/index.php\/wp-json\/wp\/v2\/product\/10216","targetHints":{"allow":["GET"]}}],"collection":[{"href":"https:\/\/cecile-delachaux.fr\/index.php\/wp-json\/wp\/v2\/product"}],"about":[{"href":"https:\/\/cecile-delachaux.fr\/index.php\/wp-json\/wp\/v2\/types\/product"}],"wp:featuredmedia":[{"embeddable":true,"href":"https:\/\/cecile-delachaux.fr\/index.php\/wp-json\/wp\/v2\/media\/10218"}],"wp:attachment":[{"href":"https:\/\/cecile-delachaux.fr\/index.php\/wp-json\/wp\/v2\/media?parent=10216"}],"wp:term":[{"taxonomy":"product_brand","embeddable":true,"href":"https:\/\/cecile-delachaux.fr\/index.php\/wp-json\/wp\/v2\/product_brand?post=10216"},{"taxonomy":"product_cat","embeddable":true,"href":"https:\/\/cecile-delachaux.fr\/index.php\/wp-json\/wp\/v2\/product_cat?post=10216"},{"taxonomy":"product_tag","embeddable":true,"href":"https:\/\/cecile-delachaux.fr\/index.php\/wp-json\/wp\/v2\/product_tag?post=10216"}],"curies":[{"name":"wp","href":"https:\/\/api.w.org\/{rel}","templated":true}]}}