
{"id":10335,"date":"2022-08-22T14:37:38","date_gmt":"2022-08-22T12:37:38","guid":{"rendered":"https:\/\/cecile-delachaux.fr\/?post_type=product&#038;p=10335"},"modified":"2026-01-09T14:20:27","modified_gmt":"2026-01-09T13:20:27","slug":"le-petit-sac-rectangulaire","status":"publish","type":"product","link":"https:\/\/cecile-delachaux.fr\/index.php\/produit\/le-petit-sac-rectangulaire\/","title":{"rendered":"Le petit sac rectangulaire"},"content":{"rendered":"<p>Il est propos\u00e9 dans 2 tailles.<\/p>\n<p>Ce sac est enti\u00e8rement doubl\u00e9 pour une belle tenue et de jolie finitions.<\/p>\n<p>Le rabat se ferme \u00e0 l&#8217;aide d&#8217;un bouton pression.<\/p>\n<p>La anse est en corde 100% coton.<\/p>\n<p>Le d\u00e9lai de confection standard est de 30 jours. Lors de validation de votre panier, ce d\u00e9lai peut \u00eatre r\u00e9duit \u00e0 15 jours (avec un surco\u00fbt de 20%).<\/p>\n<p>Je reste \u00e0 votre disposition pour vous conseiller.<\/p>\n<p>N\u2019h\u00e9sitez pas \u00e0 me contacter directement si vous avez des questions.<\/p>\n<p>&nbsp;<\/p>\n","protected":false},"excerpt":{"rendered":"<p>Le sac bandouli\u00e8re est r\u00e9alis\u00e9 sur commande et est enti\u00e8rement personnalisable.<\/p>\n<p>Choisissez les tissus et motifs de broderie dans l\u2019onglet \u00ab Personnalisation \u00bb et indiquez leurs r\u00e9f\u00e9rences dans les champs pr\u00e9vus ci-dessous<\/p>\n","protected":false},"featured_media":10344,"template":"","meta":[],"product_brand":[],"product_cat":[176,15],"product_tag":[],"class_list":{"0":"post-10335","1":"product","2":"type-product","3":"status-publish","4":"has-post-thumbnail","6":"product_cat-sac-bandouliere","7":"product_cat-tous-les-produits","8":"product_shipping_class-lettre-suivie","10":"first","11":"instock","12":"shipping-taxable","13":"purchasable","14":"product-type-variable"},"exclude_global_add_ons":true,"addons":[{"name":"Choix du tissu ext\u00e9rieur","type":"multiple_choice","position":0,"required":true,"title_format":"heading","default":"","description_enable":true,"description":"Choisissez un tissu en lainage bouclette parmi ces couleurs :","placeholder_enable":false,"placeholder":"","display":"images","restrictions_type":"any_text","adjust_price":false,"price":"","price_type":"flat_fee","restrictions":false,"min":"0","max":"0","options":[{"label":"Ecru","price":"","price_type":"flat_fee","image":10347,"visibility":true},{"label":"Beige","price":"","price_type":"flat_fee","image":10345,"visibility":true},{"label":"Brun","price":"","price_type":"flat_fee","image":10346,"visibility":true},{"label":"Moutarde","price":"","price_type":"flat_fee","image":10348,"visibility":true},{"label":"Taupe","price":"","price_type":"flat_fee","image":10349,"visibility":true},{"label":"Vieux rose","price":"","price_type":"flat_fee","image":10350,"visibility":true}],"id":1705060525},{"name":"Choix du tissu int\u00e9rieur","type":"custom_text","position":1,"required":false,"title_format":"heading","default":"","description_enable":true,"description":"Retrouvez tous les tissus disponibles dans l'onglet personnalisation.","placeholder_enable":false,"placeholder":"","display":"select","restrictions_type":"any_text","adjust_price":false,"price":"","price_type":"flat_fee","restrictions":false,"min":"0","max":"0","options":[],"id":1705060526},{"name":"Choix de la broderie","type":"custom_text","position":2,"required":false,"title_format":"heading","default":"","description_enable":true,"description":"Vous pouvez choisir un motif de broderie et\/ou un texte de votre choix (pr\u00e9nom, initiales,\u2026) en indiquant la police souhait\u00e9e et couleurs des fils, et les renseigner ci-dessous :","placeholder_enable":false,"placeholder":"","display":"select","restrictions_type":"any_text","adjust_price":false,"price":"","price_type":"flat_fee","restrictions":false,"min":"0","max":"0","options":[],"id":1705060527},{"name":"Autres pr\u00e9cisions","type":"custom_textarea","position":3,"required":false,"title_format":"heading","default":"","description_enable":true,"description":"Si vous n\u2019avez pas pu renseigner toutes les options, si vous h\u00e9sitez et avez besoin de conseils, si vous recherchez un tissu ou un motif de broderie qui ne figurent pas dans l\u2019onglet personnalisation, ou pour toute autre demande compl\u00e9mentaire, je vous invite \u00e0 noter votre demande ci-dessous.\r\nDans tous les cas, je vous contacterai pour d\u00e9finir ou finaliser les personnalisations.","placeholder_enable":false,"placeholder":"","display":"select","restrictions_type":"any_text","adjust_price":false,"price":"","price_type":"flat_fee","restrictions":false,"min":"0","max":"0","options":[],"id":1705060528}],"_links":{"self":[{"href":"https:\/\/cecile-delachaux.fr\/index.php\/wp-json\/wp\/v2\/product\/10335","targetHints":{"allow":["GET"]}}],"collection":[{"href":"https:\/\/cecile-delachaux.fr\/index.php\/wp-json\/wp\/v2\/product"}],"about":[{"href":"https:\/\/cecile-delachaux.fr\/index.php\/wp-json\/wp\/v2\/types\/product"}],"wp:featuredmedia":[{"embeddable":true,"href":"https:\/\/cecile-delachaux.fr\/index.php\/wp-json\/wp\/v2\/media\/10344"}],"wp:attachment":[{"href":"https:\/\/cecile-delachaux.fr\/index.php\/wp-json\/wp\/v2\/media?parent=10335"}],"wp:term":[{"taxonomy":"product_brand","embeddable":true,"href":"https:\/\/cecile-delachaux.fr\/index.php\/wp-json\/wp\/v2\/product_brand?post=10335"},{"taxonomy":"product_cat","embeddable":true,"href":"https:\/\/cecile-delachaux.fr\/index.php\/wp-json\/wp\/v2\/product_cat?post=10335"},{"taxonomy":"product_tag","embeddable":true,"href":"https:\/\/cecile-delachaux.fr\/index.php\/wp-json\/wp\/v2\/product_tag?post=10335"}],"curies":[{"name":"wp","href":"https:\/\/api.w.org\/{rel}","templated":true}]}}