
{"id":10653,"date":"2022-11-13T16:27:53","date_gmt":"2022-11-13T15:27:53","guid":{"rendered":"https:\/\/cecile-delachaux.fr\/?post_type=product&#038;p=10653"},"modified":"2023-01-31T23:50:44","modified_gmt":"2023-01-31T22:50:44","slug":"serviette-de-bain-ultra-epaisse-100x150cm","status":"publish","type":"product","link":"https:\/\/cecile-delachaux.fr\/index.php\/produit\/serviette-de-bain-ultra-epaisse-100x150cm\/","title":{"rendered":"Serviette de bain ultra \u00e9paisse 100x150cm 23 coloris"},"content":{"rendered":"<p>Taille 100 x 150 cm<\/p>\n<p>23 coloris<\/p>\n<p>Design classique avec bordure unie ray\u00e9e<br \/>\nDoux comme de la soie et tr\u00e8s absorbant gr\u00e2ce au fil Low Twist<br \/>\nBoucle de cintre au milieu de la partie la plus \u00e9troite<\/p>\n<p>Mat\u00e9riaux : \u00c9ponge<br \/>\nCertificats de production : V\u00e9g\u00e9talien \/ Oeko-Tex 100<br \/>\nGrammage : 550 g\/m\u00b2<br \/>\nComposition : 100% coton<br \/>\nInstructions de lavage : Lavable \u00e0 60 \u00b0C \/ Adapt\u00e9 au s\u00e8che-linge<br \/>\nPays d&#8217;origine : Hongrie<\/p>\n<p>Le d\u00e9lai de confection standard est de 30 jours. Lors de validation de votre panier, ce d\u00e9lai peut \u00eatre r\u00e9duit \u00e0 15 jours (avec un surco\u00fbt de 20%).<\/p>\n<p>Je reste \u00e0 votre disposition pour vous conseiller.<\/p>\n<p>N\u2019h\u00e9sitez pas \u00e0 me contacter directement si vous avez des questions.<\/p>\n","protected":false},"excerpt":{"rendered":"<p>Le drap de bain est enti\u00e8rement personnalisable.<\/p>\n","protected":false},"featured_media":10719,"template":"","meta":[],"product_brand":[],"product_cat":[270,15,35],"product_tag":[],"class_list":{"0":"post-10653","1":"product","2":"type-product","3":"status-publish","4":"has-post-thumbnail","6":"product_cat-serviettes","7":"product_cat-tous-les-produits","8":"product_cat-bain","9":"product_shipping_class-colis","11":"first","12":"instock","13":"shipping-taxable","14":"purchasable","15":"product-type-simple"},"exclude_global_add_ons":true,"addons":[{"name":"Couleur","type":"multiple_choice","position":0,"required":true,"title_format":"heading","default":"","description_enable":false,"description":"","placeholder_enable":false,"placeholder":"","display":"images","restrictions_type":"any_text","adjust_price":false,"price":"","price_type":"flat_fee","restrictions":false,"min":"0","max":"0","options":[{"label":"Blanc","price":"","price_type":"flat_fee","image":10692,"visibility":true},{"label":"Chamois","price":"","price_type":"flat_fee","image":10696,"visibility":true},{"label":"Tibet","price":"","price_type":"flat_fee","image":10716,"visibility":true},{"label":"Camel","price":"","price_type":"flat_fee","image":10695,"visibility":true},{"label":"Gris clair","price":"","price_type":"flat_fee","image":10703,"visibility":true},{"label":"Vert clair","price":"","price_type":"flat_fee","image":10717,"visibility":true},{"label":"Conif\u00e8re","price":"","price_type":"flat_fee","image":10699,"visibility":true},{"label":"Azur clair","price":"","price_type":"flat_fee","image":10690,"visibility":true},{"label":"Bleu profond","price":"","price_type":"flat_fee","image":10694,"visibility":true},{"label":"Lagon","price":"","price_type":"flat_fee","image":10706,"visibility":true},{"label":"P\u00e9trole","price":"","price_type":"flat_fee","image":10712,"visibility":true},{"label":"Eaux profondes","price":"","price_type":"flat_fee","image":10700,"visibility":true},{"label":"M\u00fbre","price":"","price_type":"flat_fee","image":10710,"visibility":true},{"label":"Hibiscus","price":"","price_type":"flat_fee","image":10705,"visibility":true},{"label":"Pierre","price":"","price_type":"flat_fee","image":10713,"visibility":true},{"label":"Gris ardoise","price":"","price_type":"flat_fee","image":10702,"visibility":true},{"label":"Maroon","price":"","price_type":"flat_fee","image":10707,"visibility":true},{"label":"Terre","price":"","price_type":"flat_fee","image":10715,"visibility":true},{"label":"Rubis","price":"","price_type":"flat_fee","image":10714,"visibility":true},{"label":"Citron","price":"","price_type":"flat_fee","image":10697,"visibility":true},{"label":"Abricot","price":"","price_type":"flat_fee","image":10689,"visibility":true},{"label":"Fiesta","price":"","price_type":"flat_fee","image":10701,"visibility":true},{"label":"Marron fonc\u00e9","price":"","price_type":"flat_fee","image":10709,"visibility":true}],"id":1675209045},{"name":"Broderie","type":"multiple_choice","position":1,"required":true,"title_format":"heading","default":"","description_enable":true,"description":"Vous retrouverez tous les motifs de broderie et alphabets dans la rubrique personnalisation.","placeholder_enable":false,"placeholder":"","display":"select","restrictions_type":"any_text","adjust_price":false,"price":"","price_type":"flat_fee","restrictions":false,"min":"0","max":"0","options":[{"label":"Motif","price":"","price_type":"flat_fee","image":0,"visibility":true},{"label":"Motif + Mot\/Date","price":"","price_type":"flat_fee","image":0,"visibility":true},{"label":"Mot\/Phrase\/Date\/Coordonn\u00e9es GPS","price":"","price_type":"flat_fee","image":0,"visibility":true},{"label":"Initiale(s)","price":"","price_type":"flat_fee","image":0,"visibility":true},{"label":"Initiale + Pr\u00e9nom","price":"","price_type":"flat_fee","image":0,"visibility":true}],"id":1675209046},{"name":"1\u00e8re ligne","type":"custom_text","position":2,"required":false,"title_format":"label","default":"","description_enable":true,"description":"Indiquez le motif, Mot, Phrase, Initiale, Date, etc... que vous souhaitez","placeholder_enable":false,"placeholder":"","display":"select","restrictions_type":"any_text","adjust_price":false,"price":"","price_type":"flat_fee","restrictions":false,"min":"0","max":"0","options":[],"id":1675209047},{"name":"Couleur des fils (1\u00e8re ligne)","type":"custom_text","position":3,"required":false,"title_format":"label","default":"","description_enable":true,"description":"Vous trouverez tous les fils de broderie dans la rubrique \"Personnalisation\"","placeholder_enable":false,"placeholder":"","display":"select","restrictions_type":"any_text","adjust_price":false,"price":"","price_type":"flat_fee","restrictions":false,"min":"0","max":"0","options":[],"id":1675209048},{"name":"2\u00e8me ligne (facultatif)","type":"custom_text","position":4,"required":false,"title_format":"label","default":"","description_enable":true,"description":"Si vous avez choisi de broder sur une 2\u00e8me ligne, indiquez le mot","placeholder_enable":false,"placeholder":"","display":"select","restrictions_type":"any_text","adjust_price":false,"price":"","price_type":"flat_fee","restrictions":false,"min":"0","max":"0","options":[],"id":1675209049},{"name":"Couleur des fils (2\u00e8me ligne)","type":"custom_text","position":5,"required":false,"title_format":"label","default":"","description_enable":true,"description":"Vous trouverez tous les fils de broderie dans la rubrique \"Personnalisation\"","placeholder_enable":false,"placeholder":"","display":"select","restrictions_type":"any_text","adjust_price":false,"price":"","price_type":"flat_fee","restrictions":false,"min":"0","max":"0","options":[],"id":1675209050},{"name":"Pr\u00e9cisions","type":"custom_textarea","position":6,"required":false,"title_format":"label","default":"","description_enable":true,"description":"Si vous h\u00e9sitez et avez besoin de conseils, ou pour toute autre demande compl\u00e9mentaire, je vous invite \u00e0 noter votre demande ci-dessous ou \u00e0 me contacter avant votre commande. Dans tous les cas, je vous contacterai pour d\u00e9finir ou finaliser les personnalisations.","placeholder_enable":false,"placeholder":"","display":"select","restrictions_type":"any_text","adjust_price":false,"price":"","price_type":"flat_fee","restrictions":false,"min":"0","max":"0","options":[],"id":1675209051}],"_links":{"self":[{"href":"https:\/\/cecile-delachaux.fr\/index.php\/wp-json\/wp\/v2\/product\/10653","targetHints":{"allow":["GET"]}}],"collection":[{"href":"https:\/\/cecile-delachaux.fr\/index.php\/wp-json\/wp\/v2\/product"}],"about":[{"href":"https:\/\/cecile-delachaux.fr\/index.php\/wp-json\/wp\/v2\/types\/product"}],"wp:featuredmedia":[{"embeddable":true,"href":"https:\/\/cecile-delachaux.fr\/index.php\/wp-json\/wp\/v2\/media\/10719"}],"wp:attachment":[{"href":"https:\/\/cecile-delachaux.fr\/index.php\/wp-json\/wp\/v2\/media?parent=10653"}],"wp:term":[{"taxonomy":"product_brand","embeddable":true,"href":"https:\/\/cecile-delachaux.fr\/index.php\/wp-json\/wp\/v2\/product_brand?post=10653"},{"taxonomy":"product_cat","embeddable":true,"href":"https:\/\/cecile-delachaux.fr\/index.php\/wp-json\/wp\/v2\/product_cat?post=10653"},{"taxonomy":"product_tag","embeddable":true,"href":"https:\/\/cecile-delachaux.fr\/index.php\/wp-json\/wp\/v2\/product_tag?post=10653"}],"curies":[{"name":"wp","href":"https:\/\/api.w.org\/{rel}","templated":true}]}}