
{"id":10736,"date":"2022-11-13T18:23:04","date_gmt":"2022-11-13T17:23:04","guid":{"rendered":"https:\/\/cecile-delachaux.fr\/?post_type=product&#038;p=10736"},"modified":"2023-01-31T23:50:20","modified_gmt":"2023-01-31T22:50:20","slug":"serviette-de-bain-tres-epaisse-100x150cm-550-g-m2-21-coloris","status":"publish","type":"product","link":"https:\/\/cecile-delachaux.fr\/index.php\/produit\/serviette-de-bain-tres-epaisse-100x150cm-550-g-m2-21-coloris\/","title":{"rendered":"Serviette de toilette tr\u00e8s \u00e9paisse 50x100cm 21 coloris"},"content":{"rendered":"<p>Taille 50 x 100 cm<\/p>\n<p>21 coloris<\/p>\n<p>Bordures \u00e9troites<br \/>\nIncroyablement doux<br \/>\nBoucle de cintre au milieu de la partie la plus \u00e9troite<\/p>\n<p>Mat\u00e9riaux : \u00c9ponge<br \/>\nCertificats de production : V\u00e9g\u00e9talien \/ Oeko-Tex 100<br \/>\nGrammage : 550 g\/m\u00b2<br \/>\nComposition : 100% coton<br \/>\nInstructions de lavage : Lavable \u00e0 60 \u00b0C \/ Adapt\u00e9 au s\u00e8che-linge<br \/>\nPays d&#8217;origine : Hongrie<\/p>\n<p>Le d\u00e9lai de confection standard est de 30 jours. Lors de validation de votre panier, ce d\u00e9lai peut \u00eatre r\u00e9duit \u00e0 15 jours (avec un surco\u00fbt de 20%).<\/p>\n<p>Je reste \u00e0 votre disposition pour vous conseiller.<\/p>\n<p>N\u2019h\u00e9sitez pas \u00e0 me contacter directement si vous avez des questions.<\/p>\n","protected":false},"excerpt":{"rendered":"<p>Le drap de bain est enti\u00e8rement personnalisable.<\/p>\n","protected":false},"featured_media":10720,"template":"","meta":[],"product_brand":[],"product_cat":[270,15,35],"product_tag":[],"class_list":{"0":"post-10736","1":"product","2":"type-product","3":"status-publish","4":"has-post-thumbnail","6":"product_cat-serviettes","7":"product_cat-tous-les-produits","8":"product_cat-bain","9":"product_shipping_class-colis","11":"first","12":"instock","13":"shipping-taxable","14":"purchasable","15":"product-type-simple"},"exclude_global_add_ons":true,"addons":[{"name":"Couleur","type":"multiple_choice","position":0,"required":true,"title_format":"heading","default":"","description_enable":false,"description":"","placeholder_enable":false,"placeholder":"","display":"images","restrictions_type":"any_text","adjust_price":false,"price":"","price_type":"flat_fee","restrictions":false,"min":"0","max":"0","options":[{"label":"Blanc","price":"","price_type":"flat_fee","image":10664,"visibility":true},{"label":"Turquoise","price":"","price_type":"flat_fee","image":10685,"visibility":true},{"label":"Bleu profond","price":"","price_type":"flat_fee","image":10677,"visibility":true},{"label":"Bleu marine","price":"","price_type":"flat_fee","image":10666,"visibility":true},{"label":"Ivoire","price":"","price_type":"flat_fee","image":10735,"visibility":true},{"label":"Gris clair","price":"","price_type":"flat_fee","image":10669,"visibility":true},{"label":"Flanelle","price":"","price_type":"flat_fee","image":10668,"visibility":true},{"label":"Noir","price":"","price_type":"flat_fee","image":10672,"visibility":true},{"label":"Renard","price":"","price_type":"flat_fee","image":10678,"visibility":true},{"label":"Tournesol","price":"","price_type":"flat_fee","image":10683,"visibility":true},{"label":"Orange","price":"","price_type":"flat_fee","image":10674,"visibility":true},{"label":"Rouge","price":"","price_type":"flat_fee","image":10679,"visibility":true},{"label":"Rubis","price":"","price_type":"flat_fee","image":10680,"visibility":true},{"label":"Sucette","price":"","price_type":"flat_fee","image":10681,"visibility":true},{"label":"Violet","price":"","price_type":"flat_fee","image":10688,"visibility":true},{"label":"Canneberge","price":"","price_type":"flat_fee","image":10667,"visibility":true},{"label":"Raisin","price":"","price_type":"flat_fee","image":10676,"visibility":true},{"label":"Vert des pr\u00e9s","price":"","price_type":"flat_fee","image":10686,"visibility":true},{"label":"Oasis","price":"","price_type":"flat_fee","image":10673,"visibility":true},{"label":"Lagon","price":"","price_type":"flat_fee","image":10671,"visibility":true},{"label":"Pos\u00e9\u00efdon","price":"","price_type":"flat_fee","image":10675,"visibility":true}],"id":1675209021},{"name":"Broderie","type":"multiple_choice","position":1,"required":true,"title_format":"heading","default":"","description_enable":true,"description":"Vous retrouverez tous les motifs de broderie et alphabets dans la rubrique personnalisation.","placeholder_enable":false,"placeholder":"","display":"select","restrictions_type":"any_text","adjust_price":false,"price":"","price_type":"flat_fee","restrictions":false,"min":"0","max":"0","options":[{"label":"Motif","price":"","price_type":"flat_fee","image":0,"visibility":true},{"label":"Motif + Mot\/Date","price":"","price_type":"flat_fee","image":0,"visibility":true},{"label":"Mot\/Phrase\/Date\/Coordonn\u00e9es GPS","price":"","price_type":"flat_fee","image":0,"visibility":true},{"label":"Initiale(s)","price":"","price_type":"flat_fee","image":0,"visibility":true},{"label":"Initiale + Pr\u00e9nom","price":"","price_type":"flat_fee","image":0,"visibility":true}],"id":1675209022},{"name":"1\u00e8re ligne","type":"custom_text","position":2,"required":false,"title_format":"label","default":"","description_enable":true,"description":"Indiquez le motif, Mot, Phrase, Initiale, Date, etc... que vous souhaitez","placeholder_enable":false,"placeholder":"","display":"select","restrictions_type":"any_text","adjust_price":false,"price":"","price_type":"flat_fee","restrictions":false,"min":"0","max":"0","options":[],"id":1675209023},{"name":"Couleur des fils (1\u00e8re ligne)","type":"custom_text","position":3,"required":false,"title_format":"label","default":"","description_enable":true,"description":"Vous trouverez tous les fils de broderie dans la rubrique \"Personnalisation\"","placeholder_enable":false,"placeholder":"","display":"select","restrictions_type":"any_text","adjust_price":false,"price":"","price_type":"flat_fee","restrictions":false,"min":"0","max":"0","options":[],"id":1675209024},{"name":"2\u00e8me ligne (facultatif)","type":"custom_text","position":4,"required":false,"title_format":"label","default":"","description_enable":true,"description":"Si vous avez choisi de broder sur une 2\u00e8me ligne, indiquez le mot","placeholder_enable":false,"placeholder":"","display":"select","restrictions_type":"any_text","adjust_price":false,"price":"","price_type":"flat_fee","restrictions":false,"min":"0","max":"0","options":[],"id":1675209025},{"name":"Couleur des fils (2\u00e8me ligne)","type":"custom_text","position":5,"required":false,"title_format":"label","default":"","description_enable":true,"description":"Vous trouverez tous les fils de broderie dans la rubrique \"Personnalisation\"","placeholder_enable":false,"placeholder":"","display":"select","restrictions_type":"any_text","adjust_price":false,"price":"","price_type":"flat_fee","restrictions":false,"min":"0","max":"0","options":[],"id":1675209026},{"name":"Pr\u00e9cisions","type":"custom_textarea","position":6,"required":false,"title_format":"label","default":"","description_enable":true,"description":"Si vous h\u00e9sitez et avez besoin de conseils, ou pour toute autre demande compl\u00e9mentaire, je vous invite \u00e0 noter votre demande ci-dessous ou \u00e0 me contacter avant votre commande. Dans tous les cas, je vous contacterai pour d\u00e9finir ou finaliser les personnalisations.","placeholder_enable":false,"placeholder":"","display":"select","restrictions_type":"any_text","adjust_price":false,"price":"","price_type":"flat_fee","restrictions":false,"min":"0","max":"0","options":[],"id":1675209027}],"_links":{"self":[{"href":"https:\/\/cecile-delachaux.fr\/index.php\/wp-json\/wp\/v2\/product\/10736","targetHints":{"allow":["GET"]}}],"collection":[{"href":"https:\/\/cecile-delachaux.fr\/index.php\/wp-json\/wp\/v2\/product"}],"about":[{"href":"https:\/\/cecile-delachaux.fr\/index.php\/wp-json\/wp\/v2\/types\/product"}],"wp:featuredmedia":[{"embeddable":true,"href":"https:\/\/cecile-delachaux.fr\/index.php\/wp-json\/wp\/v2\/media\/10720"}],"wp:attachment":[{"href":"https:\/\/cecile-delachaux.fr\/index.php\/wp-json\/wp\/v2\/media?parent=10736"}],"wp:term":[{"taxonomy":"product_brand","embeddable":true,"href":"https:\/\/cecile-delachaux.fr\/index.php\/wp-json\/wp\/v2\/product_brand?post=10736"},{"taxonomy":"product_cat","embeddable":true,"href":"https:\/\/cecile-delachaux.fr\/index.php\/wp-json\/wp\/v2\/product_cat?post=10736"},{"taxonomy":"product_tag","embeddable":true,"href":"https:\/\/cecile-delachaux.fr\/index.php\/wp-json\/wp\/v2\/product_tag?post=10736"}],"curies":[{"name":"wp","href":"https:\/\/api.w.org\/{rel}","templated":true}]}}