
{"id":10744,"date":"2022-11-16T18:18:25","date_gmt":"2022-11-16T17:18:25","guid":{"rendered":"https:\/\/cecile-delachaux.fr\/?post_type=product&#038;p=10744"},"modified":"2025-05-05T12:10:16","modified_gmt":"2025-05-05T10:10:16","slug":"cadre-tambour-a-broder-rond-broderie-noel-a-personnaliser","status":"publish","type":"product","link":"https:\/\/cecile-delachaux.fr\/index.php\/produit\/cadre-tambour-a-broder-rond-broderie-noel-a-personnaliser\/","title":{"rendered":"Cadre tambour \u00e0 broder rond NO\u00cbL &#8220;\u00e0 personnaliser&#8221;"},"content":{"rendered":"<p>Un joli cadre \u00e0 accrocher dans le sapin.<\/p>\n<p>Diam\u00e8tre 10 cm<\/p>\n<p>Tissu teddy, double gaze ou lainage boucl\u00e9 (blanc ou \u00e9cru)<\/p>\n<p>Le d\u00e9lai de confection standard est de 30 jours. Lors de validation de votre panier, ce d\u00e9lai peut \u00eatre r\u00e9duit \u00e0 15 jours (avec un surco\u00fbt de 20%).<\/p>\n<p>Je reste \u00e0 votre disposition pour vous conseiller.<\/p>\n<p>N\u2019h\u00e9sitez pas \u00e0 me contacter directement si vous avez des questions.<\/p>\n","protected":false},"excerpt":{"rendered":"<div class=\"woocommerce-product-details__short-description\">\n<p>Le cadre tambour \u00e0 broder est r\u00e9alis\u00e9 sur commande et est enti\u00e8rement personnalisable.<\/p>\n<\/div>\n","protected":false},"featured_media":10750,"template":"","meta":[],"product_brand":[],"product_cat":[210,242,235,206,169,236,250,15,105,109,107,112],"product_tag":[],"class_list":{"0":"post-10744","1":"product","2":"type-product","3":"status-publish","4":"has-post-thumbnail","6":"product_cat-cadre-tambour-a-broder","7":"product_cat-cadre-a-broder","8":"product_cat-collections","9":"product_cat-decoration","10":"product_cat-decoration-murale","11":"product_cat-initiale","12":"product_cat-noel-collections","13":"product_cat-tous-les-produits","14":"product_cat-occasions-speciales","15":"product_cat-naissance","16":"product_cat-bapteme","17":"product_cat-anniversaire","18":"product_shipping_class-colis","20":"first","21":"instock","22":"shipping-taxable","23":"purchasable","24":"product-type-simple"},"exclude_global_add_ons":true,"addons":{"0":{"name":"Choix du tissu","type":"multiple_choice","position":0,"required":true,"title_format":"heading","default":"","description_enable":false,"description":"Indiquez la couleur que vous souhaitez ci-dessous (si vous souhaitez une autre couleur, merci de le renseigner dans pr\u00e9cisions)","placeholder_enable":false,"placeholder":"","display":"images","restrictions_type":"any_text","adjust_price":false,"price":"","price_type":"flat_fee","restrictions":false,"min":"0","max":"0","options":[{"label":"Teddy blanc","price":"","price_type":"flat_fee","image":7040,"visibility":true},{"label":"Teddy \u00e9cru","price":"","price_type":"flat_fee","image":7041,"visibility":true},{"label":"Double gaze blanche","price":"","price_type":"flat_fee","image":8002,"visibility":true},{"label":"Double gaze \u00e9cru","price":"","price_type":"flat_fee","image":8005,"visibility":true},{"label":"Moumoute blanche","price":"","price_type":"flat_fee","image":10612,"visibility":true},{"label":"Moumoute \u00e9crue","price":"","price_type":"flat_fee","image":10611,"visibility":true}],"id":1675012304},"1":{"name":"Broderie","type":"multiple_choice","position":1,"required":true,"title_format":"heading","default":"","description_enable":false,"description":"Vous pouvez choisir un motif de broderie et\/ou un texte de votre choix (pr\u00e9nom, date, initiales, coordonn\u00e9es gps\u2026) ainsi que les couleurs des fils et les renseigner ci-dessous :","placeholder_enable":false,"placeholder":"","display":"select","restrictions_type":"any_text","adjust_price":false,"price":"","price_type":"flat_fee","restrictions":false,"min":"0","max":"0","options":[{"label":"Initiale baies et feuillage","price":"","price_type":"flat_fee","image":0,"visibility":true},{"label":"Initiale baies et feuillage + Pr\u00e9nom","price":"","price_type":"flat_fee","image":0,"visibility":true}],"id":1675012305},"2":{"name":"Initiale","type":"custom_text","position":2,"required":false,"title_format":"label","default":"","description_enable":false,"description":"","placeholder_enable":false,"placeholder":"","display":"select","restrictions_type":"any_text","adjust_price":false,"price":"","price_type":"flat_fee","restrictions":false,"min":"0","max":"0","options":[],"id":1675012306},"3":{"name":"Pr\u00e9nom (facultatif)","type":"custom_text","position":3,"required":false,"title_format":"label","default":"","description_enable":false,"description":"","placeholder_enable":false,"placeholder":"","display":"select","restrictions_type":"any_text","adjust_price":false,"price":"","price_type":"flat_fee","restrictions":false,"min":"0","max":"0","options":[],"id":1675012307},"4":{"name":"Couleur des fils de broderie","type":"custom_text","position":4,"required":false,"title_format":"label","default":"","description_enable":true,"description":"Indiquez les nuances de couleurs que vous souhaiteriez :","placeholder_enable":false,"placeholder":"","display":"select","restrictions_type":"any_text","adjust_price":false,"price":"","price_type":"flat_fee","restrictions":false,"min":"0","max":"0","options":[],"id":1675012308},"5":{"name":"Ruban","type":"multiple_choice","position":5,"required":true,"title_format":"heading","default":"","description_enable":false,"description":"","placeholder_enable":false,"placeholder":"","display":"select","restrictions_type":"any_text","adjust_price":false,"price":"","price_type":"flat_fee","restrictions":false,"min":"0","max":"0","options":[{"label":"Rouge","price":"","price_type":"flat_fee","image":0,"visibility":true},{"label":"Vert","price":"","price_type":"flat_fee","image":0,"visibility":true},{"label":"Dor\u00e9","price":"","price_type":"flat_fee","image":0,"visibility":true},{"label":"Blanc","price":"","price_type":"flat_fee","image":0,"visibility":true},{"label":"Ecru","price":"","price_type":"flat_fee","image":0,"visibility":true}],"id":1675012309},"7":{"name":"Broderie suppl\u00e9mentaire","type":"custom_text","position":6,"required":false,"title_format":"heading","default":"","description_enable":true,"description":"Indiquez ici la broderie que vous souhaitez broder au verso du tambour :","placeholder_enable":false,"placeholder":"","display":"select","restrictions_type":"any_text","adjust_price":true,"price":"10","price_type":"quantity_based","restrictions":false,"min":"0","max":"0","options":[],"id":1746447017},"6":{"name":"Autres pr\u00e9cisions","type":"custom_textarea","position":7,"required":false,"title_format":"heading","default":"","description_enable":true,"description":"Si vous n\u2019avez pas pu renseigner toutes les options, si vous h\u00e9sitez et avez besoin de conseils, si vous recherchez un tissu ou un motif de broderie qui ne figurent pas dans l\u2019onglet personnalisation, ou pour toute autre demande compl\u00e9mentaire, je vous invite \u00e0 noter votre demande ci-dessous. Dans tous les cas, je vous contacterai pour d\u00e9finir ou finaliser les personnalisations.","placeholder_enable":false,"placeholder":"","display":"select","restrictions_type":"any_text","adjust_price":false,"price":"","price_type":"flat_fee","restrictions":false,"min":"0","max":"0","options":[],"id":1675012310}},"_links":{"self":[{"href":"https:\/\/cecile-delachaux.fr\/index.php\/wp-json\/wp\/v2\/product\/10744","targetHints":{"allow":["GET"]}}],"collection":[{"href":"https:\/\/cecile-delachaux.fr\/index.php\/wp-json\/wp\/v2\/product"}],"about":[{"href":"https:\/\/cecile-delachaux.fr\/index.php\/wp-json\/wp\/v2\/types\/product"}],"wp:featuredmedia":[{"embeddable":true,"href":"https:\/\/cecile-delachaux.fr\/index.php\/wp-json\/wp\/v2\/media\/10750"}],"wp:attachment":[{"href":"https:\/\/cecile-delachaux.fr\/index.php\/wp-json\/wp\/v2\/media?parent=10744"}],"wp:term":[{"taxonomy":"product_brand","embeddable":true,"href":"https:\/\/cecile-delachaux.fr\/index.php\/wp-json\/wp\/v2\/product_brand?post=10744"},{"taxonomy":"product_cat","embeddable":true,"href":"https:\/\/cecile-delachaux.fr\/index.php\/wp-json\/wp\/v2\/product_cat?post=10744"},{"taxonomy":"product_tag","embeddable":true,"href":"https:\/\/cecile-delachaux.fr\/index.php\/wp-json\/wp\/v2\/product_tag?post=10744"}],"curies":[{"name":"wp","href":"https:\/\/api.w.org\/{rel}","templated":true}]}}