
{"id":11168,"date":"2024-02-22T23:24:30","date_gmt":"2024-02-22T22:24:30","guid":{"rendered":"https:\/\/cecile-delachaux.fr\/?post_type=product&#038;p=11168"},"modified":"2025-01-16T11:52:36","modified_gmt":"2025-01-16T10:52:36","slug":"body-bebe-blanc-fleur-mois-naissance","status":"publish","type":"product","link":"https:\/\/cecile-delachaux.fr\/index.php\/produit\/body-bebe-blanc-fleur-mois-naissance\/","title":{"rendered":"Body b\u00e9b\u00e9 blanc fleur mois naissance &#8220;\u00e0 personnaliser\u201d"},"content":{"rendered":"<p>La broderie du body est enti\u00e8rement personnalisable.<\/p>\n<p>Tailles et formes :<\/p>\n<div class=\"column-right\">\n<ul class=\"details\">\n<li>Naissance ( ML encolure am\u00e9ricaine \/ MC encolure am\u00e9ricaine \/ MC crois\u00e9 \/ ML crois\u00e9)<\/li>\n<li>1 mois ( ML encolure am\u00e9ricaine \/ MC encolure am\u00e9ricaine \/ MC crois\u00e9 \/ ML crois\u00e9)<\/li>\n<li>3 mois ( ML encolure am\u00e9ricaine \/ MC encolure am\u00e9ricaine \/ MC crois\u00e9 \/ ML crois\u00e9)<\/li>\n<li>6 mois ( ML encolure am\u00e9ricaine \/ MC encolure am\u00e9ricaine \/ MC crois\u00e9 \/ ML crois\u00e9)<\/li>\n<li>12 mois ( ML encolure am\u00e9ricaine \/ MC encolure am\u00e9ricaine \/ MC crois\u00e9 \/ ML crois\u00e9)<\/li>\n<li>18 mois ( ML encolure am\u00e9ricaine \/ MC encolure am\u00e9ricaine)<\/li>\n<li>24 mois ( ML encolure am\u00e9ricaine \/ MC encolure am\u00e9ricaine)<\/li>\n<\/ul>\n<p>\u00c9quivalences tailles :<\/p>\n<ul class=\"details\">\n<li>Naissance (50cm)<\/li>\n<li>1 mois (54cm)<\/li>\n<li>3 mois (62cm)<\/li>\n<li>6 mois (68cm)<\/li>\n<li>12 mois (80cm)<\/li>\n<li>18 mois (86cm)<\/li>\n<li>24 mois (92cm)<\/li>\n<\/ul>\n<p>Conseil taille : le body taille naissance et 1 mois taille normalement. Les bodies \u00e0 partir du 3 mois taillent grand, choisissez une taille en dessous de la taille souhait\u00e9e.<\/p>\n<p>D\u00e9tails : 100% coton peign\u00e9 organique<\/p>\n<\/div>\n<p>Le d\u00e9lai de confection standard est de 30 jours. Lors de validation de votre panier, ce d\u00e9lai peut \u00eatre r\u00e9duit \u00e0 15 jours (avec un surco\u00fbt de 20%).<\/p>\n<p>Je reste \u00e0 votre disposition pour vous conseiller.<\/p>\n<p>N\u2019h\u00e9sitez pas \u00e0 me contacter directement si vous avez des questions.<\/p>\n<p>&nbsp;<\/p>\n","protected":false},"excerpt":{"rendered":"<div class=\"woocommerce-product-details__short-description\">\n<p>Le body est brod\u00e9 sur commande et est enti\u00e8rement personnalisable.<\/p>\n<\/div>\n","protected":false},"featured_media":11176,"template":"","meta":[],"product_brand":[],"product_cat":[249,235,271,15,105,109,34],"product_tag":[],"class_list":{"0":"post-11168","1":"product","2":"type-product","3":"status-publish","4":"has-post-thumbnail","6":"product_cat-body-vetement-accessoires","7":"product_cat-collections","8":"product_cat-fleur-mois-de-naissance","9":"product_cat-tous-les-produits","10":"product_cat-occasions-speciales","11":"product_cat-naissance","12":"product_cat-vetement-accessoires","13":"product_shipping_class-lettre-suivie","15":"first","16":"instock","17":"shipping-taxable","18":"purchasable","19":"product-type-variable"},"exclude_global_add_ons":true,"addons":[{"name":"Longueur des manches","type":"multiple_choice","position":0,"required":false,"title_format":"heading","default":"","description_enable":false,"description":"","placeholder_enable":false,"placeholder":"","display":"select","restrictions_type":"any_text","adjust_price":false,"price":"","price_type":"flat_fee","restrictions":false,"min":"0","max":"0","options":[{"label":"Manches courtes","price":"","price_type":"flat_fee","image":0,"visibility":true},{"label":"Manches longues","price":"","price_type":"flat_fee","image":0,"visibility":true}],"id":1708648552},{"name":"Forme du body","type":"multiple_choice","position":1,"required":true,"title_format":"heading","default":"","description_enable":true,"description":"Par d\u00e9faut tous les bodys ont des emmanchures am\u00e9ricaines. Vous pouvez choisir entre body \u00e0 encolure am\u00e9ricaine ou un body crois\u00e9 (disponible jusqu'au 12 mois) :","placeholder_enable":false,"placeholder":"","display":"images","restrictions_type":"any_text","adjust_price":false,"price":"","price_type":"flat_fee","restrictions":false,"min":"0","max":"0","options":[{"label":"Body avec emmanchures am\u00e9ricaines","price":"","price_type":"flat_fee","image":8864,"visibility":true},{"label":"Body crois\u00e9","price":"","price_type":"flat_fee","image":8862,"visibility":true}],"id":1708648553},{"name":"Choix du mois","type":"multiple_choice","position":2,"required":false,"title_format":"heading","default":"","description_enable":false,"description":"","placeholder_enable":false,"placeholder":"","display":"select","restrictions_type":"any_text","adjust_price":false,"price":"","price_type":"flat_fee","restrictions":false,"min":"0","max":"0","options":[{"label":"Janvier : Oeillet","price":"","price_type":"flat_fee","image":0,"visibility":true},{"label":"F\u00e9vrier : Violette","price":"","price_type":"flat_fee","image":0,"visibility":true},{"label":"Mars : Jonquille","price":"","price_type":"flat_fee","image":0,"visibility":true},{"label":"Avril : Marguerite","price":"","price_type":"flat_fee","image":0,"visibility":true},{"label":"Mai : Muguet","price":"","price_type":"flat_fee","image":0,"visibility":true},{"label":"Juin : Rose","price":"","price_type":"flat_fee","image":0,"visibility":true},{"label":"Juillet : Delphinium","price":"","price_type":"flat_fee","image":0,"visibility":true},{"label":"Ao\u00fbt : Coquelicot","price":"","price_type":"flat_fee","image":0,"visibility":true},{"label":"Septembre : Aster","price":"","price_type":"flat_fee","image":0,"visibility":true},{"label":"Octobre : Cosmos","price":"","price_type":"flat_fee","image":0,"visibility":true},{"label":"Novembre : Chrysanth\u00e8me","price":"","price_type":"flat_fee","image":0,"visibility":true},{"label":"D\u00e9cembre : Houx","price":"","price_type":"flat_fee","image":0,"visibility":true}],"id":1708648554},{"name":"Choix de la broderie sous la fleur","type":"custom_text","position":3,"required":false,"title_format":"heading","default":"","description_enable":true,"description":"Pr\u00e9nom \/ Surnom \/ Mot \/ Date \/ coordonn\u00e9es gps :","placeholder_enable":false,"placeholder":"","display":"select","restrictions_type":"any_text","adjust_price":false,"price":"","price_type":"flat_fee","restrictions":false,"min":"0","max":"0","options":[],"id":1708648555},{"name":"Position de la broderie","type":"multiple_choice","position":4,"required":false,"title_format":"heading","default":"","description_enable":false,"description":"","placeholder_enable":false,"placeholder":"","display":"select","restrictions_type":"any_text","adjust_price":false,"price":"","price_type":"flat_fee","restrictions":false,"min":"0","max":"0","options":[{"label":"Poitrine (milieu)","price":"","price_type":"flat_fee","image":0,"visibility":true},{"label":"Dos (milieu)","price":"","price_type":"flat_fee","image":0,"visibility":true}],"id":1708648556},{"name":"Couleur des fils de broderie","type":"custom_text","position":5,"required":false,"title_format":"heading","default":"","description_enable":true,"description":"Indiquez la nuance de couleur que vous souhaiteriez (cf. rubrique \"Personnalisation) :","placeholder_enable":false,"placeholder":"","display":"select","restrictions_type":"any_text","adjust_price":false,"price":"","price_type":"flat_fee","restrictions":false,"min":"0","max":"0","options":[],"id":1708648557},{"name":"Broderie suppl\u00e9mentaire","type":"custom_text","position":6,"required":false,"title_format":"heading","default":"","description_enable":true,"description":"Broderie ajout\u00e9e sur une autre partie du body","placeholder_enable":false,"placeholder":"","display":"select","restrictions_type":"any_text","adjust_price":true,"price":"10","price_type":"quantity_based","restrictions":false,"min":"0","max":"0","options":[],"id":1708648558},{"name":"Pr\u00e9cisions","type":"custom_textarea","position":7,"required":false,"title_format":"heading","default":"","description_enable":true,"description":"Si vous h\u00e9sitez et avez besoin de conseils, ou pour toute autre demande compl\u00e9mentaire, je vous invite \u00e0 noter votre demande ci-dessous ou \u00e0 me contacter avant votre commande.\r\nDans tous les cas, je vous contacterai pour d\u00e9finir ou finaliser les personnalisations.","placeholder_enable":false,"placeholder":"","display":"select","restrictions_type":"any_text","adjust_price":false,"price":"","price_type":"flat_fee","restrictions":false,"min":"0","max":"0","options":[],"id":1708648559}],"_links":{"self":[{"href":"https:\/\/cecile-delachaux.fr\/index.php\/wp-json\/wp\/v2\/product\/11168","targetHints":{"allow":["GET"]}}],"collection":[{"href":"https:\/\/cecile-delachaux.fr\/index.php\/wp-json\/wp\/v2\/product"}],"about":[{"href":"https:\/\/cecile-delachaux.fr\/index.php\/wp-json\/wp\/v2\/types\/product"}],"wp:featuredmedia":[{"embeddable":true,"href":"https:\/\/cecile-delachaux.fr\/index.php\/wp-json\/wp\/v2\/media\/11176"}],"wp:attachment":[{"href":"https:\/\/cecile-delachaux.fr\/index.php\/wp-json\/wp\/v2\/media?parent=11168"}],"wp:term":[{"taxonomy":"product_brand","embeddable":true,"href":"https:\/\/cecile-delachaux.fr\/index.php\/wp-json\/wp\/v2\/product_brand?post=11168"},{"taxonomy":"product_cat","embeddable":true,"href":"https:\/\/cecile-delachaux.fr\/index.php\/wp-json\/wp\/v2\/product_cat?post=11168"},{"taxonomy":"product_tag","embeddable":true,"href":"https:\/\/cecile-delachaux.fr\/index.php\/wp-json\/wp\/v2\/product_tag?post=11168"}],"curies":[{"name":"wp","href":"https:\/\/api.w.org\/{rel}","templated":true}]}}