
{"id":11225,"date":"2024-03-06T00:23:38","date_gmt":"2024-03-05T23:23:38","guid":{"rendered":"https:\/\/cecile-delachaux.fr\/?post_type=product&#038;p=11225"},"modified":"2024-03-06T00:45:56","modified_gmt":"2024-03-05T23:45:56","slug":"couverture-maille-tricot-monogramme-fleuri","status":"publish","type":"product","link":"https:\/\/cecile-delachaux.fr\/index.php\/produit\/couverture-maille-tricot-monogramme-fleuri\/","title":{"rendered":"Couverture maille tricot monogramme fleuri"},"content":{"rendered":"<p>Le tissu au recto de la couverture est en maille tricot (80% coton &#8211; 20% PE),\u00a0 au verso un tissu doudou ou tricot.<\/p>\n<p>Tous les tissus sont labellis\u00e9s Oeko-Tex.<\/p>\n<p>Elle peut \u00eatre r\u00e9alis\u00e9e en l&#8217;hiver comme en \u00e9t\u00e9.<\/p>\n<p>Elle est propos\u00e9e en taille 70 x 100 cm (autre dimension sur demande)<\/p>\n<p>Le d\u00e9lai de confection standard est de 30 jours. Ce d\u00e9lai peut \u00eatre r\u00e9duit \u00e0 15 jours (avec un surco\u00fbt de 20%).<\/p>\n<p>Je reste \u00e0 votre disposition pour vous conseiller.<\/p>\n<p>N\u2019h\u00e9sitez pas \u00e0 <a href=\"mailto:contact@cecile-delachaux.fr\">me contacter<\/a> si vous avez des questions.<\/p>\n","protected":false},"excerpt":{"rendered":"<p>La couverture est r\u00e9alis\u00e9e sur commande et est enti\u00e8rement personnalisable.<\/p>\n<p>Vous pouvez choisir les tissus et motifs de broderie dans l\u2019onglet \u00ab Personnalisation \u00bb .<\/p>\n","protected":false},"featured_media":11220,"template":"","meta":[],"product_brand":[],"product_cat":[235,184,217,163,205,272,15,99,101,105,109],"product_tag":[],"class_list":{"0":"post-11225","1":"product","2":"type-product","3":"status-publish","4":"has-post-thumbnail","6":"product_cat-collections","7":"product_cat-couverture-ecole","8":"product_cat-couverture-en-balade","9":"product_cat-couverture","10":"product_cat-en-balade","11":"product_cat-monogramme-fleuri","12":"product_cat-tous-les-produits","13":"product_cat-chambre","14":"product_cat-ecole","15":"product_cat-occasions-speciales","16":"product_cat-naissance","17":"product_shipping_class-colis","19":"first","20":"instock","21":"shipping-taxable","22":"purchasable","23":"product-type-simple"},"exclude_global_add_ons":true,"addons":{"0":{"name":"Couleur de la maille tricot (recto)","type":"multiple_choice","position":0,"required":true,"title_format":"heading","default":"","description_enable":false,"description":"","placeholder_enable":false,"placeholder":"","display":"images","restrictions_type":"any_text","adjust_price":false,"price":"","price_type":"flat_fee","restrictions":false,"min":"0","max":"0","options":[{"label":"Ivoire","price":"","price_type":"flat_fee","image":11117,"visibility":true},{"label":"Lin","price":"","price_type":"flat_fee","image":11118,"visibility":true},{"label":"Camel","price":"","price_type":"flat_fee","image":11119,"visibility":true},{"label":"Caramel","price":"","price_type":"flat_fee","image":11123,"visibility":true}],"id":1709685957},"1":{"name":"Choix du tissu (verso)","type":"multiple_choice","position":1,"required":true,"title_format":"heading","default":"","description_enable":false,"description":"Pour la couverture doubl\u00e9e, s\u00e9lectionnez une doublure :","placeholder_enable":false,"placeholder":"","display":"select","restrictions_type":"any_text","adjust_price":false,"price":"","price_type":"flat_fee","restrictions":false,"min":"0","max":"0","options":[{"label":"Doubl\u00e9e tissu doudou blanc","price":"","price_type":"flat_fee","image":0,"visibility":true},{"label":"Doubl\u00e9e tissu doudou \u00e9cru","price":"","price_type":"flat_fee","image":0,"visibility":true},{"label":"Doubl\u00e9e maille tricot (idem recto)","price":"10","price_type":"quantity_based","image":0,"visibility":true}],"id":1709685958},"6":{"name":"Choix de l'initiale","type":"custom_text","position":2,"required":false,"title_format":"heading","default":"","description_enable":false,"description":"","placeholder_enable":false,"placeholder":"","display":"select","restrictions_type":"any_text","adjust_price":false,"price":"","price_type":"flat_fee","restrictions":false,"min":"0","max":"0","options":[],"id":1709685963},"2":{"name":"Choix du pr\u00e9nom","type":"custom_text","position":3,"required":false,"title_format":"heading","default":"","description_enable":false,"description":"Pr\u00e9nom \/ Surnom \/ Mot \/ Date \/ coordonn\u00e9es gps :","placeholder_enable":false,"placeholder":"","display":"select","restrictions_type":"any_text","adjust_price":false,"price":"","price_type":"flat_fee","restrictions":false,"min":"0","max":"0","options":[],"id":1709685959},"3":{"name":"Couleur de la broderie","type":"custom_text","position":4,"required":false,"title_format":"heading","default":"","description_enable":true,"description":"Indiquez la nuance de couleur que vous souhaiteriez (cf. rubrique \"Personnalisation) :","placeholder_enable":false,"placeholder":"","display":"select","restrictions_type":"any_text","adjust_price":false,"price":"","price_type":"flat_fee","restrictions":false,"min":"0","max":"0","options":[],"id":1709685960},"4":{"name":"Position de la broderie","type":"multiple_choice","position":5,"required":true,"title_format":"heading","default":"","description_enable":false,"description":"","placeholder_enable":false,"placeholder":"","display":"select","restrictions_type":"any_text","adjust_price":false,"price":"","price_type":"flat_fee","restrictions":false,"min":"0","max":"0","options":[{"label":"Coin inf\u00e9rieur droit","price":"","price_type":"flat_fee","image":0,"visibility":true},{"label":"En haut au centre","price":"","price_type":"flat_fee","image":0,"visibility":true}],"id":1709685961},"5":{"name":"Pr\u00e9cisions","type":"custom_textarea","position":6,"required":false,"title_format":"heading","default":"","description_enable":true,"description":"Si vous n\u2019avez pas pu renseigner toutes les options, si vous h\u00e9sitez et avez besoin de conseils, si vous recherchez un tissu ou un motif de broderie qui ne figurent pas dans l\u2019onglet personnalisation, ou pour toute autre demande compl\u00e9mentaire, je vous invite \u00e0 noter votre demande ci-dessous.\r\nDans tous les cas, je vous contacterai pour d\u00e9finir ou finaliser les personnalisations.","placeholder_enable":false,"placeholder":"","display":"select","restrictions_type":"any_text","adjust_price":false,"price":"","price_type":"flat_fee","restrictions":false,"min":"0","max":"0","options":[],"id":1709685962}},"_links":{"self":[{"href":"https:\/\/cecile-delachaux.fr\/index.php\/wp-json\/wp\/v2\/product\/11225","targetHints":{"allow":["GET"]}}],"collection":[{"href":"https:\/\/cecile-delachaux.fr\/index.php\/wp-json\/wp\/v2\/product"}],"about":[{"href":"https:\/\/cecile-delachaux.fr\/index.php\/wp-json\/wp\/v2\/types\/product"}],"wp:featuredmedia":[{"embeddable":true,"href":"https:\/\/cecile-delachaux.fr\/index.php\/wp-json\/wp\/v2\/media\/11220"}],"wp:attachment":[{"href":"https:\/\/cecile-delachaux.fr\/index.php\/wp-json\/wp\/v2\/media?parent=11225"}],"wp:term":[{"taxonomy":"product_brand","embeddable":true,"href":"https:\/\/cecile-delachaux.fr\/index.php\/wp-json\/wp\/v2\/product_brand?post=11225"},{"taxonomy":"product_cat","embeddable":true,"href":"https:\/\/cecile-delachaux.fr\/index.php\/wp-json\/wp\/v2\/product_cat?post=11225"},{"taxonomy":"product_tag","embeddable":true,"href":"https:\/\/cecile-delachaux.fr\/index.php\/wp-json\/wp\/v2\/product_tag?post=11225"}],"curies":[{"name":"wp","href":"https:\/\/api.w.org\/{rel}","templated":true}]}}