
{"id":11226,"date":"2024-03-06T00:23:44","date_gmt":"2024-03-05T23:23:44","guid":{"rendered":"https:\/\/cecile-delachaux.fr\/?post_type=product&#038;p=11226"},"modified":"2025-01-16T11:32:43","modified_gmt":"2025-01-16T10:32:43","slug":"pyjama-bebe-blanc-monogramme-fleuri","status":"publish","type":"product","link":"https:\/\/cecile-delachaux.fr\/index.php\/produit\/pyjama-bebe-blanc-monogramme-fleuri\/","title":{"rendered":"Pyjama b\u00e9b\u00e9 blanc monogramme fleuri &#8220;\u00e0 personnaliser\u201d"},"content":{"rendered":"<p>La broderie du pyjama est enti\u00e8rement personnalisable.<\/p>\n<p>Tailles et formes :<\/p>\n<div class=\"column-right\">\n<ul class=\"details\">\n<li>Taille naissance (avec pieds fermeture pressions au milieu devant)<\/li>\n<li>1 mois (avec pieds fermeture pressions au milieu devant)<\/li>\n<li>0-3 mois (avec pieds encolure am\u00e9ricaine)<\/li>\n<li>3-6 mois (avec\/sans pieds encolure am\u00e9ricaine)<\/li>\n<li>6-12 mois (avec\/sans pieds encolure am\u00e9ricaine)<\/li>\n<li>12-18 mois (sans pieds encolure am\u00e9ricaine)<\/li>\n<\/ul>\n<p>\u00c9quivalences tailles :<\/p>\n<ul class=\"details\">\n<li>Naissance (50cm)<\/li>\n<li>1 mois (54cm)<\/li>\n<li>3 mois (62cm)<\/li>\n<li>6 mois (68cm)<\/li>\n<li>12 mois (80cm)<\/li>\n<li>18 mois (86cm)<\/li>\n<\/ul>\n<p>Conseil taille : le pyjama taille naissance et 1 mois taille normalement. Les pyjamas \u00e0 partir du 3 mois taillent grand, choisissez une taille en dessous de la taille souhait\u00e9e.<\/p>\n<p>D\u00e9tails : 100% coton peign\u00e9 organique<\/p>\n<\/div>\n<p>Le d\u00e9lai de confection standard est de 30 jours. Lors de validation de votre panier, ce d\u00e9lai peut \u00eatre r\u00e9duit \u00e0 15 jours (avec un surco\u00fbt de 20%).<\/p>\n<p>Je reste \u00e0 votre disposition pour vous conseiller.<\/p>\n<p>N\u2019h\u00e9sitez pas \u00e0 me contacter directement si vous avez des questions.<\/p>\n<p>&nbsp;<\/p>\n","protected":false},"excerpt":{"rendered":"<div class=\"woocommerce-product-details__short-description\">\n<p>Le pyjama est brod\u00e9 sur commande et est enti\u00e8rement personnalisable.<\/p>\n<\/div>\n","protected":false},"featured_media":11216,"template":"","meta":[],"product_brand":[],"product_cat":[235,272,260,15,105,109,34],"product_tag":[],"class_list":{"0":"post-11226","1":"product","2":"type-product","3":"status-publish","4":"has-post-thumbnail","6":"product_cat-collections","7":"product_cat-monogramme-fleuri","8":"product_cat-pyjama-vetement-accessoires","9":"product_cat-tous-les-produits","10":"product_cat-occasions-speciales","11":"product_cat-naissance","12":"product_cat-vetement-accessoires","13":"product_shipping_class-lettre-suivie","15":"first","16":"instock","17":"shipping-taxable","18":"purchasable","19":"product-type-variable"},"exclude_global_add_ons":true,"addons":[{"name":"Position de la broderie","type":"multiple_choice","position":0,"required":false,"title_format":"heading","default":"","description_enable":false,"description":"","placeholder_enable":false,"placeholder":"","display":"select","restrictions_type":"any_text","adjust_price":false,"price":"","price_type":"flat_fee","restrictions":false,"min":"0","max":"0","options":[{"label":"Poitrine (c\u00f4t\u00e9 coeur)","price":"","price_type":"flat_fee","image":0,"visibility":true},{"label":"Poitrine (milieu)","price":"","price_type":"flat_fee","image":0,"visibility":true},{"label":"Dos (cou)","price":"","price_type":"flat_fee","image":0,"visibility":true},{"label":"Dos (milieu)","price":"","price_type":"flat_fee","image":0,"visibility":true}],"id":1709686075},{"name":"Choix de l'initiale","type":"custom_text","position":1,"required":false,"title_format":"heading","default":"","description_enable":false,"description":"","placeholder_enable":false,"placeholder":"","display":"select","restrictions_type":"any_text","adjust_price":false,"price":"","price_type":"flat_fee","restrictions":false,"min":"0","max":"0","options":[],"id":1709686081},{"name":"Choix du pr\u00e9nom","type":"custom_text","position":2,"required":false,"title_format":"heading","default":"","description_enable":false,"description":"Pr\u00e9nom \/ Surnom \/ Mot \/ Date \/ coordonn\u00e9es gps :","placeholder_enable":false,"placeholder":"","display":"select","restrictions_type":"any_text","adjust_price":false,"price":"","price_type":"flat_fee","restrictions":false,"min":"0","max":"0","options":[],"id":1709686076},{"name":"Position de la broderie","type":"multiple_choice","position":3,"required":false,"title_format":"heading","default":"","description_enable":false,"description":"","placeholder_enable":false,"placeholder":"","display":"select","restrictions_type":"any_text","adjust_price":false,"price":"","price_type":"flat_fee","restrictions":false,"min":"0","max":"0","options":[{"label":"Poitrine (milieu)","price":"","price_type":"flat_fee","image":0,"visibility":true},{"label":"Dos (milieu)","price":"","price_type":"flat_fee","image":0,"visibility":true}],"id":1709686077},{"name":"Couleur des fils de broderie","type":"custom_text","position":4,"required":false,"title_format":"heading","default":"","description_enable":true,"description":"Indiquez la nuance de couleur que vous souhaiteriez (cf. rubrique \"Personnalisation) :","placeholder_enable":false,"placeholder":"","display":"select","restrictions_type":"any_text","adjust_price":false,"price":"","price_type":"flat_fee","restrictions":false,"min":"0","max":"0","options":[],"id":1709686078},{"name":"Broderie suppl\u00e9mentaire","type":"custom_text","position":5,"required":false,"title_format":"heading","default":"","description_enable":true,"description":"Broderie ajout\u00e9e sur une autre partie du body.","placeholder_enable":false,"placeholder":"","display":"select","restrictions_type":"any_text","adjust_price":true,"price":"10","price_type":"quantity_based","restrictions":false,"min":"0","max":"0","options":[],"id":1709686079},{"name":"Pr\u00e9cisions","type":"custom_textarea","position":6,"required":false,"title_format":"heading","default":"","description_enable":true,"description":"Si vous h\u00e9sitez et avez besoin de conseils, ou pour toute autre demande compl\u00e9mentaire, je vous invite \u00e0 noter votre demande ci-dessous ou \u00e0 me contacter avant votre commande.\r\nDans tous les cas, je vous contacterai pour d\u00e9finir ou finaliser les personnalisations.","placeholder_enable":false,"placeholder":"","display":"select","restrictions_type":"any_text","adjust_price":false,"price":"","price_type":"flat_fee","restrictions":false,"min":"0","max":"0","options":[],"id":1709686080}],"_links":{"self":[{"href":"https:\/\/cecile-delachaux.fr\/index.php\/wp-json\/wp\/v2\/product\/11226","targetHints":{"allow":["GET"]}}],"collection":[{"href":"https:\/\/cecile-delachaux.fr\/index.php\/wp-json\/wp\/v2\/product"}],"about":[{"href":"https:\/\/cecile-delachaux.fr\/index.php\/wp-json\/wp\/v2\/types\/product"}],"wp:featuredmedia":[{"embeddable":true,"href":"https:\/\/cecile-delachaux.fr\/index.php\/wp-json\/wp\/v2\/media\/11216"}],"wp:attachment":[{"href":"https:\/\/cecile-delachaux.fr\/index.php\/wp-json\/wp\/v2\/media?parent=11226"}],"wp:term":[{"taxonomy":"product_brand","embeddable":true,"href":"https:\/\/cecile-delachaux.fr\/index.php\/wp-json\/wp\/v2\/product_brand?post=11226"},{"taxonomy":"product_cat","embeddable":true,"href":"https:\/\/cecile-delachaux.fr\/index.php\/wp-json\/wp\/v2\/product_cat?post=11226"},{"taxonomy":"product_tag","embeddable":true,"href":"https:\/\/cecile-delachaux.fr\/index.php\/wp-json\/wp\/v2\/product_tag?post=11226"}],"curies":[{"name":"wp","href":"https:\/\/api.w.org\/{rel}","templated":true}]}}