
{"id":11461,"date":"2024-04-23T17:41:25","date_gmt":"2024-04-23T15:41:25","guid":{"rendered":"https:\/\/cecile-delachaux.fr\/?post_type=product&#038;p=11461"},"modified":"2024-12-13T10:28:38","modified_gmt":"2024-12-13T09:28:38","slug":"couverture-double-gaze","status":"publish","type":"product","link":"https:\/\/cecile-delachaux.fr\/index.php\/produit\/couverture-double-gaze\/","title":{"rendered":"Couverture double gaze"},"content":{"rendered":"<p>Le tissu au recto de la couverture est en double gaze de coton bio.<\/p>\n<p>Elle peut \u00eatre r\u00e9alis\u00e9e pour l&#8217;hiver ou l&#8217;\u00e9t\u00e9 en fonction du choix de la doublure : double gaze bio (l\u00e9ger) ou tissu doudou Oeko-Tex (chaud)<\/p>\n<p>Elle est propos\u00e9e en plusieurs tailles (carr\u00e9 ou rectangulaire) :<\/p>\n<ul>\n<li>60 x 80 cm<\/li>\n<li>70 x 100 cm<\/li>\n<li>80 x 80 cm<\/li>\n<li>80 x 120 cm<\/li>\n<li>90 x 140 cm<\/li>\n<li>100 x 100 cm<\/li>\n<li>100 x 160 cm<\/li>\n<li>120 x 120cm<\/li>\n<li>120 x 180 cm<\/li>\n<li>130 x 200 cm<\/li>\n<li>Autres dimensions (sur demande)<\/li>\n<\/ul>\n<p>Le d\u00e9lai de confection standard est de 30 jours. Ce d\u00e9lai peut \u00eatre r\u00e9duit \u00e0 15 jours (avec un surco\u00fbt de 20%).<\/p>\n<p>Je reste \u00e0 votre disposition pour vous conseiller.<\/p>\n<p>N\u2019h\u00e9sitez pas \u00e0 <a href=\"mailto:contact@cecile-delachaux.fr\">me contacter<\/a> si vous avez des questions.<\/p>\n","protected":false},"excerpt":{"rendered":"<p>La couverture est r\u00e9alis\u00e9e sur commande et est enti\u00e8rement personnalisable.<\/p>\n<p>Vous pouvez choisir les tissus et motifs de broderie dans l\u2019onglet \u00ab Personnalisation \u00bb .<\/p>\n","protected":false},"featured_media":11879,"template":"","meta":[],"product_brand":[],"product_cat":[235,184,268,217,163,205,236,15,99,101,105,109],"product_tag":[],"class_list":{"0":"post-11461","1":"product","2":"type-product","3":"status-publish","4":"has-post-thumbnail","6":"product_cat-collections","7":"product_cat-couverture-ecole","8":"product_cat-couverture-initiale","9":"product_cat-couverture-en-balade","10":"product_cat-couverture","11":"product_cat-en-balade","12":"product_cat-initiale","13":"product_cat-tous-les-produits","14":"product_cat-chambre","15":"product_cat-ecole","16":"product_cat-occasions-speciales","17":"product_cat-naissance","18":"product_shipping_class-colis","20":"first","21":"instock","22":"shipping-taxable","23":"purchasable","24":"product-type-variable"},"exclude_global_add_ons":true,"addons":[{"name":"Couleur du tissu double gaze","type":"multiple_choice","position":0,"required":true,"title_format":"heading","default":"","description_enable":false,"description":"","placeholder_enable":false,"placeholder":"","display":"images","restrictions_type":"any_text","adjust_price":false,"price":"","price_type":"flat_fee","restrictions":false,"min":"0","max":"0","options":[{"label":"Blanc","price":"","price_type":"flat_fee","image":8002,"visibility":true},{"label":"Ecru","price":"","price_type":"flat_fee","image":8005,"visibility":true},{"label":"Cr\u00e8me","price":"","price_type":"flat_fee","image":8004,"visibility":true},{"label":"Nude","price":"","price_type":"flat_fee","image":8008,"visibility":true},{"label":"Argile","price":"","price_type":"flat_fee","image":8001,"visibility":true},{"label":"Noisette","price":"","price_type":"flat_fee","image":8799,"visibility":true},{"label":"Ecureuil","price":"","price_type":"flat_fee","image":8006,"visibility":true},{"label":"Burgundy","price":"","price_type":"flat_fee","image":8071,"visibility":true},{"label":"Terre de Sienne","price":"","price_type":"flat_fee","image":8011,"visibility":true},{"label":"Tomette","price":"","price_type":"flat_fee","image":8077,"visibility":true},{"label":"Rose blush","price":"","price_type":"flat_fee","image":8075,"visibility":true},{"label":"Corail clair","price":"","price_type":"flat_fee","image":8072,"visibility":true},{"label":"Rose p\u00e9tale","price":"","price_type":"flat_fee","image":8010,"visibility":true},{"label":"Vieux rose","price":"","price_type":"flat_fee","image":8939,"visibility":true},{"label":"Rose chamallow","price":"","price_type":"flat_fee","image":8009,"visibility":true},{"label":"Rose poudr\u00e9","price":"","price_type":"flat_fee","image":8076,"visibility":true},{"label":"Bleu poudr\u00e9","price":"","price_type":"flat_fee","image":8069,"visibility":true},{"label":"Bleu pastel","price":"","price_type":"flat_fee","image":8068,"visibility":true},{"label":"Bleu V\u00e9nitien","price":"","price_type":"flat_fee","image":8070,"visibility":true},{"label":"Bleu cenim fonc\u00e9","price":"","price_type":"flat_fee","image":8066,"visibility":true},{"label":"Bleu temp\u00eate","price":"","price_type":"flat_fee","image":8003,"visibility":true},{"label":"Bleu marine","price":"","price_type":"flat_fee","image":8067,"visibility":true},{"label":"Vert c\u00e8dre","price":"","price_type":"flat_fee","image":8078,"visibility":true},{"label":"Vert teal","price":"","price_type":"flat_fee","image":8014,"visibility":true},{"label":"Vert sauge","price":"","price_type":"flat_fee","image":8013,"visibility":true},{"label":"Vert opaline","price":"","price_type":"flat_fee","image":8012,"visibility":true},{"label":"Moutarde","price":"","price_type":"flat_fee","image":8073,"visibility":true},{"label":"Gris m\u00e9t\u00e9orite","price":"","price_type":"flat_fee","image":8007,"visibility":true},{"label":"Noir","price":"","price_type":"flat_fee","image":8074,"visibility":true}],"id":1707172956},{"name":"Choix du tissu (verso)","type":"multiple_choice","position":1,"required":true,"title_format":"heading","default":"","description_enable":false,"description":"Pour la couverture doubl\u00e9e, s\u00e9lectionnez une doublure :","placeholder_enable":false,"placeholder":"","display":"select","restrictions_type":"any_text","adjust_price":false,"price":"","price_type":"flat_fee","restrictions":false,"min":"0","max":"0","options":[{"label":"Doubl\u00e9e tissu doudou blanc (chaud)","price":"","price_type":"flat_fee","image":0,"visibility":true},{"label":"Doubl\u00e9e tissu doudou \u00e9cru (chaud)","price":"","price_type":"flat_fee","image":0,"visibility":true},{"label":"Doubl\u00e9e double gaze de coton m\u00eame couleur que recto (l\u00e9ger)","price":"","price_type":"flat_fee","image":0,"visibility":true},{"label":"Doubl\u00e9e double gaze de coton blanc (l\u00e9ger)","price":"","price_type":"flat_fee","image":0,"visibility":true},{"label":"Doubl\u00e9e double gaze de coton \u00e9cru (l\u00e9ger)","price":"","price_type":"flat_fee","image":0,"visibility":true}],"id":1707172957},{"name":"Choix du motif de broderie","type":"multiple_choice","position":2,"required":true,"title_format":"heading","default":"","description_enable":false,"description":"","placeholder_enable":false,"placeholder":"","display":"select","restrictions_type":"any_text","adjust_price":false,"price":"","price_type":"flat_fee","restrictions":false,"min":"0","max":"0","options":[{"label":"Initiale fleurie seule","price":"","price_type":"flat_fee","image":0,"visibility":true},{"label":"Initiale fleurie + Pr\u00e9nom ou date","price":"","price_type":"flat_fee","image":0,"visibility":true},{"label":"Initiale fleurie + Pr\u00e9nom + date","price":"","price_type":"flat_fee","image":0,"visibility":true},{"label":"Mot fleuri enti\u00e8rement","price":"10","price_type":"quantity_based","image":0,"visibility":true},{"label":"Autre (sur demande : merci de me contacter)","price":"","price_type":"flat_fee","image":0,"visibility":true}],"id":1707172958},{"name":"Initiale","type":"custom_text","position":3,"required":false,"title_format":"heading","default":"","description_enable":false,"description":"","placeholder_enable":false,"placeholder":"","display":"select","restrictions_type":"any_text","adjust_price":false,"price":"","price_type":"flat_fee","restrictions":false,"min":"0","max":"0","options":[],"id":1707172959},{"name":"Pr\u00e9nom \/ Mot \/ Date","type":"custom_text","position":4,"required":false,"title_format":"heading","default":"","description_enable":false,"description":"","placeholder_enable":false,"placeholder":"","display":"select","restrictions_type":"any_text","adjust_price":false,"price":"","price_type":"flat_fee","restrictions":false,"min":"0","max":"0","options":[],"id":1707172960},{"name":"Police de broderie","type":"custom_text","position":5,"required":false,"title_format":"heading","default":"","description_enable":true,"description":"Vous pouvez indiquer la police d'\u00e9criture que vous souhaiteriez (cf. rubrique \"personnalisation\")","placeholder_enable":false,"placeholder":"","display":"select","restrictions_type":"any_text","adjust_price":false,"price":"","price_type":"flat_fee","restrictions":false,"min":"0","max":"0","options":[],"id":1707172961},{"name":"Couleur des fils de broderie","type":"custom_text","position":6,"required":false,"title_format":"heading","default":"","description_enable":true,"description":"Vous pouvez choisir la couleur des fils de broderie dans l\u2019onglet \u00ab Personnalisation \u00bb et indiquer votre choix :","placeholder_enable":false,"placeholder":"","display":"select","restrictions_type":"any_text","adjust_price":false,"price":"","price_type":"flat_fee","restrictions":false,"min":"0","max":"0","options":[],"id":1707172962},{"name":"Position de la broderie","type":"multiple_choice","position":7,"required":true,"title_format":"heading","default":"","description_enable":false,"description":"","placeholder_enable":false,"placeholder":"","display":"select","restrictions_type":"any_text","adjust_price":false,"price":"","price_type":"flat_fee","restrictions":false,"min":"0","max":"0","options":[{"label":"Coin inf\u00e9rieur droit","price":"","price_type":"flat_fee","image":0,"visibility":true},{"label":"En haut au centre","price":"","price_type":"flat_fee","image":0,"visibility":true}],"id":1707172963},{"name":"Pr\u00e9cisions","type":"custom_textarea","position":8,"required":false,"title_format":"heading","default":"","description_enable":true,"description":"Si vous n\u2019avez pas pu renseigner toutes les options, si vous h\u00e9sitez et avez besoin de conseils, si vous recherchez un tissu ou un motif de broderie qui ne figurent pas dans l\u2019onglet personnalisation, ou pour toute autre demande compl\u00e9mentaire, je vous invite \u00e0 noter votre demande ci-dessous.\r\nDans tous les cas, je vous contacterai pour d\u00e9finir ou finaliser les personnalisations.","placeholder_enable":false,"placeholder":"","display":"select","restrictions_type":"any_text","adjust_price":false,"price":"","price_type":"flat_fee","restrictions":false,"min":"0","max":"0","options":[],"id":1707172964}],"_links":{"self":[{"href":"https:\/\/cecile-delachaux.fr\/index.php\/wp-json\/wp\/v2\/product\/11461","targetHints":{"allow":["GET"]}}],"collection":[{"href":"https:\/\/cecile-delachaux.fr\/index.php\/wp-json\/wp\/v2\/product"}],"about":[{"href":"https:\/\/cecile-delachaux.fr\/index.php\/wp-json\/wp\/v2\/types\/product"}],"wp:featuredmedia":[{"embeddable":true,"href":"https:\/\/cecile-delachaux.fr\/index.php\/wp-json\/wp\/v2\/media\/11879"}],"wp:attachment":[{"href":"https:\/\/cecile-delachaux.fr\/index.php\/wp-json\/wp\/v2\/media?parent=11461"}],"wp:term":[{"taxonomy":"product_brand","embeddable":true,"href":"https:\/\/cecile-delachaux.fr\/index.php\/wp-json\/wp\/v2\/product_brand?post=11461"},{"taxonomy":"product_cat","embeddable":true,"href":"https:\/\/cecile-delachaux.fr\/index.php\/wp-json\/wp\/v2\/product_cat?post=11461"},{"taxonomy":"product_tag","embeddable":true,"href":"https:\/\/cecile-delachaux.fr\/index.php\/wp-json\/wp\/v2\/product_tag?post=11461"}],"curies":[{"name":"wp","href":"https:\/\/api.w.org\/{rel}","templated":true}]}}