
{"id":11490,"date":"2024-04-23T18:11:42","date_gmt":"2024-04-23T16:11:42","guid":{"rendered":"https:\/\/cecile-delachaux.fr\/?post_type=product&#038;p=11490"},"modified":"2025-01-13T15:24:20","modified_gmt":"2025-01-13T14:24:20","slug":"t-shirt-adulte-bride","status":"publish","type":"product","link":"https:\/\/cecile-delachaux.fr\/index.php\/produit\/t-shirt-adulte-bride\/","title":{"rendered":"T-shirt adulte MARIAGE \u201c\u00e0 personnaliser&#8221;"},"content":{"rendered":"<p>La broderie du t-shirt est enti\u00e8rement personnalisable.<\/p>\n<p>Tailles :<\/p>\n<div class=\"column-right\">\n<ul class=\"details\">\n<li>XS<\/li>\n<li>S<\/li>\n<li>M<\/li>\n<li>L<\/li>\n<li>XL<\/li>\n<li>XXL<\/li>\n<li>XXXL<\/li>\n<\/ul>\n<p>Conseil taille : le t-shirt taille normalement. La coupe femme taille pr\u00e8s du corps, si vous souhaitez un effet plus loose, prenez la taille au dessus ou prenez une coupe mixte \ud83d\ude09<\/p>\n<p>Composition : <span class=\"bold\">100% coton peign\u00e9 organique certifi\u00e9 OCS<br \/>\n<\/span><\/p>\n<div class=\"results__header__content header-content\">\n<div class=\"header-content__text\">\n<p>Un T-shirt responsable en coton biologique qui offre un toucher extr\u00eamement doux, un coton biologique \u00e0 fil de cha\u00eene continu de grande qualit\u00e9 et des coupes contemporaines.<\/p>\n<\/div>\n<\/div>\n<\/div>\n<p>Le d\u00e9lai de confection standard est de 30 jours. Lors de validation de votre panier, ce d\u00e9lai peut \u00eatre r\u00e9duit \u00e0 15 jours (avec un surco\u00fbt de 20%).<\/p>\n<p>Je reste \u00e0 votre disposition pour vous conseiller.<\/p>\n<p>N\u2019h\u00e9sitez pas \u00e0 me contacter directement si vous avez des questions.<\/p>\n<p>&nbsp;<\/p>\n","protected":false},"excerpt":{"rendered":"<div class=\"woocommerce-product-details__short-description\">\n<p>Le t-shirt est brod\u00e9 sur commande et est enti\u00e8rement personnalisable.<\/p>\n<\/div>\n","protected":false},"featured_media":11503,"template":"","meta":[],"product_brand":[],"product_cat":[235,236,239,244,15,105,108,34],"product_tag":[],"class_list":{"0":"post-11490","1":"product","2":"type-product","3":"status-publish","4":"has-post-thumbnail","6":"product_cat-collections","7":"product_cat-initiale","8":"product_cat-t-shirt","9":"product_cat-t-shirt-vetement-accessoires","10":"product_cat-tous-les-produits","11":"product_cat-occasions-speciales","12":"product_cat-mariage","13":"product_cat-vetement-accessoires","14":"product_shipping_class-lettre-suivie","16":"first","17":"instock","18":"shipping-taxable","19":"purchasable","20":"product-type-variable"},"exclude_global_add_ons":true,"addons":[{"name":"Couleur","type":"multiple_choice","position":0,"required":false,"title_format":"heading","default":"","description_enable":false,"description":"","placeholder_enable":false,"placeholder":"","display":"images","restrictions_type":"any_text","adjust_price":false,"price":"","price_type":"flat_fee","restrictions":false,"min":"0","max":"0","options":[{"label":"Blanc","price":"","price_type":"flat_fee","image":9381,"visibility":true},{"label":"Gris chin\u00e9","price":"","price_type":"flat_fee","image":9384,"visibility":true},{"label":"Bleu marine","price":"","price_type":"flat_fee","image":9383,"visibility":true}],"id":1714690746},{"name":"Options de broderie","type":"multiple_choice","position":1,"required":true,"title_format":"heading","default":"","description_enable":false,"description":"","placeholder_enable":false,"placeholder":"","display":"select","restrictions_type":"any_text","adjust_price":false,"price":"","price_type":"flat_fee","restrictions":false,"min":"0","max":"0","options":[{"label":"Initiale fleurie","price":"","price_type":"flat_fee","image":0,"visibility":true},{"label":"Initiale fleurie + suite du mot \u00e0 c\u00f4t\u00e9","price":"","price_type":"flat_fee","image":0,"visibility":true},{"label":"Initiale fleurie + mot dessous","price":"","price_type":"flat_fee","image":0,"visibility":true},{"label":"Mot fleuri","price":"10","price_type":"flat_fee","image":0,"visibility":true},{"label":"Mot fleuri + mot\/symbole\/date\/courte phrase dessous","price":"10","price_type":"flat_fee","image":0,"visibility":true}],"id":1714690747},{"name":"Position de la broderie","type":"multiple_choice","position":2,"required":false,"title_format":"heading","default":"","description_enable":false,"description":"","placeholder_enable":false,"placeholder":"","display":"select","restrictions_type":"any_text","adjust_price":false,"price":"","price_type":"flat_fee","restrictions":false,"min":"0","max":"0","options":[{"label":"Poitrine (c\u00f4t\u00e9 coeur)","price":"","price_type":"flat_fee","image":0,"visibility":true},{"label":"Poitrine (milieu)","price":"","price_type":"flat_fee","image":0,"visibility":true},{"label":"Dos (cou)","price":"","price_type":"flat_fee","image":0,"visibility":true},{"label":"Dos (milieu)","price":"","price_type":"flat_fee","image":0,"visibility":true}],"id":1714690748},{"name":"Choix police fleurie","type":"multiple_choice","position":3,"required":true,"title_format":"heading","default":"","description_enable":false,"description":"","placeholder_enable":false,"placeholder":"","display":"images","restrictions_type":"any_text","adjust_price":false,"price":"","price_type":"flat_fee","restrictions":false,"min":"0","max":"0","options":[{"label":"Alphabet fleuri","price":"","price_type":"flat_fee","image":7089,"visibility":true},{"label":"Alphabet baies et feuillages","price":"","price_type":"flat_fee","image":10633,"visibility":true}],"id":1714690749},{"name":"Choix Initiale \/ Mot fleuri","type":"custom_text","position":4,"required":false,"title_format":"heading","default":"","description_enable":false,"description":"Indiquez le mot \/ pr\u00e9nom \/ surnom \/ date \/ initiale de votre choix :","placeholder_enable":false,"placeholder":"","display":"select","restrictions_type":"any_text","adjust_price":false,"price":"","price_type":"flat_fee","restrictions":false,"min":"0","max":"0","options":[],"id":1714690750},{"name":"Choix broderie secondaire","type":"custom_text","position":5,"required":false,"title_format":"heading","default":"","description_enable":true,"description":"Pr\u00e9nom(s), surnom(s), mot(s), date(s)...","placeholder_enable":false,"placeholder":"","display":"select","restrictions_type":"any_text","adjust_price":false,"price":"","price_type":"flat_fee","restrictions":false,"min":"0","max":"0","options":[],"id":1714690751},{"name":"Couleur des fils de broderie","type":"custom_text","position":6,"required":false,"title_format":"heading","default":"","description_enable":true,"description":"Vous pouvez choisir la couleur des fils de broderie dans l\u2019onglet \u00ab Personnalisation \u00bb ou indiquez les nuances de couleurs que vous souhaiteriez :","placeholder_enable":false,"placeholder":"","display":"select","restrictions_type":"any_text","adjust_price":false,"price":"","price_type":"flat_fee","restrictions":false,"min":"0","max":"0","options":[],"id":1714690752},{"name":"Broderie suppl\u00e9mentaire","type":"custom_text","position":7,"required":false,"title_format":"heading","default":"","description_enable":true,"description":"Broderie ajout\u00e9e au verso du t-shirt :\r\n- pr\u00e9nom, nom,...\r\n- Message, initiales, mots, phrase,...\r\n- Coordonn\u00e9es GPS (merci de me donner l'adresse d\u00e9sir\u00e9e)\r\n- Symbole, motif,...","placeholder_enable":false,"placeholder":"","display":"select","restrictions_type":"any_text","adjust_price":true,"price":"10","price_type":"quantity_based","restrictions":false,"min":"0","max":"0","options":[],"id":1714690753},{"name":"Pr\u00e9cisions","type":"custom_textarea","position":8,"required":false,"title_format":"heading","default":"","description_enable":true,"description":"Si vous h\u00e9sitez et avez besoin de conseils, ou pour toute autre demande compl\u00e9mentaire, je vous invite \u00e0 noter votre demande ci-dessous ou \u00e0 me contacter avant votre commande.\r\nDans tous les cas, je vous contacterai pour d\u00e9finir ou finaliser les personnalisations.","placeholder_enable":false,"placeholder":"","display":"select","restrictions_type":"any_text","adjust_price":false,"price":"","price_type":"flat_fee","restrictions":false,"min":"0","max":"0","options":[],"id":1714690754}],"_links":{"self":[{"href":"https:\/\/cecile-delachaux.fr\/index.php\/wp-json\/wp\/v2\/product\/11490","targetHints":{"allow":["GET"]}}],"collection":[{"href":"https:\/\/cecile-delachaux.fr\/index.php\/wp-json\/wp\/v2\/product"}],"about":[{"href":"https:\/\/cecile-delachaux.fr\/index.php\/wp-json\/wp\/v2\/types\/product"}],"wp:featuredmedia":[{"embeddable":true,"href":"https:\/\/cecile-delachaux.fr\/index.php\/wp-json\/wp\/v2\/media\/11503"}],"wp:attachment":[{"href":"https:\/\/cecile-delachaux.fr\/index.php\/wp-json\/wp\/v2\/media?parent=11490"}],"wp:term":[{"taxonomy":"product_brand","embeddable":true,"href":"https:\/\/cecile-delachaux.fr\/index.php\/wp-json\/wp\/v2\/product_brand?post=11490"},{"taxonomy":"product_cat","embeddable":true,"href":"https:\/\/cecile-delachaux.fr\/index.php\/wp-json\/wp\/v2\/product_cat?post=11490"},{"taxonomy":"product_tag","embeddable":true,"href":"https:\/\/cecile-delachaux.fr\/index.php\/wp-json\/wp\/v2\/product_tag?post=11490"}],"curies":[{"name":"wp","href":"https:\/\/api.w.org\/{rel}","templated":true}]}}