
{"id":11574,"date":"2024-05-07T23:58:56","date_gmt":"2024-05-07T21:58:56","guid":{"rendered":"https:\/\/cecile-delachaux.fr\/?post_type=product&#038;p=11574"},"modified":"2024-05-16T12:56:24","modified_gmt":"2024-05-16T10:56:24","slug":"coussin-carre-rectangulaire-broderie-tissu-applique-a-personnaliser","status":"publish","type":"product","link":"https:\/\/cecile-delachaux.fr\/index.php\/produit\/coussin-carre-rectangulaire-broderie-tissu-applique-a-personnaliser\/","title":{"rendered":"Coussin carr\u00e9 \/ rectangulaire broderie tissu appliqu\u00e9 &#8221; \u00e0 personnaliser&#8221;"},"content":{"rendered":"<p>La broderie de la housse du coussin est enti\u00e8rement personnalisable.<\/p>\n<ul>\n<li>Certifi\u00e9 commerce \u00e9quitable<\/li>\n<li>Fermeture invisible<\/li>\n<li>Disponible en 3 tailles: 30&#215;50 cm 40&#215;40 cm 50&#215;50 cm<\/li>\n<\/ul>\n<p><a href=\"https:\/\/cecile-delachaux.fr\/index.php\/personnalisation\/broderie\/broderie-sur-mesure\/\"><strong>Pr\u00e9cieux souvenirs <\/strong><\/a><em>(en option, 20 \u20ac)<\/em> :<br \/>\nUn coussin brod\u00e9 avec les empreintes (pied, main) ou les coups de crayons de vos enfants : dessins, mots manuscrits,&#8230;<\/p>\n<p>Le coussin de garnissage est fourni. Si vous ne souhaitez que la housse, vous pouvez passer commande sur la fiche produit &#8220;housse de coussin&#8221;.<\/p>\n<p>Le d\u00e9lai de confection standard est de 30 jours. Ce d\u00e9lai peut \u00eatre r\u00e9duit \u00e0 15 jours (avec un surco\u00fbt de 20%).<\/p>\n<p>Je reste \u00e0 votre disposition pour vous conseiller.<\/p>\n<p>N\u2019h\u00e9sitez pas \u00e0 <a href=\"mailto:contact@cecile-delachaux.fr\">me contacter<\/a> si vous avez des questions.<\/p>\n","protected":false},"excerpt":{"rendered":"<p>Le coussin est en toile de coton lav\u00e9e. Il est r\u00e9alis\u00e9 sur commande et la broderie est enti\u00e8rement personnalisable.<\/p>\n<p>Choisissez les motifs de broderie dans l\u2019onglet \u00ab Personnalisation \u00bb et indiquez leurs r\u00e9f\u00e9rences dans les champs pr\u00e9vus ci-dessous :<\/p>\n","protected":false},"featured_media":11577,"template":"","meta":[],"product_brand":[],"product_cat":[164,211,206,15,99],"product_tag":[],"class_list":{"0":"post-11574","1":"product","2":"type-product","3":"status-publish","4":"has-post-thumbnail","6":"product_cat-coussin","7":"product_cat-coussin-decoration","8":"product_cat-decoration","9":"product_cat-tous-les-produits","10":"product_cat-chambre","11":"product_shipping_class-colis","13":"first","14":"instock","15":"shipping-taxable","16":"purchasable","17":"product-type-simple"},"exclude_global_add_ons":true,"addons":[{"name":"Taille","type":"multiple_choice","position":0,"required":true,"title_format":"heading","default":"","description_enable":false,"description":"","placeholder_enable":false,"placeholder":"","display":"select","restrictions_type":"any_text","adjust_price":false,"price":"","price_type":"flat_fee","restrictions":false,"min":"0","max":"0","options":[{"label":"30 x 50 cm","price":"","price_type":"quantity_based","image":0,"visibility":true},{"label":"40 x 40 cm","price":"","price_type":"quantity_based","image":0,"visibility":true}],"id":1715864185},{"name":"Choix de la broderie","type":"custom_text","position":1,"required":false,"title_format":"heading","default":"","description_enable":false,"description":"Vous pouvez choisir un motif de broderie et\/ou un texte de votre choix (pr\u00e9noms, initiales, date, coordonn\u00e9es gps\u2026) et les renseigner ci-dessous :","placeholder_enable":false,"placeholder":"","display":"select","restrictions_type":"any_text","adjust_price":false,"price":"","price_type":"flat_fee","restrictions":false,"min":"0","max":"0","options":[],"id":1715864186},{"name":"Police d'\u00e9criture","type":"custom_text","position":2,"required":false,"title_format":"label","default":"","description_enable":true,"description":"Vous pouvez s\u00e9lectionner une police dans la rubrique \"personnalisation\" :","placeholder_enable":false,"placeholder":"","display":"select","restrictions_type":"any_text","adjust_price":false,"price":"","price_type":"flat_fee","restrictions":false,"min":"0","max":"0","options":[],"id":1715864187},{"name":"Couleur des fils de broderie","type":"custom_text","position":3,"required":false,"title_format":"label","default":"","description_enable":true,"description":"Vous pouvez s\u00e9lectionner une ou plusieurs couleurs dans la rubrique \"personnalisation\" :","placeholder_enable":false,"placeholder":"","display":"select","restrictions_type":"any_text","adjust_price":false,"price":"","price_type":"flat_fee","restrictions":false,"min":"0","max":"0","options":[],"id":1715864188},{"name":"Choix des tissus appliqu\u00e9s","type":"custom_text","position":4,"required":false,"title_format":"heading","default":"","description_enable":true,"description":"Vous pouvez s\u00e9lectionner un ou plusieurs tissus dans la rubrique \"personnalisation\" :","placeholder_enable":false,"placeholder":"","display":"select","restrictions_type":"any_text","adjust_price":false,"price":"","price_type":"flat_fee","restrictions":false,"min":"0","max":"0","options":[],"id":1715864189},{"name":"Option \"Pr\u00e9cieux souvenirs\"","type":"checkbox","position":5,"required":false,"title_format":"heading","default":"","description_enable":false,"description":"","placeholder_enable":false,"placeholder":"","display":"select","restrictions_type":"any_text","adjust_price":false,"price":"","price_type":"flat_fee","restrictions":false,"min":"0","max":"0","options":[{"label":"Pr\u00e9cieux souvenirs","price":"20","price_type":"quantity_based","image":0,"visibility":true}],"id":1715864190},{"name":"Pr\u00e9cisions","type":"custom_textarea","position":6,"required":false,"title_format":"heading","default":"","description_enable":true,"description":"Si vous n\u2019avez pas pu renseigner toutes les options, si vous h\u00e9sitez et avez besoin de conseils, si vous recherchez un tissu ou un motif de broderie qui ne figurent pas dans l\u2019onglet personnalisation, ou pour toute autre demande compl\u00e9mentaire, je vous invite \u00e0 noter votre demande ci-dessous.\r\nDans tous les cas, je vous contacterai pour d\u00e9finir ou finaliser les personnalisations.","placeholder_enable":false,"placeholder":"","display":"select","restrictions_type":"any_text","adjust_price":false,"price":"","price_type":"flat_fee","restrictions":false,"min":"0","max":"0","options":[],"id":1715864191}],"_links":{"self":[{"href":"https:\/\/cecile-delachaux.fr\/index.php\/wp-json\/wp\/v2\/product\/11574","targetHints":{"allow":["GET"]}}],"collection":[{"href":"https:\/\/cecile-delachaux.fr\/index.php\/wp-json\/wp\/v2\/product"}],"about":[{"href":"https:\/\/cecile-delachaux.fr\/index.php\/wp-json\/wp\/v2\/types\/product"}],"wp:featuredmedia":[{"embeddable":true,"href":"https:\/\/cecile-delachaux.fr\/index.php\/wp-json\/wp\/v2\/media\/11577"}],"wp:attachment":[{"href":"https:\/\/cecile-delachaux.fr\/index.php\/wp-json\/wp\/v2\/media?parent=11574"}],"wp:term":[{"taxonomy":"product_brand","embeddable":true,"href":"https:\/\/cecile-delachaux.fr\/index.php\/wp-json\/wp\/v2\/product_brand?post=11574"},{"taxonomy":"product_cat","embeddable":true,"href":"https:\/\/cecile-delachaux.fr\/index.php\/wp-json\/wp\/v2\/product_cat?post=11574"},{"taxonomy":"product_tag","embeddable":true,"href":"https:\/\/cecile-delachaux.fr\/index.php\/wp-json\/wp\/v2\/product_tag?post=11574"}],"curies":[{"name":"wp","href":"https:\/\/api.w.org\/{rel}","templated":true}]}}