
{"id":11606,"date":"2024-05-17T10:44:46","date_gmt":"2024-05-17T08:44:46","guid":{"rendered":"https:\/\/cecile-delachaux.fr\/?post_type=product&#038;p=11606"},"modified":"2025-01-16T10:22:12","modified_gmt":"2025-01-16T09:22:12","slug":"sweat-adulte-souvenir-precieux-a-personnaliser","status":"publish","type":"product","link":"https:\/\/cecile-delachaux.fr\/index.php\/produit\/sweat-adulte-souvenir-precieux-a-personnaliser\/","title":{"rendered":"Sweat adulte souvenir pr\u00e9cieux \u201c\u00e0 personnaliser&#8221;"},"content":{"rendered":"<p>SOUVENIR PR\u00c9CIEUX \u2661 Transformez vos plus beaux tr\u00e9sors en souvenirs uniques !<\/p>\n<p>Offrez vous un cadeau unique et personnalis\u00e9 \u00e0 partir des anciens v\u00eatements de vos b\u00e9b\u00e9s \u2661<\/p>\n<p>Vous gardez pr\u00e9cieusement certains v\u00eatements de vos b\u00e9b\u00e9s car ils sont charg\u00e9s d&#8217;\u00e9motions : ils vous rappellent des souvenirs de cette p\u00e9riode. Parfois c&#8217;est juste le motif d&#8217;un tissu d&#8217;un v\u00eatement qui a \u00e9t\u00e9 beaucoup port\u00e9 qui est charg\u00e9 d&#8217;\u00e9motions \u2661<br \/>\nCes v\u00eatements vous savez que vous ne les donnerez jamais mais ils restent dans une caisse&#8230;<br \/>\nJe vous propose de s\u00e9lectionner un ou plusieurs de ces tr\u00e9sors pour les garder pr\u00e8s de votre c\u0153ur \u2661<br \/>\nTransformez les en un mot de votre choix qui fait sens pour vous et brodez le sur un sweat !<br \/>\nUne douce mani\u00e8re de transformer ces pr\u00e9cieux v\u00eatements et d&#8217;en garder un tendre souvenir contre soi \u2661<\/p>\n<p>POUR L&#8217;ENVOI DES V\u00caTEMENTS : je reviens vers vous et vous donne les coordonn\u00e9es de l&#8217;atelier pour l&#8217;envoi de vos v\u00eatements.<\/p>\n<p>La broderie du sweat est enti\u00e8rement personnalisable.<\/p>\n<p>2 coupes : femme (cintr\u00e9e) ou mixte (droite)<\/p>\n<p>Tailles :<\/p>\n<div class=\"column-right\">\n<ul class=\"details\">\n<li>XS<\/li>\n<li>S<\/li>\n<li>M<\/li>\n<li>L<\/li>\n<li>XL<\/li>\n<li>XXL<\/li>\n<li>XXXL<\/li>\n<\/ul>\n<p>Conseil taille : le sweat taille normalement. La coupe femme taille pr\u00e8s du corps, si vous souhaitez un effet plus loose, prenez la taille au dessus ou prenez une coupe mixte \ud83d\ude09<\/p>\n<p>Composition : <span class=\"bold\">100% coton peign\u00e9 organique certifi\u00e9 OCS<br \/>\n<\/span><\/p>\n<p>Int\u00e9rieur non gratt\u00e9.<\/p>\n<\/div>\n<p>Le d\u00e9lai de confection standard est de 30 jours. Lors de validation de votre panier, ce d\u00e9lai peut \u00eatre r\u00e9duit \u00e0 15 jours (avec un surco\u00fbt de 20%).<\/p>\n<p>Je reste \u00e0 votre disposition pour vous conseiller.<\/p>\n<p>N\u2019h\u00e9sitez pas \u00e0 me contacter directement si vous avez des questions.<\/p>\n<p>&nbsp;<\/p>\n","protected":false},"excerpt":{"rendered":"<div class=\"woocommerce-product-details__short-description\">\n<p>Le sweat est brod\u00e9 sur commande et est enti\u00e8rement personnalisable.<\/p>\n<\/div>\n","protected":false},"featured_media":11714,"template":"","meta":[],"product_brand":[],"product_cat":[235,259,256,257,15,105,132,112,34],"product_tag":[],"class_list":{"0":"post-11606","1":"product","2":"type-product","3":"status-publish","4":"has-post-thumbnail","6":"product_cat-collections","7":"product_cat-precieux-souvenir","8":"product_cat-sweat","9":"product_cat-sweat-vetement-accessoires","10":"product_cat-tous-les-produits","11":"product_cat-occasions-speciales","12":"product_cat-fete-des-meres","13":"product_cat-anniversaire","14":"product_cat-vetement-accessoires","15":"product_shipping_class-colis","17":"first","18":"instock","19":"shipping-taxable","20":"purchasable","21":"product-type-variable"},"exclude_global_add_ons":true,"addons":[{"name":"Couleur","type":"multiple_choice","position":0,"required":false,"title_format":"heading","default":"","description_enable":false,"description":"","placeholder_enable":false,"placeholder":"","display":"images","restrictions_type":"any_text","adjust_price":false,"price":"","price_type":"flat_fee","restrictions":false,"min":"0","max":"0","options":[{"label":"Blanc","price":"","price_type":"flat_fee","image":9517,"visibility":true},{"label":"Gris chin\u00e9","price":"","price_type":"flat_fee","image":9526,"visibility":true},{"label":"Noir","price":"","price_type":"flat_fee","image":10565,"visibility":true},{"label":"Bleu marine","price":"","price_type":"flat_fee","image":9518,"visibility":true},{"label":"Bleu \u00e9lectique","price":"","price_type":"flat_fee","image":9523,"visibility":true},{"label":"Mocha","price":"","price_type":"flat_fee","image":9520,"visibility":true},{"label":"Vert for\u00eat","price":"","price_type":"flat_fee","image":9527,"visibility":true},{"label":"Bordeaux","price":"","price_type":"flat_fee","image":9522,"visibility":true},{"label":"Ecru","price":"","price_type":"flat_fee","image":9519,"visibility":true},{"label":"Vert sauge","price":"","price_type":"flat_fee","image":9525,"visibility":true},{"label":"Bleu temp\u00eate","price":"","price_type":"flat_fee","image":9524,"visibility":true},{"label":"Rose poudr\u00e9","price":"","price_type":"flat_fee","image":9521,"visibility":true}],"id":1668971741},{"name":"Options de broderie","type":"multiple_choice","position":1,"required":true,"title_format":"heading","default":"","description_enable":false,"description":"","placeholder_enable":false,"placeholder":"","display":"images","restrictions_type":"any_text","adjust_price":false,"price":"","price_type":"flat_fee","restrictions":false,"min":"0","max":"0","options":[{"label":"Alphabet appliqu\u00e9 \u00e9troit (comme sweat photo)","price":"","price_type":"flat_fee","image":11719,"visibility":true},{"label":"Alphabet appliqu\u00e9 arrondi","price":"","price_type":"flat_fee","image":11716,"visibility":true},{"label":"Alphabet appliqu\u00e9 avec s\u00e9rif","price":"","price_type":"flat_fee","image":11717,"visibility":true},{"label":"Alphabet appliqu\u00e9 relief","price":"","price_type":"quantity_based","image":11720,"visibility":true}],"id":1695292249},{"name":"Choix de la broderie","type":"custom_text","position":2,"required":false,"title_format":"heading","default":"","description_enable":true,"description":"renseignez ici le texte que vous souhaitez broder :","placeholder_enable":false,"placeholder":"","display":"select","restrictions_type":"any_text","adjust_price":false,"price":"","price_type":"flat_fee","restrictions":false,"min":"0","max":"0","options":[],"id":1668971742},{"name":"Couleur des fils de broderie","type":"custom_text","position":3,"required":false,"title_format":"heading","default":"","description_enable":true,"description":"Indiquez le(s) nuance(s) de couleurs que vous souhaiteriez :","placeholder_enable":false,"placeholder":"","display":"select","restrictions_type":"any_text","adjust_price":false,"price":"","price_type":"flat_fee","restrictions":false,"min":"0","max":"0","options":[],"id":1668971743},{"name":"Position de la broderie","type":"multiple_choice","position":4,"required":false,"title_format":"heading","default":"","description_enable":false,"description":"","placeholder_enable":false,"placeholder":"","display":"select","restrictions_type":"any_text","adjust_price":false,"price":"","price_type":"flat_fee","restrictions":false,"min":"0","max":"0","options":[{"label":"Poitrine (c\u00f4t\u00e9 coeur)","price":"","price_type":"flat_fee","image":0,"visibility":true},{"label":"Poitrine (milieu)","price":"","price_type":"flat_fee","image":0,"visibility":true},{"label":"Dos (cou)","price":"","price_type":"flat_fee","image":0,"visibility":true},{"label":"Dos (milieu)","price":"","price_type":"flat_fee","image":0,"visibility":true}],"id":1668971744},{"name":"Broderie suppl\u00e9mentaire","type":"custom_text","position":5,"required":false,"title_format":"heading","default":"","description_enable":true,"description":"Broderie ajout\u00e9e sur une autre partie du sweat :\r\n- Pr\u00e9nom, nom, date...\r\n- Message, initiales, mots, phrase,...\r\n- Coordonn\u00e9es GPS (merci de me donner l'adresse d\u00e9sir\u00e9e)\r\n- Symbole, motif,...\r\n\r\nIndiquez ici la broderie que vous souhaitez ajouter :","placeholder_enable":false,"placeholder":"","display":"select","restrictions_type":"any_text","adjust_price":true,"price":"10","price_type":"quantity_based","restrictions":false,"min":"0","max":"0","options":[],"id":1668971745},{"name":"Pr\u00e9cisions","type":"custom_textarea","position":6,"required":false,"title_format":"heading","default":"","description_enable":true,"description":"Si vous h\u00e9sitez et avez besoin de conseils, ou pour toute autre demande compl\u00e9mentaire, je vous invite \u00e0 noter votre demande ci-dessous ou \u00e0 me contacter avant votre commande.\r\nDans tous les cas, je vous contacterai pour d\u00e9finir ou finaliser les personnalisations.","placeholder_enable":false,"placeholder":"","display":"select","restrictions_type":"any_text","adjust_price":false,"price":"","price_type":"flat_fee","restrictions":false,"min":"0","max":"0","options":[],"id":1668971746}],"_links":{"self":[{"href":"https:\/\/cecile-delachaux.fr\/index.php\/wp-json\/wp\/v2\/product\/11606","targetHints":{"allow":["GET"]}}],"collection":[{"href":"https:\/\/cecile-delachaux.fr\/index.php\/wp-json\/wp\/v2\/product"}],"about":[{"href":"https:\/\/cecile-delachaux.fr\/index.php\/wp-json\/wp\/v2\/types\/product"}],"wp:featuredmedia":[{"embeddable":true,"href":"https:\/\/cecile-delachaux.fr\/index.php\/wp-json\/wp\/v2\/media\/11714"}],"wp:attachment":[{"href":"https:\/\/cecile-delachaux.fr\/index.php\/wp-json\/wp\/v2\/media?parent=11606"}],"wp:term":[{"taxonomy":"product_brand","embeddable":true,"href":"https:\/\/cecile-delachaux.fr\/index.php\/wp-json\/wp\/v2\/product_brand?post=11606"},{"taxonomy":"product_cat","embeddable":true,"href":"https:\/\/cecile-delachaux.fr\/index.php\/wp-json\/wp\/v2\/product_cat?post=11606"},{"taxonomy":"product_tag","embeddable":true,"href":"https:\/\/cecile-delachaux.fr\/index.php\/wp-json\/wp\/v2\/product_tag?post=11606"}],"curies":[{"name":"wp","href":"https:\/\/api.w.org\/{rel}","templated":true}]}}