
{"id":11708,"date":"2024-06-04T00:26:18","date_gmt":"2024-06-03T22:26:18","guid":{"rendered":"https:\/\/cecile-delachaux.fr\/?post_type=product&#038;p=11708"},"modified":"2026-03-20T12:14:47","modified_gmt":"2026-03-20T11:14:47","slug":"sac-polochon-coton-bio-broderie-monogramme-fleuri-a-personnaliser","status":"publish","type":"product","link":"https:\/\/cecile-delachaux.fr\/index.php\/produit\/sac-polochon-coton-bio-broderie-monogramme-fleuri-a-personnaliser\/","title":{"rendered":"Sac polochon coton bio broderie monogramme fleuri &#8220;\u00e0 personnaliser&#8221;"},"content":{"rendered":"<p>Un sac forme polochon en coton biologique \u00e0 personnaliser : la broderie du sac est enti\u00e8rement personnalisable.<br \/>\nUne forme id\u00e9ale pour aller faire du sport ou partir en week-end.<\/p>\n<p>Vous pouvez choisir les motifs de broderie (animal, objet, personnage, pr\u00e9nom, mots doux, phrase,&#8230;) dans l\u2019onglet personnalisation.<\/p>\n<ul>\n<li><strong>Mati\u00e8re<\/strong> : 100% toile de coton biologique &#8211; Tissu \u00e9pais de qualit\u00e9 sup\u00e9rieure &#8211; Poign\u00e9e de transport tiss\u00e9e \u00e9crue<\/li>\n<li><strong>Fermeture<\/strong> : zipp\u00e9e<\/li>\n<li><strong>Dimensions<\/strong> : 50 x 25 x 25cm &#8211; <strong>Capacit\u00e9<\/strong> : 20 litres &#8211; <strong>Poids<\/strong> : 380g<\/li>\n<li><strong>Coloris du sac<\/strong> : \u00e9cru naturel &#8211; gris perle &#8211; rose pastel &#8211; bleu marine &#8211; noir<\/li>\n<\/ul>\n<p>Le d\u00e9lai de confection standard est de 30 jours. Ce d\u00e9lai peut \u00eatre r\u00e9duit \u00e0 15 jours (avec un surco\u00fbt de 20%).<\/p>\n<p>Je reste \u00e0 votre disposition pour vous conseiller.<\/p>\n<p>N\u2019h\u00e9sitez pas \u00e0 <a href=\"mailto:contact@cecile-delachaux.fr\">me contacter<\/a> si vous avez des questions.<\/p>\n","protected":false},"excerpt":{"rendered":"<p>Ce sac est en toile de coton organique. Il est r\u00e9alis\u00e9 sur commande et la broderie est enti\u00e8rement personnalisable.<\/p>\n<p>Choisissez les motifs de broderie dans l\u2019onglet \u00ab Personnalisation \u00bb et indiquez leurs r\u00e9f\u00e9rences dans les champs pr\u00e9vus ci-dessous :<\/p>\n","protected":false},"featured_media":11700,"template":"","meta":[],"product_brand":[],"product_cat":[236,245,246,15,102],"product_tag":[],"class_list":{"0":"post-11708","1":"product","2":"type-product","3":"status-publish","4":"has-post-thumbnail","6":"product_cat-initiale","7":"product_cat-sac-a-langer-sac-week-end","8":"product_cat-sac-a-langer-sac-week-end-rangements","9":"product_cat-tous-les-produits","10":"product_cat-rangements","11":"product_shipping_class-colis","13":"first","14":"instock","15":"shipping-taxable","16":"purchasable","17":"product-type-simple"},"exclude_global_add_ons":true,"addons":[{"name":"Couleur","type":"multiple_choice","position":0,"required":true,"title_format":"heading","default":"","description_enable":false,"description":"","placeholder_enable":false,"placeholder":"","display":"images","restrictions_type":"any_text","adjust_price":false,"price":"","price_type":"flat_fee","restrictions":false,"min":"0","max":"0","options":[{"label":"Ecru","price":"","price_type":"quantity_based","image":10374,"visibility":true},{"label":"Gris","price":"","price_type":"quantity_based","image":10375,"visibility":true},{"label":"Rose","price":"","price_type":"flat_fee","image":10378,"visibility":true},{"label":"Marine","price":"","price_type":"flat_fee","image":10376,"visibility":true},{"label":"Noir","price":"","price_type":"flat_fee","image":10377,"visibility":true},{"label":"Vert olive","price":"","price_type":"flat_fee","image":13992,"visibility":true},{"label":"Denim fonc\u00e9","price":"","price_type":"flat_fee","image":11703,"visibility":true},{"label":"Denim clair","price":"","price_type":"flat_fee","image":11702,"visibility":true}],"id":1695380442},{"name":"Choix de la broderie","type":"custom_text","position":1,"required":false,"title_format":"heading","default":"","description_enable":true,"description":"Vous pouvez choisir un motif de broderie et\/ou un texte de votre choix (pr\u00e9noms, initiales, date, coordonn\u00e9es gps\u2026) et les renseigner ci-dessous :","placeholder_enable":false,"placeholder":"","display":"select","restrictions_type":"any_text","adjust_price":false,"price":"","price_type":"flat_fee","restrictions":false,"min":"0","max":"0","options":[],"id":1695380443},{"name":"Police d'\u00e9criture","type":"custom_text","position":2,"required":false,"title_format":"label","default":"","description_enable":false,"description":"","placeholder_enable":false,"placeholder":"","display":"select","restrictions_type":"any_text","adjust_price":false,"price":"","price_type":"flat_fee","restrictions":false,"min":"0","max":"0","options":[],"id":1695380444},{"name":"Couleur des fils de broderie","type":"custom_text","position":3,"required":false,"title_format":"label","default":"","description_enable":false,"description":"","placeholder_enable":false,"placeholder":"","display":"select","restrictions_type":"any_text","adjust_price":false,"price":"","price_type":"flat_fee","restrictions":false,"min":"0","max":"0","options":[],"id":1695380445},{"name":"Broderie suppl\u00e9mentaire","type":"custom_text","position":4,"required":false,"title_format":"heading","default":"","description_enable":true,"description":"Broderie ajout\u00e9e au verso du sac :\r\n\u2013 Coordonn\u00e9es GPS : brod\u00e9es dans un coin du lange (merci de me donner l\u2019adresse d\u00e9sir\u00e9e)\r\n\u2013 Message, initiales, mots, phrase,\u2026\r\n\u2013 Symbole, motif,\u2026","placeholder_enable":false,"placeholder":"","display":"select","restrictions_type":"any_text","adjust_price":true,"price":"10","price_type":"quantity_based","restrictions":false,"min":"0","max":"0","options":[],"id":1695380446},{"name":"Option \"Pr\u00e9cieux souvenirs\"","type":"checkbox","position":5,"required":false,"title_format":"heading","default":"","description_enable":false,"description":"","placeholder_enable":false,"placeholder":"","display":"select","restrictions_type":"any_text","adjust_price":false,"price":"","price_type":"flat_fee","restrictions":false,"min":"0","max":"0","options":[{"label":"Pr\u00e9cieux souvenirs","price":"20","price_type":"quantity_based","image":0,"visibility":true}],"id":1695380447},{"name":"Pr\u00e9cisions","type":"custom_textarea","position":6,"required":false,"title_format":"heading","default":"","description_enable":true,"description":"Si vous n\u2019avez pas pu renseigner toutes les options, si vous h\u00e9sitez et avez besoin de conseils, si vous recherchez un tissu ou un motif de broderie qui ne figurent pas dans l\u2019onglet personnalisation, ou pour toute autre demande compl\u00e9mentaire, je vous invite \u00e0 noter votre demande ci-dessous.\r\nDans tous les cas, je vous contacterai pour d\u00e9finir ou finaliser les personnalisations.","placeholder_enable":false,"placeholder":"","display":"select","restrictions_type":"any_text","adjust_price":false,"price":"","price_type":"flat_fee","restrictions":false,"min":"0","max":"0","options":[],"id":1695380448}],"_links":{"self":[{"href":"https:\/\/cecile-delachaux.fr\/index.php\/wp-json\/wp\/v2\/product\/11708","targetHints":{"allow":["GET"]}}],"collection":[{"href":"https:\/\/cecile-delachaux.fr\/index.php\/wp-json\/wp\/v2\/product"}],"about":[{"href":"https:\/\/cecile-delachaux.fr\/index.php\/wp-json\/wp\/v2\/types\/product"}],"wp:featuredmedia":[{"embeddable":true,"href":"https:\/\/cecile-delachaux.fr\/index.php\/wp-json\/wp\/v2\/media\/11700"}],"wp:attachment":[{"href":"https:\/\/cecile-delachaux.fr\/index.php\/wp-json\/wp\/v2\/media?parent=11708"}],"wp:term":[{"taxonomy":"product_brand","embeddable":true,"href":"https:\/\/cecile-delachaux.fr\/index.php\/wp-json\/wp\/v2\/product_brand?post=11708"},{"taxonomy":"product_cat","embeddable":true,"href":"https:\/\/cecile-delachaux.fr\/index.php\/wp-json\/wp\/v2\/product_cat?post=11708"},{"taxonomy":"product_tag","embeddable":true,"href":"https:\/\/cecile-delachaux.fr\/index.php\/wp-json\/wp\/v2\/product_tag?post=11708"}],"curies":[{"name":"wp","href":"https:\/\/api.w.org\/{rel}","templated":true}]}}