
{"id":12297,"date":"2024-11-26T10:54:20","date_gmt":"2024-11-26T09:54:20","guid":{"rendered":"https:\/\/cecile-delachaux.fr\/?post_type=product&#038;p=12297"},"modified":"2024-11-26T11:00:37","modified_gmt":"2024-11-26T10:00:37","slug":"chaussette-de-noel-velours-cotele-a-personnaliser","status":"publish","type":"product","link":"https:\/\/cecile-delachaux.fr\/index.php\/produit\/chaussette-de-noel-velours-cotele-a-personnaliser\/","title":{"rendered":"Chaussette de No\u00ebl velours c\u00f4tel\u00e9 &#8220;\u00e0 personnaliser&#8221;"},"content":{"rendered":"<p>La botte ou chaussette de no\u00ebl est enti\u00e8rement personnalisable.<\/p>\n<p>C\u2019est un bel \u00e9l\u00e9ment de d\u00e9coration \u00e0 placer \u00e0 c\u00f4t\u00e9 du sapin ou sur la chemin\u00e9e.<\/p>\n<div class=\"column-right\">\n<p>Une attache est pr\u00e9vue pour l&#8217;accrocher.<\/p>\n<\/div>\n<p>Le d\u00e9lai de confection standard est de 30 jours. Lors de validation de votre panier, ce d\u00e9lai peut \u00eatre r\u00e9duit \u00e0 15 jours (avec un surco\u00fbt de 20%).<\/p>\n<p>Je reste \u00e0 votre disposition pour vous conseiller.<\/p>\n<p>N\u2019h\u00e9sitez pas \u00e0 me contacter directement si vous avez des questions.<\/p>\n","protected":false},"excerpt":{"rendered":"<div class=\"woocommerce-product-details__short-description\">\n<p>La chaussette de No\u00ebl est confectionn\u00e9e en velours c\u00f4tel\u00e9 \u00e9cru et est enti\u00e8rement personnalisable.<\/p>\n<\/div>\n","protected":false},"featured_media":12299,"template":"","meta":[],"product_brand":[],"product_cat":[206,236,250,15,105,145],"product_tag":[],"class_list":{"0":"post-12297","1":"product","2":"type-product","3":"status-publish","4":"has-post-thumbnail","6":"product_cat-decoration","7":"product_cat-initiale","8":"product_cat-noel-collections","9":"product_cat-tous-les-produits","10":"product_cat-occasions-speciales","11":"product_cat-noel","12":"product_shipping_class-colis","14":"first","15":"instock","16":"shipping-taxable","17":"purchasable","18":"product-type-simple"},"exclude_global_add_ons":true,"addons":[{"name":"Choix de la broderie","type":"multiple_choice","position":1,"required":true,"title_format":"heading","default":"","description_enable":true,"description":"Indiquez un texte de votre choix (pr\u00e9nom, initiales\u2026) en indiquant la police souhait\u00e9e ou un motif de broderie (rubrique \"personnalisation\"), et renseignez-le ci-dessous :","placeholder_enable":false,"placeholder":"","display":"select","restrictions_type":"any_text","adjust_price":false,"price":"","price_type":"flat_fee","restrictions":false,"min":"0","max":"0","options":[{"label":"Pr\u00e9nom","price":"","price_type":"flat_fee","image":0,"visibility":true},{"label":"Initiale alphabet baie et feuillages (5cm)","price":"3","price_type":"quantity_based","image":0,"visibility":true},{"label":"Initiale alphabet baie et feuillages (5cm) + Pr\u00e9nom","price":"3","price_type":"quantity_based","image":0,"visibility":true},{"label":"Initiale alphabet No\u00ebl (8cm)","price":"5","price_type":"quantity_based","image":0,"visibility":true},{"label":"Initiale alphabet No\u00ebl (8cm) + Pr\u00e9nom","price":"5","price_type":"quantity_based","image":0,"visibility":true},{"label":"Couronne de No\u00ebl + Pr\u00e9nom\/mot","price":"5","price_type":"quantity_based","image":0,"visibility":true}],"id":1730655285},{"name":"Initiale","type":"custom_text","position":2,"required":false,"title_format":"label","default":"","description_enable":false,"description":"","placeholder_enable":false,"placeholder":"","display":"select","restrictions_type":"any_text","adjust_price":false,"price":"","price_type":"flat_fee","restrictions":false,"min":"0","max":"0","options":[],"id":1730655286},{"name":"Couleur des fils de broderie","type":"custom_text","position":3,"required":false,"title_format":"label","default":"","description_enable":true,"description":"Par d\u00e9faut, l'initiale sera dans les m\u00eames nuances que la photo, si vous souhaitez d'autres nuances indiquez les couleurs des fils ici :","placeholder_enable":false,"placeholder":"","display":"select","restrictions_type":"any_text","adjust_price":false,"price":"","price_type":"flat_fee","restrictions":false,"min":"0","max":"0","options":[],"id":1730655288},{"name":"Pr\u00e9nom","type":"custom_text","position":4,"required":false,"title_format":"label","default":"","description_enable":false,"description":"","placeholder_enable":false,"placeholder":"","display":"select","restrictions_type":"any_text","adjust_price":false,"price":"","price_type":"flat_fee","restrictions":false,"min":"0","max":"0","options":[],"id":1730655287},{"name":"Police pr\u00e9nom","type":"multiple_choice","position":5,"required":false,"title_format":"label","default":"","description_enable":false,"description":"","placeholder_enable":false,"placeholder":"","display":"images","restrictions_type":"any_text","adjust_price":false,"price":"","price_type":"flat_fee","restrictions":false,"min":"0","max":"0","options":[{"label":"Police Halo","price":"","price_type":"flat_fee","image":8152,"visibility":true},{"label":"Police C\u00e9leste","price":"","price_type":"flat_fee","image":8150,"visibility":true},{"label":"Police Madeline","price":"","price_type":"flat_fee","image":8153,"visibility":true},{"label":"Police cursive","price":"","price_type":"flat_fee","image":8151,"visibility":true},{"label":"Police Tessa","price":"","price_type":"flat_fee","image":8156,"visibility":true}],"id":1731581083},{"name":"Couleur du pr\u00e9nom","type":"custom_text","position":6,"required":false,"title_format":"label","default":"","description_enable":false,"description":"","placeholder_enable":false,"placeholder":"","display":"select","restrictions_type":"any_text","adjust_price":false,"price":"","price_type":"flat_fee","restrictions":false,"min":"0","max":"0","options":[],"id":1731579919},{"name":"Motif de broderie suppl\u00e9mentaire","type":"custom_text","position":7,"required":false,"title_format":"heading","default":"","description_enable":true,"description":"Si vous souhaitez un motif de broderie suppl\u00e9mentaire, renseigner ci-dessous (choix dans la rubrique \"personnalisation\") :","placeholder_enable":false,"placeholder":"","display":"select","restrictions_type":"any_text","adjust_price":true,"price":"5","price_type":"quantity_based","restrictions":false,"min":"0","max":"0","options":[],"id":1730655289},{"name":"Pr\u00e9cisions","type":"custom_textarea","position":8,"required":false,"title_format":"heading","default":"","description_enable":true,"description":"Si vous n\u2019avez pas pu renseigner toutes les options, si vous h\u00e9sitez et avez besoin de conseils, si vous recherchez un tissu ou un motif de broderie qui ne figurent pas dans l\u2019onglet personnalisation, ou pour toute autre demande compl\u00e9mentaire, je vous invite \u00e0 noter votre demande ci-dessous. Dans tous les cas, je vous contacterai pour d\u00e9finir ou finaliser les personnalisations.","placeholder_enable":false,"placeholder":"","display":"select","restrictions_type":"any_text","adjust_price":false,"price":"","price_type":"flat_fee","restrictions":false,"min":"0","max":"0","options":[],"id":1730655290}],"_links":{"self":[{"href":"https:\/\/cecile-delachaux.fr\/index.php\/wp-json\/wp\/v2\/product\/12297","targetHints":{"allow":["GET"]}}],"collection":[{"href":"https:\/\/cecile-delachaux.fr\/index.php\/wp-json\/wp\/v2\/product"}],"about":[{"href":"https:\/\/cecile-delachaux.fr\/index.php\/wp-json\/wp\/v2\/types\/product"}],"wp:featuredmedia":[{"embeddable":true,"href":"https:\/\/cecile-delachaux.fr\/index.php\/wp-json\/wp\/v2\/media\/12299"}],"wp:attachment":[{"href":"https:\/\/cecile-delachaux.fr\/index.php\/wp-json\/wp\/v2\/media?parent=12297"}],"wp:term":[{"taxonomy":"product_brand","embeddable":true,"href":"https:\/\/cecile-delachaux.fr\/index.php\/wp-json\/wp\/v2\/product_brand?post=12297"},{"taxonomy":"product_cat","embeddable":true,"href":"https:\/\/cecile-delachaux.fr\/index.php\/wp-json\/wp\/v2\/product_cat?post=12297"},{"taxonomy":"product_tag","embeddable":true,"href":"https:\/\/cecile-delachaux.fr\/index.php\/wp-json\/wp\/v2\/product_tag?post=12297"}],"curies":[{"name":"wp","href":"https:\/\/api.w.org\/{rel}","templated":true}]}}