
{"id":12300,"date":"2024-11-26T15:36:09","date_gmt":"2024-11-26T14:36:09","guid":{"rendered":"https:\/\/cecile-delachaux.fr\/?post_type=product&#038;p=12300"},"modified":"2025-11-03T23:28:14","modified_gmt":"2025-11-03T22:28:14","slug":"hotte-et-pochon-broderie-couronne-noel","status":"publish","type":"product","link":"https:\/\/cecile-delachaux.fr\/index.php\/produit\/hotte-et-pochon-broderie-couronne-noel\/","title":{"rendered":"Hotte et pochon &#8220;Broderie couronne de No\u00ebl&#8221;"},"content":{"rendered":"<p>La hotte de no\u00ebl est un joli sac pochon en toile de jute ou coton brod\u00e9 enti\u00e8rement personnalisable.<\/p>\n<p>C&#8217;est un emballage cadeau z\u00e9ro d\u00e9chets et un joli \u00e9l\u00e9ment de d\u00e9coration au pied du sapin ou sous la chemin\u00e9e.<\/p>\n<p>Cette hotte (pochon format XL) est id\u00e9ale pour emballer plusieurs cadeaux.<\/p>\n<p>Pour de petits cadeaux ou un cadeau seul \u00e0 offrir vous pouvez opter pour les formats L, M ou S.<\/p>\n<p>Pochon en toile de jute :<\/p>\n<p>Tailles :<\/p>\n<div class=\"column-right\">\n<ul class=\"details\">\n<li>S &#8211; Dimensions : 25 x 30 cm | Volume: 3 litres<\/li>\n<li>M &#8211; Dimensions : 30 x 45 cm | Volume: 8 litres<\/li>\n<li>L &#8211; Dimensions : 40 x 55 cm | Volume: 15 litres<\/li>\n<li>XL &#8211; Dimensions : 55 x 75 cm | Volume: 40 litres<\/li>\n<\/ul>\n<p>D\u00e9tails : 100% jute, Cordon de serrage double<\/p>\n<p>Pochon en coton naturel :<\/p>\n<p>Tailles :<\/p>\n<div class=\"column-right\">\n<ul class=\"details\">\n<li>S &#8211; Dimensions : 23 x 34 cm | Volume: 3 litres<\/li>\n<li>M &#8211; Dimensions : 31 x 48 cm | Volume: 8 litres<\/li>\n<li>L &#8211; Dimensions : 40 x 61,5 cm | Volume: 15 litres<\/li>\n<li>XL &#8211; Dimensions : 49,5 x 75 cm | Volume: 38 litres<\/li>\n<\/ul>\n<p>D\u00e9tails : 100% coton, Cordon de serrage double<\/p>\n<\/div>\n<\/div>\n<p>Une hotte est \u00e9cologique : En toile de jute, une mati\u00e8re enti\u00e8rement recyclable. Elle est r\u00e9utilisable chaque ann\u00e9e. Apr\u00e8s No\u00ebl, elle peut servir de sac de rangement pour les jouets ou les d\u00e9corations de No\u00ebl. C&#8217;est une belle alternative au papier cadeau comme le furoshiki qui est une solution d\u2019emballage plus \u00e9cologique.<\/p>\n<p>Le d\u00e9lai de confection standard est de 30 jours. Lors de validation de votre panier, ce d\u00e9lai peut \u00eatre r\u00e9duit \u00e0 15 jours (avec un surco\u00fbt de 20%).<\/p>\n<p>Je reste \u00e0 votre disposition pour vous conseiller.<\/p>\n<p>N\u2019h\u00e9sitez pas \u00e0 me contacter directement si vous avez des questions.<\/p>\n<p>&nbsp;<\/p>\n<p>&nbsp;<\/p>\n","protected":false},"excerpt":{"rendered":"<p>La hotte est r\u00e9alis\u00e9e sur commande et est enti\u00e8rement personnalisable.<\/p>\n","protected":false},"featured_media":12306,"template":"","meta":[],"product_brand":[],"product_cat":[206,250,175,15,102,105,145],"product_tag":[],"class_list":{"0":"post-12300","1":"product","2":"type-product","3":"status-publish","4":"has-post-thumbnail","6":"product_cat-decoration","7":"product_cat-noel-collections","8":"product_cat-pochon","9":"product_cat-tous-les-produits","10":"product_cat-rangements","11":"product_cat-occasions-speciales","12":"product_cat-noel","13":"product_shipping_class-colis","15":"first","16":"instock","17":"shipping-taxable","18":"purchasable","19":"product-type-variable"},"exclude_global_add_ons":true,"addons":[{"name":"Choix du tissu","type":"multiple_choice","position":0,"required":true,"title_format":"heading","default":"","description_enable":false,"description":"","placeholder_enable":false,"placeholder":"","display":"select","restrictions_type":"any_text","adjust_price":false,"price":"","price_type":"flat_fee","restrictions":false,"min":"0","max":"0","options":[{"label":"Toile de jute","price":"","price_type":"flat_fee","image":0,"visibility":true},{"label":"Coton naturel","price":"","price_type":"flat_fee","image":0,"visibility":true}],"id":1731891225},{"name":"Texte \u00e0 broder dans la couronne","type":"custom_text","position":1,"required":false,"title_format":"heading","default":"","description_enable":true,"description":"Vous pouvez choisir un texte de votre choix :\r\n- phrase \/ mots (par exemple : \"Joyeux\", \"Joyeux No\u00ebl\", \"Livraison sp\u00e9ciale pour\", \"Pour\"...)\r\n- pr\u00e9nom(s),\r\n- ...","placeholder_enable":false,"placeholder":"","display":"select","restrictions_type":"any_text","adjust_price":false,"price":"","price_type":"flat_fee","restrictions":false,"min":"0","max":"0","options":[],"id":1670636047},{"name":"Police d'\u00e9criture dans la couronne","type":"custom_text","position":2,"required":false,"title_format":"label","default":"","description_enable":true,"description":"Par d\u00e9faut la police de la 1\u00e8re ligne est \"Quicksand\" mais vous pouvez choisir vos propres typos (dans la rubrique personnalisation) et notez la r\u00e9f\u00e9rence ici :","placeholder_enable":false,"placeholder":"","display":"select","restrictions_type":"any_text","adjust_price":false,"price":"","price_type":"flat_fee","restrictions":false,"min":"0","max":"0","options":[],"id":1670636048},{"name":"Couleurs des fils du texte dans la couronne","type":"custom_text","position":3,"required":false,"title_format":"label","default":"","description_enable":true,"description":"Par d\u00e9faut la couleur du fil est la m\u00eame que la photo mais vous pouvez choisir vos propres couleurs de fil (dans la rubrique personnalisation) et notez les r\u00e9f\u00e9rences ici :","placeholder_enable":false,"placeholder":"","display":"select","restrictions_type":"any_text","adjust_price":false,"price":"","price_type":"flat_fee","restrictions":false,"min":"0","max":"0","options":[],"id":1670636049},{"name":"Texte \u00e0 broder sous la couronne (en option)","type":"custom_text","position":4,"required":false,"title_format":"heading","default":"","description_enable":false,"description":"","placeholder_enable":false,"placeholder":"","display":"select","restrictions_type":"any_text","adjust_price":false,"price":"","price_type":"flat_fee","restrictions":false,"min":"0","max":"0","options":[],"id":1670636052},{"name":"Police d'\u00e9criture sous la couronne (en option)","type":"custom_text","position":5,"required":false,"title_format":"label","default":"","description_enable":false,"description":"Par d\u00e9faut la police de la 1\u00e8re ligne est \"Ambre\" mais vous pouvez choisir vos propres typos (dans la rubrique personnalisation) et notez la r\u00e9f\u00e9rence ici :","placeholder_enable":false,"placeholder":"","display":"select","restrictions_type":"any_text","adjust_price":false,"price":"","price_type":"flat_fee","restrictions":false,"min":"0","max":"0","options":[],"id":1670636053},{"name":"Couleurs des fils sous la couronne (en option)","type":"custom_text","position":6,"required":false,"title_format":"label","default":"","description_enable":false,"description":"Par d\u00e9faut la couleur du fil est la m\u00eame que la photo mais vous pouvez choisir vos propres couleurs de fil (dans la rubrique personnalisation) et notez les r\u00e9f\u00e9rences ici :","placeholder_enable":false,"placeholder":"","display":"select","restrictions_type":"any_text","adjust_price":false,"price":"","price_type":"flat_fee","restrictions":false,"min":"0","max":"0","options":[],"id":1670636054},{"name":"Option fil phosphorescent","type":"checkbox","position":7,"required":false,"title_format":"heading","default":"","description_enable":true,"description":"Le fil blanc sera remplac\u00e9 par un fil phosphorescent blanc lumineux dans le noir :","placeholder_enable":false,"placeholder":"","display":"radiobutton","restrictions_type":"any_text","adjust_price":false,"price":"","price_type":"flat_fee","restrictions":false,"min":"0","max":"0","options":[{"label":"Oui","price":"","price_type":"flat_fee","image":0,"visibility":true}],"id":1670636055},{"name":"Pr\u00e9cisions","type":"custom_textarea","position":8,"required":false,"title_format":"heading","default":"","description_enable":true,"description":"Si vous h\u00e9sitez et avez besoin de conseils, ou pour toute autre demande compl\u00e9mentaire, je vous invite \u00e0 noter votre demande ci-dessous ou \u00e0 me contacter avant votre commande.\r\nDans tous les cas, je vous contacterai pour d\u00e9finir ou finaliser les personnalisations.","placeholder_enable":false,"placeholder":"","display":"select","restrictions_type":"any_text","adjust_price":false,"price":"","price_type":"flat_fee","restrictions":false,"min":"0","max":"0","options":[],"id":1670636056}],"_links":{"self":[{"href":"https:\/\/cecile-delachaux.fr\/index.php\/wp-json\/wp\/v2\/product\/12300","targetHints":{"allow":["GET"]}}],"collection":[{"href":"https:\/\/cecile-delachaux.fr\/index.php\/wp-json\/wp\/v2\/product"}],"about":[{"href":"https:\/\/cecile-delachaux.fr\/index.php\/wp-json\/wp\/v2\/types\/product"}],"wp:featuredmedia":[{"embeddable":true,"href":"https:\/\/cecile-delachaux.fr\/index.php\/wp-json\/wp\/v2\/media\/12306"}],"wp:attachment":[{"href":"https:\/\/cecile-delachaux.fr\/index.php\/wp-json\/wp\/v2\/media?parent=12300"}],"wp:term":[{"taxonomy":"product_brand","embeddable":true,"href":"https:\/\/cecile-delachaux.fr\/index.php\/wp-json\/wp\/v2\/product_brand?post=12300"},{"taxonomy":"product_cat","embeddable":true,"href":"https:\/\/cecile-delachaux.fr\/index.php\/wp-json\/wp\/v2\/product_cat?post=12300"},{"taxonomy":"product_tag","embeddable":true,"href":"https:\/\/cecile-delachaux.fr\/index.php\/wp-json\/wp\/v2\/product_tag?post=12300"}],"curies":[{"name":"wp","href":"https:\/\/api.w.org\/{rel}","templated":true}]}}