
{"id":12595,"date":"2025-01-28T00:18:19","date_gmt":"2025-01-27T23:18:19","guid":{"rendered":"https:\/\/cecile-delachaux.fr\/?post_type=product&#038;p=12595"},"modified":"2025-04-30T00:38:10","modified_gmt":"2025-04-29T22:38:10","slug":"sweat-a-capuche-adulte-leopard","status":"publish","type":"product","link":"https:\/\/cecile-delachaux.fr\/index.php\/produit\/sweat-a-capuche-adulte-leopard\/","title":{"rendered":"Sweat \u00e0 capuche adulte L\u00c9OPARD \u201c\u00e0 personnaliser&#8221;"},"content":{"rendered":"<p>La broderie du t-shirt est enti\u00e8rement personnalisable.<\/p>\n<p>Tailles :<\/p>\n<div class=\"column-right\">\n<ul class=\"details\">\n<li>XS<\/li>\n<li>S<\/li>\n<li>M<\/li>\n<li>L<\/li>\n<li>XL<\/li>\n<li>XXL<\/li>\n<li>XXXL<\/li>\n<\/ul>\n<p>Conseil taille : le sweat taille normalement. La coupe femme taille pr\u00e8s du corps, si vous souhaitez un effet plus loose, prenez la taille au dessus ou prenez une coupe mixte \ud83d\ude09<\/p>\n<p>Composition : <span class=\"bold\">100% coton peign\u00e9 organique certifi\u00e9 OCS<br \/>\n<\/span><\/p>\n<p>Int\u00e9rieur gratt\u00e9 (tout doux).<\/p>\n<\/div>\n<p>Le d\u00e9lai de confection standard est de 30 jours. Lors de validation de votre panier, ce d\u00e9lai peut \u00eatre r\u00e9duit \u00e0 15 jours (avec un surco\u00fbt de 20%).<\/p>\n<p>Je reste \u00e0 votre disposition pour vous conseiller.<\/p>\n<p>N\u2019h\u00e9sitez pas \u00e0 me contacter directement si vous avez des questions.<\/p>\n<p>&nbsp;<\/p>\n","protected":false},"excerpt":{"rendered":"<div class=\"woocommerce-product-details__short-description\">\n<p>Le sweat est brod\u00e9 sur commande et est enti\u00e8rement personnalisable.<\/p>\n<\/div>\n","protected":false},"featured_media":12591,"template":"","meta":[],"product_brand":[],"product_cat":[235,275,257,15,105,132,112,34],"product_tag":[],"class_list":{"0":"post-12595","1":"product","2":"type-product","3":"status-publish","4":"has-post-thumbnail","6":"product_cat-collections","7":"product_cat-leopard","8":"product_cat-sweat-vetement-accessoires","9":"product_cat-tous-les-produits","10":"product_cat-occasions-speciales","11":"product_cat-fete-des-meres","12":"product_cat-anniversaire","13":"product_cat-vetement-accessoires","14":"product_shipping_class-colis","16":"first","17":"instock","18":"shipping-taxable","19":"purchasable","20":"product-type-variable"},"exclude_global_add_ons":true,"addons":[{"name":"Couleur","type":"multiple_choice","position":0,"required":false,"title_format":"heading","default":"","description_enable":false,"description":"","placeholder_enable":false,"placeholder":"","display":"images","restrictions_type":"any_text","adjust_price":false,"price":"","price_type":"flat_fee","restrictions":false,"min":"0","max":"0","options":[{"label":"Blanc","price":"","price_type":"flat_fee","image":9873,"visibility":true},{"label":"Gris chin\u00e9","price":"","price_type":"flat_fee","image":9880,"visibility":true},{"label":"Noir","price":"","price_type":"flat_fee","image":10763,"visibility":true},{"label":"Bleu marine","price":"","price_type":"flat_fee","image":9881,"visibility":true},{"label":"Bleu \u00e9lectrique","price":"","price_type":"flat_fee","image":9877,"visibility":true},{"label":"Mocha","price":"","price_type":"flat_fee","image":9875,"visibility":true},{"label":"Vert for\u00eat","price":"","price_type":"flat_fee","image":10765,"visibility":true},{"label":"Bordeaux","price":"","price_type":"flat_fee","image":10764,"visibility":true},{"label":"Ecru","price":"","price_type":"flat_fee","image":9874,"visibility":true},{"label":"Vert sauge","price":"","price_type":"flat_fee","image":9879,"visibility":true},{"label":"Bleu temp\u00eate","price":"","price_type":"flat_fee","image":9878,"visibility":true},{"label":"Rose poudr\u00e9","price":"","price_type":"flat_fee","image":9876,"visibility":true}],"id":1668970836},{"name":"Position de la broderie","type":"multiple_choice","position":1,"required":false,"title_format":"heading","default":"","description_enable":false,"description":"","placeholder_enable":false,"placeholder":"","display":"select","restrictions_type":"any_text","adjust_price":false,"price":"","price_type":"flat_fee","restrictions":false,"min":"0","max":"0","options":[{"label":"Poitrine (c\u00f4t\u00e9 coeur)","price":"","price_type":"flat_fee","image":0,"visibility":true},{"label":"Poitrine (milieu)","price":"","price_type":"flat_fee","image":0,"visibility":true},{"label":"Dos (cou)","price":"","price_type":"flat_fee","image":0,"visibility":true},{"label":"Dos (milieu)","price":"","price_type":"flat_fee","image":0,"visibility":true}],"id":1668970839},{"name":"Choix de la broderie","type":"multiple_choice","position":2,"required":false,"title_format":"heading","default":"","description_enable":false,"description":"","placeholder_enable":false,"placeholder":"","display":"select","restrictions_type":"any_text","adjust_price":false,"price":"","price_type":"flat_fee","restrictions":false,"min":"0","max":"0","options":[{"label":"Coeur l\u00e9opard seul","price":"","price_type":"flat_fee","image":0,"visibility":true},{"label":"Coeur fleuri + texte","price":"","price_type":"flat_fee","image":0,"visibility":true},{"label":"Mum of + coeurs","price":"","price_type":"flat_fee","image":0,"visibility":true},{"label":"Coeur l\u00e9opard + Mum since","price":"","price_type":"flat_fee","image":0,"visibility":true}],"id":1737648463},{"name":"Couleur des fils du motif l\u00e9opard","type":"custom_text","position":3,"required":false,"title_format":"heading","default":"","description_enable":true,"description":"Vous pouvez choisir la couleur des fils de broderie dans l\u2019onglet \u00ab Personnalisation \u00bb ou indiquez les nuances de couleurs que vous souhaiteriez :","placeholder_enable":false,"placeholder":"","display":"select","restrictions_type":"any_text","adjust_price":false,"price":"","price_type":"flat_fee","restrictions":false,"min":"0","max":"0","options":[],"id":1668970838},{"name":"Choix du texte","type":"custom_text","position":4,"required":false,"title_format":"heading","default":"","description_enable":false,"description":"","placeholder_enable":false,"placeholder":"","display":"select","restrictions_type":"any_text","adjust_price":false,"price":"","price_type":"flat_fee","restrictions":false,"min":"0","max":"0","options":[],"id":1737648465},{"name":"Couleur du texte \/ coeurs","type":"custom_text","position":5,"required":false,"title_format":"heading","default":"","description_enable":false,"description":"","placeholder_enable":false,"placeholder":"","display":"select","restrictions_type":"any_text","adjust_price":false,"price":"","price_type":"flat_fee","restrictions":false,"min":"0","max":"0","options":[],"id":1737648464},{"name":"Broderie suppl\u00e9mentaire","type":"custom_text","position":6,"required":false,"title_format":"heading","default":"","description_enable":true,"description":"Broderie ajout\u00e9e au verso du sweat :\r\n- pr\u00e9nom, nom,...\r\n- Message, initiales, mots, phrase,...\r\n- Coordonn\u00e9es GPS (merci de me donner l'adresse d\u00e9sir\u00e9e)\r\n- Symbole, motif,...","placeholder_enable":false,"placeholder":"","display":"select","restrictions_type":"any_text","adjust_price":true,"price":"10","price_type":"quantity_based","restrictions":false,"min":"0","max":"0","options":[],"id":1668970840},{"name":"Emplacement de la broderie suppl\u00e9mentaire","type":"custom_text","position":7,"required":false,"title_format":"hide","default":"","description_enable":true,"description":"Emplacement de la broderie suppl\u00e9mentaire :","placeholder_enable":false,"placeholder":"","display":"select","restrictions_type":"any_text","adjust_price":false,"price":"","price_type":"flat_fee","restrictions":false,"min":"0","max":"0","options":[],"id":1737648466},{"name":"Couleur des fils","type":"custom_text","position":8,"required":false,"title_format":"hide","default":"","description_enable":true,"description":"Couleur des fils :","placeholder_enable":false,"placeholder":"","display":"select","restrictions_type":"any_text","adjust_price":false,"price":"","price_type":"flat_fee","restrictions":false,"min":"0","max":"0","options":[],"id":1737648467},{"name":"Pr\u00e9cisions","type":"custom_textarea","position":9,"required":false,"title_format":"heading","default":"","description_enable":true,"description":"Si vous h\u00e9sitez et avez besoin de conseils, ou pour toute autre demande compl\u00e9mentaire, je vous invite \u00e0 noter votre demande ci-dessous ou \u00e0 me contacter avant votre commande.\r\nDans tous les cas, je vous contacterai pour d\u00e9finir ou finaliser les personnalisations.","placeholder_enable":false,"placeholder":"","display":"select","restrictions_type":"any_text","adjust_price":false,"price":"","price_type":"flat_fee","restrictions":false,"min":"0","max":"0","options":[],"id":1668970841}],"_links":{"self":[{"href":"https:\/\/cecile-delachaux.fr\/index.php\/wp-json\/wp\/v2\/product\/12595","targetHints":{"allow":["GET"]}}],"collection":[{"href":"https:\/\/cecile-delachaux.fr\/index.php\/wp-json\/wp\/v2\/product"}],"about":[{"href":"https:\/\/cecile-delachaux.fr\/index.php\/wp-json\/wp\/v2\/types\/product"}],"wp:featuredmedia":[{"embeddable":true,"href":"https:\/\/cecile-delachaux.fr\/index.php\/wp-json\/wp\/v2\/media\/12591"}],"wp:attachment":[{"href":"https:\/\/cecile-delachaux.fr\/index.php\/wp-json\/wp\/v2\/media?parent=12595"}],"wp:term":[{"taxonomy":"product_brand","embeddable":true,"href":"https:\/\/cecile-delachaux.fr\/index.php\/wp-json\/wp\/v2\/product_brand?post=12595"},{"taxonomy":"product_cat","embeddable":true,"href":"https:\/\/cecile-delachaux.fr\/index.php\/wp-json\/wp\/v2\/product_cat?post=12595"},{"taxonomy":"product_tag","embeddable":true,"href":"https:\/\/cecile-delachaux.fr\/index.php\/wp-json\/wp\/v2\/product_tag?post=12595"}],"curies":[{"name":"wp","href":"https:\/\/api.w.org\/{rel}","templated":true}]}}