
{"id":12682,"date":"2025-01-31T15:58:31","date_gmt":"2025-01-31T14:58:31","guid":{"rendered":"https:\/\/cecile-delachaux.fr\/?post_type=product&#038;p=12682"},"modified":"2025-02-04T09:57:08","modified_gmt":"2025-02-04T08:57:08","slug":"lange-blanc-broderie-initiale-fleurie-raphael","status":"publish","type":"product","link":"https:\/\/cecile-delachaux.fr\/index.php\/produit\/lange-blanc-broderie-initiale-fleurie-raphael\/","title":{"rendered":"Lange blanc broderie initiale fleurie &#8220;Rapha\u00ebl&#8221;"},"content":{"rendered":"<p>Grand lange en double gaze de coton blanc certifi\u00e9 Oeko-tex Standard 100.<\/p>\n<p>Un lange unique qui pla\u00eet beaucoup en cadeau de naissance ou pour un bapt\u00eame. Il est enti\u00e8rement personnalisable et unique. Vous choisissez le motif de broderie et couleurs de fils.<\/p>\n<p>Vous pouvez broder le pr\u00e9nom du b\u00e9b\u00e9 et pourquoi pas la date de naissance, taille, poids, heure, lieu,&#8230; Le lange personnalis\u00e9 est un cadeau de naissance tr\u00e8s appr\u00e9ci\u00e9 des jeunes parents.<\/p>\n<p>Il est tr\u00e8s utile les premiers mois et deviendra peut-\u00eatre son doudou ! Il restera un joli souvenir du trousseau de naissance de b\u00e9b\u00e9.<\/p>\n<p>Le d\u00e9lai de confection standard est de 30 jours. Lors de validation de votre panier, ce d\u00e9lai peut \u00eatre r\u00e9duit \u00e0 15 jours (avec un surco\u00fbt de 20%).<\/p>\n<p>Je reste \u00e0 votre disposition pour vous conseiller.<\/p>\n<p>N\u2019h\u00e9sitez pas \u00e0 me contacter directement si vous avez des questions.<\/p>\n","protected":false},"excerpt":{"rendered":"<p>Il est r\u00e9alis\u00e9 sur commande avec les m\u00eames couleurs de fils que les photos ci-contre.<\/p>\n","protected":false},"featured_media":12684,"template":"","meta":[],"product_brand":[],"product_cat":[235,205,236,237,218,155,15,36,105,109,107],"product_tag":[26,27],"class_list":{"0":"post-12682","1":"product","2":"type-product","3":"status-publish","4":"has-post-thumbnail","6":"product_cat-collections","7":"product_cat-en-balade","8":"product_cat-initiale","9":"product_cat-lange-initiale","10":"product_cat-lange-en-balade","11":"product_cat-lange","12":"product_cat-tous-les-produits","13":"product_cat-repas","14":"product_cat-occasions-speciales","15":"product_cat-naissance","16":"product_cat-bapteme","17":"product_tag-accessoire","18":"product_tag-univers-bebe","19":"product_shipping_class-lettre-suivie","21":"first","22":"instock","23":"shipping-taxable","24":"purchasable","25":"product-type-simple"},"exclude_global_add_ons":true,"addons":[{"name":"Initiale","type":"custom_text","position":0,"required":false,"title_format":"heading","default":"","description_enable":false,"description":"Vous pouvez choisir un motif de broderie et\/ou un texte de votre choix (pr\u00e9nom, date, coordonn\u00e9es gps, mensurations naissance\u2026) ainsi que les couleurs des fils et les renseigner ci-dessous :","placeholder_enable":false,"placeholder":"","display":"select","restrictions_type":"any_text","adjust_price":false,"price":"","price_type":"flat_fee","restrictions":false,"min":"0","max":"0","options":[],"id":1701210318},{"name":"Pr\u00e9nom","type":"custom_text","position":1,"required":false,"title_format":"heading","default":"","description_enable":false,"description":"","placeholder_enable":false,"placeholder":"","display":"select","restrictions_type":"any_text","adjust_price":false,"price":"","price_type":"flat_fee","restrictions":false,"min":"0","max":"0","options":[],"id":1701210319},{"name":"Date","type":"custom_text","position":2,"required":false,"title_format":"heading","default":"","description_enable":false,"description":"","placeholder_enable":false,"placeholder":"","display":"select","restrictions_type":"any_text","adjust_price":false,"price":"","price_type":"flat_fee","restrictions":false,"min":"0","max":"0","options":[],"id":1701210320},{"name":"Bapt\u00eame de","type":"checkbox","position":3,"required":false,"title_format":"heading","default":"","description_enable":true,"description":"Indiquez si vous souhaitez broder \u00ab Bapt\u00eame de \u00bb sur le lange :","placeholder_enable":false,"placeholder":"","display":"select","restrictions_type":"any_text","adjust_price":false,"price":"","price_type":"flat_fee","restrictions":false,"min":"0","max":"0","options":[{"label":"Sans \"Bapt\u00eame de\"","price":"","price_type":"flat_fee","image":0,"visibility":true},{"label":"Avec \"Bapt\u00eame de\"","price":"","price_type":"flat_fee","image":0,"visibility":true}],"id":1738336004},{"name":"Police du pr\u00e9nom","type":"multiple_choice","position":4,"required":false,"title_format":"heading","default":"","description_enable":true,"description":"Par d\u00e9faut, le pr\u00e9nom est brod\u00e9 en typo \"Ambre\". Indiquez ici si vous souhaitez une autre police :","placeholder_enable":false,"placeholder":"","display":"images","restrictions_type":"any_text","adjust_price":false,"price":"","price_type":"flat_fee","restrictions":false,"min":"0","max":"0","options":[{"label":"Police Ambre","price":"","price_type":"flat_fee","image":9444,"visibility":true},{"label":"Police Cursive","price":"","price_type":"flat_fee","image":8151,"visibility":true},{"label":"Police Halo","price":"","price_type":"flat_fee","image":8152,"visibility":true},{"label":"Police Madeline","price":"","price_type":"flat_fee","image":8153,"visibility":true},{"label":"Police C\u00e9leste","price":"","price_type":"flat_fee","image":8150,"visibility":true},{"label":"Police Tessa","price":"","price_type":"flat_fee","image":8156,"visibility":true},{"label":"Police Ang\u00e9lina","price":"","price_type":"flat_fee","image":8148,"visibility":true},{"label":"Police Aria","price":"","price_type":"flat_fee","image":8149,"visibility":true}],"id":1738336347},{"name":"Couleur des fils","type":"custom_text","position":5,"required":false,"title_format":"heading","default":"","description_enable":true,"description":"Le lange est r\u00e9alis\u00e9 avec les m\u00eames fils que les photos ci-contre. Indiquez ici si vous souhaitez apporter une modification aux nuances de couleurs (Initiale et\/ou Pr\u00e9nom) :","placeholder_enable":false,"placeholder":"","display":"select","restrictions_type":"any_text","adjust_price":false,"price":"","price_type":"flat_fee","restrictions":false,"min":"0","max":"0","options":[],"id":1701210321},{"name":"Broderie suppl\u00e9mentaire","type":"custom_text","position":6,"required":false,"title_format":"heading","default":"","description_enable":true,"description":"Broderie ajout\u00e9e dans le coin du lange oppos\u00e9 \u00e0 la broderie principale :\r\n- Coordonn\u00e9es GPS : brod\u00e9es dans un coin du lange (merci de me donner l'adresse d\u00e9sir\u00e9e)\r\n- Message, initiales, mots, phrase,...\r\n- Symbole, motif,...","placeholder_enable":false,"placeholder":"","display":"select","restrictions_type":"any_text","adjust_price":true,"price":"10","price_type":"quantity_based","restrictions":false,"min":"0","max":"0","options":[],"id":1701210322},{"name":"Autres pr\u00e9cisions","type":"custom_textarea","position":7,"required":false,"title_format":"heading","default":"","description_enable":true,"description":"Si vous n\u2019avez pas pu renseigner toutes les options, si vous h\u00e9sitez et avez besoin de conseils, si vous recherchez un tissu ou un motif de broderie qui ne figurent pas dans l\u2019onglet personnalisation, ou pour toute autre demande compl\u00e9mentaire, je vous invite \u00e0 noter votre demande ci-dessous.\r\nDans tous les cas, je vous contacterai pour d\u00e9finir ou finaliser les personnalisations.","placeholder_enable":false,"placeholder":"","display":"select","restrictions_type":"any_text","adjust_price":false,"price":"","price_type":"flat_fee","restrictions":false,"min":"0","max":"0","options":[],"id":1701210323}],"_links":{"self":[{"href":"https:\/\/cecile-delachaux.fr\/index.php\/wp-json\/wp\/v2\/product\/12682","targetHints":{"allow":["GET"]}}],"collection":[{"href":"https:\/\/cecile-delachaux.fr\/index.php\/wp-json\/wp\/v2\/product"}],"about":[{"href":"https:\/\/cecile-delachaux.fr\/index.php\/wp-json\/wp\/v2\/types\/product"}],"wp:featuredmedia":[{"embeddable":true,"href":"https:\/\/cecile-delachaux.fr\/index.php\/wp-json\/wp\/v2\/media\/12684"}],"wp:attachment":[{"href":"https:\/\/cecile-delachaux.fr\/index.php\/wp-json\/wp\/v2\/media?parent=12682"}],"wp:term":[{"taxonomy":"product_brand","embeddable":true,"href":"https:\/\/cecile-delachaux.fr\/index.php\/wp-json\/wp\/v2\/product_brand?post=12682"},{"taxonomy":"product_cat","embeddable":true,"href":"https:\/\/cecile-delachaux.fr\/index.php\/wp-json\/wp\/v2\/product_cat?post=12682"},{"taxonomy":"product_tag","embeddable":true,"href":"https:\/\/cecile-delachaux.fr\/index.php\/wp-json\/wp\/v2\/product_tag?post=12682"}],"curies":[{"name":"wp","href":"https:\/\/api.w.org\/{rel}","templated":true}]}}