
{"id":12999,"date":"2025-02-06T22:04:08","date_gmt":"2025-02-06T21:04:08","guid":{"rendered":"https:\/\/cecile-delachaux.fr\/?post_type=product&#038;p=12999"},"modified":"2025-02-06T22:13:01","modified_gmt":"2025-02-06T21:13:01","slug":"lange-couronne-fleurs-boho-printemps","status":"publish","type":"product","link":"https:\/\/cecile-delachaux.fr\/index.php\/produit\/lange-couronne-fleurs-boho-printemps\/","title":{"rendered":"Lange couronne fleurs boho printemps"},"content":{"rendered":"<p>Grand lange en double gaze de coton blanc certifi\u00e9 Oeko-tex Standard 100.<\/p>\n<p>Il est enti\u00e8rement personnalisable et unique. Vous choisissez le motif de broderie et les couleurs de fils. Vous pouvez ajouter un pr\u00e9nom, la date de bapt\u00eame, une phrase,&#8230;<\/p>\n<p>Brod\u00e9 du pr\u00e9nom et de la date du bapt\u00eame du b\u00e9b\u00e9, le lange personnalis\u00e9 est un cadeau de bapt\u00eame tr\u00e8s appr\u00e9ci\u00e9 des jeunes parents.<\/p>\n<p>Il restera un joli souvenir du jour du bapt\u00eame de b\u00e9b\u00e9.<\/p>\n<p>Lors du bapt\u00eame, il peut \u00eatre utilis\u00e9 au moment de la remise du v\u00eatement blanc.<\/p>\n<p>Le d\u00e9lai de confection standard est de 30 jours. Lors de validation de votre panier, ce d\u00e9lai peut \u00eatre r\u00e9duit \u00e0 15 jours (avec un surco\u00fbt de 20%).<\/p>\n<p>Je reste \u00e0 votre disposition pour vous conseiller.<\/p>\n<p>N\u2019h\u00e9sitez pas \u00e0 me contacter directement si vous avez des questions.<\/p>\n","protected":false},"excerpt":{"rendered":"<p>Il est r\u00e9alis\u00e9e sur commande et est enti\u00e8rement personnalisable avec un motif de broderie au choix , un pr\u00e9nom, une date de naissance ou de bapt\u00eame&#8230;<\/p>\n<p>En option : la bordure du lange peut \u00eatre brod\u00e9e de petits motifs ou de mots \/ phrase.<\/p>\n<p>Choisissez les motifs de broderie dans l\u2019onglet \u00ab Personnalisation \u00bb et indiquez les r\u00e9f\u00e9rences dans les champs pr\u00e9vus ci-dessous :<\/p>\n","protected":false},"featured_media":13004,"template":"","meta":[],"product_brand":[],"product_cat":[15,105,109,107],"product_tag":[],"class_list":{"0":"post-12999","1":"product","2":"type-product","3":"status-publish","4":"has-post-thumbnail","6":"product_cat-tous-les-produits","7":"product_cat-occasions-speciales","8":"product_cat-naissance","9":"product_cat-bapteme","10":"product_shipping_class-lettre-suivie","12":"first","13":"instock","14":"shipping-taxable","15":"purchasable","16":"product-type-simple"},"exclude_global_add_ons":true,"addons":[{"name":"Choix du texte brod\u00e9","type":"custom_textarea","position":0,"required":false,"title_format":"heading","default":"","description_enable":true,"description":"Choisissez un texte de votre choix (pr\u00e9nom, date\u2026) :","placeholder_enable":false,"placeholder":"","display":"select","restrictions_type":"any_text","adjust_price":false,"price":"","price_type":"flat_fee","restrictions":false,"min":"0","max":"0","options":[],"id":1713656875},{"name":"Police de caract\u00e8re","type":"custom_text","position":1,"required":false,"title_format":"heading","default":"","description_enable":true,"description":"Vous pouvez choisir une police de broderie dans la rubrique personnalisation et les indiquer ici :","placeholder_enable":false,"placeholder":"","display":"select","restrictions_type":"any_text","adjust_price":false,"price":"","price_type":"flat_fee","restrictions":false,"min":"0","max":"0","options":[],"id":1713656876},{"name":"Couleur des fils","type":"custom_text","position":2,"required":false,"title_format":"heading","default":"","description_enable":true,"description":"Vous pouvez choisir les nuances de fils dans la rubrique personnalisation et les indiquer ici :","placeholder_enable":false,"placeholder":"","display":"select","restrictions_type":"any_text","adjust_price":false,"price":"","price_type":"flat_fee","restrictions":false,"min":"0","max":"0","options":[],"id":1713656877},{"name":"Broderie suppl\u00e9mentaire","type":"custom_text","position":3,"required":false,"title_format":"heading","default":"","description_enable":true,"description":"Broderie ajout\u00e9e dans le coin du lange oppos\u00e9 \u00e0 la broderie principale :\r\n\u2013 Coordonn\u00e9es GPS : brod\u00e9es dans un coin du lange (merci de me donner l\u2019adresse d\u00e9sir\u00e9e)\r\n\u2013 Message, initiales, mots, phrase,\u2026\r\n\u2013 Symbole, motif,\u2026","placeholder_enable":false,"placeholder":"","display":"select","restrictions_type":"any_text","adjust_price":true,"price":"10","price_type":"quantity_based","restrictions":false,"min":"0","max":"0","options":[],"id":1713656878},{"name":"Autres pr\u00e9cisions","type":"custom_textarea","position":4,"required":false,"title_format":"heading","default":"","description_enable":true,"description":"Si vous n\u2019avez pas pu renseigner toutes les options, si vous h\u00e9sitez et avez besoin de conseils, si vous recherchez un tissu ou un motif de broderie qui ne figurent pas dans l\u2019onglet personnalisation, ou pour toute autre demande compl\u00e9mentaire, je vous invite \u00e0 noter votre demande ci-dessous.\r\nDans tous les cas, je vous contacterai pour d\u00e9finir ou finaliser les personnalisations.","placeholder_enable":false,"placeholder":"","display":"select","restrictions_type":"any_text","adjust_price":false,"price":"","price_type":"flat_fee","restrictions":false,"min":"0","max":"0","options":[],"id":1713656880}],"_links":{"self":[{"href":"https:\/\/cecile-delachaux.fr\/index.php\/wp-json\/wp\/v2\/product\/12999","targetHints":{"allow":["GET"]}}],"collection":[{"href":"https:\/\/cecile-delachaux.fr\/index.php\/wp-json\/wp\/v2\/product"}],"about":[{"href":"https:\/\/cecile-delachaux.fr\/index.php\/wp-json\/wp\/v2\/types\/product"}],"wp:featuredmedia":[{"embeddable":true,"href":"https:\/\/cecile-delachaux.fr\/index.php\/wp-json\/wp\/v2\/media\/13004"}],"wp:attachment":[{"href":"https:\/\/cecile-delachaux.fr\/index.php\/wp-json\/wp\/v2\/media?parent=12999"}],"wp:term":[{"taxonomy":"product_brand","embeddable":true,"href":"https:\/\/cecile-delachaux.fr\/index.php\/wp-json\/wp\/v2\/product_brand?post=12999"},{"taxonomy":"product_cat","embeddable":true,"href":"https:\/\/cecile-delachaux.fr\/index.php\/wp-json\/wp\/v2\/product_cat?post=12999"},{"taxonomy":"product_tag","embeddable":true,"href":"https:\/\/cecile-delachaux.fr\/index.php\/wp-json\/wp\/v2\/product_tag?post=12999"}],"curies":[{"name":"wp","href":"https:\/\/api.w.org\/{rel}","templated":true}]}}