
{"id":13601,"date":"2025-03-21T11:40:49","date_gmt":"2025-03-21T10:40:49","guid":{"rendered":"https:\/\/cecile-delachaux.fr\/?post_type=product&#038;p=13601"},"modified":"2025-03-27T21:16:12","modified_gmt":"2025-03-27T20:16:12","slug":"ecusson-patch-coeur-leopard-a-personnaliser","status":"publish","type":"product","link":"https:\/\/cecile-delachaux.fr\/index.php\/produit\/ecusson-patch-coeur-leopard-a-personnaliser\/","title":{"rendered":"\u00c9cusson \/ Patch c\u0153ur l\u00e9opard \u201c\u00e0 personnaliser&#8221;"},"content":{"rendered":"<p>\u00c9cusson\/Patch brod\u00e9 thermocollant pour personnaliser librement vos pi\u00e8ces textiles pr\u00e9f\u00e9r\u00e9es !<\/p>\n<p>A poser sur vos v\u00eatements, sac en tissu, trousse\u2026<\/p>\n<p>La pose\u00a0:<br \/>\n\u2022 \u00c9tape 1\u00a0: Assurez-vous que votre tissu soit bien \u00e0 plat. Posez l\u2019\u00e9cusson face collante \u00e0 l\u2019emplacement de votre choix et appuyez avec vos doigts pour le fixer sur le textile.<br \/>\n\u2022 \u00c9tape 2\u00a0: Retournez le textile \u00e0 l\u2019envers en faisant attention \u00e0 ne pas d\u00e9tacher l\u2019\u00e9cusson car ce dernier n\u2019est pas encore compl\u00e8tement fix\u00e9. Repassez \u00e0 2 points, sans vapeur, en appuyant fortement pendant 20 secondes du c\u00f4t\u00e9 du tissu.<br \/>\n\u2022 \u00c9tape 3\u00a0: Laissez le tissu refroidir. Votre pi\u00e8ce est personnalis\u00e9e\u00a0!<\/p>\n<p>Informations\u00a0:<br \/>\n\u2022 r\u00e9sistant au lavable en machine jusqu\u2019\u00e0 40 \u00b0C.<br \/>\n\u2022 attendez de pr\u00e9f\u00e9rence 48 heures avant utilisation pour atteindre la pleine puissance d&#8217;adh\u00e9sion.<br \/>\n\u2022 la colle se r\u00e9active \u00e0 chaque repassage au fer.<br \/>\n\u2022 assurez-vous que le tissu peut supporter les temp\u00e9ratures de repassage.<\/p>\n<p>Si vous souhaitez commander plusieurs patchs identiques, le prix est d\u00e9gressif en fonction de la quantit\u00e9, contactez-moi directement pour avoir un devis.<\/p>\n<div class=\"column-right\">\n<p>Pour toute demande de cr\u00e9ation d&#8217;\u00e9cusson sur-mesure, contactez-moi directement par e-mail \ud83d\ude09<\/p>\n<\/div>\n<p>Le d\u00e9lai de confection standard est de 30 jours. Lors de validation de votre panier, ce d\u00e9lai peut \u00eatre r\u00e9duit \u00e0 15 jours (avec un surco\u00fbt de 20%).<\/p>\n<p>Je reste \u00e0 votre disposition pour vous conseiller.<\/p>\n<p>N\u2019h\u00e9sitez pas \u00e0 me contacter directement si vous avez des questions.<\/p>\n<p>&nbsp;<\/p>\n","protected":false},"excerpt":{"rendered":"<div class=\"woocommerce-product-details__short-description\">\n<p>L&#8217;\u00e9cusson est brod\u00e9 sur commande et est enti\u00e8rement personnalisable.<\/p>\n<\/div>\n","protected":false},"featured_media":13631,"template":"","meta":[],"product_brand":[],"product_cat":[275,15],"product_tag":[],"class_list":{"0":"post-13601","1":"product","2":"type-product","3":"status-publish","4":"has-post-thumbnail","6":"product_cat-leopard","7":"product_cat-tous-les-produits","8":"product_shipping_class-colis","10":"first","11":"instock","12":"shipping-taxable","13":"purchasable","14":"product-type-simple"},"exclude_global_add_ons":true,"addons":[{"name":"Choix du texte","type":"custom_text","position":0,"required":false,"title_format":"heading","default":"","description_enable":false,"description":"Pr\u00e9nom(s), surnom(s), mot(s), date(s)...","placeholder_enable":true,"placeholder":"Pr\u00e9nom(s), surnom(s), mot(s), date(s)...","display":"select","restrictions_type":"any_text","adjust_price":false,"price":"","price_type":"flat_fee","restrictions":false,"min":"0","max":"0","options":[],"id":1737372852},{"name":"Couleur du fil","type":"custom_text","position":1,"required":false,"title_format":"heading","default":"","description_enable":true,"description":"Vous pouvez choisir la couleur du fil de broderie dans l\u2019onglet \u00ab Personnalisation \u00bb :","placeholder_enable":true,"placeholder":"Indiquez la nuance de couleur que vous souhaiteriez","display":"select","restrictions_type":"any_text","adjust_price":false,"price":"","price_type":"flat_fee","restrictions":false,"min":"0","max":"0","options":[],"id":1668971743},{"name":"Pr\u00e9cisions","type":"custom_textarea","position":2,"required":false,"title_format":"heading","default":"","description_enable":true,"description":"Si vous h\u00e9sitez et avez besoin de conseils, ou pour toute autre demande compl\u00e9mentaire, je vous invite \u00e0 noter votre demande ci-dessous ou \u00e0 me contacter avant votre commande.\r\nDans tous les cas, je vous contacterai pour d\u00e9finir ou finaliser les personnalisations.","placeholder_enable":false,"placeholder":"","display":"select","restrictions_type":"any_text","adjust_price":false,"price":"","price_type":"flat_fee","restrictions":false,"min":"0","max":"0","options":[],"id":1668971746}],"_links":{"self":[{"href":"https:\/\/cecile-delachaux.fr\/index.php\/wp-json\/wp\/v2\/product\/13601","targetHints":{"allow":["GET"]}}],"collection":[{"href":"https:\/\/cecile-delachaux.fr\/index.php\/wp-json\/wp\/v2\/product"}],"about":[{"href":"https:\/\/cecile-delachaux.fr\/index.php\/wp-json\/wp\/v2\/types\/product"}],"wp:featuredmedia":[{"embeddable":true,"href":"https:\/\/cecile-delachaux.fr\/index.php\/wp-json\/wp\/v2\/media\/13631"}],"wp:attachment":[{"href":"https:\/\/cecile-delachaux.fr\/index.php\/wp-json\/wp\/v2\/media?parent=13601"}],"wp:term":[{"taxonomy":"product_brand","embeddable":true,"href":"https:\/\/cecile-delachaux.fr\/index.php\/wp-json\/wp\/v2\/product_brand?post=13601"},{"taxonomy":"product_cat","embeddable":true,"href":"https:\/\/cecile-delachaux.fr\/index.php\/wp-json\/wp\/v2\/product_cat?post=13601"},{"taxonomy":"product_tag","embeddable":true,"href":"https:\/\/cecile-delachaux.fr\/index.php\/wp-json\/wp\/v2\/product_tag?post=13601"}],"curies":[{"name":"wp","href":"https:\/\/api.w.org\/{rel}","templated":true}]}}