
{"id":13752,"date":"2025-04-01T10:53:52","date_gmt":"2025-04-01T08:53:52","guid":{"rendered":"https:\/\/cecile-delachaux.fr\/?post_type=product&#038;p=13752"},"modified":"2025-11-18T14:30:52","modified_gmt":"2025-11-18T13:30:52","slug":"t-shirt-sans-manches-adultes-ados-revers-manche-danse-copie","status":"publish","type":"product","link":"https:\/\/cecile-delachaux.fr\/index.php\/produit\/t-shirt-sans-manches-adultes-ados-revers-manche-danse-copie\/","title":{"rendered":"T-SHIRT sans manches ADULTES \/ ADOS CROP Top Danse"},"content":{"rendered":"<p>T-shirt sans manches manches.<\/p>\n<p>Coupe : Crop top<\/p>\n<p>Tailles :<\/p>\n<div class=\"column-right\">\n<ul class=\"details\">\n<li>XS<\/li>\n<li>S<\/li>\n<li>M<\/li>\n<li>L<\/li>\n<li>XL<\/li>\n<\/ul>\n<p>Composition : 93% coton \/ 7% \u00e9lasthanne<\/p>\n<p>Certificats : OEKO-TEX\u00ae STANDARD 100<\/p>\n<\/div>\n<p>Je reste \u00e0 votre disposition pour vous conseiller.<\/p>\n<p>N\u2019h\u00e9sitez pas \u00e0 me contacter directement si vous avez des questions.<\/p>\n<p>&nbsp;<\/p>\n","protected":false},"excerpt":{"rendered":"<div class=\"woocommerce-product-details__short-description\">\n<p>Le t-shirt est brod\u00e9 sur commande pour les \u00e9l\u00e8ves et profs de l&#8217;\u00e9cole de danse du Busca. Il est personnalisable. Par d\u00e9faut le t-shirt est brod\u00e9 avec la danseuse devant et &#8220;\u00c9cole de danse du Busca&#8221; au dos.<\/p>\n<\/div>\n","protected":false},"featured_media":14597,"template":"","meta":[],"product_brand":[],"product_cat":[278],"product_tag":[],"class_list":{"0":"post-13752","1":"product","2":"type-product","3":"status-publish","4":"has-post-thumbnail","6":"product_cat-ecole-de-danse-du-busca","7":"product_shipping_class-lettre-suivie","9":"first","10":"instock","11":"shipping-taxable","12":"purchasable","13":"product-type-variable"},"exclude_global_add_ons":true,"addons":[{"name":"Pr\u00e9nom","type":"multiple_choice","position":0,"required":true,"title_format":"heading","default":"","description_enable":false,"description":"","placeholder_enable":false,"placeholder":"","display":"select","restrictions_type":"any_text","adjust_price":false,"price":"","price_type":"flat_fee","restrictions":false,"min":"0","max":"0","options":[{"label":"Avec Pr\u00e9nom sous la danseuse","price":"","price_type":"flat_fee","image":0,"visibility":true},{"label":"Sans Pr\u00e9nom sous la danseuse","price":"","price_type":"flat_fee","image":0,"visibility":true},{"label":"Sans la danseuse","price":"","price_type":"flat_fee","image":0,"visibility":true},{"label":"Pr\u00e9nom seul","price":"","price_type":"flat_fee","image":0,"visibility":true}],"id":1739316216},{"name":"Pr\u00e9nom","type":"custom_text","position":1,"required":false,"title_format":"hide","default":"","description_enable":false,"description":"Indiquez le mot \/ pr\u00e9nom \/ surnom \/ date \/ initiale de votre choix :","placeholder_enable":true,"placeholder":"Indiquez le pr\u00e9nom ici","display":"select","restrictions_type":"any_text","adjust_price":false,"price":"","price_type":"flat_fee","restrictions":false,"min":"0","max":"0","options":[],"id":1714690948},{"name":"Pr\u00e9cisions","type":"custom_textarea","position":2,"required":false,"title_format":"heading","default":"","description_enable":true,"description":"Si vous h\u00e9sitez et avez besoin de conseils, ou pour toute autre demande compl\u00e9mentaire, je vous invite \u00e0 noter votre demande ci-dessous ou \u00e0 me contacter avant votre commande.\r\nDans tous les cas, je vous contacterai pour d\u00e9finir ou finaliser les personnalisations.","placeholder_enable":false,"placeholder":"","display":"select","restrictions_type":"any_text","adjust_price":false,"price":"","price_type":"flat_fee","restrictions":false,"min":"0","max":"0","options":[],"id":1714690952}],"_links":{"self":[{"href":"https:\/\/cecile-delachaux.fr\/index.php\/wp-json\/wp\/v2\/product\/13752","targetHints":{"allow":["GET"]}}],"collection":[{"href":"https:\/\/cecile-delachaux.fr\/index.php\/wp-json\/wp\/v2\/product"}],"about":[{"href":"https:\/\/cecile-delachaux.fr\/index.php\/wp-json\/wp\/v2\/types\/product"}],"wp:featuredmedia":[{"embeddable":true,"href":"https:\/\/cecile-delachaux.fr\/index.php\/wp-json\/wp\/v2\/media\/14597"}],"wp:attachment":[{"href":"https:\/\/cecile-delachaux.fr\/index.php\/wp-json\/wp\/v2\/media?parent=13752"}],"wp:term":[{"taxonomy":"product_brand","embeddable":true,"href":"https:\/\/cecile-delachaux.fr\/index.php\/wp-json\/wp\/v2\/product_brand?post=13752"},{"taxonomy":"product_cat","embeddable":true,"href":"https:\/\/cecile-delachaux.fr\/index.php\/wp-json\/wp\/v2\/product_cat?post=13752"},{"taxonomy":"product_tag","embeddable":true,"href":"https:\/\/cecile-delachaux.fr\/index.php\/wp-json\/wp\/v2\/product_tag?post=13752"}],"curies":[{"name":"wp","href":"https:\/\/api.w.org\/{rel}","templated":true}]}}