
{"id":13935,"date":"2025-04-01T16:50:12","date_gmt":"2025-04-01T14:50:12","guid":{"rendered":"https:\/\/cecile-delachaux.fr\/?post_type=product&#038;p=13935"},"modified":"2025-04-02T15:25:42","modified_gmt":"2025-04-02T13:25:42","slug":"cache-coeur-enfants-danse","status":"publish","type":"product","link":"https:\/\/cecile-delachaux.fr\/index.php\/produit\/cache-coeur-enfants-danse\/","title":{"rendered":"CACHE-COEUR ENFANTS \/ ADOS Danse"},"content":{"rendered":"<p>Cache-coeur manches longues.<\/p>\n<p>Tailles :<\/p>\n<div class=\"column-right\">\n<ul class=\"details\">\n<li style=\"list-style-type: none;\">\n<ul class=\"details\">\n<li>4\/5 ans (103\/112cm)<\/li>\n<li>5\/6 ans (113\/122cm)<\/li>\n<li>7\/8 ans ( 123\/130cm)<\/li>\n<li>8\/9 ans (131\/140cm)<\/li>\n<li>10\/11 ans (141\/148cm)<\/li>\n<li>12\/13 ans (149\/159cm)<\/li>\n<li>14\/15 ana (160\/166cm)<\/li>\n<\/ul>\n<\/li>\n<\/ul>\n<p>Composition : 100% Polyester<\/p>\n<\/div>\n<p>Je reste \u00e0 votre disposition pour vous conseiller.<\/p>\n<p>N\u2019h\u00e9sitez pas \u00e0 me contacter directement si vous avez des questions.<\/p>\n<p>&nbsp;<\/p>\n","protected":false},"excerpt":{"rendered":"<div class=\"woocommerce-product-details__short-description\">\n<p>Le t-shirt est brod\u00e9 sur commande pour les \u00e9l\u00e8ves et profs de l&#8217;\u00e9cole de danse du Busca. Il est personnalisable. Par d\u00e9faut le t-shirt est brod\u00e9 avec la danseuse devant et &#8220;\u00c9cole de danse du Busca&#8221; au dos.<\/p>\n<\/div>\n","protected":false},"featured_media":13942,"template":"","meta":[],"product_brand":[],"product_cat":[278],"product_tag":[],"class_list":{"0":"post-13935","1":"product","2":"type-product","3":"status-publish","4":"has-post-thumbnail","6":"product_cat-ecole-de-danse-du-busca","7":"product_shipping_class-lettre-suivie","9":"first","10":"instock","11":"shipping-taxable","12":"purchasable","13":"product-type-variable"},"exclude_global_add_ons":true,"addons":[{"name":"Pr\u00e9nom","type":"multiple_choice","position":0,"required":true,"title_format":"heading","default":"","description_enable":false,"description":"","placeholder_enable":false,"placeholder":"","display":"select","restrictions_type":"any_text","adjust_price":false,"price":"","price_type":"flat_fee","restrictions":false,"min":"0","max":"0","options":[{"label":"Avec Pr\u00e9nom sous la danseuse","price":"","price_type":"flat_fee","image":0,"visibility":true},{"label":"Sans Pr\u00e9nom sous la danseuse","price":"","price_type":"flat_fee","image":0,"visibility":true},{"label":"Sans la danseuse","price":"","price_type":"flat_fee","image":0,"visibility":true},{"label":"Pr\u00e9nom seul","price":"","price_type":"flat_fee","image":0,"visibility":true}],"id":1739316216},{"name":"Pr\u00e9nom","type":"custom_text","position":1,"required":false,"title_format":"hide","default":"","description_enable":false,"description":"Indiquez le mot \/ pr\u00e9nom \/ surnom \/ date \/ initiale de votre choix :","placeholder_enable":true,"placeholder":"Indiquez le pr\u00e9nom ici","display":"select","restrictions_type":"any_text","adjust_price":false,"price":"","price_type":"flat_fee","restrictions":false,"min":"0","max":"0","options":[],"id":1714690948},{"name":"Pr\u00e9cisions","type":"custom_textarea","position":2,"required":false,"title_format":"heading","default":"","description_enable":true,"description":"Si vous h\u00e9sitez et avez besoin de conseils, ou pour toute autre demande compl\u00e9mentaire, je vous invite \u00e0 noter votre demande ci-dessous ou \u00e0 me contacter avant votre commande.\r\nDans tous les cas, je vous contacterai pour d\u00e9finir ou finaliser les personnalisations.","placeholder_enable":false,"placeholder":"","display":"select","restrictions_type":"any_text","adjust_price":false,"price":"","price_type":"flat_fee","restrictions":false,"min":"0","max":"0","options":[],"id":1714690952}],"_links":{"self":[{"href":"https:\/\/cecile-delachaux.fr\/index.php\/wp-json\/wp\/v2\/product\/13935","targetHints":{"allow":["GET"]}}],"collection":[{"href":"https:\/\/cecile-delachaux.fr\/index.php\/wp-json\/wp\/v2\/product"}],"about":[{"href":"https:\/\/cecile-delachaux.fr\/index.php\/wp-json\/wp\/v2\/types\/product"}],"wp:featuredmedia":[{"embeddable":true,"href":"https:\/\/cecile-delachaux.fr\/index.php\/wp-json\/wp\/v2\/media\/13942"}],"wp:attachment":[{"href":"https:\/\/cecile-delachaux.fr\/index.php\/wp-json\/wp\/v2\/media?parent=13935"}],"wp:term":[{"taxonomy":"product_brand","embeddable":true,"href":"https:\/\/cecile-delachaux.fr\/index.php\/wp-json\/wp\/v2\/product_brand?post=13935"},{"taxonomy":"product_cat","embeddable":true,"href":"https:\/\/cecile-delachaux.fr\/index.php\/wp-json\/wp\/v2\/product_cat?post=13935"},{"taxonomy":"product_tag","embeddable":true,"href":"https:\/\/cecile-delachaux.fr\/index.php\/wp-json\/wp\/v2\/product_tag?post=13935"}],"curies":[{"name":"wp","href":"https:\/\/api.w.org\/{rel}","templated":true}]}}