
{"id":14167,"date":"2025-04-07T14:45:12","date_gmt":"2025-04-07T12:45:12","guid":{"rendered":"https:\/\/cecile-delachaux.fr\/?post_type=product&#038;p=14167"},"modified":"2025-05-22T23:46:30","modified_gmt":"2025-05-22T21:46:30","slug":"sweat-veste-zipee-a-capuche-adulte-broderie-fleurie-a-personnaliser","status":"publish","type":"product","link":"https:\/\/cecile-delachaux.fr\/index.php\/produit\/sweat-veste-zipee-a-capuche-adulte-broderie-fleurie-a-personnaliser\/","title":{"rendered":"Sweat veste zipp\u00e9e \u00e0 capuche adulte broderie fleurie \u201c\u00e0 personnaliser&#8221;"},"content":{"rendered":"<p>La broderie du sweat est enti\u00e8rement personnalisable.<\/p>\n<p>Tailles :<\/p>\n<div class=\"column-right\">\n<ul class=\"details\">\n<li>XS<\/li>\n<li>S<\/li>\n<li>M<\/li>\n<li>L<\/li>\n<li>XL<\/li>\n<li>XXL<\/li>\n<li>XXXL<\/li>\n<\/ul>\n<p>Conseil taille : le sweat taille normalement. La coupe femme taille pr\u00e8s du corps, si vous souhaitez un effet plus loose, prenez la taille au dessus ou prenez une coupe homme \ud83d\ude09<\/p>\n<p>Composition : <span class=\"bold\">100% coton peign\u00e9 organique certifi\u00e9 OCS<\/span><\/p>\n<\/div>\n<p>Le d\u00e9lai de confection standard est de 30 jours. Lors de validation de votre panier, ce d\u00e9lai peut \u00eatre r\u00e9duit \u00e0 15 jours (avec un surco\u00fbt de 20%).<\/p>\n<p>Je reste \u00e0 votre disposition pour vous conseiller.<\/p>\n<p>N\u2019h\u00e9sitez pas \u00e0 me contacter directement si vous avez des questions.<\/p>\n<p>&nbsp;<\/p>\n","protected":false},"excerpt":{"rendered":"<div class=\"woocommerce-product-details__short-description\">\n<p>Le sweat est brod\u00e9 sur commande et est enti\u00e8rement personnalisable.<\/p>\n<\/div>\n","protected":false},"featured_media":14185,"template":"","meta":[],"product_brand":[],"product_cat":[235,236,257,256,15,105,132,112,34],"product_tag":[],"class_list":{"0":"post-14167","1":"product","2":"type-product","3":"status-publish","4":"has-post-thumbnail","6":"product_cat-collections","7":"product_cat-initiale","8":"product_cat-sweat-vetement-accessoires","9":"product_cat-sweat","10":"product_cat-tous-les-produits","11":"product_cat-occasions-speciales","12":"product_cat-fete-des-meres","13":"product_cat-anniversaire","14":"product_cat-vetement-accessoires","15":"product_shipping_class-colis","17":"first","18":"instock","19":"shipping-taxable","20":"purchasable","21":"product-type-variable"},"exclude_global_add_ons":true,"addons":[{"name":"Couleur","type":"multiple_choice","position":0,"required":true,"title_format":"heading","default":"","description_enable":false,"description":"","placeholder_enable":false,"placeholder":"","display":"images","restrictions_type":"any_text","adjust_price":false,"price":"","price_type":"flat_fee","restrictions":false,"min":"0","max":"0","options":[{"label":"Blanc","price":"","price_type":"flat_fee","image":14019,"visibility":true},{"label":"Gris chin\u00e9","price":"","price_type":"flat_fee","image":14023,"visibility":true},{"label":"Noir","price":"","price_type":"flat_fee","image":14024,"visibility":true},{"label":"Bleu marine","price":"","price_type":"flat_fee","image":14020,"visibility":true},{"label":"Bleu \u00e9lectrique","price":"","price_type":"flat_fee","image":14021,"visibility":true},{"label":"Ecru","price":"","price_type":"flat_fee","image":14022,"visibility":true},{"label":"Vert sauge","price":"","price_type":"flat_fee","image":14026,"visibility":true},{"label":"Rose poudr\u00e9","price":"","price_type":"flat_fee","image":14025,"visibility":true},{"label":"Bordeaux","price":"","price_type":"flat_fee","image":14190,"visibility":true},{"label":"Vert olive","price":"","price_type":"flat_fee","image":14191,"visibility":true}],"id":1668970981},{"name":"Option de broderie","type":"multiple_choice","position":1,"required":true,"title_format":"heading","default":"","description_enable":false,"description":"","placeholder_enable":false,"placeholder":"","display":"select","restrictions_type":"any_text","adjust_price":false,"price":"","price_type":"flat_fee","restrictions":false,"min":"0","max":"0","options":[{"label":"Initiale fleurie","price":"","price_type":"flat_fee","image":0,"visibility":true},{"label":"Initiale fleurie + suite du mot \u00e0 c\u00f4t\u00e9","price":"","price_type":"flat_fee","image":0,"visibility":true},{"label":"Initiale fleurie + mot dessous","price":"","price_type":"flat_fee","image":0,"visibility":true},{"label":"Mot fleuri","price":"10","price_type":"quantity_based","image":0,"visibility":true},{"label":"Mot fleuri + mot\/symbole\/date\/courte phrase dessous","price":"10","price_type":"quantity_based","image":0,"visibility":true},{"label":"Autre","price":"","price_type":"flat_fee","image":0,"visibility":true}],"id":1695292767},{"name":"Broderie alphabet fleuri","type":"custom_text","position":2,"required":false,"title_format":"heading","default":"","description_enable":true,"description":"Indiquez le(s) mot(s) ou date que vous souhaitez broder avec l'alphabet fleuri :","placeholder_enable":false,"placeholder":"","display":"select","restrictions_type":"any_text","adjust_price":false,"price":"","price_type":"flat_fee","restrictions":false,"min":"0","max":"0","options":[],"id":1668970982},{"name":"Couleur des fils de broderie","type":"custom_text","position":3,"required":false,"title_format":"hide","default":"","description_enable":true,"description":"Nuances de couleurs du mot fleuri :","placeholder_enable":false,"placeholder":"","display":"select","restrictions_type":"any_text","adjust_price":true,"price":"","price_type":"flat_fee","restrictions":false,"min":"0","max":"0","options":[],"id":1668970983},{"name":"Position de la broderie","type":"multiple_choice","position":4,"required":false,"title_format":"hide","default":"","description_enable":true,"description":"Position de la broderie :","placeholder_enable":false,"placeholder":"","display":"select","restrictions_type":"any_text","adjust_price":false,"price":"","price_type":"flat_fee","restrictions":false,"min":"0","max":"0","options":[{"label":"Poitrine (c\u00f4t\u00e9 coeur)","price":"","price_type":"flat_fee","image":0,"visibility":true},{"label":"Poitrine (milieu)","price":"","price_type":"flat_fee","image":0,"visibility":true},{"label":"Dos (cou)","price":"","price_type":"flat_fee","image":0,"visibility":true},{"label":"Dos (milieu)","price":"","price_type":"flat_fee","image":0,"visibility":true},{"label":"Autre","price":"","price_type":"flat_fee","image":0,"visibility":true}],"id":1668970984},{"name":"Autre","type":"custom_text","position":5,"required":false,"title_format":"hide","default":"","description_enable":true,"description":"Si vous avez choisi \"autre\", merci de renseigner ici l'endroit o\u00f9 vous souhaiteriez placer la broderie :","placeholder_enable":false,"placeholder":"","display":"select","restrictions_type":"any_text","adjust_price":false,"price":"","price_type":"flat_fee","restrictions":false,"min":"0","max":"0","options":[],"id":1668970985},{"name":"Broderie secondaire","type":"multiple_choice","position":6,"required":false,"title_format":"heading","default":"","description_enable":true,"description":"Emplacement par rapport \u00e0 la broderie fleurie :","placeholder_enable":false,"placeholder":"","display":"select","restrictions_type":"any_text","adjust_price":false,"price":"","price_type":"flat_fee","restrictions":false,"min":"0","max":"0","options":[{"label":"Au-dessus de la broderie fleurie","price":"","price_type":"flat_fee","image":0,"visibility":true},{"label":"Sur la broderie fleurie","price":"","price_type":"flat_fee","image":0,"visibility":true},{"label":"Au-dessous de la broderie fleurie","price":"","price_type":"flat_fee","image":0,"visibility":true}],"id":1668970986},{"name":"Position","type":"multiple_choice","position":7,"required":false,"title_format":"hide","default":"","description_enable":true,"description":"Position par rapport \u00e0 la broderie fleurie :","placeholder_enable":false,"placeholder":"","display":"select","restrictions_type":"any_text","adjust_price":false,"price":"","price_type":"flat_fee","restrictions":false,"min":"0","max":"0","options":[{"label":"Centr\u00e9","price":"","price_type":"flat_fee","image":0,"visibility":true}],"id":1668970987},{"name":"Texte","type":"custom_text","position":8,"required":false,"title_format":"hide","default":"","description_enable":true,"description":"Indiquez le(s) pr\u00e9nom(s), mot(s), surnom(s), date(s),...\r\n\r\nPr\u00e9cisez le style de date : en chiffres (ex : 2022), lettres (ex : \"deux mille vingt-deux\") ou chiffres romains (ex : \"MMXXII\") et renseigner les s\u00e9parateurs si plusieurs dates (ex : \"2015 . 2018\", \"2015 - 2018\", \"2015 \/ 2018\", \"2015 &amp; 2018\")","placeholder_enable":false,"placeholder":"","display":"select","restrictions_type":"any_text","adjust_price":false,"price":"","price_type":"flat_fee","restrictions":false,"min":"0","max":"0","options":[],"id":1668970988},{"name":"Police","type":"custom_text","position":9,"required":false,"title_format":"hide","default":"","description_enable":true,"description":"Police d'\u00e9criture (cf. rubrique \"Personnalisation\") :","placeholder_enable":false,"placeholder":"","display":"select","restrictions_type":"any_text","adjust_price":false,"price":"","price_type":"flat_fee","restrictions":false,"min":"0","max":"0","options":[],"id":1668970989},{"name":"Couleur des fils","type":"custom_text","position":10,"required":false,"title_format":"hide","default":"","description_enable":true,"description":"Couleur du fils (cf. rubrique \"Personnalisation\") :","placeholder_enable":false,"placeholder":"","display":"select","restrictions_type":"any_text","adjust_price":false,"price":"","price_type":"flat_fee","restrictions":false,"min":"0","max":"0","options":[],"id":1668970990},{"name":"Broderie suppl\u00e9mentaire","type":"custom_text","position":11,"required":false,"title_format":"heading","default":"","description_enable":true,"description":"Broderie ajout\u00e9e sur une autre partie du sweat :\r\n- Pr\u00e9nom, nom,...\r\n- Message, initiales, mots, phrase,...\r\n- Coordonn\u00e9es GPS (merci de me donner l'adresse d\u00e9sir\u00e9e)\r\n- Symbole, motif,...\r\n\r\nIndiquez ici la broderie que vous souhaitez ajouter :","placeholder_enable":false,"placeholder":"","display":"select","restrictions_type":"any_text","adjust_price":true,"price":"10","price_type":"quantity_based","restrictions":false,"min":"0","max":"0","options":[],"id":1668970991},{"name":"Emplacement de la broderie suppl\u00e9mentaire","type":"custom_text","position":12,"required":false,"title_format":"hide","default":"","description_enable":true,"description":"Emplacement de la broderie suppl\u00e9mentaire :","placeholder_enable":false,"placeholder":"","display":"select","restrictions_type":"any_text","adjust_price":false,"price":"","price_type":"flat_fee","restrictions":false,"min":"0","max":"0","options":[],"id":1668970992},{"name":"Couleur des fils","type":"custom_text","position":13,"required":false,"title_format":"hide","default":"","description_enable":true,"description":"Couleur des fils :","placeholder_enable":false,"placeholder":"","display":"select","restrictions_type":"any_text","adjust_price":false,"price":"","price_type":"flat_fee","restrictions":false,"min":"0","max":"0","options":[],"id":1668970993},{"name":"Pr\u00e9cisions","type":"custom_textarea","position":14,"required":false,"title_format":"heading","default":"","description_enable":true,"description":"Si vous h\u00e9sitez et avez besoin de conseils, ou pour toute autre demande compl\u00e9mentaire, je vous invite \u00e0 noter votre demande ci-dessous ou \u00e0 me contacter avant votre commande.\r\nDans tous les cas, je vous contacterai pour d\u00e9finir ou finaliser les personnalisations.","placeholder_enable":false,"placeholder":"","display":"select","restrictions_type":"any_text","adjust_price":false,"price":"","price_type":"flat_fee","restrictions":false,"min":"0","max":"0","options":[],"id":1668970994}],"_links":{"self":[{"href":"https:\/\/cecile-delachaux.fr\/index.php\/wp-json\/wp\/v2\/product\/14167","targetHints":{"allow":["GET"]}}],"collection":[{"href":"https:\/\/cecile-delachaux.fr\/index.php\/wp-json\/wp\/v2\/product"}],"about":[{"href":"https:\/\/cecile-delachaux.fr\/index.php\/wp-json\/wp\/v2\/types\/product"}],"wp:featuredmedia":[{"embeddable":true,"href":"https:\/\/cecile-delachaux.fr\/index.php\/wp-json\/wp\/v2\/media\/14185"}],"wp:attachment":[{"href":"https:\/\/cecile-delachaux.fr\/index.php\/wp-json\/wp\/v2\/media?parent=14167"}],"wp:term":[{"taxonomy":"product_brand","embeddable":true,"href":"https:\/\/cecile-delachaux.fr\/index.php\/wp-json\/wp\/v2\/product_brand?post=14167"},{"taxonomy":"product_cat","embeddable":true,"href":"https:\/\/cecile-delachaux.fr\/index.php\/wp-json\/wp\/v2\/product_cat?post=14167"},{"taxonomy":"product_tag","embeddable":true,"href":"https:\/\/cecile-delachaux.fr\/index.php\/wp-json\/wp\/v2\/product_tag?post=14167"}],"curies":[{"name":"wp","href":"https:\/\/api.w.org\/{rel}","templated":true}]}}