
{"id":14553,"date":"2025-11-08T00:04:11","date_gmt":"2025-11-07T23:04:11","guid":{"rendered":"https:\/\/cecile-delachaux.fr\/?post_type=product&#038;p=14553"},"modified":"2025-11-08T00:12:07","modified_gmt":"2025-11-07T23:12:07","slug":"trousse-carre-a-personnaliser","status":"publish","type":"product","link":"https:\/\/cecile-delachaux.fr\/index.php\/produit\/trousse-carre-a-personnaliser\/","title":{"rendered":"Trousse carr\u00e9 &#8220;\u00e0 personnaliser&#8221;"},"content":{"rendered":"<p>La broderie de la trousse en coton est enti\u00e8rement personnalisable.<\/p>\n<div class=\"column-right\">\n<p>D\u00e9tails :<\/p>\n<ul>\n<li>100% coton. <span class=\"bold\">407g\/m.<\/span><\/li>\n<li>Multi-usage (trousse de toilette, trousse \u00e0 maquillage&#8230;)<\/li>\n<li>Fermeture zipp\u00e9e en m\u00e9tal<\/li>\n<li>Disponible en taille : 21 x 11 x 11 cm<\/li>\n<\/ul>\n<\/div>\n<p>Le d\u00e9lai de confection standard est de 30 jours. Lors de validation de votre panier, ce d\u00e9lai peut \u00eatre r\u00e9duit \u00e0 15 jours (avec un surco\u00fbt de 20%).<\/p>\n<p>Je reste \u00e0 votre disposition pour vous conseiller.<\/p>\n<p>N\u2019h\u00e9sitez pas \u00e0 me contacter directement si vous avez des questions.<\/p>\n<p>&nbsp;<\/p>\n","protected":false},"excerpt":{"rendered":"<p>La trousse est brod\u00e9e sur commande et est enti\u00e8rement personnalisable.<\/p>\n","protected":false},"featured_media":14554,"template":"","meta":[],"product_brand":[],"product_cat":[235,236,219,238,179,15,102,105,132,109,112],"product_tag":[],"class_list":{"0":"post-14553","1":"product","2":"type-product","3":"status-publish","4":"has-post-thumbnail","6":"product_cat-collections","7":"product_cat-initiale","8":"product_cat-pochon-pochette-et-trousse","9":"product_cat-trousse-initiale","10":"product_cat-trousse","11":"product_cat-tous-les-produits","12":"product_cat-rangements","13":"product_cat-occasions-speciales","14":"product_cat-fete-des-meres","15":"product_cat-naissance","16":"product_cat-anniversaire","17":"product_shipping_class-lettre-suivie","19":"first","20":"instock","21":"shipping-taxable","22":"purchasable","23":"product-type-simple"},"exclude_global_add_ons":true,"addons":[{"name":"Choix broderie","type":"multiple_choice","position":0,"required":false,"title_format":"heading","default":"","description_enable":false,"description":"","placeholder_enable":false,"placeholder":"","display":"select","restrictions_type":"any_text","adjust_price":false,"price":"","price_type":"flat_fee","restrictions":false,"min":"0","max":"0","options":[{"label":"Initiale fleurie","price":"","price_type":"flat_fee","image":0,"visibility":true},{"label":"Date fleurie","price":"5","price_type":"quantity_based","image":0,"visibility":true},{"label":"Pr\u00e9nom fleuri","price":"10","price_type":"quantity_based","image":0,"visibility":true}],"id":1718044401},{"name":"Initiale \/ Chiffre","type":"custom_text","position":1,"required":false,"title_format":"heading","default":"","description_enable":false,"description":"","placeholder_enable":false,"placeholder":"","display":"select","restrictions_type":"any_text","adjust_price":false,"price":"","price_type":"flat_fee","restrictions":false,"min":"0","max":"0","options":[],"id":1718044396},{"name":"Pr\u00e9nom \/ Mot","type":"custom_text","position":2,"required":false,"title_format":"heading","default":"","description_enable":false,"description":"","placeholder_enable":false,"placeholder":"","display":"select","restrictions_type":"any_text","adjust_price":false,"price":"","price_type":"flat_fee","restrictions":false,"min":"0","max":"0","options":[],"id":1718044397},{"name":"Couleur des fils de broderie","type":"custom_text","position":3,"required":false,"title_format":"heading","default":"","description_enable":true,"description":"Indiquez les nuances de couleurs que vous souhaiteriez :","placeholder_enable":false,"placeholder":"","display":"select","restrictions_type":"any_text","adjust_price":false,"price":"","price_type":"flat_fee","restrictions":false,"min":"0","max":"0","options":[],"id":1718044398},{"name":"Broderie suppl\u00e9mentaire","type":"custom_text","position":4,"required":false,"title_format":"heading","default":"","description_enable":true,"description":"Broderie ajout\u00e9e au verso de la trousse :\r\n- Coordonn\u00e9es GPS (merci de me donner l'adresse d\u00e9sir\u00e9e)\r\n- Message, initiales, mots, phrase,...\r\n- Symbole, motif,...","placeholder_enable":false,"placeholder":"","display":"select","restrictions_type":"any_text","adjust_price":true,"price":"10","price_type":"quantity_based","restrictions":false,"min":"0","max":"0","options":[],"id":1718044399},{"name":"Pr\u00e9cisions","type":"custom_textarea","position":5,"required":false,"title_format":"heading","default":"","description_enable":true,"description":"Si vous h\u00e9sitez et avez besoin de conseils, ou pour toute autre demande compl\u00e9mentaire, je vous invite \u00e0 noter votre demande ci-dessous ou \u00e0 me contacter avant votre commande.\r\nDans tous les cas, je vous contacterai pour d\u00e9finir ou finaliser les personnalisations.","placeholder_enable":false,"placeholder":"","display":"select","restrictions_type":"any_text","adjust_price":false,"price":"","price_type":"flat_fee","restrictions":false,"min":"0","max":"0","options":[],"id":1718044400}],"_links":{"self":[{"href":"https:\/\/cecile-delachaux.fr\/index.php\/wp-json\/wp\/v2\/product\/14553","targetHints":{"allow":["GET"]}}],"collection":[{"href":"https:\/\/cecile-delachaux.fr\/index.php\/wp-json\/wp\/v2\/product"}],"about":[{"href":"https:\/\/cecile-delachaux.fr\/index.php\/wp-json\/wp\/v2\/types\/product"}],"wp:featuredmedia":[{"embeddable":true,"href":"https:\/\/cecile-delachaux.fr\/index.php\/wp-json\/wp\/v2\/media\/14554"}],"wp:attachment":[{"href":"https:\/\/cecile-delachaux.fr\/index.php\/wp-json\/wp\/v2\/media?parent=14553"}],"wp:term":[{"taxonomy":"product_brand","embeddable":true,"href":"https:\/\/cecile-delachaux.fr\/index.php\/wp-json\/wp\/v2\/product_brand?post=14553"},{"taxonomy":"product_cat","embeddable":true,"href":"https:\/\/cecile-delachaux.fr\/index.php\/wp-json\/wp\/v2\/product_cat?post=14553"},{"taxonomy":"product_tag","embeddable":true,"href":"https:\/\/cecile-delachaux.fr\/index.php\/wp-json\/wp\/v2\/product_tag?post=14553"}],"curies":[{"name":"wp","href":"https:\/\/api.w.org\/{rel}","templated":true}]}}