
{"id":14590,"date":"2025-11-14T00:32:25","date_gmt":"2025-11-13T23:32:25","guid":{"rendered":"https:\/\/cecile-delachaux.fr\/?post_type=product&#038;p=14590"},"modified":"2026-03-10T15:01:34","modified_gmt":"2026-03-10T14:01:34","slug":"bonnet-tricot-intitiale","status":"publish","type":"product","link":"https:\/\/cecile-delachaux.fr\/index.php\/produit\/bonnet-tricot-intitiale\/","title":{"rendered":"Bonnet tricot &#8220;initiale&#8221;"},"content":{"rendered":"<p>La broderie du bonnet est enti\u00e8rement personnalisable.<\/p>\n<p>Tr\u00e8s jolie maille c\u00f4tel\u00e9e.<\/p>\n<p>Le pompon est amovible.<\/p>\n<div class=\"column-right\">\n<p>Taille unique<\/p>\n<p>100% acrylique<\/p>\n<\/div>\n<p>Le d\u00e9lai de confection standard est de 30 jours. Lors de validation de votre panier, ce d\u00e9lai peut \u00eatre r\u00e9duit \u00e0 15 jours (avec un surco\u00fbt de 20%).<\/p>\n<p>Je reste \u00e0 votre disposition pour vous conseiller.<\/p>\n<p>N\u2019h\u00e9sitez pas \u00e0 me contacter directement si vous avez des questions.<\/p>\n","protected":false},"excerpt":{"rendered":"<div class=\"woocommerce-product-details__short-description\">\n<p>Le bonnet est brod\u00e9 sur commande et est enti\u00e8rement personnalisable.<\/p>\n<\/div>\n","protected":false},"featured_media":14589,"template":"","meta":[],"product_brand":[],"product_cat":[282,236,250,15,105,145,34],"product_tag":[],"class_list":{"0":"post-14590","1":"product","2":"type-product","3":"status-publish","4":"has-post-thumbnail","6":"product_cat-bonnet","7":"product_cat-initiale","8":"product_cat-noel-collections","9":"product_cat-tous-les-produits","10":"product_cat-occasions-speciales","11":"product_cat-noel","12":"product_cat-vetement-accessoires","13":"product_shipping_class-colis","15":"first","16":"instock","17":"shipping-taxable","18":"purchasable","19":"product-type-simple"},"exclude_global_add_ons":true,"addons":[{"name":"Couleur du bonnet","type":"multiple_choice","position":0,"required":true,"title_format":"heading","default":"","description_enable":false,"description":"","placeholder_enable":false,"placeholder":"","display":"images","restrictions_type":"any_text","adjust_price":false,"price":"","price_type":"flat_fee","restrictions":false,"min":"0","max":"0","options":[{"label":"Ecru","price":"","price_type":"flat_fee","image":14582,"visibility":true},{"label":"Camel","price":"","price_type":"flat_fee","image":14583,"visibility":true},{"label":"Bleu marine","price":"","price_type":"flat_fee","image":14585,"visibility":true},{"label":"Noir","price":"","price_type":"flat_fee","image":14584,"visibility":true}],"id":1763080147},{"name":"Choix de la broderie","type":"multiple_choice","position":1,"required":true,"title_format":"heading","default":"","description_enable":true,"description":"Indiquez un texte de votre choix (pr\u00e9nom, initiales\u2026) en indiquant la police souhait\u00e9e ou un motif de broderie (rubrique \"personnalisation\"), et renseignez-le ci-dessous :","placeholder_enable":false,"placeholder":"","display":"select","restrictions_type":"any_text","adjust_price":false,"price":"","price_type":"flat_fee","restrictions":false,"min":"0","max":"0","options":[{"label":"Coeur L\u00e9opard","price":"","price_type":"flat_fee","image":0,"visibility":true},{"label":"Pr\u00e9nom","price":"","price_type":"flat_fee","image":0,"visibility":true},{"label":"Initiale alphabet baie et feuillages (5cm)","price":"","price_type":"quantity_based","image":0,"visibility":true},{"label":"Initiale alphabet fleuri (5cm)","price":"","price_type":"quantity_based","image":0,"visibility":true}],"id":1730655285},{"name":"Initiale\/Pr\u00e9nom\/Mot","type":"custom_text","position":2,"required":false,"title_format":"label","default":"","description_enable":false,"description":"","placeholder_enable":false,"placeholder":"","display":"select","restrictions_type":"any_text","adjust_price":false,"price":"","price_type":"flat_fee","restrictions":false,"min":"0","max":"0","options":[],"id":1730655286},{"name":"Police pr\u00e9nom\/Mot","type":"multiple_choice","position":3,"required":false,"title_format":"label","default":"","description_enable":false,"description":"","placeholder_enable":false,"placeholder":"","display":"images","restrictions_type":"any_text","adjust_price":false,"price":"","price_type":"flat_fee","restrictions":false,"min":"0","max":"0","options":[{"label":"Police Halo","price":"","price_type":"flat_fee","image":8152,"visibility":true},{"label":"Police C\u00e9leste","price":"","price_type":"flat_fee","image":8150,"visibility":true},{"label":"Police Madeline","price":"","price_type":"flat_fee","image":8153,"visibility":true},{"label":"Police cursive","price":"","price_type":"flat_fee","image":8151,"visibility":true},{"label":"Police Tessa","price":"","price_type":"flat_fee","image":8156,"visibility":true}],"id":1731581083},{"name":"Couleur des fils de broderie","type":"custom_text","position":4,"required":false,"title_format":"label","default":"","description_enable":true,"description":"Par d\u00e9faut, l'initiale sera dans les m\u00eames nuances que la photo, si vous souhaitez d'autres nuances indiquez les couleurs des fils ici :","placeholder_enable":false,"placeholder":"","display":"select","restrictions_type":"any_text","adjust_price":false,"price":"","price_type":"flat_fee","restrictions":false,"min":"0","max":"0","options":[],"id":1730655288},{"name":"Motif de broderie suppl\u00e9mentaire","type":"custom_text","position":5,"required":false,"title_format":"heading","default":"","description_enable":true,"description":"Si vous souhaitez un motif de broderie suppl\u00e9mentaire, renseigner ci-dessous (choix dans la rubrique \"personnalisation\") :","placeholder_enable":false,"placeholder":"","display":"select","restrictions_type":"any_text","adjust_price":true,"price":"10","price_type":"quantity_based","restrictions":false,"min":"0","max":"0","options":[],"id":1730655289},{"name":"Pr\u00e9cisions","type":"custom_textarea","position":6,"required":false,"title_format":"heading","default":"","description_enable":true,"description":"Si vous n\u2019avez pas pu renseigner toutes les options, si vous h\u00e9sitez et avez besoin de conseils, si vous recherchez un tissu ou un motif de broderie qui ne figurent pas dans l\u2019onglet personnalisation, ou pour toute autre demande compl\u00e9mentaire, je vous invite \u00e0 noter votre demande ci-dessous. Dans tous les cas, je vous contacterai pour d\u00e9finir ou finaliser les personnalisations.","placeholder_enable":false,"placeholder":"","display":"select","restrictions_type":"any_text","adjust_price":false,"price":"","price_type":"flat_fee","restrictions":false,"min":"0","max":"0","options":[],"id":1730655290}],"_links":{"self":[{"href":"https:\/\/cecile-delachaux.fr\/index.php\/wp-json\/wp\/v2\/product\/14590","targetHints":{"allow":["GET"]}}],"collection":[{"href":"https:\/\/cecile-delachaux.fr\/index.php\/wp-json\/wp\/v2\/product"}],"about":[{"href":"https:\/\/cecile-delachaux.fr\/index.php\/wp-json\/wp\/v2\/types\/product"}],"wp:featuredmedia":[{"embeddable":true,"href":"https:\/\/cecile-delachaux.fr\/index.php\/wp-json\/wp\/v2\/media\/14589"}],"wp:attachment":[{"href":"https:\/\/cecile-delachaux.fr\/index.php\/wp-json\/wp\/v2\/media?parent=14590"}],"wp:term":[{"taxonomy":"product_brand","embeddable":true,"href":"https:\/\/cecile-delachaux.fr\/index.php\/wp-json\/wp\/v2\/product_brand?post=14590"},{"taxonomy":"product_cat","embeddable":true,"href":"https:\/\/cecile-delachaux.fr\/index.php\/wp-json\/wp\/v2\/product_cat?post=14590"},{"taxonomy":"product_tag","embeddable":true,"href":"https:\/\/cecile-delachaux.fr\/index.php\/wp-json\/wp\/v2\/product_tag?post=14590"}],"curies":[{"name":"wp","href":"https:\/\/api.w.org\/{rel}","templated":true}]}}