
{"id":3125,"date":"2018-12-22T17:48:30","date_gmt":"2018-12-22T16:48:30","guid":{"rendered":"https:\/\/cecile-delachaux.fr\/?post_type=product&#038;p=3125"},"modified":"2025-11-24T18:10:49","modified_gmt":"2025-11-24T17:10:49","slug":"trousse-de-toilette","status":"publish","type":"product","link":"https:\/\/cecile-delachaux.fr\/index.php\/produit\/trousse-de-toilette\/","title":{"rendered":"Trousse de toilette"},"content":{"rendered":"<p>La trousse de toilette est enti\u00e8rement personnalisable et unique. Vous choisissez vos tissus et motifs de broderie vous-m\u00eame.<\/p>\n<p>Elle permet de ranger le n\u00e9cessaire de toilette de la famille (b\u00e9b\u00e9, enfant, adolescent ou adulte). L\u2019int\u00e9rieur contient une poche et des \u00e9lastiques pour maintenir les produits \u00e0 la verticale.<\/p>\n<p>D\u00e9tails pr\u00e9sents sur toutes les trousses :<\/p>\n<ul>\n<li>le passepoil le long de la fermeture,<\/li>\n<li>un ruban qui facilite l\u2019ouverture et la fermeture du zip,<\/li>\n<li>une broderie personnalis\u00e9e.<\/li>\n<\/ul>\n<p>La trousse est enti\u00e8rement doubl\u00e9e et molletonn\u00e9e pour de jolies finitions et une belle tenue.<\/p>\n<p>Une belle id\u00e9e de cadeau pour tout type d\u2019\u00e9v\u00e8nement : naissance, bapt\u00eame, anniversaire, f\u00eate, \u2026<\/p>\n<p>Le d\u00e9lai de confection standard est de 30 jours. Lors de validation de votre panier, ce d\u00e9lai peut \u00eatre r\u00e9duit \u00e0 15 jours (avec un surco\u00fbt de 20%).<\/p>\n<p>Je reste \u00e0 votre disposition pour vous conseiller.<\/p>\n<p>N\u2019h\u00e9sitez pas \u00e0 me contacter directement si vous avez des questions.<\/p>\n","protected":false},"excerpt":{"rendered":"<p>La trousse de toilette est enti\u00e8rement personnalisable.<\/p>\n<p>Choisissez les tissus et motifs de broderie dans l\u2019onglet \u00ab Personnalisation \u00bb et indiquez leurs r\u00e9f\u00e9rences dans les champs pr\u00e9vus ci-dessous :<\/p>\n","protected":false},"featured_media":14618,"template":"","meta":[],"product_brand":[],"product_cat":[236,179,238,161,15,109],"product_tag":[],"class_list":{"0":"post-3125","1":"product","2":"type-product","3":"status-publish","4":"has-post-thumbnail","6":"product_cat-initiale","7":"product_cat-trousse","8":"product_cat-trousse-initiale","9":"product_cat-trousse-de-toilette","10":"product_cat-tous-les-produits","11":"product_cat-naissance","12":"product_shipping_class-colis","14":"first","15":"instock","16":"shipping-taxable","17":"purchasable","18":"product-type-simple"},"exclude_global_add_ons":true,"addons":[{"name":"Choix du tissu ext\u00e9rieur","type":"custom_text","position":0,"required":false,"title_format":"heading","default":"","description_enable":true,"description":"Choisissez un tissu uni : indiquez la couleur que vous souhaitez et la mati\u00e8re (matelass\u00e9, lin, lin lav\u00e9, toile de coton, coton lav\u00e9,\u2026) :","placeholder_enable":false,"placeholder":"","display":"select","restrictions_type":"any_text","adjust_price":false,"price":"","price_type":"flat_fee","restrictions":false,"min":"0","max":"0","options":[],"id":1709553226},{"name":"Choix du tissu int\u00e9rieur","type":"custom_text","position":1,"required":false,"title_format":"heading","default":"","description_enable":true,"description":"Choisissez un tissu \u00e0 motif en coton ou coton enduit (imperm\u00e9able) :","placeholder_enable":false,"placeholder":"","display":"select","restrictions_type":"any_text","adjust_price":false,"price":"","price_type":"flat_fee","restrictions":false,"min":"0","max":"0","options":[],"id":1709553227},{"name":"Option","type":"checkbox","position":2,"required":false,"title_format":"hide","default":"","description_enable":true,"description":"Si vous souhaitez faire enduire un tissu, merci de cocher la case ci&#8209;dessous&nbsp;:\r\n<em>(Si vous choisissez un tissu propos\u00e9 enduit sur la <a href=\"https:\/\/cecile-delachaux.fr\/index.php\/personnalisation\/tissus\/\"> page tissus<\/a> ou si vous souhaitez un int\u00e9rieur non enduit, cette option n'est pas utile.)<\/em>","placeholder_enable":false,"placeholder":"","display":"select","restrictions_type":"any_text","adjust_price":false,"price":"","price_type":"flat_fee","restrictions":false,"min":"0","max":"0","options":[{"label":"Tissu \u00e0 enduire","price":"10","price_type":"quantity_based","image":0,"visibility":true}],"id":1709553228},{"name":"Choix de la broderie","type":"custom_text","position":3,"required":false,"title_format":"heading","default":"","description_enable":true,"description":"Vous pouvez choisir un motif de broderie et\/ou un texte de votre choix (pr\u00e9nom, initiales\u2026) en indiquant la police souhait\u00e9e et couleurs des fils, et les renseigner ci-dessous :","placeholder_enable":false,"placeholder":"","display":"select","restrictions_type":"any_text","adjust_price":false,"price":"","price_type":"flat_fee","restrictions":false,"min":"0","max":"0","options":[],"id":1709553229},{"name":"Broderie sur-mesure","type":"checkbox","position":4,"required":false,"title_format":"heading","default":"","description_enable":true,"description":"Si vous souhaitez r\u00e9aliser une broderie sur-mesure \u00e0 partir d'une image (dessin, empreintes ou mots manuscrits par exemple), cochez cette option. Pour les broderies disponibles sur le site, cette option n'est pas utile.\r\nRetrouvez tous les renseignements sur la page <a href=\"\/index.php\/personnalisation\/broderie\/broderie-sur-mesure\/\" target=\"_blank\">Broderie sur-mesure<\/a>.","placeholder_enable":false,"placeholder":"","display":"select","restrictions_type":"any_text","adjust_price":false,"price":"","price_type":"flat_fee","restrictions":false,"min":"0","max":"0","options":[{"label":"Pr\u00e9cieux souvenirs","price":"10","price_type":"flat_fee","image":0,"visibility":true}],"id":1709553230},{"name":"Autres pr\u00e9cisions","type":"custom_textarea","position":5,"required":false,"title_format":"heading","default":"","description_enable":true,"description":"Si vous n\u2019avez pas pu renseigner toutes les options, si vous h\u00e9sitez et avez besoin de conseils, si vous recherchez un tissu ou un motif de broderie qui ne figurent pas dans l\u2019onglet personnalisation, ou pour toute autre demande compl\u00e9mentaire, je vous invite \u00e0 noter votre demande ci-dessous.\r\nDans tous les cas, je vous contacterai pour d\u00e9finir ou finaliser les personnalisations.","placeholder_enable":false,"placeholder":"","display":"select","restrictions_type":"any_text","adjust_price":false,"price":"","price_type":"flat_fee","restrictions":false,"min":"0","max":"0","options":[],"id":1709553231}],"_links":{"self":[{"href":"https:\/\/cecile-delachaux.fr\/index.php\/wp-json\/wp\/v2\/product\/3125","targetHints":{"allow":["GET"]}}],"collection":[{"href":"https:\/\/cecile-delachaux.fr\/index.php\/wp-json\/wp\/v2\/product"}],"about":[{"href":"https:\/\/cecile-delachaux.fr\/index.php\/wp-json\/wp\/v2\/types\/product"}],"wp:featuredmedia":[{"embeddable":true,"href":"https:\/\/cecile-delachaux.fr\/index.php\/wp-json\/wp\/v2\/media\/14618"}],"wp:attachment":[{"href":"https:\/\/cecile-delachaux.fr\/index.php\/wp-json\/wp\/v2\/media?parent=3125"}],"wp:term":[{"taxonomy":"product_brand","embeddable":true,"href":"https:\/\/cecile-delachaux.fr\/index.php\/wp-json\/wp\/v2\/product_brand?post=3125"},{"taxonomy":"product_cat","embeddable":true,"href":"https:\/\/cecile-delachaux.fr\/index.php\/wp-json\/wp\/v2\/product_cat?post=3125"},{"taxonomy":"product_tag","embeddable":true,"href":"https:\/\/cecile-delachaux.fr\/index.php\/wp-json\/wp\/v2\/product_tag?post=3125"}],"curies":[{"name":"wp","href":"https:\/\/api.w.org\/{rel}","templated":true}]}}