
{"id":4813,"date":"2019-01-20T00:05:15","date_gmt":"2019-01-19T23:05:15","guid":{"rendered":"https:\/\/cecile-delachaux.fr\/?post_type=product&#038;p=4813"},"modified":"2026-01-09T14:20:26","modified_gmt":"2026-01-09T13:20:26","slug":"coussin-dalliances","status":"publish","type":"product","link":"https:\/\/cecile-delachaux.fr\/index.php\/produit\/coussin-dalliances\/","title":{"rendered":"Coussin d&#8217;alliances"},"content":{"rendered":"<p>Le coussin d&#8217;alliances est r\u00e9alis\u00e9 en harmonie avec le th\u00e8me de votre mariage et vos souhaits.<\/p>\n<p>Vous choisissez les tissus et la broderie.<\/p>\n<p>Il restera un tr\u00e8s beau souvenir de ce joli jour.<\/p>\n<p>Le d\u00e9lai de confection standard est de 30 jours. Ce d\u00e9lai peut \u00eatre r\u00e9duit \u00e0 15 jours (avec un surco\u00fbt de 20%).<\/p>\n<p>Je reste \u00e0 votre disposition pour vous conseiller.<\/p>\n<p>N\u2019h\u00e9sitez pas \u00e0 <a href=\"mailto:contact@cecile-delachaux.fr\">me contacter<\/a> si vous avez des questions.<\/p>\n<p>&nbsp;<\/p>\n<p>&nbsp;<\/p>\n","protected":false},"excerpt":{"rendered":"<div class=\"woocommerce-product-details__short-description\">\n<p>Le coussin d&#8217;alliance est r\u00e9alis\u00e9 sur commande et est enti\u00e8rement personnalisable.<\/p>\n<p>Choisissez les tissus et motifs de broderie dans l\u2019onglet \u00ab Personnalisation \u00bb et indiquez leurs r\u00e9f\u00e9rences dans les champs pr\u00e9vus ci-dessous :<\/p>\n<\/div>\n","protected":false},"featured_media":2822,"template":"","meta":[],"product_brand":[],"product_cat":[15,108],"product_tag":[],"class_list":{"0":"post-4813","1":"product","2":"type-product","3":"status-publish","4":"has-post-thumbnail","6":"product_cat-tous-les-produits","7":"product_cat-mariage","8":"product_shipping_class-colis","10":"first","11":"instock","12":"shipping-taxable","13":"purchasable","14":"product-type-simple"},"exclude_global_add_ons":true,"addons":[{"name":"Choix du tissu uni (recto)","type":"custom_text","position":0,"required":false,"title_format":"heading","default":"","description_enable":true,"description":"Choisissez un tissu uni : indiquez la couleur que vous souhaitez et la mati\u00e8re (lin, lin lav\u00e9, toile de coton, coton lav\u00e9, double gaze\u2026) :","placeholder_enable":false,"placeholder":"","display":"select","restrictions_type":"any_text","adjust_price":false,"price":"","price_type":"flat_fee","restrictions":false,"min":"0","max":"0","options":[],"id":1695603165},{"name":"Choix du tissu \u00e0 motifs (verso)","type":"custom_text","position":1,"required":false,"title_format":"heading","default":"","description_enable":true,"description":"Choisissez un tissu \u00e0 motifs en coton, ou broderie anglaise.,...","placeholder_enable":false,"placeholder":"","display":"select","restrictions_type":"any_text","adjust_price":false,"price":"","price_type":"flat_fee","restrictions":false,"min":"0","max":"0","options":[],"id":1695603166},{"name":"Choix de la broderie","type":"custom_text","position":2,"required":false,"title_format":"heading","default":"","description_enable":true,"description":"Vous pouvez choisir un motif de broderie et\/ou un texte de votre choix (pr\u00e9noms, initiales, date, coordonn\u00e9es gps\u2026) en indiquant la police souhait\u00e9e et couleurs des fils, et les renseigner ci-dessous :","placeholder_enable":false,"placeholder":"","display":"select","restrictions_type":"any_text","adjust_price":false,"price":"","price_type":"flat_fee","restrictions":false,"min":"0","max":"0","options":[],"id":1695603167},{"name":"Option passepoil","type":"multiple_choice","position":3,"required":true,"title_format":"heading","default":"","description_enable":true,"description":"Indiquez si vous souhaitez une finition avec un passepoil autour du coussin :","placeholder_enable":false,"placeholder":"","display":"select","restrictions_type":"any_text","adjust_price":false,"price":"","price_type":"flat_fee","restrictions":false,"min":"0","max":"0","options":[{"label":"Oui","price":"","price_type":"flat_fee","image":0,"visibility":true},{"label":"Non","price":"","price_type":"flat_fee","image":0,"visibility":true}],"id":1695603168},{"name":"Couleur du passepoil","type":"custom_text","position":4,"required":false,"title_format":"heading","default":"","description_enable":true,"description":"Si vous souhaitez un passepoil et si vous avez une pr\u00e9f\u00e9rence, indiquez la couleur que vous souhaiteriez :","placeholder_enable":false,"placeholder":"","display":"select","restrictions_type":"any_text","adjust_price":false,"price":"","price_type":"flat_fee","restrictions":false,"min":"0","max":"0","options":[],"id":1695603169},{"name":"Autres pr\u00e9cisions","type":"custom_textarea","position":5,"required":false,"title_format":"heading","default":"","description_enable":true,"description":"Si vous n\u2019avez pas pu renseigner toutes les options, si vous h\u00e9sitez et avez besoin de conseils, si vous recherchez un tissu ou un motif de broderie qui ne figurent pas dans l\u2019onglet personnalisation, ou pour toute autre demande compl\u00e9mentaire, je vous invite \u00e0 noter votre demande ci-dessous.\r\nDans tous les cas, je vous contacterai pour d\u00e9finir ou finaliser les personnalisations.","placeholder_enable":false,"placeholder":"","display":"select","restrictions_type":"any_text","adjust_price":false,"price":"","price_type":"flat_fee","restrictions":false,"min":"0","max":"0","options":[],"id":1695603170}],"_links":{"self":[{"href":"https:\/\/cecile-delachaux.fr\/index.php\/wp-json\/wp\/v2\/product\/4813","targetHints":{"allow":["GET"]}}],"collection":[{"href":"https:\/\/cecile-delachaux.fr\/index.php\/wp-json\/wp\/v2\/product"}],"about":[{"href":"https:\/\/cecile-delachaux.fr\/index.php\/wp-json\/wp\/v2\/types\/product"}],"wp:featuredmedia":[{"embeddable":true,"href":"https:\/\/cecile-delachaux.fr\/index.php\/wp-json\/wp\/v2\/media\/2822"}],"wp:attachment":[{"href":"https:\/\/cecile-delachaux.fr\/index.php\/wp-json\/wp\/v2\/media?parent=4813"}],"wp:term":[{"taxonomy":"product_brand","embeddable":true,"href":"https:\/\/cecile-delachaux.fr\/index.php\/wp-json\/wp\/v2\/product_brand?post=4813"},{"taxonomy":"product_cat","embeddable":true,"href":"https:\/\/cecile-delachaux.fr\/index.php\/wp-json\/wp\/v2\/product_cat?post=4813"},{"taxonomy":"product_tag","embeddable":true,"href":"https:\/\/cecile-delachaux.fr\/index.php\/wp-json\/wp\/v2\/product_tag?post=4813"}],"curies":[{"name":"wp","href":"https:\/\/api.w.org\/{rel}","templated":true}]}}