
{"id":5378,"date":"2019-05-05T19:38:23","date_gmt":"2019-05-05T17:38:23","guid":{"rendered":"https:\/\/cecile-delachaux.fr\/?post_type=product&#038;p=5378"},"modified":"2026-03-20T12:20:41","modified_gmt":"2026-03-20T11:20:41","slug":"tote-bag-personnalise-2","status":"publish","type":"product","link":"https:\/\/cecile-delachaux.fr\/index.php\/produit\/tote-bag-personnalise-2\/","title":{"rendered":"Sac tote bag personnalis\u00e9"},"content":{"rendered":"<p>Un cadeau unique pour la f\u00eate des m\u00e8res et des p\u00e8res.<\/p>\n<p>Une jolie id\u00e9e de cadeau de fin d&#8217;ann\u00e9e \u00e0 offrir \u00e0 un.e ma\u00eetre.sse, \u00e0 l&#8217;ATSEM, la nounou,&#8230;<\/p>\n<p>Tout simplement un cadeau pour faire plaisir ou se faire plaisir!<\/p>\n<p><a href=\"https:\/\/cecile-delachaux.fr\/index.php\/personnalisation\/broderie\/broderie-sur-mesure\/\"><strong>Pr\u00e9cieux souvenirs <\/strong><\/a><em>(en option, 30 \u20ac)<\/em> :<\/p>\n<p>Un tote bag brod\u00e9 avec les empreintes (pied, main) ou les coups de crayons de vos enfants : dessins, mots manuscrits,\u2026<\/p>\n<p>Si plusieurs enfants participent \u00e0 la r\u00e9alisation :<\/p>\n<ul>\n<li>soit ils dessinent tous sur la m\u00eame feuille et vous m&#8217;envoyez une image,<\/li>\n<li>soit ils dessinent un &#8220;petit&#8221; dessin (par exemple un bonhomme ou un pr\u00e9nom&#8230;) chacun s\u00e9par\u00e9ment et vous m&#8217;envoyez toutes les images s\u00e9par\u00e9ment.<\/li>\n<\/ul>\n<p>C&#8217;est un tote bag de qualit\u00e9 sup\u00e9rieure :<\/p>\n<ul>\n<li>100% toile de coton biologique (coton certifi\u00e9 par Control Union).<\/li>\n<li>Tissu de premi\u00e8re qualit\u00e9 (340g\/m2).<\/li>\n<\/ul>\n<p>Il peut se porter \u00e0 la main ou \u00e0 l&#8217;\u00e9paule.<\/p>\n<p>Dimensions : 38 x 42 cm. Longueur poign\u00e9e : 67 cm<\/p>\n<p>Le d\u00e9lai de confection standard est de 30 jours. Lors de validation de votre panier, ce d\u00e9lai peut \u00eatre r\u00e9duit \u00e0 15 jours (avec un surco\u00fbt de 20%).<\/p>\n<p>Je reste \u00e0 votre disposition pour vous conseiller.<\/p>\n<p>N\u2019h\u00e9sitez pas \u00e0 me contacter directement si vous avez des questions.<\/p>\n","protected":false},"excerpt":{"rendered":"<div class=\"woocommerce-product-details__short-description\">\n<div class=\"woocommerce-product-details__short-description\">\n<p>Il est r\u00e9alis\u00e9 sur commande et est enti\u00e8rement personnalisable avec un motif de broderie au choix, phrase, mots, pr\u00e9nom(s), une date\u2026<\/p>\n<p><a href=\"https:\/\/cecile-delachaux.fr\/index.php\/personnalisation\/broderie\/broderie-sur-mesure\/\"><strong>Pr\u00e9cieux souvenirs <\/strong><\/a><em>(en option, 10 \u20ac)<\/em> :<br \/>\nUn tote bag brod\u00e9 avec les empreintes (pied, main) ou les coups de crayons de vos enfants : dessins, mots manuscrits,&#8230;<\/p>\n<p>Choisissez les motifs de broderie dans l\u2019onglet \u00ab Personnalisation \u00bb et indiquez les r\u00e9f\u00e9rences dans les champs pr\u00e9vus ci-dessous :<\/p>\n<\/div>\n<\/div>\n","protected":false},"featured_media":5387,"template":"","meta":[],"product_brand":[],"product_cat":[205,273,248,178,191,15,102,101,132],"product_tag":[],"class_list":{"0":"post-5378","1":"product","2":"type-product","3":"status-publish","4":"has-post-thumbnail","6":"product_cat-en-balade","7":"product_cat-remerciements","8":"product_cat-tote-bag-en-balade","9":"product_cat-tote-bag","10":"product_cat-tote-bag-ecole","11":"product_cat-tous-les-produits","12":"product_cat-rangements","13":"product_cat-ecole","14":"product_cat-fete-des-meres","15":"product_shipping_class-lettre-suivie","17":"first","18":"instock","19":"shipping-taxable","20":"purchasable","21":"product-type-simple"},"exclude_global_add_ons":true,"addons":[{"name":"Choix du motif de broderie","type":"custom_textarea","position":0,"required":false,"title_format":"heading","default":"","description_enable":true,"description":"Vous pouvez choisir un motif de broderie (rubrique personnalisation) et\/ou un texte de votre choix :\r\n- phrase \/ mots (par exemple : \"Mum of 2\", \"Maman de 2\", \"Mum since 2012\", \"Super Papa depuis 2012\", \"Merci ma\u00eetresse !\"...)\r\n- pr\u00e9nom(s),\r\n- date(s),\r\n- coordonn\u00e9es GPS,\r\n- ...\r\nVous pouvez aussi choisir les couleurs des fils et les renseigner ci-dessous :","placeholder_enable":false,"placeholder":"","display":"select","restrictions_type":"any_text","adjust_price":false,"price":"","price_type":"flat_fee","restrictions":false,"min":"0","max":"0","options":[],"id":1708274197},{"name":"Option \"Pr\u00e9cieux souvenirs\"","type":"checkbox","position":1,"required":false,"title_format":"heading","default":"","description_enable":true,"description":"Si vous souhaitez broder des dessins personnalis\u00e9s, empreintes ou mots manuscrits cochez cette option (<a href=\"\/index.php\/personnalisation\/broderie\/broderie-sur-mesure\/\" target=\"_blank\">plus de pr\u00e9cisions sur l'option pr\u00e9cieux souvenirs<\/a>).\r\n","placeholder_enable":false,"placeholder":"","display":"select","restrictions_type":"any_text","adjust_price":false,"price":"","price_type":"flat_fee","restrictions":false,"min":"0","max":"0","options":[{"label":"Pr\u00e9cieux souvenirs","price":"20","price_type":"quantity_based","image":0,"visibility":true}],"id":1708274198},{"name":"Broderie suppl\u00e9mentaire","type":"custom_text","position":2,"required":false,"title_format":"heading","default":"","description_enable":true,"description":"Broderie ajout\u00e9e dans le coin du lange oppos\u00e9 \u00e0 la broderie principale :\r\n\u2013 Coordonn\u00e9es GPS : brod\u00e9es dans un coin du lange (merci de me donner l\u2019adresse d\u00e9sir\u00e9e)\r\n\u2013 Message, initiales, mots, phrase,\u2026\r\n\u2013 Symbole, motif,\u2026","placeholder_enable":false,"placeholder":"","display":"select","restrictions_type":"any_text","adjust_price":true,"price":"10","price_type":"quantity_based","restrictions":false,"min":"0","max":"0","options":[],"id":1708274199},{"name":"Pr\u00e9cisions","type":"custom_textarea","position":3,"required":false,"title_format":"heading","default":"","description_enable":true,"description":"Si vous h\u00e9sitez et avez besoin de conseils, ou pour toute autre demande compl\u00e9mentaire, je vous invite \u00e0 noter votre demande ci-dessous ou \u00e0 me contacter avant votre commande.\r\nDans tous les cas, je vous contacterai pour d\u00e9finir ou finaliser les personnalisations.","placeholder_enable":false,"placeholder":"","display":"select","restrictions_type":"any_text","adjust_price":false,"price":"","price_type":"flat_fee","restrictions":false,"min":"0","max":"0","options":[],"id":1708274200}],"_links":{"self":[{"href":"https:\/\/cecile-delachaux.fr\/index.php\/wp-json\/wp\/v2\/product\/5378","targetHints":{"allow":["GET"]}}],"collection":[{"href":"https:\/\/cecile-delachaux.fr\/index.php\/wp-json\/wp\/v2\/product"}],"about":[{"href":"https:\/\/cecile-delachaux.fr\/index.php\/wp-json\/wp\/v2\/types\/product"}],"wp:featuredmedia":[{"embeddable":true,"href":"https:\/\/cecile-delachaux.fr\/index.php\/wp-json\/wp\/v2\/media\/5387"}],"wp:attachment":[{"href":"https:\/\/cecile-delachaux.fr\/index.php\/wp-json\/wp\/v2\/media?parent=5378"}],"wp:term":[{"taxonomy":"product_brand","embeddable":true,"href":"https:\/\/cecile-delachaux.fr\/index.php\/wp-json\/wp\/v2\/product_brand?post=5378"},{"taxonomy":"product_cat","embeddable":true,"href":"https:\/\/cecile-delachaux.fr\/index.php\/wp-json\/wp\/v2\/product_cat?post=5378"},{"taxonomy":"product_tag","embeddable":true,"href":"https:\/\/cecile-delachaux.fr\/index.php\/wp-json\/wp\/v2\/product_tag?post=5378"}],"curies":[{"name":"wp","href":"https:\/\/api.w.org\/{rel}","templated":true}]}}