
{"id":5917,"date":"2019-09-11T00:31:40","date_gmt":"2019-09-10T22:31:40","guid":{"rendered":"https:\/\/cecile-delachaux.fr\/?post_type=product&#038;p=5917"},"modified":"2026-01-09T14:20:26","modified_gmt":"2026-01-09T13:20:26","slug":"coussin-de-sieste","status":"publish","type":"product","link":"https:\/\/cecile-delachaux.fr\/index.php\/produit\/coussin-de-sieste\/","title":{"rendered":"Coussin de sieste"},"content":{"rendered":"<p>Le coussin de sieste est enti\u00e8rement personnalisable.<\/p>\n<p>Vous pouvez choisir les tissus ainsi que les motifs de broderie (animal, objet, personnage, pr\u00e9nom, mots doux, phrase,&#8230;) dans l\u2019onglet personnalisation.<\/p>\n<p>Au recto, vous pouvez choisir un tissu, de pr\u00e9f\u00e9rence uni si vous souhaitez une broderie.<\/p>\n<p>Au verso, vous pouvez choisir un tissu \u00e0 motif ou uni.<\/p>\n<p>Broderie phosphorescente : vous pouvez choisir un fil phosphorescent pour la broderie, il s&#8217;illumine dans le noir et devient un compagnon rassurant au moment de l&#8217;endormissement des enfants.<\/p>\n<p><a href=\"https:\/\/cecile-delachaux.fr\/index.php\/personnalisation\/broderie\/broderie-sur-mesure\/\"><strong>Pr\u00e9cieux souvenirs <\/strong><\/a><em>(en option, 10 \u20ac)<\/em> :<br \/>\nUn coussin brod\u00e9 avec les empreintes (pied, main) ou les coups de crayons de vos enfants : dessins, mots manuscrits,&#8230;<\/p>\n<p>Le d\u00e9lai de confection standard est de 30 jours. Ce d\u00e9lai peut \u00eatre r\u00e9duit \u00e0 15 jours (avec un surco\u00fbt de 20%).<\/p>\n<p>Je reste \u00e0 votre disposition pour vous conseiller.<\/p>\n<p>N\u2019h\u00e9sitez pas \u00e0 <a href=\"mailto:contact@cecile-delachaux.fr\">me contacter<\/a> si vous avez des questions.<\/p>\n","protected":false},"excerpt":{"rendered":"<p>Le coussin de sieste est r\u00e9alis\u00e9 sur commande et est enti\u00e8rement personnalisable.<\/p>\n<p>Choisissez les tissus et motifs de broderie dans l\u2019onglet \u00ab Personnalisation \u00bb et indiquez leurs r\u00e9f\u00e9rences dans les champs pr\u00e9vus ci-dessous :<\/p>\n","protected":false},"featured_media":6164,"template":"","meta":[],"product_brand":[],"product_cat":[183,15,101],"product_tag":[],"class_list":{"0":"post-5917","1":"product","2":"type-product","3":"status-publish","4":"has-post-thumbnail","6":"product_cat-coussin-ecole","7":"product_cat-tous-les-produits","8":"product_cat-ecole","9":"product_shipping_class-colis","11":"first","12":"instock","13":"shipping-taxable","14":"purchasable","15":"product-type-simple"},"exclude_global_add_ons":true,"addons":[{"name":"Choix du tissu (recto)","type":"custom_text","position":0,"required":false,"title_format":"heading","default":"","description_enable":true,"description":"Choisissez un tissu, de pr\u00e9f\u00e9rence uni si vous souhaitez une broderie : indiquez la couleur que vous souhaitez et la mati\u00e8re (lin, lin lav\u00e9, coton, double gaze\u2026) :","placeholder_enable":false,"placeholder":"","display":"select","restrictions_type":"any_text","adjust_price":false,"price":"","price_type":"flat_fee","restrictions":false,"min":"0","max":"0","options":[],"id":1705058804},{"name":"Choix du tissu (verso)","type":"custom_text","position":1,"required":false,"title_format":"heading","default":"","description_enable":true,"description":"Choisissez un tissu \u00e0 motifs en coton ou broderie anglaise.","placeholder_enable":false,"placeholder":"","display":"select","restrictions_type":"any_text","adjust_price":false,"price":"","price_type":"flat_fee","restrictions":false,"min":"0","max":"0","options":[],"id":1705058805},{"name":"Choix de la broderie","type":"custom_text","position":2,"required":false,"title_format":"heading","default":"","description_enable":true,"description":"Vous pouvez choisir un motif de broderie et\/ou un texte de votre choix (pr\u00e9noms, initiales, date, coordonn\u00e9es gps\u2026) en indiquant la police souhait\u00e9e et couleurs des fils, et les renseigner ci-dessous :","placeholder_enable":false,"placeholder":"","display":"select","restrictions_type":"any_text","adjust_price":false,"price":"","price_type":"flat_fee","restrictions":false,"min":"0","max":"0","options":[],"id":1705058806},{"name":"Option passepoil","type":"multiple_choice","position":3,"required":true,"title_format":"heading","default":"","description_enable":true,"description":"Indiquez si vous souhaitez une finition avec un passepoil autour du coussin :","placeholder_enable":false,"placeholder":"","display":"radiobutton","restrictions_type":"any_text","adjust_price":false,"price":"","price_type":"flat_fee","restrictions":false,"min":"0","max":"0","options":[{"label":"Non","price":"","price_type":"flat_fee","image":0,"visibility":true},{"label":"Oui","price":"6","price_type":"quantity_based","image":0,"visibility":true}],"id":1705058807},{"name":"Couleur du passeoil","type":"custom_text","position":4,"required":false,"title_format":"heading","default":"","description_enable":true,"description":"Si vous souhaitez un passepoil et si vous avez une pr\u00e9f\u00e9rence, indiquez la couleur que vous souhaiteriez :","placeholder_enable":false,"placeholder":"","display":"select","restrictions_type":"any_text","adjust_price":false,"price":"","price_type":"flat_fee","restrictions":false,"min":"0","max":"0","options":[],"id":1705058808},{"name":"Option poign\u00e9e","type":"multiple_choice","position":5,"required":true,"title_format":"heading","default":"","description_enable":true,"description":"Indiquez si vous souhaitez une poign\u00e9e pour accrocher le coussin :","placeholder_enable":false,"placeholder":"","display":"select","restrictions_type":"any_text","adjust_price":false,"price":"","price_type":"flat_fee","restrictions":false,"min":"0","max":"0","options":[{"label":"Oui","price":"","price_type":"flat_fee","image":0,"visibility":true},{"label":"Non","price":"","price_type":"flat_fee","image":0,"visibility":true}],"id":1705058809},{"name":"Option \"Pr\u00e9cieux souvenirs\"","type":"checkbox","position":6,"required":false,"title_format":"heading","default":"","description_enable":true,"description":"Si vous souhaitez broder des dessins personnalis\u00e9s, empreintes ou mots manuscrits cochez cette option (<a href=\"\/index.php\/personnalisation\/broderie\/broderie-sur-mesure\/\" target=\"_blank\">plus de pr\u00e9cisions sur l'option pr\u00e9cieux souvenirs<\/a>).\r\n","placeholder_enable":false,"placeholder":"","display":"select","restrictions_type":"any_text","adjust_price":false,"price":"","price_type":"flat_fee","restrictions":false,"min":"0","max":"0","options":[{"label":"Pr\u00e9cieux souvenirs","price":"10","price_type":"quantity_based","image":0,"visibility":true}],"id":1705058810},{"name":"Pr\u00e9cisions","type":"custom_textarea","position":7,"required":false,"title_format":"heading","default":"","description_enable":true,"description":"Si vous n\u2019avez pas pu renseigner toutes les options, si vous h\u00e9sitez et avez besoin de conseils, si vous recherchez un tissu ou un motif de broderie qui ne figurent pas dans l\u2019onglet personnalisation, ou pour toute autre demande compl\u00e9mentaire, je vous invite \u00e0 noter votre demande ci-dessous.\r\nDans tous les cas, je vous contacterai pour d\u00e9finir ou finaliser les personnalisations.","placeholder_enable":false,"placeholder":"","display":"select","restrictions_type":"any_text","adjust_price":false,"price":"","price_type":"flat_fee","restrictions":false,"min":"0","max":"0","options":[],"id":1705058811}],"_links":{"self":[{"href":"https:\/\/cecile-delachaux.fr\/index.php\/wp-json\/wp\/v2\/product\/5917","targetHints":{"allow":["GET"]}}],"collection":[{"href":"https:\/\/cecile-delachaux.fr\/index.php\/wp-json\/wp\/v2\/product"}],"about":[{"href":"https:\/\/cecile-delachaux.fr\/index.php\/wp-json\/wp\/v2\/types\/product"}],"wp:featuredmedia":[{"embeddable":true,"href":"https:\/\/cecile-delachaux.fr\/index.php\/wp-json\/wp\/v2\/media\/6164"}],"wp:attachment":[{"href":"https:\/\/cecile-delachaux.fr\/index.php\/wp-json\/wp\/v2\/media?parent=5917"}],"wp:term":[{"taxonomy":"product_brand","embeddable":true,"href":"https:\/\/cecile-delachaux.fr\/index.php\/wp-json\/wp\/v2\/product_brand?post=5917"},{"taxonomy":"product_cat","embeddable":true,"href":"https:\/\/cecile-delachaux.fr\/index.php\/wp-json\/wp\/v2\/product_cat?post=5917"},{"taxonomy":"product_tag","embeddable":true,"href":"https:\/\/cecile-delachaux.fr\/index.php\/wp-json\/wp\/v2\/product_tag?post=5917"}],"curies":[{"name":"wp","href":"https:\/\/api.w.org\/{rel}","templated":true}]}}