
{"id":5958,"date":"2019-09-26T22:27:16","date_gmt":"2019-09-26T20:27:16","guid":{"rendered":"https:\/\/cecile-delachaux.fr\/?post_type=product&#038;p=5958"},"modified":"2019-09-26T23:07:52","modified_gmt":"2019-09-26T21:07:52","slug":"coussin-cole-son","status":"publish","type":"product","link":"https:\/\/cecile-delachaux.fr\/index.php\/produit\/coussin-cole-son\/","title":{"rendered":"Coussin Cole &#038; Son 60&#215;60 cm"},"content":{"rendered":"","protected":false},"excerpt":{"rendered":"","protected":false},"featured_media":0,"template":"","meta":[],"product_brand":[],"product_cat":[15],"product_tag":[],"class_list":{"0":"post-5958","1":"product","2":"type-product","3":"status-publish","5":"product_cat-tous-les-produits","7":"first","8":"instock","9":"shipping-taxable","10":"purchasable","11":"product-type-simple"},"exclude_global_add_ons":false,"addons":[{"name":"Personnalisation","type":"custom_textarea","position":0,"required":false,"title_format":"heading","default":"","description_enable":true,"description":"Vous pouvez indiquer ici les personnalisations (tissus, broderies, couleurs) que vous avez d\u00e9j\u00e0 choisies. Vous pouvez \u00e9galement laisser ce champ vide.\r\nDans tous les cas, je vous contacterai pour d\u00e9finir ou finaliser les personnalisations.\r\n","placeholder_enable":false,"placeholder":"","display":"select","restrictions_type":"any_text","adjust_price":false,"price":"","price_type":"flat_fee","restrictions":false,"min":"0","max":"0","options":[]}],"_links":{"self":[{"href":"https:\/\/cecile-delachaux.fr\/index.php\/wp-json\/wp\/v2\/product\/5958","targetHints":{"allow":["GET"]}}],"collection":[{"href":"https:\/\/cecile-delachaux.fr\/index.php\/wp-json\/wp\/v2\/product"}],"about":[{"href":"https:\/\/cecile-delachaux.fr\/index.php\/wp-json\/wp\/v2\/types\/product"}],"wp:attachment":[{"href":"https:\/\/cecile-delachaux.fr\/index.php\/wp-json\/wp\/v2\/media?parent=5958"}],"wp:term":[{"taxonomy":"product_brand","embeddable":true,"href":"https:\/\/cecile-delachaux.fr\/index.php\/wp-json\/wp\/v2\/product_brand?post=5958"},{"taxonomy":"product_cat","embeddable":true,"href":"https:\/\/cecile-delachaux.fr\/index.php\/wp-json\/wp\/v2\/product_cat?post=5958"},{"taxonomy":"product_tag","embeddable":true,"href":"https:\/\/cecile-delachaux.fr\/index.php\/wp-json\/wp\/v2\/product_tag?post=5958"}],"curies":[{"name":"wp","href":"https:\/\/api.w.org\/{rel}","templated":true}]}}