
{"id":5964,"date":"2019-09-27T10:28:48","date_gmt":"2019-09-27T08:28:48","guid":{"rendered":"https:\/\/cecile-delachaux.fr\/?post_type=product&#038;p=5964"},"modified":"2026-01-09T14:20:26","modified_gmt":"2026-01-09T13:20:26","slug":"trousse-a-soufflet-sur-mesure","status":"publish","type":"product","link":"https:\/\/cecile-delachaux.fr\/index.php\/produit\/trousse-a-soufflet-sur-mesure\/","title":{"rendered":"Trousse \u00e0 soufflet &#8221; sur mesure&#8221;"},"content":{"rendered":"<p>La trousse est enti\u00e8rement personnalisable et unique. Vous choisissez vos tissus et motifs de broderie vous-m\u00eame.<\/p>\n<p>La trousse est enti\u00e8rement doubl\u00e9e pour de jolies finitions.<\/p>\n<p>Elle peut \u00eatre utilis\u00e9e comme trousse de toilette, trousse d&#8217;\u00e9cole, trousse fourre-tout, trousse premiers secours,&#8230;<\/p>\n<p>Une belle id\u00e9e de cadeau : trousse d&#8217;\u00e9cole, anniversaire, f\u00eate des m\u00e8res, evjf, cadeau de remerciement (ma\u00eetresse, atsem, nounou, sage-femme&#8230;), \u2026<\/p>\n<p>Le d\u00e9lai de confection standard est de 30 jours. Lors de validation de votre panier, ce d\u00e9lai peut \u00eatre r\u00e9duit \u00e0 15 jours (avec un surco\u00fbt de 20%).<\/p>\n<p>Je reste \u00e0 votre disposition pour vous conseiller.<\/p>\n<p>N\u2019h\u00e9sitez pas \u00e0 me contacter directement si vous avez des questions.<\/p>\n","protected":false},"excerpt":{"rendered":"<p>La trousse est enti\u00e8rement personnalisable.<\/p>\n<p>Choisissez les tissus et motifs de broderie dans l\u2019onglet \u00ab Personnalisation \u00bb et indiquez leurs r\u00e9f\u00e9rences dans les champs pr\u00e9vus ci-dessous :<\/p>\n","protected":false},"featured_media":5970,"template":"","meta":[],"product_brand":[],"product_cat":[205,219,179,188,162,15,35,102,101],"product_tag":[],"class_list":{"0":"post-5964","1":"product","2":"type-product","3":"status-publish","4":"has-post-thumbnail","6":"product_cat-en-balade","7":"product_cat-pochon-pochette-et-trousse","8":"product_cat-trousse","9":"product_cat-trousse-ecole","10":"product_cat-trousse-a-soufflet","11":"product_cat-tous-les-produits","12":"product_cat-bain","13":"product_cat-rangements","14":"product_cat-ecole","15":"product_shipping_class-lettre-suivie","17":"first","18":"instock","19":"shipping-taxable","20":"purchasable","21":"product-type-simple"},"exclude_global_add_ons":true,"addons":[{"name":"Choix du tissu ext\u00e9rieur","type":"custom_text","position":0,"required":false,"title_format":"heading","default":"","description_enable":false,"description":"","placeholder_enable":false,"placeholder":"","display":"select","restrictions_type":"any_text","adjust_price":false,"price":"","price_type":"flat_fee","restrictions":false,"min":"0","max":"0","options":[],"id":1705063401},{"name":"Choix du tissu int\u00e9rieur","type":"custom_text","position":1,"required":false,"title_format":"heading","default":"","description_enable":false,"description":"","placeholder_enable":false,"placeholder":"","display":"select","restrictions_type":"any_text","adjust_price":false,"price":"","price_type":"flat_fee","restrictions":false,"min":"0","max":"0","options":[],"id":1705063402},{"name":"Choix de la broderie","type":"custom_text","position":2,"required":false,"title_format":"heading","default":"","description_enable":true,"description":"Vous pouvez choisir un motif de broderie et\/ou un texte de votre choix (pr\u00e9nom, initiales, phrase, date, coordonn\u00e9es GPS\u2026) en indiquant la police souhait\u00e9e et couleurs des fils, et les renseigner ci-dessous :","placeholder_enable":false,"placeholder":"","display":"select","restrictions_type":"any_text","adjust_price":false,"price":"","price_type":"flat_fee","restrictions":false,"min":"0","max":"0","options":[],"id":1705063403},{"name":"Broderie sur-mesure","type":"checkbox","position":3,"required":false,"title_format":"heading","default":"","description_enable":true,"description":"Si vous souhaitez r\u00e9aliser une broderie sur-mesure \u00e0 partir d'une image (dessin, empreintes ou mots manuscrits par exemple), cochez cette option. Pour les broderies disponibles sur le site, cette option n'est pas utile.\r\nRetrouvez tous les renseignements sur la page <a href=\"\/index.php\/personnalisation\/broderie\/broderie-sur-mesure\/\" target=\"_blank\">Broderie sur-mesure<\/a>.","placeholder_enable":false,"placeholder":"","display":"select","restrictions_type":"any_text","adjust_price":false,"price":"","price_type":"flat_fee","restrictions":false,"min":"0","max":"0","options":[{"label":"Pr\u00e9cieux souvenirs","price":"10","price_type":"flat_fee","image":0,"visibility":true}],"id":1705063404},{"name":"Format","type":"multiple_choice","position":4,"required":true,"title_format":"heading","default":"","description_enable":true,"description":"Des tailles standard sont propos\u00e9es ci-dessous. N'h\u00e9sitez pas \u00e0 me contacter pour une dimension particuli\u00e8re.","placeholder_enable":false,"placeholder":"","display":"select","restrictions_type":"any_text","adjust_price":false,"price":"","price_type":"flat_fee","restrictions":false,"min":"0","max":"0","options":[{"label":"Taille S (21 x 12 cm)","price":"","price_type":"flat_fee","image":0,"visibility":true},{"label":"Taille M (26 x 18 cm)","price":"3","price_type":"quantity_based","image":0,"visibility":true},{"label":"Taille L (34 x 23 cm)","price":"7","price_type":"quantity_based","image":0,"visibility":true}],"id":1705063405},{"name":"Autres pr\u00e9cisions","type":"custom_textarea","position":5,"required":false,"title_format":"heading","default":"","description_enable":true,"description":"Si vous n\u2019avez pas pu renseigner toutes les options, si vous h\u00e9sitez et avez besoin de conseils, si vous recherchez un tissu ou un motif de broderie qui ne figurent pas dans l\u2019onglet personnalisation, ou pour toute autre demande compl\u00e9mentaire, je vous invite \u00e0 noter votre demande ci-dessous.\r\nDans tous les cas, je vous contacterai pour d\u00e9finir ou finaliser les personnalisations.","placeholder_enable":false,"placeholder":"","display":"select","restrictions_type":"any_text","adjust_price":false,"price":"","price_type":"flat_fee","restrictions":false,"min":"0","max":"0","options":[],"id":1705063406}],"_links":{"self":[{"href":"https:\/\/cecile-delachaux.fr\/index.php\/wp-json\/wp\/v2\/product\/5964","targetHints":{"allow":["GET"]}}],"collection":[{"href":"https:\/\/cecile-delachaux.fr\/index.php\/wp-json\/wp\/v2\/product"}],"about":[{"href":"https:\/\/cecile-delachaux.fr\/index.php\/wp-json\/wp\/v2\/types\/product"}],"wp:featuredmedia":[{"embeddable":true,"href":"https:\/\/cecile-delachaux.fr\/index.php\/wp-json\/wp\/v2\/media\/5970"}],"wp:attachment":[{"href":"https:\/\/cecile-delachaux.fr\/index.php\/wp-json\/wp\/v2\/media?parent=5964"}],"wp:term":[{"taxonomy":"product_brand","embeddable":true,"href":"https:\/\/cecile-delachaux.fr\/index.php\/wp-json\/wp\/v2\/product_brand?post=5964"},{"taxonomy":"product_cat","embeddable":true,"href":"https:\/\/cecile-delachaux.fr\/index.php\/wp-json\/wp\/v2\/product_cat?post=5964"},{"taxonomy":"product_tag","embeddable":true,"href":"https:\/\/cecile-delachaux.fr\/index.php\/wp-json\/wp\/v2\/product_tag?post=5964"}],"curies":[{"name":"wp","href":"https:\/\/api.w.org\/{rel}","templated":true}]}}