
{"id":6058,"date":"2019-09-28T12:44:45","date_gmt":"2019-09-28T10:44:45","guid":{"rendered":"https:\/\/cecile-delachaux.fr\/?post_type=product&#038;p=6058"},"modified":"2026-01-09T14:20:25","modified_gmt":"2026-01-09T13:20:25","slug":"protege-passeport","status":"publish","type":"product","link":"https:\/\/cecile-delachaux.fr\/index.php\/produit\/protege-passeport\/","title":{"rendered":"Prot\u00e8ge passeport"},"content":{"rendered":"<p>Le prot\u00e8ge passeport permet de prot\u00e9ger et embellir votre passeport.<\/p>\n<p>Le d\u00e9lai de confection standard est de 30 jours. Lors de validation de votre panier, ce d\u00e9lai peut \u00eatre r\u00e9duit \u00e0 15 jours (avec un surco\u00fbt de 20%).<\/p>\n<p>Je reste \u00e0 votre disposition pour vous conseiller.<\/p>\n<p>N\u2019h\u00e9sitez pas \u00e0 me contacter directement si vous avez des questions.<\/p>\n","protected":false},"excerpt":{"rendered":"<p>Le prot\u00e8ge passeport est r\u00e9alis\u00e9 sur commande et est enti\u00e8rement personnalisable.<\/p>\n<p>Choisissez les tissus et motifs de broderie dans l\u2019onglet \u00ab Personnalisation \u00bb et indiquez leurs r\u00e9f\u00e9rences dans les champs pr\u00e9vus ci-dessous :<\/p>\n","protected":false},"featured_media":5989,"template":"","meta":[],"product_brand":[],"product_cat":[181,15,108],"product_tag":[],"class_list":{"0":"post-6058","1":"product","2":"type-product","3":"status-publish","4":"has-post-thumbnail","6":"product_cat-passeport","7":"product_cat-tous-les-produits","8":"product_cat-mariage","9":"product_shipping_class-lettre-suivie","11":"first","12":"instock","13":"shipping-taxable","14":"purchasable","15":"product-type-simple"},"exclude_global_add_ons":true,"addons":[{"name":"Choix du tissu uni","type":"custom_text","position":0,"required":false,"title_format":"heading","default":"","description_enable":false,"description":"","placeholder_enable":false,"placeholder":"","display":"select","restrictions_type":"any_text","adjust_price":false,"price":"","price_type":"flat_fee","restrictions":false,"min":"0","max":"0","options":[],"id":1705057260},{"name":"Choix du tissu \u00e0 motifs","type":"custom_text","position":1,"required":false,"title_format":"heading","default":"","description_enable":false,"description":"","placeholder_enable":false,"placeholder":"","display":"select","restrictions_type":"any_text","adjust_price":false,"price":"","price_type":"flat_fee","restrictions":false,"min":"0","max":"0","options":[],"id":1705057261},{"name":"Format","type":"multiple_choice","position":2,"required":true,"title_format":"heading","default":"","description_enable":true,"description":"Indiquez si vous souhaitez un ou deux tissus.\r\nSi vous prenez deux tissus, renseignez si vous voulez la s\u00e9paration verticale ou horizontale des tissus :","placeholder_enable":false,"placeholder":"","display":"select","restrictions_type":"any_text","adjust_price":false,"price":"","price_type":"flat_fee","restrictions":false,"min":"0","max":"0","options":[{"label":"S\u00e9paration verticale","price":"","price_type":"flat_fee","image":0,"visibility":true},{"label":"Un seul tissu","price":"","price_type":"flat_fee","image":0,"visibility":true}],"id":1705057262},{"name":"Choix de la broderie","type":"custom_text","position":3,"required":false,"title_format":"heading","default":"","description_enable":true,"description":"Vous pouvez choisir un motif de broderie et\/ou un texte de votre choix (nom de famille, pr\u00e9noms, initiales, date\u2026) en indiquant la couleurs des fils, et les renseigner ci-dessous :","placeholder_enable":false,"placeholder":"","display":"select","restrictions_type":"any_text","adjust_price":false,"price":"","price_type":"flat_fee","restrictions":false,"min":"0","max":"0","options":[],"id":1705057263},{"name":"Nom de Famille","type":"custom_text","position":4,"required":false,"title_format":"heading","default":"","description_enable":false,"description":"","placeholder_enable":false,"placeholder":"","display":"select","restrictions_type":"any_text","adjust_price":false,"price":"","price_type":"flat_fee","restrictions":false,"min":"0","max":"0","options":[],"id":1705057264},{"name":"Passepoil","type":"multiple_choice","position":5,"required":true,"title_format":"heading","default":"","description_enable":false,"description":"","placeholder_enable":false,"placeholder":"","display":"radiobutton","restrictions_type":"any_text","adjust_price":false,"price":"","price_type":"flat_fee","restrictions":false,"min":"0","max":"0","options":[{"label":"Avec","price":"","price_type":"flat_fee","image":0,"visibility":true},{"label":"Sans","price":"","price_type":"flat_fee","image":0,"visibility":true}],"id":1705057265},{"name":"Couleur du passepoil","type":"custom_text","position":6,"required":false,"title_format":"heading","default":"","description_enable":true,"description":"Si vous avez une pr\u00e9f\u00e9rence, indiquez la couleur que vous souhaiteriez (la broderie sera de la m\u00eame couleur) :","placeholder_enable":false,"placeholder":"","display":"select","restrictions_type":"any_text","adjust_price":false,"price":"","price_type":"flat_fee","restrictions":false,"min":"0","max":"0","options":[],"id":1705057266},{"name":"Option rubans","type":"multiple_choice","position":7,"required":true,"title_format":"heading","default":"","description_enable":true,"description":"Vous pouvez ajouter des rubans \u00e0 nouer sur le c\u00f4t\u00e9.","placeholder_enable":false,"placeholder":"","display":"radiobutton","restrictions_type":"any_text","adjust_price":false,"price":"","price_type":"flat_fee","restrictions":false,"min":"0","max":"0","options":[{"label":"Avec","price":"","price_type":"flat_fee","image":0,"visibility":true},{"label":"Sans","price":"","price_type":"flat_fee","image":0,"visibility":true}],"id":1705057267},{"name":"Autres pr\u00e9cisions","type":"custom_textarea","position":8,"required":false,"title_format":"heading","default":"","description_enable":true,"description":"Si vous n\u2019avez pas pu renseigner toutes les options, si vous h\u00e9sitez et avez besoin de conseils, si vous recherchez un tissu ou un motif de broderie qui ne figurent pas dans l\u2019onglet personnalisation, ou pour toute autre demande compl\u00e9mentaire, je vous invite \u00e0 noter votre demande ci-dessous.\r\nDans tous les cas, je vous contacterai pour d\u00e9finir ou finaliser les personnalisations.","placeholder_enable":false,"placeholder":"","display":"select","restrictions_type":"any_text","adjust_price":false,"price":"","price_type":"flat_fee","restrictions":false,"min":"0","max":"0","options":[],"id":1705057268}],"_links":{"self":[{"href":"https:\/\/cecile-delachaux.fr\/index.php\/wp-json\/wp\/v2\/product\/6058","targetHints":{"allow":["GET"]}}],"collection":[{"href":"https:\/\/cecile-delachaux.fr\/index.php\/wp-json\/wp\/v2\/product"}],"about":[{"href":"https:\/\/cecile-delachaux.fr\/index.php\/wp-json\/wp\/v2\/types\/product"}],"wp:featuredmedia":[{"embeddable":true,"href":"https:\/\/cecile-delachaux.fr\/index.php\/wp-json\/wp\/v2\/media\/5989"}],"wp:attachment":[{"href":"https:\/\/cecile-delachaux.fr\/index.php\/wp-json\/wp\/v2\/media?parent=6058"}],"wp:term":[{"taxonomy":"product_brand","embeddable":true,"href":"https:\/\/cecile-delachaux.fr\/index.php\/wp-json\/wp\/v2\/product_brand?post=6058"},{"taxonomy":"product_cat","embeddable":true,"href":"https:\/\/cecile-delachaux.fr\/index.php\/wp-json\/wp\/v2\/product_cat?post=6058"},{"taxonomy":"product_tag","embeddable":true,"href":"https:\/\/cecile-delachaux.fr\/index.php\/wp-json\/wp\/v2\/product_tag?post=6058"}],"curies":[{"name":"wp","href":"https:\/\/api.w.org\/{rel}","templated":true}]}}