
{"id":6586,"date":"2020-01-08T23:19:11","date_gmt":"2020-01-08T22:19:11","guid":{"rendered":"https:\/\/cecile-delachaux.fr\/?post_type=product&#038;p=6586"},"modified":"2023-09-21T23:16:42","modified_gmt":"2023-09-21T21:16:42","slug":"housse-boite-de-mouchoirs","status":"publish","type":"product","link":"https:\/\/cecile-delachaux.fr\/index.php\/produit\/housse-boite-de-mouchoirs\/","title":{"rendered":"Housse bo\u00eete de mouchoirs"},"content":{"rendered":"<p>Le d\u00e9lai de confection standard est de 30 jours. Lors de validation de votre panier, ce d\u00e9lai peut \u00eatre r\u00e9duit \u00e0 15 jours (avec un surco\u00fbt de 20%).<\/p>\n<p>Je reste \u00e0 votre disposition pour vous conseiller.<\/p>\n<p>N\u2019h\u00e9sitez pas \u00e0 me contacter directement si vous avez des questions.<\/p>\n","protected":false},"excerpt":{"rendered":"<p>La housse de bo\u00eete de mouchoirs est r\u00e9alis\u00e9e sur commande et est enti\u00e8rement personnalisable.<\/p>\n<p>Choisissez les tissus et motifs de broderie dans l\u2019onglet \u00ab Personnalisation \u00bb et indiquez leurs r\u00e9f\u00e9rences dans les champs pr\u00e9vus ci-dessous :<\/p>\n","protected":false},"featured_media":7931,"template":"","meta":[],"product_brand":[],"product_cat":[200,15],"product_tag":[],"class_list":{"0":"post-6586","1":"product","2":"type-product","3":"status-publish","4":"has-post-thumbnail","6":"product_cat-housse-boite-de-mouchoirs","7":"product_cat-tous-les-produits","8":"product_shipping_class-colis","10":"first","11":"instock","12":"shipping-taxable","13":"purchasable","14":"product-type-simple"},"exclude_global_add_ons":true,"addons":[{"name":"Tissus","type":"multiple_choice","position":0,"required":true,"title_format":"heading","default":"","description_enable":true,"description":"Indiquez si vous souhaitez un seul tissu (uni ou \u00e0 motifs) ou 2 tissus (1 uni et 1 \u00e0 motifs) :","placeholder_enable":false,"placeholder":"","display":"select","restrictions_type":"any_text","adjust_price":false,"price":"","price_type":"flat_fee","restrictions":false,"min":"0","max":"0","options":[{"label":"Un tissu uni","price":"","price_type":"flat_fee","image":0,"visibility":true},{"label":"Un tissu \u00e0 motifs","price":"","price_type":"flat_fee","image":0,"visibility":true},{"label":"Un tissu uni et un tissu \u00e0 motifs","price":"","price_type":"flat_fee","image":0,"visibility":true}],"id":1695338203},{"name":"Choix des tissus","type":"custom_textarea","position":1,"required":false,"title_format":"heading","default":"","description_enable":true,"description":"Choisissez un ou deux tissus :\r\n\u2013 un tissu uni (double gaze, lin, matelass\u00e9,\u2026)\r\n\u2013 un tissu \u00e0 motif (en coton, double gaze,\u2026)","placeholder_enable":false,"placeholder":"","display":"select","restrictions_type":"any_text","adjust_price":false,"price":"","price_type":"flat_fee","restrictions":false,"min":"0","max":"0","options":[],"id":1695338204},{"name":"Choix de la broderie","type":"custom_text","position":2,"required":false,"title_format":"heading","default":"","description_enable":true,"description":"Vous pouvez choisir un motif de broderie et\/ou un texte de votre choix (pr\u00e9nom, initiales, date\u2026) et les renseigner ci-dessous :","placeholder_enable":false,"placeholder":"","display":"select","restrictions_type":"any_text","adjust_price":false,"price":"","price_type":"flat_fee","restrictions":false,"min":"0","max":"0","options":[],"id":1695338205},{"name":"Couleur des fils","type":"custom_text","position":3,"required":false,"title_format":"heading","default":"","description_enable":false,"description":"","placeholder_enable":false,"placeholder":"","display":"select","restrictions_type":"any_text","adjust_price":false,"price":"","price_type":"flat_fee","restrictions":false,"min":"0","max":"0","options":[],"id":1695338206},{"name":"Police de caract\u00e8re","type":"custom_text","position":4,"required":false,"title_format":"heading","default":"","description_enable":false,"description":"","placeholder_enable":false,"placeholder":"","display":"select","restrictions_type":"any_text","adjust_price":false,"price":"","price_type":"flat_fee","restrictions":false,"min":"0","max":"0","options":[],"id":1695338207},{"name":"Dimensions de votre boite de mouchoirs","type":"custom_text","position":5,"required":false,"title_format":"heading","default":"","description_enable":true,"description":"Indiquez les dimensions de votre bo\u00eete de mouchoir ici (longueur, largeur et hauteur) :","placeholder_enable":false,"placeholder":"","display":"select","restrictions_type":"any_text","adjust_price":false,"price":"","price_type":"flat_fee","restrictions":false,"min":"0","max":"0","options":[],"id":1695338208},{"name":"Autres pr\u00e9cisions","type":"custom_textarea","position":6,"required":false,"title_format":"heading","default":"","description_enable":true,"description":"Si vous n'avez pas pu renseigner toutes les options, si vous h\u00e9sitez, si vous recherchez un tissu ou un motif de broderie qui ne figurent pas dans l'onglet personnalisation, ou pour toute autre demande compl\u00e9mentaire, je vous invite \u00e0 noter votre demande ci-dessous :","placeholder_enable":false,"placeholder":"","display":"select","restrictions_type":"any_text","adjust_price":false,"price":"","price_type":"flat_fee","restrictions":false,"min":"0","max":"0","options":[],"id":1695338209}],"_links":{"self":[{"href":"https:\/\/cecile-delachaux.fr\/index.php\/wp-json\/wp\/v2\/product\/6586","targetHints":{"allow":["GET"]}}],"collection":[{"href":"https:\/\/cecile-delachaux.fr\/index.php\/wp-json\/wp\/v2\/product"}],"about":[{"href":"https:\/\/cecile-delachaux.fr\/index.php\/wp-json\/wp\/v2\/types\/product"}],"wp:featuredmedia":[{"embeddable":true,"href":"https:\/\/cecile-delachaux.fr\/index.php\/wp-json\/wp\/v2\/media\/7931"}],"wp:attachment":[{"href":"https:\/\/cecile-delachaux.fr\/index.php\/wp-json\/wp\/v2\/media?parent=6586"}],"wp:term":[{"taxonomy":"product_brand","embeddable":true,"href":"https:\/\/cecile-delachaux.fr\/index.php\/wp-json\/wp\/v2\/product_brand?post=6586"},{"taxonomy":"product_cat","embeddable":true,"href":"https:\/\/cecile-delachaux.fr\/index.php\/wp-json\/wp\/v2\/product_cat?post=6586"},{"taxonomy":"product_tag","embeddable":true,"href":"https:\/\/cecile-delachaux.fr\/index.php\/wp-json\/wp\/v2\/product_tag?post=6586"}],"curies":[{"name":"wp","href":"https:\/\/api.w.org\/{rel}","templated":true}]}}