
{"id":6788,"date":"2020-04-21T01:32:55","date_gmt":"2020-04-20T23:32:55","guid":{"rendered":"https:\/\/cecile-delachaux.fr\/?post_type=product&#038;p=6788"},"modified":"2021-01-13T12:12:55","modified_gmt":"2021-01-13T11:12:55","slug":"lot-6-lingettes-lavables-double-gaze-et-lin-brode-vieux-rose-en-stock","status":"publish","type":"product","link":"https:\/\/cecile-delachaux.fr\/index.php\/produit\/lot-6-lingettes-lavables-double-gaze-et-lin-brode-vieux-rose-en-stock\/","title":{"rendered":"Lot 6 Lingettes lavables Double Gaze et lin brod\u00e9 vieux rose (en stock)"},"content":{"rendered":"<p>Les lingettes z\u00e9ro d\u00e9chet sont r\u00e9utilisables et permettent de se d\u00e9maquiller le visage, nettoyer b\u00e9b\u00e9 ou d\u00e9barbouiller un enfant&#8230;<\/p>\n<p>Chaque lingette poss\u00e8de une boucle d&#8217;accroche en corde 100% coton.<\/p>\n<p>Composition :<\/p>\n<ul>\n<li>tissu 100% coton Oeko-tex<\/li>\n<li>tissu 100% lin Oeko-tex<\/li>\n<li>tissu micro \u00e9ponge de bambou \u00e9cru Oeko-tex<\/li>\n<\/ul>\n<p>N\u2019h\u00e9sitez pas \u00e0 me contacter directement si vous avez des questions.<\/p>\n","protected":false},"excerpt":{"rendered":"<div class=\"woocommerce-product-details__short-description\">\n<div class=\"woocommerce-product-details__short-description\">\n<p>Lot de 6 lingettes lavables r\u00e9alis\u00e9es dont 3 en tissu double gaze vieux rose et 3 en lin brod\u00e9 avec tissu \u00e9ponge tout doux labellis\u00e9 Oeko-tex.<\/p>\n<\/div>\n<\/div>\n","protected":false},"featured_media":6779,"template":"","meta":[],"product_brand":[],"product_cat":[158,15,150],"product_tag":[],"class_list":{"0":"post-6788","1":"product","2":"type-product","3":"status-publish","4":"has-post-thumbnail","6":"product_cat-lingettes","7":"product_cat-tous-les-produits","8":"product_cat-en-stock","9":"product_shipping_class-lettre-suivie","11":"first","12":"instock","13":"shipping-taxable","14":"purchasable","15":"product-type-simple"},"exclude_global_add_ons":[],"addons":[],"_links":{"self":[{"href":"https:\/\/cecile-delachaux.fr\/index.php\/wp-json\/wp\/v2\/product\/6788","targetHints":{"allow":["GET"]}}],"collection":[{"href":"https:\/\/cecile-delachaux.fr\/index.php\/wp-json\/wp\/v2\/product"}],"about":[{"href":"https:\/\/cecile-delachaux.fr\/index.php\/wp-json\/wp\/v2\/types\/product"}],"wp:featuredmedia":[{"embeddable":true,"href":"https:\/\/cecile-delachaux.fr\/index.php\/wp-json\/wp\/v2\/media\/6779"}],"wp:attachment":[{"href":"https:\/\/cecile-delachaux.fr\/index.php\/wp-json\/wp\/v2\/media?parent=6788"}],"wp:term":[{"taxonomy":"product_brand","embeddable":true,"href":"https:\/\/cecile-delachaux.fr\/index.php\/wp-json\/wp\/v2\/product_brand?post=6788"},{"taxonomy":"product_cat","embeddable":true,"href":"https:\/\/cecile-delachaux.fr\/index.php\/wp-json\/wp\/v2\/product_cat?post=6788"},{"taxonomy":"product_tag","embeddable":true,"href":"https:\/\/cecile-delachaux.fr\/index.php\/wp-json\/wp\/v2\/product_tag?post=6788"}],"curies":[{"name":"wp","href":"https:\/\/api.w.org\/{rel}","templated":true}]}}