
{"id":7213,"date":"2021-01-18T00:28:50","date_gmt":"2021-01-17T23:28:50","guid":{"rendered":"https:\/\/cecile-delachaux.fr\/?post_type=product&#038;p=7213"},"modified":"2026-01-09T14:20:25","modified_gmt":"2026-01-09T13:20:25","slug":"bavoir-anniversaire-col-claudine","status":"publish","type":"product","link":"https:\/\/cecile-delachaux.fr\/index.php\/produit\/bavoir-anniversaire-col-claudine\/","title":{"rendered":"Bavoir anniversaire (col Claudine)"},"content":{"rendered":"<p>Bavoir \u00e0 nouer enti\u00e8rement personnalisable.<\/p>\n<p>Une belle id\u00e9e pour f\u00eater ce grand jour qui restera un joli souvenir&#8230;<\/p>\n<p>Vous pouvez choisir le col, les tissus ainsi que les motifs de broderie dans l\u2019onglet personnalisation et renseigner vos choix ci-dessus.<\/p>\n<p>Il convient pour des enfants de la naissance \u00e0 36 mois.<\/p>\n<p>Le d\u00e9lai de confection standard est de 30 jours. Lors de validation de votre panier, ce d\u00e9lai peut \u00eatre r\u00e9duit \u00e0 15 jours (avec un surco\u00fbt de 20%).<\/p>\n<p>Je reste \u00e0 votre disposition pour vous conseiller.<\/p>\n<p>N\u2019h\u00e9sitez pas \u00e0 me contacter directement si vous avez des questions.<\/p>\n","protected":false},"excerpt":{"rendered":"<p>Le bavoir est r\u00e9alis\u00e9 sur commande et est enti\u00e8rement personnalisable.<\/p>\n<p>Choisissez les tissus et motifs de broderie dans l\u2019onglet \u00ab Personnalisation \u00bb et indiquez leurs r\u00e9f\u00e9rences dans les champs pr\u00e9vus ci-dessous :<\/p>\n","protected":false},"featured_media":7227,"template":"","meta":[],"product_brand":[],"product_cat":[156,15,112],"product_tag":[],"class_list":{"0":"post-7213","1":"product","2":"type-product","3":"status-publish","4":"has-post-thumbnail","6":"product_cat-bavoir","7":"product_cat-tous-les-produits","8":"product_cat-anniversaire","9":"product_shipping_class-lettre-suivie","11":"first","12":"instock","13":"shipping-taxable","14":"purchasable","15":"product-type-simple"},"exclude_global_add_ons":true,"addons":[{"name":"Choix du tissu imprim\u00e9","type":"custom_text","position":0,"required":false,"title_format":"heading","default":"","description_enable":true,"description":"Veuillez renseigner le tissu choisi pour le col et la broderie ci-dessous :","placeholder_enable":false,"placeholder":"","display":"select","restrictions_type":"any_text","adjust_price":false,"price":"","price_type":"flat_fee","restrictions":false,"min":"0","max":"0","options":[],"id":1695599245},{"name":"Choix du tissu (verso)","type":"multiple_choice","position":1,"required":true,"title_format":"heading","default":"","description_enable":true,"description":"Veuillez renseigner le tissu choisi au verso ci-dessous :","placeholder_enable":false,"placeholder":"","display":"select","restrictions_type":"any_text","adjust_price":false,"price":"","price_type":"flat_fee","restrictions":false,"min":"0","max":"0","options":[{"label":"Tissu \u00e9ponge","price":"","price_type":"flat_fee","image":0,"visibility":true},{"label":"Tissu imprim\u00e9 (idem col et broderie)","price":"","price_type":"flat_fee","image":0,"visibility":true}],"id":1695599246},{"name":"Choix du motif de broderie","type":"custom_text","position":2,"required":false,"title_format":"heading","default":"","description_enable":true,"description":"Vous pouvez choisir un motif de broderie et\/ou un texte de votre choix (pr\u00e9nom, initiales, date\u2026) en indiquant la police souhait\u00e9e et couleurs des fils, et les renseigner ci-dessous :","placeholder_enable":false,"placeholder":"","display":"select","restrictions_type":"any_text","adjust_price":false,"price":"","price_type":"flat_fee","restrictions":false,"min":"0","max":"0","options":[],"id":1695599247},{"name":"Police de caract\u00e8re","type":"custom_text","position":3,"required":false,"title_format":"heading","default":"","description_enable":false,"description":"Veuillez renseigner la police choisie :","placeholder_enable":false,"placeholder":"","display":"select","restrictions_type":"any_text","adjust_price":false,"price":"","price_type":"flat_fee","restrictions":false,"min":"0","max":"0","options":[],"id":1695599248},{"name":"Couleur des fils","type":"custom_text","position":4,"required":false,"title_format":"heading","default":"","description_enable":false,"description":"","placeholder_enable":false,"placeholder":"","display":"select","restrictions_type":"any_text","adjust_price":false,"price":"","price_type":"flat_fee","restrictions":false,"min":"0","max":"0","options":[],"id":1695599249},{"name":"Couleur du biais","type":"custom_text","position":5,"required":false,"title_format":"heading","default":"","description_enable":true,"description":"Si vous avez une pr\u00e9f\u00e9rence, indiquez la couleur que vous souhaiteriez :","placeholder_enable":false,"placeholder":"","display":"select","restrictions_type":"any_text","adjust_price":false,"price":"","price_type":"flat_fee","restrictions":false,"min":"0","max":"0","options":[],"id":1695599250},{"name":"Autres pr\u00e9cisions","type":"custom_textarea","position":6,"required":false,"title_format":"heading","default":"","description_enable":true,"description":"Si vous n\u2019avez pas pu renseigner toutes les options, si vous h\u00e9sitez, si vous recherchez un tissu ou un motif de broderie qui ne figurent pas dans l\u2019onglet personnalisation, ou pour toute autre demande compl\u00e9mentaire, je vous invite \u00e0 noter votre demande ci-dessous :","placeholder_enable":false,"placeholder":"","display":"select","restrictions_type":"any_text","adjust_price":false,"price":"","price_type":"flat_fee","restrictions":false,"min":"0","max":"0","options":[],"id":1695599251}],"_links":{"self":[{"href":"https:\/\/cecile-delachaux.fr\/index.php\/wp-json\/wp\/v2\/product\/7213","targetHints":{"allow":["GET"]}}],"collection":[{"href":"https:\/\/cecile-delachaux.fr\/index.php\/wp-json\/wp\/v2\/product"}],"about":[{"href":"https:\/\/cecile-delachaux.fr\/index.php\/wp-json\/wp\/v2\/types\/product"}],"wp:featuredmedia":[{"embeddable":true,"href":"https:\/\/cecile-delachaux.fr\/index.php\/wp-json\/wp\/v2\/media\/7227"}],"wp:attachment":[{"href":"https:\/\/cecile-delachaux.fr\/index.php\/wp-json\/wp\/v2\/media?parent=7213"}],"wp:term":[{"taxonomy":"product_brand","embeddable":true,"href":"https:\/\/cecile-delachaux.fr\/index.php\/wp-json\/wp\/v2\/product_brand?post=7213"},{"taxonomy":"product_cat","embeddable":true,"href":"https:\/\/cecile-delachaux.fr\/index.php\/wp-json\/wp\/v2\/product_cat?post=7213"},{"taxonomy":"product_tag","embeddable":true,"href":"https:\/\/cecile-delachaux.fr\/index.php\/wp-json\/wp\/v2\/product_tag?post=7213"}],"curies":[{"name":"wp","href":"https:\/\/api.w.org\/{rel}","templated":true}]}}