
{"id":7239,"date":"2021-01-18T09:53:07","date_gmt":"2021-01-18T08:53:07","guid":{"rendered":"https:\/\/cecile-delachaux.fr\/?post_type=product&#038;p=7239"},"modified":"2026-01-09T14:20:25","modified_gmt":"2026-01-09T13:20:25","slug":"bavoir-a-nouer-col-claudine","status":"publish","type":"product","link":"https:\/\/cecile-delachaux.fr\/index.php\/produit\/bavoir-a-nouer-col-claudine\/","title":{"rendered":"Bavoir \u00e0 nouer (Col Claudine)"},"content":{"rendered":"<p>Bavoir \u00e0 nouer enti\u00e8rement personnalisable.<\/p>\n<p>Vous pouvez choisir le col, les tissus ainsi que les motifs de broderie dans l\u2019onglet personnalisation et renseigner vos choix ci-dessus.<\/p>\n<p>Il convient pour des enfants de la naissance \u00e0 36 mois.<\/p>\n<p>Le d\u00e9lai de confection standard est de 30 jours. Lors de validation de votre panier, ce d\u00e9lai peut \u00eatre r\u00e9duit \u00e0 15 jours (avec un surco\u00fbt de 20%).<\/p>\n<p>Je reste \u00e0 votre disposition pour vous conseiller.<\/p>\n<p>N\u2019h\u00e9sitez pas \u00e0 me contacter directement si vous avez des questions.<\/p>\n","protected":false},"excerpt":{"rendered":"<div class=\"woocommerce-product-details__short-description\">\n<div class=\"woocommerce-product-details__short-description\">\n<p>Le bavoir est r\u00e9alis\u00e9 sur commande et est enti\u00e8rement personnalisable.<\/p>\n<p>Choisissez les tissus et motifs de broderie dans l\u2019onglet \u00ab Personnalisation \u00bb et indiquez leurs r\u00e9f\u00e9rences dans les champs pr\u00e9vus ci-dessous :<\/p>\n<\/div>\n<\/div>\n","protected":false},"featured_media":7265,"template":"","meta":[],"product_brand":[],"product_cat":[156,15,109],"product_tag":[],"class_list":{"0":"post-7239","1":"product","2":"type-product","3":"status-publish","4":"has-post-thumbnail","6":"product_cat-bavoir","7":"product_cat-tous-les-produits","8":"product_cat-naissance","9":"product_shipping_class-lettre-suivie","11":"first","12":"instock","13":"shipping-taxable","14":"purchasable","15":"product-type-simple"},"exclude_global_add_ons":true,"addons":[{"name":"Choix des tissus","type":"custom_textarea","position":0,"required":false,"title_format":"heading","default":"","description_enable":true,"description":"Veuillez renseigner les tissus choisis (recto, verso) ci-dessous :","placeholder_enable":false,"placeholder":"","display":"select","restrictions_type":"any_text","adjust_price":false,"price":"","price_type":"flat_fee","restrictions":false,"min":"0","max":"0","options":[],"id":1695599280},{"name":"Choix du motif de broderie","type":"custom_text","position":1,"required":false,"title_format":"heading","default":"","description_enable":true,"description":"Vous pouvez choisir un motif de broderie et\/ou un texte de votre choix (pr\u00e9nom, initiales, date\u2026) en indiquant la police souhait\u00e9e et couleurs des fils, et les renseigner ci-dessous :","placeholder_enable":false,"placeholder":"","display":"select","restrictions_type":"any_text","adjust_price":false,"price":"","price_type":"flat_fee","restrictions":false,"min":"0","max":"0","options":[],"id":1695599281},{"name":"Police de caract\u00e8re","type":"custom_text","position":2,"required":false,"title_format":"heading","default":"","description_enable":false,"description":"Veuillez renseigner la police choisie :","placeholder_enable":false,"placeholder":"","display":"select","restrictions_type":"any_text","adjust_price":false,"price":"","price_type":"flat_fee","restrictions":false,"min":"0","max":"0","options":[],"id":1695599282},{"name":"Couleur du biais","type":"custom_text","position":3,"required":false,"title_format":"heading","default":"","description_enable":true,"description":"Si vous avez une pr\u00e9f\u00e9rence, indiquez la couleur que vous souhaiteriez :","placeholder_enable":false,"placeholder":"","display":"select","restrictions_type":"any_text","adjust_price":false,"price":"","price_type":"flat_fee","restrictions":false,"min":"0","max":"0","options":[],"id":1695599283},{"name":"Couleur des fils","type":"custom_text","position":4,"required":false,"title_format":"heading","default":"","description_enable":false,"description":"","placeholder_enable":false,"placeholder":"","display":"select","restrictions_type":"any_text","adjust_price":false,"price":"","price_type":"flat_fee","restrictions":false,"min":"0","max":"0","options":[],"id":1695599284},{"name":"Autres pr\u00e9cisions","type":"custom_textarea","position":5,"required":false,"title_format":"heading","default":"","description_enable":false,"description":"Si vous n'avez pas pu renseigner toutes les options, si vous h\u00e9sitez, si vous recherchez un tissu ou un motif de broderie qui ne figurent pas dans l'onglet personnalisation, ou pour toute autre demande compl\u00e9mentaire, je vous invite \u00e0 noter votre demande ci-dessous :","placeholder_enable":false,"placeholder":"","display":"select","restrictions_type":"any_text","adjust_price":false,"price":"","price_type":"flat_fee","restrictions":false,"min":"0","max":"0","options":[],"id":1695599285}],"_links":{"self":[{"href":"https:\/\/cecile-delachaux.fr\/index.php\/wp-json\/wp\/v2\/product\/7239","targetHints":{"allow":["GET"]}}],"collection":[{"href":"https:\/\/cecile-delachaux.fr\/index.php\/wp-json\/wp\/v2\/product"}],"about":[{"href":"https:\/\/cecile-delachaux.fr\/index.php\/wp-json\/wp\/v2\/types\/product"}],"wp:featuredmedia":[{"embeddable":true,"href":"https:\/\/cecile-delachaux.fr\/index.php\/wp-json\/wp\/v2\/media\/7265"}],"wp:attachment":[{"href":"https:\/\/cecile-delachaux.fr\/index.php\/wp-json\/wp\/v2\/media?parent=7239"}],"wp:term":[{"taxonomy":"product_brand","embeddable":true,"href":"https:\/\/cecile-delachaux.fr\/index.php\/wp-json\/wp\/v2\/product_brand?post=7239"},{"taxonomy":"product_cat","embeddable":true,"href":"https:\/\/cecile-delachaux.fr\/index.php\/wp-json\/wp\/v2\/product_cat?post=7239"},{"taxonomy":"product_tag","embeddable":true,"href":"https:\/\/cecile-delachaux.fr\/index.php\/wp-json\/wp\/v2\/product_tag?post=7239"}],"curies":[{"name":"wp","href":"https:\/\/api.w.org\/{rel}","templated":true}]}}