
{"id":7564,"date":"2021-02-04T00:38:45","date_gmt":"2021-02-03T23:38:45","guid":{"rendered":"https:\/\/cecile-delachaux.fr\/?post_type=product&#038;p=7564"},"modified":"2025-07-11T14:45:41","modified_gmt":"2025-07-11T12:45:41","slug":"sac-a-dos-maternelle-matelasse-canard","status":"publish","type":"product","link":"https:\/\/cecile-delachaux.fr\/index.php\/produit\/sac-a-dos-maternelle-matelasse-canard\/","title":{"rendered":"Sac \u00e0 dos maternelle matelass\u00e9 (canard)"},"content":{"rendered":"<p>Sac \u00e0 dos id\u00e9al pour la cr\u00e8che ou l\u2019\u00e9cole maternelle.<\/p>\n<p>Ce sac est enti\u00e8rement doubl\u00e9 et molletonn\u00e9 pour une belle tenue et de jolies finitions.<\/p>\n<p>Le rabat se ferme \u00e0 l&#8217;aide d&#8217;un bouton aimant\u00e9, la fermeture du sac est \u00e9lastiqu\u00e9 pour plus de facilit\u00e9 et d&#8217;autonomie de l&#8217;enfant. Les anses sont r\u00e9glables.<\/p>\n<p>Le d\u00e9lai de confection standard est de 30 jours. Lors de validation de votre panier, ce d\u00e9lai peut \u00eatre r\u00e9duit \u00e0 15 jours (avec un surco\u00fbt de 20%).<\/p>\n<p>Je reste \u00e0 votre disposition pour vous conseiller.<\/p>\n<p>N\u2019h\u00e9sitez pas \u00e0 me contacter directement si vous avez des questions.<\/p>\n","protected":false},"excerpt":{"rendered":"<div class=\"woocommerce-product-details__short-description\">\n<div class=\"woocommerce-product-details__short-description\">\n<p>Le sac maternelle est r\u00e9alis\u00e9 sur commande et est enti\u00e8rement personnalisable.<\/p>\n<p>Choisissez les tissus et motifs de broderie dans l\u2019onglet \u00ab Personnalisation \u00bb et indiquez leurs r\u00e9f\u00e9rences dans les champs pr\u00e9vus ci-dessous<\/p>\n<\/div>\n<\/div>\n","protected":false},"featured_media":7585,"template":"","meta":[],"product_brand":[],"product_cat":[174,189,15],"product_tag":[],"class_list":{"0":"post-7564","1":"product","2":"type-product","3":"status-publish","4":"has-post-thumbnail","6":"product_cat-sac-a-dos","7":"product_cat-sac-a-dos-ecole","8":"product_cat-tous-les-produits","9":"product_shipping_class-colis","11":"first","12":"instock","13":"shipping-taxable","14":"purchasable","15":"product-type-simple"},"exclude_global_add_ons":true,"addons":[{"name":"Choix du tissu du rabat","type":"custom_text","position":0,"required":false,"title_format":"heading","default":"","description_enable":true,"description":"Choisissez un tissu \u00e0 motifs en coton :","placeholder_enable":false,"placeholder":"","display":"select","restrictions_type":"any_text","adjust_price":false,"price":"","price_type":"flat_fee","restrictions":false,"min":"0","max":"0","options":[]},{"name":"Couleur du passepoil","type":"custom_text","position":1,"required":false,"title_format":"heading","default":"","description_enable":true,"description":"Si vous avez une pr\u00e9f\u00e9rence, indiquez la couleur que vous souhaiteriez :","placeholder_enable":false,"placeholder":"","display":"select","restrictions_type":"any_text","adjust_price":false,"price":"","price_type":"flat_fee","restrictions":false,"min":"0","max":"0","options":[]},{"name":"Choix de la broderie","type":"custom_text","position":2,"required":false,"title_format":"heading","default":"","description_enable":true,"description":"Vous pouvez choisir un motif de broderie et\/ou un texte de votre choix (pr\u00e9nom, initiales, date\u2026) en indiquant la police souhait\u00e9e et couleurs des fils, et les renseigner ci-dessous :","placeholder_enable":false,"placeholder":"","display":"select","restrictions_type":"any_text","adjust_price":false,"price":"","price_type":"flat_fee","restrictions":false,"min":"0","max":"0","options":[]},{"name":"Police de caract\u00e8re","type":"custom_text","position":3,"required":false,"title_format":"heading","default":"","description_enable":false,"description":"Veuillez renseigner la police choisie :","placeholder_enable":false,"placeholder":"","display":"select","restrictions_type":"any_text","adjust_price":false,"price":"","price_type":"flat_fee","restrictions":false,"min":"0","max":"0","options":[]},{"name":"Couleur des fils","type":"custom_text","position":4,"required":false,"title_format":"heading","default":"","description_enable":false,"description":"","placeholder_enable":false,"placeholder":"","display":"select","restrictions_type":"any_text","adjust_price":false,"price":"","price_type":"flat_fee","restrictions":false,"min":"0","max":"0","options":[]},{"name":"Broderie suppl\u00e9mentaire","type":"custom_textarea","position":5,"required":false,"title_format":"heading","default":"","description_enable":true,"description":"Il est possible de broder une inscription sous le rabat :\r\n- Pr\u00e9nom et Nom de famille\r\n- mots, initiales,...\r\n- motifs, symboles...\r\nD\u00e9tail de votre broderie suppl\u00e9mentaire (si vous en souhaitez une) :","placeholder_enable":false,"placeholder":"","display":"select","restrictions_type":"any_text","adjust_price":true,"price":"5","price_type":"quantity_based","restrictions":false,"min":"0","max":"0","options":[]},{"name":"Broderie sur-mesure","type":"checkbox","position":6,"required":false,"title_format":"heading","default":"","description_enable":true,"description":"Si vous souhaitez r\u00e9aliser une broderie sur-mesure \u00e0 partir d'une image (dessin, empreintes ou mots manuscrits par exemple), cochez cette option. Pour les broderies disponibles sur le site, cette option n'est pas utile.\r\nRetrouvez tous les renseignements sur la page <a href=\"\/index.php\/personnalisation\/broderie\/broderie-sur-mesure\/\" target=\"_blank\">Broderie sur-mesure<\/a>.","placeholder_enable":false,"placeholder":"","display":"select","restrictions_type":"any_text","adjust_price":false,"price":"","price_type":"flat_fee","restrictions":false,"min":"0","max":"0","options":[{"label":"Pr\u00e9cieux souvenirs","price":"10","price_type":"flat_fee","image":0,"visibility":true}]},{"name":"Autres pr\u00e9cisions","type":"custom_textarea","position":7,"required":false,"title_format":"heading","default":"","description_enable":true,"description":"Si vous n\u2019avez pas pu renseigner toutes les options, si vous h\u00e9sitez et avez besoin de conseils, si vous recherchez un tissu ou un motif de broderie qui ne figurent pas dans l\u2019onglet personnalisation, ou pour toute autre demande compl\u00e9mentaire, je vous invite \u00e0 noter votre demande ci-dessous.\r\nDans tous les cas, je vous contacterai pour d\u00e9finir ou finaliser les personnalisations.","placeholder_enable":false,"placeholder":"","display":"select","restrictions_type":"any_text","adjust_price":false,"price":"","price_type":"flat_fee","restrictions":false,"min":"0","max":"0","options":[]}],"_links":{"self":[{"href":"https:\/\/cecile-delachaux.fr\/index.php\/wp-json\/wp\/v2\/product\/7564","targetHints":{"allow":["GET"]}}],"collection":[{"href":"https:\/\/cecile-delachaux.fr\/index.php\/wp-json\/wp\/v2\/product"}],"about":[{"href":"https:\/\/cecile-delachaux.fr\/index.php\/wp-json\/wp\/v2\/types\/product"}],"wp:featuredmedia":[{"embeddable":true,"href":"https:\/\/cecile-delachaux.fr\/index.php\/wp-json\/wp\/v2\/media\/7585"}],"wp:attachment":[{"href":"https:\/\/cecile-delachaux.fr\/index.php\/wp-json\/wp\/v2\/media?parent=7564"}],"wp:term":[{"taxonomy":"product_brand","embeddable":true,"href":"https:\/\/cecile-delachaux.fr\/index.php\/wp-json\/wp\/v2\/product_brand?post=7564"},{"taxonomy":"product_cat","embeddable":true,"href":"https:\/\/cecile-delachaux.fr\/index.php\/wp-json\/wp\/v2\/product_cat?post=7564"},{"taxonomy":"product_tag","embeddable":true,"href":"https:\/\/cecile-delachaux.fr\/index.php\/wp-json\/wp\/v2\/product_tag?post=7564"}],"curies":[{"name":"wp","href":"https:\/\/api.w.org\/{rel}","templated":true}]}}