
{"id":8516,"date":"2021-09-19T00:50:48","date_gmt":"2021-09-18T22:50:48","guid":{"rendered":"https:\/\/cecile-delachaux.fr\/?post_type=product&#038;p=8516"},"modified":"2024-12-10T14:38:53","modified_gmt":"2024-12-10T13:38:53","slug":"sac-pochon-broderie-initiale-fleurie","status":"publish","type":"product","link":"https:\/\/cecile-delachaux.fr\/index.php\/produit\/sac-pochon-broderie-initiale-fleurie\/","title":{"rendered":"Sac pochon broderie initiale fleurie &#8220;\u00e0 personnaliser&#8221;"},"content":{"rendered":"<p>Le pochon est un joli sac \u00e0 cordelette en coton brod\u00e9 enti\u00e8rement personnalisable.<\/p>\n<p>C&#8217;est un emballage cadeau z\u00e9ro d\u00e9chets : No\u00ebl, anniversaire, f\u00eate, naissance, bapt\u00eame, mariage, plaisir d&#8217;offrir,&#8230;<\/p>\n<p>Le grand sac pochon (format XL) est id\u00e9al pour emballer plusieurs cadeaux.<\/p>\n<p>Pour de petits cadeaux ou un cadeau seul \u00e0 offrir vous pouvez opter pour les formats L, M ou S.<\/p>\n<p>Tailles :<\/p>\n<div class=\"column-right\">\n<ul class=\"details\">\n<li>S &#8211; Dimensions : 25 x 30 cm | Volume: 3 Litres<\/li>\n<li>M &#8211; Dimensions : 30 x 45 cm | Volume: 8 Litres<\/li>\n<li>L &#8211; Dimensions : 40 x 50 cm | Volume: 14 Litres<\/li>\n<li>XL &#8211; Dimensions : 49 x 75 cm | Volume: 38 Litres<\/li>\n<\/ul>\n<p>D\u00e9tails : 100% coton. Fermeture par lien en corde coulissant. <span class=\"bold\">140g\/m\u00b2<\/span><\/p>\n<\/div>\n<p>Le sac pochon est \u00e9cologique : Il est r\u00e9utilisable toute ann\u00e9e. Il peut servir de sac de rangement. C&#8217;est une belle alternative au papier cadeau comme le furoshiki qui est une solution d\u2019emballage plus \u00e9cologique.<\/p>\n<p>Le d\u00e9lai de confection standard est de 30 jours. Lors de validation de votre panier, ce d\u00e9lai peut \u00eatre r\u00e9duit \u00e0 15 jours (avec un surco\u00fbt de 20%).<\/p>\n<p>Je reste \u00e0 votre disposition pour vous conseiller.<\/p>\n<p>N\u2019h\u00e9sitez pas \u00e0 me contacter directement si vous avez des questions.<\/p>\n<p>&nbsp;<\/p>\n","protected":false},"excerpt":{"rendered":"<div class=\"woocommerce-product-details__short-description\">\n<p>Le pochon est brod\u00e9 sur commande et est enti\u00e8rement personnalisable.<\/p>\n<\/div>\n","protected":false},"featured_media":8521,"template":"","meta":[],"product_brand":[],"product_cat":[235,205,236,175,190,243,219,15,102,101,105,145,109,112],"product_tag":[],"class_list":{"0":"post-8516","1":"product","2":"type-product","3":"status-publish","4":"has-post-thumbnail","6":"product_cat-collections","7":"product_cat-en-balade","8":"product_cat-initiale","9":"product_cat-pochon","10":"product_cat-pochon-ecole","11":"product_cat-pochon-initiale","12":"product_cat-pochon-pochette-et-trousse","13":"product_cat-tous-les-produits","14":"product_cat-rangements","15":"product_cat-ecole","16":"product_cat-occasions-speciales","17":"product_cat-noel","18":"product_cat-naissance","19":"product_cat-anniversaire","20":"product_shipping_class-lettre-suivie","22":"first","23":"instock","24":"shipping-taxable","25":"purchasable","26":"product-type-variable"},"exclude_global_add_ons":true,"addons":[{"name":"Initiale \/ Chiffre","type":"custom_text","position":0,"required":false,"title_format":"heading","default":"","description_enable":false,"description":"","placeholder_enable":false,"placeholder":"","display":"select","restrictions_type":"any_text","adjust_price":false,"price":"","price_type":"flat_fee","restrictions":false,"min":"0","max":"0","options":[],"id":1733841534},{"name":"Pr\u00e9nom \/ Mot","type":"custom_text","position":1,"required":false,"title_format":"heading","default":"","description_enable":false,"description":"","placeholder_enable":false,"placeholder":"","display":"select","restrictions_type":"any_text","adjust_price":false,"price":"","price_type":"flat_fee","restrictions":false,"min":"0","max":"0","options":[],"id":1733841535},{"name":"Couleur des fils de broderie","type":"custom_text","position":2,"required":false,"title_format":"heading","default":"","description_enable":true,"description":"Indiquez les nuances de couleurs que vous souhaiteriez :","placeholder_enable":false,"placeholder":"","display":"select","restrictions_type":"any_text","adjust_price":false,"price":"","price_type":"flat_fee","restrictions":false,"min":"0","max":"0","options":[],"id":1733841536},{"name":"Broderie suppl\u00e9mentaire","type":"custom_text","position":3,"required":false,"title_format":"heading","default":"","description_enable":true,"description":"Broderie ajout\u00e9e au verso du sac pochon :\r\n- Coordonn\u00e9es GPS (merci de me donner l'adresse d\u00e9sir\u00e9e)\r\n- Message, initiales, mots, phrase,...\r\n- Symbole, motif,...","placeholder_enable":false,"placeholder":"","display":"select","restrictions_type":"any_text","adjust_price":true,"price":"5","price_type":"quantity_based","restrictions":false,"min":"0","max":"0","options":[],"id":1733841537},{"name":"Pr\u00e9cisions","type":"custom_textarea","position":4,"required":false,"title_format":"heading","default":"","description_enable":true,"description":"Si vous h\u00e9sitez et avez besoin de conseils, ou pour toute autre demande compl\u00e9mentaire, je vous invite \u00e0 noter votre demande ci-dessous ou \u00e0 me contacter avant votre commande.\r\nDans tous les cas, je vous contacterai pour d\u00e9finir ou finaliser les personnalisations.","placeholder_enable":false,"placeholder":"","display":"select","restrictions_type":"any_text","adjust_price":false,"price":"","price_type":"flat_fee","restrictions":false,"min":"0","max":"0","options":[],"id":1733841538}],"_links":{"self":[{"href":"https:\/\/cecile-delachaux.fr\/index.php\/wp-json\/wp\/v2\/product\/8516","targetHints":{"allow":["GET"]}}],"collection":[{"href":"https:\/\/cecile-delachaux.fr\/index.php\/wp-json\/wp\/v2\/product"}],"about":[{"href":"https:\/\/cecile-delachaux.fr\/index.php\/wp-json\/wp\/v2\/types\/product"}],"wp:featuredmedia":[{"embeddable":true,"href":"https:\/\/cecile-delachaux.fr\/index.php\/wp-json\/wp\/v2\/media\/8521"}],"wp:attachment":[{"href":"https:\/\/cecile-delachaux.fr\/index.php\/wp-json\/wp\/v2\/media?parent=8516"}],"wp:term":[{"taxonomy":"product_brand","embeddable":true,"href":"https:\/\/cecile-delachaux.fr\/index.php\/wp-json\/wp\/v2\/product_brand?post=8516"},{"taxonomy":"product_cat","embeddable":true,"href":"https:\/\/cecile-delachaux.fr\/index.php\/wp-json\/wp\/v2\/product_cat?post=8516"},{"taxonomy":"product_tag","embeddable":true,"href":"https:\/\/cecile-delachaux.fr\/index.php\/wp-json\/wp\/v2\/product_tag?post=8516"}],"curies":[{"name":"wp","href":"https:\/\/api.w.org\/{rel}","templated":true}]}}