
{"id":8564,"date":"2021-09-20T11:09:02","date_gmt":"2021-09-20T09:09:02","guid":{"rendered":"https:\/\/cecile-delachaux.fr\/?post_type=product&#038;p=8564"},"modified":"2025-05-05T12:07:18","modified_gmt":"2025-05-05T10:07:18","slug":"cadre-tambour-a-broder-rond-broderie-initiale-fleurie-a-personnaliser","status":"publish","type":"product","link":"https:\/\/cecile-delachaux.fr\/index.php\/produit\/cadre-tambour-a-broder-rond-broderie-initiale-fleurie-a-personnaliser\/","title":{"rendered":"Cadre tambour \u00e0 broder rond broderie initiale fleurie &#8220;\u00e0 personnaliser&#8221;"},"content":{"rendered":"<p>C&#8217;est une jolie id\u00e9e d\u00e9co et un beau souvenir d&#8217;un \u00e9v\u00e8nement sp\u00e9cial (naissance, bapt\u00eame, mariage, &#8230;)<\/p>\n<p>Le cadre existe en 6 tailles : diam\u00e8tres 10 cm &#8211; 13 cm &#8211; 16 cm &#8211; 19 cm &#8211; 22 cm &#8211; 25 cm<\/p>\n<p>Le d\u00e9lai de confection standard est de 30 jours. Lors de validation de votre panier, ce d\u00e9lai peut \u00eatre r\u00e9duit \u00e0 15 jours (avec un surco\u00fbt de 20%).<\/p>\n<p>Je reste \u00e0 votre disposition pour vous conseiller.<\/p>\n<p>N\u2019h\u00e9sitez pas \u00e0 me contacter directement si vous avez des questions.<\/p>\n","protected":false},"excerpt":{"rendered":"<div class=\"woocommerce-product-details__short-description\">\n<p>Le cadre tambour \u00e0 broder est r\u00e9alis\u00e9 sur commande et est enti\u00e8rement personnalisable.<\/p>\n<p>Choisissez les tissus et motifs de broderie dans l\u2019onglet \u00ab Personnalisation \u00bb et indiquez leurs r\u00e9f\u00e9rences dans les champs pr\u00e9vus ci-dessous :<\/p>\n<\/div>\n","protected":false},"featured_media":12334,"template":"","meta":[],"product_brand":[],"product_cat":[210,242,235,206,169,236,15,105,109,107,112],"product_tag":[],"class_list":{"0":"post-8564","1":"product","2":"type-product","3":"status-publish","4":"has-post-thumbnail","6":"product_cat-cadre-tambour-a-broder","7":"product_cat-cadre-a-broder","8":"product_cat-collections","9":"product_cat-decoration","10":"product_cat-decoration-murale","11":"product_cat-initiale","12":"product_cat-tous-les-produits","13":"product_cat-occasions-speciales","14":"product_cat-naissance","15":"product_cat-bapteme","16":"product_cat-anniversaire","17":"product_shipping_class-colis","19":"first","20":"instock","21":"shipping-taxable","22":"purchasable","23":"product-type-variable"},"exclude_global_add_ons":true,"addons":{"0":{"name":"Choix du tissu","type":"multiple_choice","position":0,"required":false,"title_format":"heading","default":"","description_enable":true,"description":"Indiquez la couleur que vous souhaitez ci-dessous (si vous souhaitez une autre couleur, merci de le renseigner dans pr\u00e9cisions)","placeholder_enable":false,"placeholder":"","display":"select","restrictions_type":"any_text","adjust_price":false,"price":"","price_type":"flat_fee","restrictions":false,"min":"0","max":"0","options":[{"label":"Blanc","price":"","price_type":"flat_fee","image":0,"visibility":true},{"label":"Lin naturel","price":"","price_type":"flat_fee","image":0,"visibility":true}],"id":1675013182},"1":{"name":"Initiale \/ Chiffre","type":"custom_text","position":1,"required":false,"title_format":"heading","default":"","description_enable":false,"description":"Si vous avez choisi un motif \u00e0 broder avec tissu appliqu\u00e9 et\/ou pour le choix du ruban, renseignez le tissu \u00e0 motif que vous souhaitez","placeholder_enable":false,"placeholder":"","display":"select","restrictions_type":"any_text","adjust_price":false,"price":"","price_type":"flat_fee","restrictions":false,"min":"0","max":"0","options":[],"id":1675013183},"2":{"name":"Broderie","type":"multiple_choice","position":2,"required":false,"title_format":"heading","default":"","description_enable":false,"description":"","placeholder_enable":false,"placeholder":"","display":"select","restrictions_type":"any_text","adjust_price":false,"price":"","price_type":"flat_fee","restrictions":false,"min":"0","max":"0","options":[{"label":"Initiale","price":"","price_type":"flat_fee","image":0,"visibility":true},{"label":"Initiale + Pr\u00e9nom","price":"","price_type":"flat_fee","image":0,"visibility":true},{"label":"Initiale + Pr\u00e9nom + Date","price":"","price_type":"flat_fee","image":0,"visibility":true}],"id":1733695601},"3":{"name":"Pr\u00e9nom \/ Mot","type":"custom_text","position":3,"required":false,"title_format":"heading","default":"","description_enable":false,"description":"Vous pouvez choisir un motif de broderie et\/ou un texte de votre choix (pr\u00e9nom, date, initiales, coordonn\u00e9es gps\u2026) ainsi que les couleurs des fils et les renseigner ci-dessous :","placeholder_enable":false,"placeholder":"","display":"select","restrictions_type":"any_text","adjust_price":false,"price":"","price_type":"flat_fee","restrictions":false,"min":"0","max":"0","options":[],"id":1675013184},"4":{"name":"Date","type":"custom_text","position":4,"required":false,"title_format":"heading","default":"","description_enable":false,"description":"Si vous souhaitez r\u00e9aliser une broderie sur-mesure \u00e0 partir d'une image (dessin, empreintes ou mots manuscrits par exemple), cochez cette option. Pour les broderies disponibles sur le site, cette option n'est pas utile.\r\nRetrouvez tous les renseignements sur la page <a href=\"\/index.php\/personnalisation\/broderie\/broderie-sur-mesure\/\" target=\"_blank\">Broderie sur-mesure<\/a>.","placeholder_enable":false,"placeholder":"","display":"select","restrictions_type":"any_text","adjust_price":false,"price":"","price_type":"flat_fee","restrictions":false,"min":"0","max":"0","options":[],"id":1675013185},"5":{"name":"Couleur des fils de broderie","type":"custom_text","position":5,"required":false,"title_format":"heading","default":"","description_enable":true,"description":"Indiquez les nuances de couleurs que vous souhaiteriez :","placeholder_enable":false,"placeholder":"","display":"select","restrictions_type":"any_text","adjust_price":false,"price":"","price_type":"flat_fee","restrictions":false,"min":"0","max":"0","options":[],"id":1675013186},"7":{"name":"Broderie suppl\u00e9mentaire","type":"custom_text","position":6,"required":false,"title_format":"heading","default":"","description_enable":true,"description":"Indiquez ici la broderie que vous souhaitez broder au verso du tambour :","placeholder_enable":false,"placeholder":"","display":"select","restrictions_type":"any_text","adjust_price":true,"price":"10","price_type":"quantity_based","restrictions":false,"min":"0","max":"0","options":[],"id":1746446839},"6":{"name":"Autres pr\u00e9cisions","type":"custom_textarea","position":7,"required":false,"title_format":"heading","default":"","description_enable":true,"description":"Si vous n\u2019avez pas pu renseigner toutes les options, si vous h\u00e9sitez et avez besoin de conseils, si vous recherchez un tissu ou un motif de broderie qui ne figurent pas dans l\u2019onglet personnalisation, ou pour toute autre demande compl\u00e9mentaire, je vous invite \u00e0 noter votre demande ci-dessous.\r\nDans tous les cas, je vous contacterai pour d\u00e9finir ou finaliser les personnalisations.","placeholder_enable":false,"placeholder":"","display":"select","restrictions_type":"any_text","adjust_price":false,"price":"","price_type":"flat_fee","restrictions":false,"min":"0","max":"0","options":[],"id":1675013187}},"_links":{"self":[{"href":"https:\/\/cecile-delachaux.fr\/index.php\/wp-json\/wp\/v2\/product\/8564","targetHints":{"allow":["GET"]}}],"collection":[{"href":"https:\/\/cecile-delachaux.fr\/index.php\/wp-json\/wp\/v2\/product"}],"about":[{"href":"https:\/\/cecile-delachaux.fr\/index.php\/wp-json\/wp\/v2\/types\/product"}],"wp:featuredmedia":[{"embeddable":true,"href":"https:\/\/cecile-delachaux.fr\/index.php\/wp-json\/wp\/v2\/media\/12334"}],"wp:attachment":[{"href":"https:\/\/cecile-delachaux.fr\/index.php\/wp-json\/wp\/v2\/media?parent=8564"}],"wp:term":[{"taxonomy":"product_brand","embeddable":true,"href":"https:\/\/cecile-delachaux.fr\/index.php\/wp-json\/wp\/v2\/product_brand?post=8564"},{"taxonomy":"product_cat","embeddable":true,"href":"https:\/\/cecile-delachaux.fr\/index.php\/wp-json\/wp\/v2\/product_cat?post=8564"},{"taxonomy":"product_tag","embeddable":true,"href":"https:\/\/cecile-delachaux.fr\/index.php\/wp-json\/wp\/v2\/product_tag?post=8564"}],"curies":[{"name":"wp","href":"https:\/\/api.w.org\/{rel}","templated":true}]}}