
{"id":8772,"date":"2021-10-15T15:41:36","date_gmt":"2021-10-15T13:41:36","guid":{"rendered":"https:\/\/cecile-delachaux.fr\/?post_type=product&#038;p=8772"},"modified":"2026-01-09T14:20:23","modified_gmt":"2026-01-09T13:20:23","slug":"bavoir-bandana-paisley-bio","status":"publish","type":"product","link":"https:\/\/cecile-delachaux.fr\/index.php\/produit\/bavoir-bandana-paisley-bio\/","title":{"rendered":"Bavoir bandana paisley Bio"},"content":{"rendered":"<p>Bavoir bandana en double gaze de coton certifi\u00e9 GOTS &#8211; issu de l&#8217;agriculture biologique.<\/p>\n<p>Il est r\u00e9versible et enti\u00e8rement personnalisable.<\/p>\n<p>Vous pouvez choisir les tissus ainsi que les motifs de broderie broderie dans l\u2019onglet personnalisation et renseigner vos choix ci-dessus.<\/p>\n<p>Il convient pour des enfants d\u00e8s la naissance.<\/p>\n<p>Le d\u00e9lai de confection standard est de 30 jours. Lors de validation de votre panier, ce d\u00e9lai peut \u00eatre r\u00e9duit \u00e0 15 jours (avec un surco\u00fbt de 20%).<\/p>\n<p>Je reste \u00e0 votre disposition pour vous conseiller.<\/p>\n<p>N\u2019h\u00e9sitez pas \u00e0 me contacter directement si vous avez des questions.<\/p>\n","protected":false},"excerpt":{"rendered":"<div>\n<p>Le bavoir bandana est r\u00e9alis\u00e9 sur commande et est enti\u00e8rement personnalisable.<\/p>\n<p>Choisissez les tissus et motifs de broderie dans l\u2019onglet \u00ab\u00a0Personnalisation\u00a0\u00bb et indiquez leurs r\u00e9f\u00e9rences dans les champs pr\u00e9vus ci-dessous :<\/p>\n<\/div>\n","protected":false},"featured_media":8775,"template":"","meta":[],"product_brand":[],"product_cat":[156,15,36,105,109],"product_tag":[],"class_list":{"0":"post-8772","1":"product","2":"type-product","3":"status-publish","4":"has-post-thumbnail","6":"product_cat-bavoir","7":"product_cat-tous-les-produits","8":"product_cat-repas","9":"product_cat-occasions-speciales","10":"product_cat-naissance","11":"product_shipping_class-lettre-suivie","13":"first","14":"instock","15":"shipping-taxable","16":"purchasable","17":"product-type-simple"},"exclude_global_add_ons":true,"addons":[{"name":"Choix du tissu uni (recto)","type":"custom_text","position":0,"required":false,"title_format":"heading","default":"","description_enable":true,"description":"Veuillez renseigner la double gaze de votre choix ci-dessous :","placeholder_enable":false,"placeholder":"","display":"select","restrictions_type":"any_text","adjust_price":false,"price":"","price_type":"flat_fee","restrictions":false,"min":"0","max":"0","options":[],"id":1695598931},{"name":"Choix du tissu \u00e0 motif (verso)","type":"custom_text","position":1,"required":false,"title_format":"heading","default":"","description_enable":true,"description":"Veuillez renseigner le tissu imprim\u00e9 choisis ci-dessous :","placeholder_enable":false,"placeholder":"","display":"select","restrictions_type":"any_text","adjust_price":false,"price":"","price_type":"flat_fee","restrictions":false,"min":"0","max":"0","options":[],"id":1695598932},{"name":"Texte \u00e0 broder","type":"custom_text","position":2,"required":false,"title_format":"heading","default":"","description_enable":true,"description":"Vous pouvez choisir un texte de votre choix (pr\u00e9nom, initiales, surnom, date\u2026) et le renseigner ci-dessous :","placeholder_enable":false,"placeholder":"","display":"select","restrictions_type":"any_text","adjust_price":false,"price":"","price_type":"flat_fee","restrictions":false,"min":"0","max":"0","options":[],"id":1695598933},{"name":"Police de caract\u00e8re","type":"custom_text","position":3,"required":false,"title_format":"heading","default":"","description_enable":false,"description":"Veuillez indiquer la police de caract\u00e8re de la broderie choisie :","placeholder_enable":false,"placeholder":"","display":"select","restrictions_type":"any_text","adjust_price":false,"price":"","price_type":"flat_fee","restrictions":false,"min":"0","max":"0","options":[],"id":1695598934},{"name":"Couleur des fils","type":"custom_text","position":4,"required":false,"title_format":"heading","default":"","description_enable":false,"description":"","placeholder_enable":false,"placeholder":"","display":"select","restrictions_type":"any_text","adjust_price":false,"price":"","price_type":"flat_fee","restrictions":false,"min":"0","max":"0","options":[],"id":1695598935},{"name":"Autres pr\u00e9cisions","type":"custom_textarea","position":5,"required":false,"title_format":"heading","default":"","description_enable":true,"description":"Si vous n\u2019avez pas pu renseigner toutes les options, si vous h\u00e9sitez, si vous recherchez un tissu ou un motif de broderie qui ne figurent pas dans l\u2019onglet personnalisation, ou pour toute autre demande compl\u00e9mentaire, je vous invite \u00e0 noter votre demande ci-dessous :","placeholder_enable":false,"placeholder":"","display":"select","restrictions_type":"any_text","adjust_price":false,"price":"","price_type":"flat_fee","restrictions":false,"min":"0","max":"0","options":[],"id":1695598936}],"_links":{"self":[{"href":"https:\/\/cecile-delachaux.fr\/index.php\/wp-json\/wp\/v2\/product\/8772","targetHints":{"allow":["GET"]}}],"collection":[{"href":"https:\/\/cecile-delachaux.fr\/index.php\/wp-json\/wp\/v2\/product"}],"about":[{"href":"https:\/\/cecile-delachaux.fr\/index.php\/wp-json\/wp\/v2\/types\/product"}],"wp:featuredmedia":[{"embeddable":true,"href":"https:\/\/cecile-delachaux.fr\/index.php\/wp-json\/wp\/v2\/media\/8775"}],"wp:attachment":[{"href":"https:\/\/cecile-delachaux.fr\/index.php\/wp-json\/wp\/v2\/media?parent=8772"}],"wp:term":[{"taxonomy":"product_brand","embeddable":true,"href":"https:\/\/cecile-delachaux.fr\/index.php\/wp-json\/wp\/v2\/product_brand?post=8772"},{"taxonomy":"product_cat","embeddable":true,"href":"https:\/\/cecile-delachaux.fr\/index.php\/wp-json\/wp\/v2\/product_cat?post=8772"},{"taxonomy":"product_tag","embeddable":true,"href":"https:\/\/cecile-delachaux.fr\/index.php\/wp-json\/wp\/v2\/product_tag?post=8772"}],"curies":[{"name":"wp","href":"https:\/\/api.w.org\/{rel}","templated":true}]}}