
{"id":8933,"date":"2021-11-11T14:43:16","date_gmt":"2021-11-11T13:43:16","guid":{"rendered":"https:\/\/cecile-delachaux.fr\/?post_type=product&#038;p=8933"},"modified":"2026-01-09T14:20:23","modified_gmt":"2026-01-09T13:20:23","slug":"maxi-lange-bio-120","status":"publish","type":"product","link":"https:\/\/cecile-delachaux.fr\/index.php\/produit\/maxi-lange-bio-120\/","title":{"rendered":"Maxi lange \u00e0 motifs Bio (120x120cm)"},"content":{"rendered":"<p>Maxi lange en double gaze de coton certifi\u00e9 GOTS &#8211; coton organique issu de l&#8217;agriculture biologique.<\/p>\n<p>Emmaillotage : Cocon de douceur pour emmailloter le nouveau-n\u00e9 dans son couffin ou lors de son bain. Ce lange lui assurera le confort et un sentiment de s\u00e9curit\u00e9.<\/p>\n<p>Il peut servir aussi de : housse de matelas \u00e0 langer, couverture d&#8217;allaitement, couverture d&#8217;\u00e9veil, couverture l\u00e9g\u00e8re d&#8217;\u00e9t\u00e9&#8230;<\/p>\n<p>Le maxi lange est un cadeau de naissance tr\u00e8s appr\u00e9ci\u00e9 des jeunes parents.<\/p>\n<p>Il est tr\u00e8s utile les premiers mois et deviendra peut-\u00eatre son doudou !<\/p>\n<p>Le d\u00e9lai de confection standard est de 30 jours. Lors de validation de votre panier, ce d\u00e9lai peut \u00eatre r\u00e9duit \u00e0 15 jours (avec un surco\u00fbt de 20%).<\/p>\n<p>Je reste \u00e0 votre disposition pour vous conseiller.<\/p>\n<p>N\u2019h\u00e9sitez pas \u00e0 me contacter directement si vous avez des questions.<\/p>\n","protected":false},"excerpt":{"rendered":"<p>Il est r\u00e9alis\u00e9 sur commande.<\/p>\n","protected":false},"featured_media":8921,"template":"","meta":[],"product_brand":[],"product_cat":[235,205,155,218,15,36,105,109],"product_tag":[26,27],"class_list":{"0":"post-8933","1":"product","2":"type-product","3":"status-publish","4":"has-post-thumbnail","6":"product_cat-collections","7":"product_cat-en-balade","8":"product_cat-lange","9":"product_cat-lange-en-balade","10":"product_cat-tous-les-produits","11":"product_cat-repas","12":"product_cat-occasions-speciales","13":"product_cat-naissance","14":"product_tag-accessoire","15":"product_tag-univers-bebe","16":"product_shipping_class-lettre-suivie","18":"first","19":"instock","20":"shipping-taxable","21":"purchasable","22":"product-type-simple"},"exclude_global_add_ons":true,"addons":[{"name":"Choix du tissu","type":"multiple_choice","position":0,"required":true,"title_format":"heading","default":"","description_enable":true,"description":"Choisissez un tissu parmi les tissus suivants :","placeholder_enable":false,"placeholder":"","display":"images","restrictions_type":"any_text","adjust_price":false,"price":"","price_type":"flat_fee","restrictions":false,"min":"0","max":"0","options":[{"label":"Mimosa","price":"","price_type":"flat_fee","image":8798,"visibility":true},{"label":"Ecru petites fleurs","price":"","price_type":"flat_fee","image":8161,"visibility":true},{"label":"Beige poudr\u00e9 fleuri","price":"","price_type":"flat_fee","image":8103,"visibility":true},{"label":"Bouquet romantique","price":"","price_type":"flat_fee","image":8797,"visibility":true}],"id":1695602146},{"name":"Pr\u00e9nom \/ Mot \/ Date...","type":"custom_text","position":1,"required":false,"title_format":"heading","default":"","description_enable":true,"description":"En option, indiquez ici le texte que vous souhaitez broder :","placeholder_enable":false,"placeholder":"","display":"select","restrictions_type":"any_text","adjust_price":true,"price":"5","price_type":"quantity_based","restrictions":false,"min":"0","max":"0","options":[],"id":1695602147},{"name":"Police d'\u00e9criture","type":"custom_text","position":2,"required":false,"title_format":"heading","default":"","description_enable":true,"description":"Vous pouvez choisir la typo dans la rubrique \"Personnalisation\" et la renseigner ici :","placeholder_enable":false,"placeholder":"","display":"select","restrictions_type":"any_text","adjust_price":false,"price":"","price_type":"flat_fee","restrictions":false,"min":"0","max":"0","options":[],"id":1695602148},{"name":"Couleur du fil de broderie","type":"custom_text","position":3,"required":false,"title_format":"heading","default":"","description_enable":true,"description":"Vous pouvez choisir la couleur du fil de broderie dans la rubrique \"Personnalisation\" et la renseigner ici :","placeholder_enable":false,"placeholder":"","display":"select","restrictions_type":"any_text","adjust_price":false,"price":"","price_type":"flat_fee","restrictions":false,"min":"0","max":"0","options":[],"id":1695602149},{"name":"Broderie suppl\u00e9mentaire","type":"custom_text","position":4,"required":false,"title_format":"heading","default":"","description_enable":true,"description":"Broderie ajout\u00e9e dans le coin du lange oppos\u00e9 \u00e0 la broderie principale :\r\n- Coordonn\u00e9es GPS : brod\u00e9es dans un coin du lange (merci de me donner l'adresse d\u00e9sir\u00e9e)\r\n- Message, initiales, mots, phrase,...\r\n- Symbole, motif,...","placeholder_enable":false,"placeholder":"","display":"select","restrictions_type":"any_text","adjust_price":true,"price":"5","price_type":"quantity_based","restrictions":false,"min":"0","max":"100","options":[],"id":1695602150},{"name":"Autres pr\u00e9cisions","type":"custom_textarea","position":5,"required":false,"title_format":"heading","default":"","description_enable":true,"description":"Si vous n\u2019avez pas pu renseigner toutes les options, si vous h\u00e9sitez et avez besoin de conseils, si vous recherchez un tissu ou un motif de broderie qui ne figurent pas dans l\u2019onglet personnalisation, ou pour toute autre demande compl\u00e9mentaire, je vous invite \u00e0 noter votre demande ci-dessous.\r\nDans tous les cas, je vous contacterai pour d\u00e9finir ou finaliser les personnalisations.","placeholder_enable":false,"placeholder":"","display":"select","restrictions_type":"any_text","adjust_price":false,"price":"","price_type":"flat_fee","restrictions":false,"min":"0","max":"0","options":[],"id":1695602151}],"_links":{"self":[{"href":"https:\/\/cecile-delachaux.fr\/index.php\/wp-json\/wp\/v2\/product\/8933","targetHints":{"allow":["GET"]}}],"collection":[{"href":"https:\/\/cecile-delachaux.fr\/index.php\/wp-json\/wp\/v2\/product"}],"about":[{"href":"https:\/\/cecile-delachaux.fr\/index.php\/wp-json\/wp\/v2\/types\/product"}],"wp:featuredmedia":[{"embeddable":true,"href":"https:\/\/cecile-delachaux.fr\/index.php\/wp-json\/wp\/v2\/media\/8921"}],"wp:attachment":[{"href":"https:\/\/cecile-delachaux.fr\/index.php\/wp-json\/wp\/v2\/media?parent=8933"}],"wp:term":[{"taxonomy":"product_brand","embeddable":true,"href":"https:\/\/cecile-delachaux.fr\/index.php\/wp-json\/wp\/v2\/product_brand?post=8933"},{"taxonomy":"product_cat","embeddable":true,"href":"https:\/\/cecile-delachaux.fr\/index.php\/wp-json\/wp\/v2\/product_cat?post=8933"},{"taxonomy":"product_tag","embeddable":true,"href":"https:\/\/cecile-delachaux.fr\/index.php\/wp-json\/wp\/v2\/product_tag?post=8933"}],"curies":[{"name":"wp","href":"https:\/\/api.w.org\/{rel}","templated":true}]}}