
{"id":8938,"date":"2021-11-11T15:47:39","date_gmt":"2021-11-11T14:47:39","guid":{"rendered":"https:\/\/cecile-delachaux.fr\/?post_type=product&#038;p=8938"},"modified":"2025-03-20T15:23:30","modified_gmt":"2025-03-20T14:23:30","slug":"lange-uni-bio","status":"publish","type":"product","link":"https:\/\/cecile-delachaux.fr\/index.php\/produit\/lange-uni-bio\/","title":{"rendered":"Lange uni Bio"},"content":{"rendered":"<p>Lange en double gaze de coton certifi\u00e9 GOTS &#8211; issu de l&#8217;agriculture biologique.<\/p>\n<p>Le lange est un cadeau de naissance tr\u00e8s appr\u00e9ci\u00e9 des jeunes parents.<\/p>\n<p>Il est tr\u00e8s utile les premiers mois et deviendra peut-\u00eatre son doudou !<\/p>\n<p>Le d\u00e9lai de confection standard est de 30 jours. Lors de validation de votre panier, ce d\u00e9lai peut \u00eatre r\u00e9duit \u00e0 15 jours (avec un surco\u00fbt de 20%).<\/p>\n<p>Je reste \u00e0 votre disposition pour vous conseiller.<\/p>\n<p>N\u2019h\u00e9sitez pas \u00e0 me contacter directement si vous avez des questions.<\/p>\n","protected":false},"excerpt":{"rendered":"<p>Il est r\u00e9alis\u00e9 sur commande.<\/p>\n","protected":false},"featured_media":8927,"template":"","meta":[],"product_brand":[],"product_cat":[235,205,155,218,15,36,105,109],"product_tag":[26,27],"class_list":{"0":"post-8938","1":"product","2":"type-product","3":"status-publish","4":"has-post-thumbnail","6":"product_cat-collections","7":"product_cat-en-balade","8":"product_cat-lange","9":"product_cat-lange-en-balade","10":"product_cat-tous-les-produits","11":"product_cat-repas","12":"product_cat-occasions-speciales","13":"product_cat-naissance","14":"product_tag-accessoire","15":"product_tag-univers-bebe","16":"product_shipping_class-lettre-suivie","18":"first","19":"instock","20":"shipping-taxable","21":"purchasable","22":"product-type-simple"},"exclude_global_add_ons":true,"addons":[{"name":"Choix du tissu","type":"multiple_choice","position":0,"required":true,"title_format":"heading","default":"","description_enable":true,"description":"Choisissez un tissu parmi les tissus suivants :","placeholder_enable":false,"placeholder":"","display":"images","restrictions_type":"any_text","adjust_price":false,"price":"","price_type":"flat_fee","restrictions":false,"min":"0","max":"0","options":[{"label":"Ecru","price":"","price_type":"flat_fee","image":8005,"visibility":true},{"label":"Cr\u00e8me","price":"","price_type":"flat_fee","image":8004,"visibility":true},{"label":"Noisette","price":"","price_type":"flat_fee","image":8799,"visibility":true},{"label":"Ecureuil","price":"","price_type":"flat_fee","image":8006,"visibility":true},{"label":"Argile","price":"","price_type":"flat_fee","image":8001,"visibility":true},{"label":"Terre de sienne","price":"","price_type":"flat_fee","image":8011,"visibility":true},{"label":"Rose blush","price":"","price_type":"flat_fee","image":8075,"visibility":true},{"label":"Rose p\u00e9tale","price":"","price_type":"flat_fee","image":8010,"visibility":true},{"label":"Vieux rose","price":"","price_type":"flat_fee","image":8939,"visibility":true},{"label":"Rose poudr\u00e9","price":"","price_type":"flat_fee","image":8076,"visibility":true},{"label":"Vert opaline","price":"","price_type":"flat_fee","image":8012,"visibility":true},{"label":"Vert sauge","price":"","price_type":"flat_fee","image":8013,"visibility":true},{"label":"Vert teal","price":"","price_type":"flat_fee","image":8014,"visibility":true},{"label":"Bleu temp\u00eate","price":"","price_type":"flat_fee","image":8014,"visibility":true},{"label":"Bleu v\u00e9nitien","price":"","price_type":"flat_fee","image":8070,"visibility":true},{"label":"Bleu denim","price":"","price_type":"flat_fee","image":8066,"visibility":true},{"label":"Bleu marine","price":"","price_type":"flat_fee","image":8067,"visibility":true}],"id":1701182640},{"name":"Pr\u00e9nom \/ Mot \/ Date...","type":"custom_text","position":2,"required":false,"title_format":"heading","default":"","description_enable":true,"description":"En option, indiquez ici le texte que vous souhaitez broder :","placeholder_enable":false,"placeholder":"","display":"select","restrictions_type":"any_text","adjust_price":false,"price":"5","price_type":"quantity_based","restrictions":false,"min":"0","max":"0","options":[],"id":1701182642},{"name":"Police d'\u00e9criture","type":"custom_text","position":3,"required":false,"title_format":"heading","default":"","description_enable":true,"description":"Vous pouvez choisir la typo dans la rubrique \"Personnalisation\" et la renseigner ici :","placeholder_enable":false,"placeholder":"","display":"select","restrictions_type":"any_text","adjust_price":false,"price":"","price_type":"flat_fee","restrictions":false,"min":"0","max":"0","options":[],"id":1701182643},{"name":"Couleur du fil de broderie","type":"custom_text","position":4,"required":false,"title_format":"heading","default":"","description_enable":true,"description":"Vous pouvez choisir la couleur du fil de broderie dans la rubrique \"Personnalisation\" et la renseigner ici :","placeholder_enable":false,"placeholder":"","display":"select","restrictions_type":"any_text","adjust_price":false,"price":"","price_type":"flat_fee","restrictions":false,"min":"0","max":"0","options":[],"id":1701182644},{"name":"Broderie suppl\u00e9mentaire","type":"custom_text","position":5,"required":false,"title_format":"heading","default":"","description_enable":true,"description":"Broderie ajout\u00e9e dans le coin du lange oppos\u00e9 \u00e0 la broderie principale :\r\n- Coordonn\u00e9es GPS : brod\u00e9es dans un coin du lange (merci de me donner l'adresse d\u00e9sir\u00e9e)\r\n- Message, initiales, mots, phrase,...\r\n- Symbole, motif,...","placeholder_enable":false,"placeholder":"","display":"select","restrictions_type":"any_text","adjust_price":true,"price":"10","price_type":"quantity_based","restrictions":true,"min":"0","max":"0","options":[],"id":1701182645},{"name":"Autres pr\u00e9cisions","type":"custom_textarea","position":6,"required":false,"title_format":"heading","default":"","description_enable":true,"description":"Si vous n\u2019avez pas pu renseigner toutes les options, si vous h\u00e9sitez et avez besoin de conseils, si vous recherchez un tissu ou un motif de broderie qui ne figurent pas dans l\u2019onglet personnalisation, ou pour toute autre demande compl\u00e9mentaire, je vous invite \u00e0 noter votre demande ci-dessous.\r\nDans tous les cas, je vous contacterai pour d\u00e9finir ou finaliser les personnalisations.","placeholder_enable":false,"placeholder":"","display":"select","restrictions_type":"any_text","adjust_price":false,"price":"","price_type":"flat_fee","restrictions":false,"min":"0","max":"0","options":[],"id":1701182646}],"_links":{"self":[{"href":"https:\/\/cecile-delachaux.fr\/index.php\/wp-json\/wp\/v2\/product\/8938","targetHints":{"allow":["GET"]}}],"collection":[{"href":"https:\/\/cecile-delachaux.fr\/index.php\/wp-json\/wp\/v2\/product"}],"about":[{"href":"https:\/\/cecile-delachaux.fr\/index.php\/wp-json\/wp\/v2\/types\/product"}],"wp:featuredmedia":[{"embeddable":true,"href":"https:\/\/cecile-delachaux.fr\/index.php\/wp-json\/wp\/v2\/media\/8927"}],"wp:attachment":[{"href":"https:\/\/cecile-delachaux.fr\/index.php\/wp-json\/wp\/v2\/media?parent=8938"}],"wp:term":[{"taxonomy":"product_brand","embeddable":true,"href":"https:\/\/cecile-delachaux.fr\/index.php\/wp-json\/wp\/v2\/product_brand?post=8938"},{"taxonomy":"product_cat","embeddable":true,"href":"https:\/\/cecile-delachaux.fr\/index.php\/wp-json\/wp\/v2\/product_cat?post=8938"},{"taxonomy":"product_tag","embeddable":true,"href":"https:\/\/cecile-delachaux.fr\/index.php\/wp-json\/wp\/v2\/product_tag?post=8938"}],"curies":[{"name":"wp","href":"https:\/\/api.w.org\/{rel}","templated":true}]}}