
{"id":90,"date":"2018-12-10T23:11:55","date_gmt":"2018-12-10T22:11:55","guid":{"rendered":"https:\/\/cecile-delachaux.fr\/?post_type=product&#038;p=90"},"modified":"2026-01-09T14:20:26","modified_gmt":"2026-01-09T13:20:26","slug":"tablier","status":"publish","type":"product","link":"https:\/\/cecile-delachaux.fr\/index.php\/produit\/tablier\/","title":{"rendered":"Tablier"},"content":{"rendered":"<p>Tablier de cuisine personnalis\u00e9.<\/p>\n<p>Pour les activit\u00e9s manuelles (peinture&#8230;), je propose \u00e9galement une blouse personnalis\u00e9e.<\/p>\n<p>Vous pouvez choisir le tissu enduit et la broderie dans l\u2019onglet personnalisation et renseigner vos choix ci-dessus.<\/p>\n<p>Il existe dans diff\u00e9rentes tailles enfants et adulte.<\/p>\n<p>Le biais au bord sera assorti au tissu, n&#8217;h\u00e9sitez pas \u00e0 me pr\u00e9ciser si vous avez une pr\u00e9f\u00e9rence de couleur.<\/p>\n<p>Le d\u00e9lai de confection standard est de 30 jours. Lors de validation de votre panier, ce d\u00e9lai peut \u00eatre r\u00e9duit \u00e0 15 jours (avec un surco\u00fbt de 20%).<\/p>\n<p>Je reste \u00e0 votre disposition pour vous conseiller.<\/p>\n<p>N\u2019h\u00e9sitez pas \u00e0 me contacter directement si vous avez des questions.<\/p>\n","protected":false},"excerpt":{"rendered":"<div class=\"woocommerce-product-details__short-description\">\n<div class=\"woocommerce-product-details__short-description\">\n<div class=\"woocommerce-product-details__short-description\">\n<p>Le tabler est r\u00e9alis\u00e9 sur commande et est enti\u00e8rement personnalisable.<\/p>\n<p>Choisissez les tissus et motifs de broderie dans l\u2019onglet \u00ab Personnalisation \u00bb et indiquez leurs r\u00e9f\u00e9rences dans les champs pr\u00e9vus ci-dessous :<\/p>\n<\/div>\n<\/div>\n<\/div>\n","protected":false},"featured_media":2319,"template":"","meta":[],"product_brand":[],"product_cat":[197,157,15,101],"product_tag":[],"class_list":{"0":"post-90","1":"product","2":"type-product","3":"status-publish","4":"has-post-thumbnail","6":"product_cat-blouse-vetement-accessoires","7":"product_cat-tablier","8":"product_cat-tous-les-produits","9":"product_cat-ecole","11":"first","12":"instock","13":"shipping-taxable","14":"purchasable","15":"product-type-simple"},"exclude_global_add_ons":true,"addons":[{"name":"Taille","type":"multiple_choice","position":0,"required":true,"title_format":"heading","default":"","description_enable":false,"description":"","placeholder_enable":false,"placeholder":"","display":"select","restrictions_type":"any_text","adjust_price":false,"price":"","price_type":"flat_fee","restrictions":false,"min":"0","max":"0","options":[{"label":"S (1-5 ans)","price":"","price_type":"flat_fee","image":0,"visibility":true},{"label":"M (4-8 ans)","price":"3","price_type":"quantity_based","image":0,"visibility":true},{"label":"L (8-12 ans)","price":"6","price_type":"quantity_based","image":0,"visibility":true},{"label":"Adulte","price":"10","price_type":"quantity_based","image":0,"visibility":true}],"id":1695603023},{"name":"Choix du tissu","type":"custom_text","position":1,"required":false,"title_format":"heading","default":"","description_enable":false,"description":"","placeholder_enable":false,"placeholder":"","display":"select","restrictions_type":"any_text","adjust_price":false,"price":"","price_type":"flat_fee","restrictions":false,"min":"0","max":"0","options":[],"id":1695603024},{"name":"Option","type":"checkbox","position":2,"required":false,"title_format":"hide","default":"","description_enable":true,"description":"Si vous souhaitez un tissu Liberty enduit ou si vous souhaitez faire enduire un tissu, merci de cocher la case correspondant ci&#8209;dessous&nbsp;:\r\n<em>(Si vous choisissez un tissu enduit non Liberty sur la <a href=\"https:\/\/cecile-delachaux.fr\/index.php\/personnalisation\/tissus\/\"> page tissus<\/a> ou si vous souhaitez un tissu non enduit, cette option n'est pas utile.)<\/em>","placeholder_enable":false,"placeholder":"","display":"radiobutton","restrictions_type":"any_text","adjust_price":false,"price":"","price_type":"flat_fee","restrictions":false,"min":"0","max":"0","options":[{"label":"Tissu liberty enduit","price":"6","price_type":"quantity_based","image":0,"visibility":true},{"label":"Tissu \u00e0 enduire","price":"10","price_type":"quantity_based","image":0,"visibility":true}],"id":1695603025},{"name":"Choix de la broderie","type":"custom_text","position":3,"required":false,"title_format":"heading","default":"","description_enable":true,"description":"Vous pouvez choisir un motif de broderie et\/ou un texte de votre choix (pr\u00e9nom, initiales, phrase, date, coordonn\u00e9es GPS\u2026) en indiquant la police souhait\u00e9e et couleurs des fils, et les renseigner ci-dessous :","placeholder_enable":false,"placeholder":"","display":"select","restrictions_type":"any_text","adjust_price":false,"price":"","price_type":"flat_fee","restrictions":false,"min":"0","max":"0","options":[],"id":1695603026},{"name":"Broderie sur-mesure","type":"checkbox","position":4,"required":false,"title_format":"heading","default":"","description_enable":true,"description":"Si vous souhaitez r\u00e9aliser une broderie sur-mesure \u00e0 partir d'une image (dessin, empreintes ou mots manuscrits par exemple), cochez cette option. Pour les broderies disponibles sur le site, cette option n'est pas utile.\r\nRetrouvez tous les renseignements sur la page <a href=\"\/index.php\/personnalisation\/broderie\/broderie-sur-mesure\/\" target=\"_blank\">Broderie sur-mesure<\/a>.","placeholder_enable":false,"placeholder":"","display":"select","restrictions_type":"any_text","adjust_price":false,"price":"","price_type":"flat_fee","restrictions":false,"min":"0","max":"0","options":[{"label":"Pr\u00e9cieux souvenirs","price":"10","price_type":"flat_fee","image":0,"visibility":true}],"id":1695603027},{"name":"Couleur du biais","type":"custom_text","position":5,"required":false,"title_format":"heading","default":"","description_enable":true,"description":"Si vous avez une pr\u00e9f\u00e9rence, indiquez la couleur que vous souhaiteriez pour le biais :","placeholder_enable":false,"placeholder":"","display":"select","restrictions_type":"any_text","adjust_price":false,"price":"","price_type":"flat_fee","restrictions":false,"min":"0","max":"0","options":[],"id":1695603028},{"name":"Autres pr\u00e9cisions","type":"custom_textarea","position":6,"required":false,"title_format":"heading","default":"","description_enable":true,"description":"Si vous n\u2019avez pas pu renseigner toutes les options, si vous h\u00e9sitez, si vous recherchez un tissu ou un motif de broderie qui ne figurent pas dans l\u2019onglet personnalisation, ou pour toute autre demande compl\u00e9mentaire, je vous invite \u00e0 noter votre demande ci-dessous :","placeholder_enable":false,"placeholder":"","display":"select","restrictions_type":"any_text","adjust_price":false,"price":"","price_type":"flat_fee","restrictions":false,"min":"0","max":"0","options":[],"id":1695603029}],"_links":{"self":[{"href":"https:\/\/cecile-delachaux.fr\/index.php\/wp-json\/wp\/v2\/product\/90","targetHints":{"allow":["GET"]}}],"collection":[{"href":"https:\/\/cecile-delachaux.fr\/index.php\/wp-json\/wp\/v2\/product"}],"about":[{"href":"https:\/\/cecile-delachaux.fr\/index.php\/wp-json\/wp\/v2\/types\/product"}],"wp:featuredmedia":[{"embeddable":true,"href":"https:\/\/cecile-delachaux.fr\/index.php\/wp-json\/wp\/v2\/media\/2319"}],"wp:attachment":[{"href":"https:\/\/cecile-delachaux.fr\/index.php\/wp-json\/wp\/v2\/media?parent=90"}],"wp:term":[{"taxonomy":"product_brand","embeddable":true,"href":"https:\/\/cecile-delachaux.fr\/index.php\/wp-json\/wp\/v2\/product_brand?post=90"},{"taxonomy":"product_cat","embeddable":true,"href":"https:\/\/cecile-delachaux.fr\/index.php\/wp-json\/wp\/v2\/product_cat?post=90"},{"taxonomy":"product_tag","embeddable":true,"href":"https:\/\/cecile-delachaux.fr\/index.php\/wp-json\/wp\/v2\/product_tag?post=90"}],"curies":[{"name":"wp","href":"https:\/\/api.w.org\/{rel}","templated":true}]}}